{"id":9,"date":"2016-10-11T16:46:41","date_gmt":"2016-10-11T16:46:41","guid":{"rendered":"https:\/\/agrarias.ufpr.br\/mvc\/?page_id=9"},"modified":"2018-04-11T21:20:56","modified_gmt":"2018-04-11T21:20:56","slug":"manejo-populacional","status":"publish","type":"page","link":"https:\/\/agrarias.ufpr.br\/mvc\/manejo-populacional\/","title":{"rendered":"Manejo Populacional de C\u00e3es e Gatos"},"content":{"rendered":"<p style=\"text-align: justify\">O termo utilizado para a manuten\u00e7\u00e3o do tamanho populacional e a demografia canina e felina em equilibro com a popula\u00e7\u00e3o humana \u00e9 &#8220;manejo populacional de c\u00e3es e gatos (MPCG)&#8221;. O Objetivo principal \u00a0\u00e9 diminuir o numero de animais n\u00e3o desej\u00e1veis, manter os animais em um bom n\u00edvel de bem-estar e minimizar os riscos que possam representar para a sa\u00fade humana e outros animais.<\/p>\n<p style=\"text-align: justify\">Os programas de manejo populacional de c\u00e3es devem contemplar: diagn\u00f3stico da situa\u00e7\u00e3o, incluindo estimativa populacional; participa\u00e7\u00e3o social com envolvimento dos diferentes setores no planejamento e na execu\u00e7\u00e3o das estrat\u00e9gias; a\u00e7\u00f5es educativas para promover os valores humanos, o bem-estar animal, a sa\u00fade das comunidades e a aquisi\u00e7\u00e3o respons\u00e1vel (compra ou ado\u00e7\u00e3o); manejo ambiental e de res\u00edduos para diminuir\u00e1 fonte de alimento e abrigo; registro e identifica\u00e7\u00e3o dos animais; cuidados da sa\u00fade animal, controle reprodutivo dos c\u00e3es; preven\u00e7\u00e3o e controle de zoonoses; controle do com\u00e9rcio de animais; manejo etol\u00f3gico e destino adequado dos animais abandonados; e legisla\u00e7\u00e3o pertinente \u00e0 guarda respons\u00e1vel, \u00e0 preven\u00e7\u00e3o ao abandono e \u00e0 preven\u00e7\u00e3o das zoonoses. Para monitoraras a\u00e7\u00f5es, devem-se utilizar quatro grupos de indicadores: relativos \u00e0s popula\u00e7\u00f5es animais, \u00e0s intera\u00e7\u00f5es humano\/animal, aos servi\u00e7os p\u00fablicos e \u00e0s zoonoses transmitidas por esses animais.Concluiu-se que o manejo populacional dos c\u00e3es de rua exige estrat\u00e9gias pol\u00edticas, sanit\u00e1rias,etol\u00f3gicas, ecol\u00f3gicas e humanit\u00e1rias que sejam socialmente aceitas e ambientalmente sustent\u00e1veis.Tamb\u00e9m deve integrar o controle das zoonoses como raiva e leishmaniose, inserindo-se no conceito de \u201cuma s\u00f3 sa\u00fade\u201d, que beneficia tanto os animais quanto as pessoas das comunidades.<\/p>\n<p>V\u00eddeo sobre Manejo Populacional de C\u00e3es e Gatos:<\/p>\n<p>[su_youtube url=&#8221;https:\/\/www.youtube.com\/watch?v=ue7UM9JIx-Y&amp;feature=youtu.be&#8221;]<\/p>\n","protected":false},"excerpt":{"rendered":"<p>O termo utilizado para a manuten\u00e7\u00e3o do tamanho populacional e a demografia canina e felina em equilibro com a popula\u00e7\u00e3o humana \u00e9 &#8220;manejo populacional de c\u00e3es e gatos (MPCG)&#8221;. O Objetivo principal \u00a0\u00e9 diminuir o numero de animais n\u00e3o desej\u00e1veis, manter os animais em um bom n\u00edvel de bem-estar e minimizar os riscos que possam [&hellip;]<\/p>\n","protected":false},"author":3,"featured_media":0,"parent":0,"menu_order":0,"comment_status":"closed","ping_status":"closed","template":"","meta":{"footnotes":""},"class_list":["post-9","page","type-page","status-publish","hentry"],"_links":{"self":[{"href":"https:\/\/agrarias.ufpr.br\/mvc\/wp-json\/wp\/v2\/pages\/9","targetHints":{"allow":["GET"]}}],"collection":[{"href":"https:\/\/agrarias.ufpr.br\/mvc\/wp-json\/wp\/v2\/pages"}],"about":[{"href":"https:\/\/agrarias.ufpr.br\/mvc\/wp-json\/wp\/v2\/types\/page"}],"author":[{"embeddable":true,"href":"https:\/\/agrarias.ufpr.br\/mvc\/wp-json\/wp\/v2\/users\/3"}],"replies":[{"embeddable":true,"href":"https:\/\/agrarias.ufpr.br\/mvc\/wp-json\/wp\/v2\/comments?post=9"}],"version-history":[{"count":10,"href":"https:\/\/agrarias.ufpr.br\/mvc\/wp-json\/wp\/v2\/pages\/9\/revisions"}],"predecessor-version":[{"id":4702,"href":"https:\/\/agrarias.ufpr.br\/mvc\/wp-json\/wp\/v2\/pages\/9\/revisions\/4702"}],"wp:attachment":[{"href":"https:\/\/agrarias.ufpr.br\/mvc\/wp-json\/wp\/v2\/media?parent=9"}],"curies":[{"name":"wp","href":"https:\/\/api.w.org\/{rel}","templated":true}]}}