{"id":85,"date":"2017-04-24T12:01:58","date_gmt":"2017-04-24T12:01:58","guid":{"rendered":"https:\/\/agrarias.ufpr.br\/mvc\/?page_id=85"},"modified":"2017-12-18T21:21:03","modified_gmt":"2017-12-18T21:21:03","slug":"veterinario-social","status":"publish","type":"page","link":"https:\/\/agrarias.ufpr.br\/mvc\/veterinario-social\/","title":{"rendered":"Veterin\u00e1rio Social"},"content":{"rendered":"<p style=\"text-align: justify\">A medicina veterin\u00e1ria \u00e9 uma profiss\u00e3o originalmente da sa\u00fade, tendo em vista o bem-estar \u00fanico (humano, animal e ambiental). O m\u00e9dico veterin\u00e1rio \u00e9 um dos \u00fanicos profissionais preparados para cuidar da intera\u00e7\u00e3o humano-animal-meio ambiente.<br \/>\nSua participa\u00e7\u00e3o na sa\u00fade coletiva \u00e9 de fundamental import\u00e2ncia em diversas \u00e1reas, principalmente nas vigil\u00e2ncias sanit\u00e1ria, epidemiol\u00f3gica e ambiental. Mais recentemente, a intera\u00e7\u00e3o desse profissional com a assist\u00eancia social se mostrou fundamental para a melhoria da qualidade de vida das pessoas e dos animais.<br \/>\nAo lado dos Agentes Comunit\u00e1rios na aten\u00e7\u00e3o prim\u00e1ria \u00e0 sa\u00fade e junto aos N\u00facleos de Apoio \u00e0 Estrategia Sa\u00fade da Familia, o m\u00e9dico veterin\u00e1rio atua de maneira \u00e0 integrar diversos saberes de diferentes \u00e1reas, al\u00e9m de atuar diretamente para a preven\u00e7\u00e3o e controle de doen\u00e7as veiculadas por alimentos, das zoonoses e dos riscos que os animais podem oferecer al\u00e9m das doen\u00e7as.<\/p>\n","protected":false},"excerpt":{"rendered":"<p>A medicina veterin\u00e1ria \u00e9 uma profiss\u00e3o originalmente da sa\u00fade, tendo em vista o bem-estar \u00fanico (humano, animal e ambiental). O m\u00e9dico veterin\u00e1rio \u00e9 um dos \u00fanicos profissionais preparados para cuidar da intera\u00e7\u00e3o humano-animal-meio ambiente. Sua participa\u00e7\u00e3o na sa\u00fade coletiva \u00e9 de fundamental import\u00e2ncia em diversas \u00e1reas, principalmente nas vigil\u00e2ncias sanit\u00e1ria, epidemiol\u00f3gica e ambiental. Mais recentemente, [&hellip;]<\/p>\n","protected":false},"author":3,"featured_media":0,"parent":0,"menu_order":0,"comment_status":"closed","ping_status":"closed","template":"","meta":{"footnotes":""},"class_list":["post-85","page","type-page","status-publish","hentry"],"_links":{"self":[{"href":"https:\/\/agrarias.ufpr.br\/mvc\/wp-json\/wp\/v2\/pages\/85","targetHints":{"allow":["GET"]}}],"collection":[{"href":"https:\/\/agrarias.ufpr.br\/mvc\/wp-json\/wp\/v2\/pages"}],"about":[{"href":"https:\/\/agrarias.ufpr.br\/mvc\/wp-json\/wp\/v2\/types\/page"}],"author":[{"embeddable":true,"href":"https:\/\/agrarias.ufpr.br\/mvc\/wp-json\/wp\/v2\/users\/3"}],"replies":[{"embeddable":true,"href":"https:\/\/agrarias.ufpr.br\/mvc\/wp-json\/wp\/v2\/comments?post=85"}],"version-history":[{"count":3,"href":"https:\/\/agrarias.ufpr.br\/mvc\/wp-json\/wp\/v2\/pages\/85\/revisions"}],"predecessor-version":[{"id":4704,"href":"https:\/\/agrarias.ufpr.br\/mvc\/wp-json\/wp\/v2\/pages\/85\/revisions\/4704"}],"wp:attachment":[{"href":"https:\/\/agrarias.ufpr.br\/mvc\/wp-json\/wp\/v2\/media?parent=85"}],"curies":[{"name":"wp","href":"https:\/\/api.w.org\/{rel}","templated":true}]}}