{"id":6037,"date":"2024-03-01T12:39:09","date_gmt":"2024-03-01T12:39:09","guid":{"rendered":"https:\/\/agrarias.ufpr.br\/mvc\/?page_id=6037"},"modified":"2026-04-09T02:20:36","modified_gmt":"2026-04-09T02:20:36","slug":"especializacao-mvc","status":"publish","type":"page","link":"https:\/\/agrarias.ufpr.br\/mvc\/especializacao-mvc\/","title":{"rendered":"Especializa\u00e7\u00e3o MVC"},"content":{"rendered":"\n<p><\/p>\n\n\n\n<p class=\"has-medium-font-size\"><strong>Curso de Especializa\u00e7\u00e3o em Medicina Veterin\u00e1ria do Coletivo&nbsp;turma 2026-2028<\/strong><\/p>\n\n\n\n<p><em>Uma imers\u00e3o profunda nas diferentes \u00e1reas da Medicina Veterin\u00e1ria do Coletivo. Uma oportunidade \u00fanica para aprofundar seus conhecimentos e contribuir de maneira significativa para a promo\u00e7\u00e3o da sa\u00fade dos indiv\u00edduos, fam\u00edlias e comunidades sob a estrat\u00e9gia de sa\u00fade \u00fanica e bem-estar \u00fanico.<\/em>&nbsp;<\/p>\n\n\n\n<p>In\u00edcio das aulas: <strong>7 de abril de 2026<\/strong> |<strong> As inscri\u00e7\u00f5es est\u00e3o abertas! Acesse o link de inscri\u00e7\u00e3o em &#8220;Editais&#8221;<\/strong>.<br>Dura\u00e7\u00e3o: 24 meses\u00a0<br>Modalidade: online\u00a0(EAD)<br>Carga hor\u00e1ria: 544 horas\u00a0<br>Certifica\u00e7\u00e3o: Universidade Federal do Paran\u00e1 &#8211; UFPR\u00a0<br>Coordena\u00e7\u00e3o Geral: Rita de Cassia Maria Garcia\u00a0\u00a0<\/p>\n\n\n\n<p class=\"has-medium-font-size\"><strong>Investimento<\/strong>&nbsp;&nbsp;<\/p>\n\n\n\n<p>24 parcelas* de R$664,39&nbsp;&nbsp;<\/p>\n\n\n\n<p class=\"has-small-font-size\">*se a matr\u00edcula for realizada em mar\u00e7o ou abril\/26<\/p>\n\n\n\n<p><strong>Participe dessa turma! Confira os editais abaixo.<\/strong><br>____________________________________________________________________________________________________<\/p>\n\n\n\n<p class=\"has-medium-font-size\"><strong>Editais&nbsp;&nbsp;<\/strong><\/p>\n\n\n\n<ul class=\"wp-block-list\">\n<li><strong>Inscri\u00e7\u00e3o VAGAS REGULARES turma 2026-2028<\/strong> | <strong>INSCRI\u00c7\u00d5ES ABERTAS!<\/strong><\/li>\n<\/ul>\n\n\n\n<p><a href=\"https:\/\/agrarias.ufpr.br\/mvc\/wp-content\/uploads\/sites\/32\/2026\/03\/editalinscricoesregularescesmvc3_2026_2028.pdf\">Edital CESMVC n\u00ba02\/2026<\/a>&#8211; Estabelece as normas que regem o processo de inscri\u00e7\u00e3o e preenchimento de&nbsp;<strong>vagas regulares<\/strong>&nbsp;no Curso de p\u00f3s-gradua\u00e7\u00e3o&nbsp;<em>lato sensu&nbsp;<\/em>em Medicina Veterin\u00e1ria do Coletivo<br><strong>Link para inscri\u00e7\u00e3o<\/strong>: <a href=\"https:\/\/siga.ufpr.br\/siga\/visitante\/processoseletivo\/index.jsp?sequencial=5339\">https:\/\/siga.ufpr.br\/siga\/visitante\/processoseletivo\/index.jsp?sequencial=5339<\/a><\/p>\n\n\n\n<ul class=\"wp-block-list\">\n<li><strong>Inscri\u00e7\u00e3o BOLSAS turma 2026-2028<\/strong><\/li>\n<\/ul>\n\n\n\n<p><a href=\"https:\/\/agrarias.ufpr.br\/mvc\/wp-content\/uploads\/sites\/32\/2026\/03\/edital-cesmvc-01_2026.pdf\">Edital CESMVC n\u00ba01\/2026<\/a>&#8211; Estabelece as normas que regem o processo de inscri\u00e7\u00e3o e preenchimento de vagas para bolsistas no Curso de p\u00f3s-gradua\u00e7\u00e3o lato sensu em Medicina Veterin\u00e1ria do Coletivo<br><a href=\"https:\/\/agrarias.ufpr.br\/mvc\/wp-content\/uploads\/sites\/32\/2026\/03\/Resultado-Edital-bolsistas-CESMVC3.pdf\">RESULTADO PROCESSO SELETIVO<\/a><\/p>\n\n\n\n<p>________________________________________________________________________________________________________________<\/p>\n\n\n\n<p class=\"has-medium-font-size\"><strong>O curso<\/strong>&nbsp;&nbsp;<\/p>\n\n\n\n<p>O Curso de Especializa\u00e7\u00e3o em Medicina Veterin\u00e1ria do Coletivo (CESMVC) visa aprimorar e ampliar os conhecimentos dos <strong>m\u00e9dicos veterin\u00e1rios<\/strong> que atuam nas diversas \u00e1reas e interfaces entre seres humanos, animais e ambiente.&nbsp;&nbsp;<\/p>\n\n\n\n<p>As disciplinas est\u00e3o distribu\u00eddas em <strong>8 blocos de conhecimento<\/strong> e ter\u00e3o uma abordagem orientada para a identifica\u00e7\u00e3o de problemas, diagn\u00f3stico e enfrentamento das mais diversas situa\u00e7\u00f5es que envolvem a Medicina Veterin\u00e1ria do Coletivo. Ser\u00e3o exploradas as \u00e1reas de intersec\u00e7\u00e3o entre a <strong>sa\u00fade coletiva<\/strong>, <strong>medicina veterin\u00e1ria de abrigos<\/strong>, <strong>medicina veterin\u00e1ria de povos origin\u00e1rios e comunidades tradicionais<\/strong>, <strong>medicina veterin\u00e1ria de desastres<\/strong> e <strong>medicina veterin\u00e1ria legal<\/strong> na \u00f3tica da sa\u00fade \u00fanica e bem-estar \u00fanico.&nbsp;&nbsp;<\/p>\n\n\n\n<p class=\"has-medium-font-size\"><strong>P\u00fablico-alvo<\/strong>&nbsp;&nbsp;<\/p>\n\n\n\n<p>M\u00e9dicos Veterin\u00e1rios que atuam, direta ou indiretamente, com as intera\u00e7\u00f5es humano, animal e ambiente nas mais diversas \u00e1reas (sa\u00fade p\u00fablica, meio ambiente, educa\u00e7\u00e3o, cl\u00ednica m\u00e9dica e cir\u00fargica, epidemiologia, comportamento animal, etc) e que desejam aprender e aprofundar os conhecimentos em Medicina Veterin\u00e1ria do Coletivo, contribuindo para o desenvolvimento da especialidade na pr\u00e1tica. &nbsp;<br>Tamb\u00e9m \u00e9 voltado para Veterin\u00e1rios rec\u00e9m-formados que tenham o interesse em ingressar na \u00e1rea.&nbsp;&nbsp;<\/p>\n\n\n\n<p class=\"has-medium-font-size\"><strong>Recursos did\u00e1ticos<\/strong>&nbsp;&nbsp;<\/p>\n\n\n\n<p>O Curso ser\u00e1 100% \u00e0 dist\u00e2ncia, com aulas s\u00edncronas semanais e ass\u00edncronas.&nbsp;&nbsp;<\/p>\n\n\n\n<p>Ser\u00e3o indicadas atividades pr\u00e1ticas que poder\u00e3o ser desenvolvidas na pr\u00f3pria cidade do aluno ou em locais pr\u00e9-determinados, como na UFPR, UFRPE, UFMG.<\/p>\n\n\n\n<p class=\"has-medium-font-size\"><strong>Quadro docente<\/strong>&nbsp;&nbsp;<\/p>\n\n\n\n<p>S\u00e3o mais de 40 professores, sendo 75% doutores, envolvidos com experi\u00eancia inestim\u00e1vel na Medicina Veterin\u00e1ria do Coletivo: a pr\u00e1tica!&nbsp;&nbsp;&nbsp;<\/p>\n\n\n\n<p>O quadro de docentes \u00e9 enriquecido por diferentes profiss\u00f5es e setores, trazendo para o campo de estudo a interdisciplinaridade, integrando as disciplinas por meio de interatividade, em um processo din\u00e2mico que objetiva encontrar solu\u00e7\u00f5es aos diferentes desafios da Medicina Veterin\u00e1ria do Coletivo.&nbsp;&nbsp;<\/p>\n\n\n\n<p>Muitos dos professores fizeram parte da cria\u00e7\u00e3o da \u00e1rea de Medicina Veterin\u00e1ria do Coletivo e da sua hist\u00f3ria, vivenciando os desafios inerentes a qualquer mudan\u00e7a que exige, n\u00e3o somente a estrutura\u00e7\u00e3o de novas bases pol\u00edticas, mas a mudan\u00e7a de paradigma, sob a estrat\u00e9gia de sa\u00fade \u00fanica, onde humanos, animais e ambiente importam.&nbsp;&nbsp;<\/p>\n\n\n\n<p class=\"has-medium-font-size\"><strong>No final do curso, os alunos ser\u00e3o capazes de<\/strong>:&nbsp;<\/p>\n\n\n\n<ol start=\"1\" class=\"wp-block-list\">\n<li>Compreender o que \u00e9 a Medicina Veterin\u00e1ria do Coletivo e a Medicina Veterin\u00e1ria Social;&nbsp;<\/li>\n<\/ol>\n\n\n\n<ol start=\"2\" class=\"wp-block-list\">\n<li>Compreender os principais problemas da Sa\u00fade global e como atuar sob a estrat\u00e9gia de sa\u00fade \u00fanica localmente, tanto para o controle das zoonoses como de outros agravos provocados pelos animais.&nbsp;<\/li>\n<\/ol>\n\n\n\n<ol start=\"3\" class=\"wp-block-list\">\n<li>Compreender o SUS e SUAS para atuar intersetorialmente e multidisciplinarmente nas diversas situa\u00e7\u00f5es que envolvem a intera\u00e7\u00e3o humano, animal e ambiente;&nbsp;<\/li>\n<\/ol>\n\n\n\n<ol start=\"4\" class=\"wp-block-list\">\n<li>Propor estrat\u00e9gias necess\u00e1rias para implanta\u00e7\u00e3o de programas efetivos de manejo populacional de c\u00e3es e gatos em \u00e1reas urbanas;&nbsp;<\/li>\n<\/ol>\n\n\n\n<ol start=\"5\" class=\"wp-block-list\">\n<li>Propor plano de trabalho para o enfrentamento da problem\u00e1tica das pessoas em situa\u00e7\u00e3o de acumula\u00e7\u00e3o de animais;&nbsp;<\/li>\n<\/ol>\n\n\n\n<ol start=\"6\" class=\"wp-block-list\">\n<li>Compreender a atua\u00e7\u00e3o com povos origin\u00e1rios e de comunidades tradicionais para a promo\u00e7\u00e3o da sa\u00fade;&nbsp;<\/li>\n<\/ol>\n\n\n\n<ol start=\"7\" class=\"wp-block-list\">\n<li>Identificar problemas de abrigos de c\u00e3es e gatos e fazer proposituras para a melhoria dos n\u00edveis de bem-estar dos animais abrigados, bem como a diminui\u00e7\u00e3o das taxas de mortalidade, morbidade e aumento das taxas de ado\u00e7\u00e3o;&nbsp;<\/li>\n<\/ol>\n\n\n\n<ol start=\"8\" class=\"wp-block-list\">\n<li>Criar planos de conting\u00eancia para preven\u00e7\u00e3o\/minimiza\u00e7\u00e3o impactos de desastres, bem como compreender como funcionam os comandos durante um evento (desastre);&nbsp;<\/li>\n<\/ol>\n\n\n\n<ol start=\"9\" class=\"wp-block-list\">\n<li>Capacitar os diversos atores sociais para o enfrentamento dos maus-tratos aos animais, bem como utiliz\u00e1-los como indicador para a identifica\u00e7\u00e3o de outros tipos de viol\u00eancia;&nbsp;<\/li>\n<\/ol>\n\n\n\n<ol start=\"10\" class=\"wp-block-list\">\n<li>Identificar situa\u00e7\u00f5es de crimes contra animais, dentre eles maus-tratos, abuso, ferimentos e mutila\u00e7\u00f5es por meio de exames de per\u00edcia veterin\u00e1ria; elaborar documentos de interesse m\u00e9dico-veterin\u00e1rio legal, como laudos, relat\u00f3rios, pareceres t\u00e9cnicos em casos envolvendo animais.&nbsp;<\/li>\n<\/ol>\n\n\n\n<ol start=\"11\" class=\"wp-block-list\">\n<li>Criar planos de a\u00e7\u00e3o na \u00e1rea de medicina veterin\u00e1ria do coletivo.&nbsp;&nbsp;<\/li>\n<\/ol>\n\n\n\n<figure class=\"wp-block-image size-large\"><img loading=\"lazy\" decoding=\"async\" width=\"1024\" height=\"171\" src=\"https:\/\/agrarias.ufpr.br\/mvc\/wp-content\/uploads\/sites\/32\/2021\/12\/banner-1024x171.jpg\" alt=\"\" class=\"wp-image-5740\" srcset=\"https:\/\/agrarias.ufpr.br\/mvc\/wp-content\/uploads\/sites\/32\/2021\/12\/banner-1024x171.jpg 1024w, https:\/\/agrarias.ufpr.br\/mvc\/wp-content\/uploads\/sites\/32\/2021\/12\/banner-300x50.jpg 300w, https:\/\/agrarias.ufpr.br\/mvc\/wp-content\/uploads\/sites\/32\/2021\/12\/banner-768x128.jpg 768w, https:\/\/agrarias.ufpr.br\/mvc\/wp-content\/uploads\/sites\/32\/2021\/12\/banner.jpg 1200w, https:\/\/agrarias.ufpr.br\/mvc\/wp-content\/uploads\/sites\/32\/2021\/12\/banner-250x42.jpg 250w, https:\/\/agrarias.ufpr.br\/mvc\/wp-content\/uploads\/sites\/32\/2021\/12\/banner-160x27.jpg 160w\" sizes=\"auto, (max-width: 1024px) 100vw, 1024px\" \/><\/figure>\n\n\n\n<p>Contato: <a href=\"mailto:secretariacesmvc@ufpr.br\" target=\"_blank\" rel=\"noreferrer noopener\">secretariacesmvc@ufpr.br<\/a>&nbsp;<br>Hor\u00e1rio de funcionamento: segunda a sexta, das 9h at\u00e9 \u00e0s 17h&nbsp;<\/p>\n\n\n\n<p><\/p>\n","protected":false},"excerpt":{"rendered":"<p>Curso de Especializa\u00e7\u00e3o em Medicina Veterin\u00e1ria do Coletivo&nbsp;turma 2026-2028 Uma imers\u00e3o profunda nas diferentes \u00e1reas da Medicina Veterin\u00e1ria do Coletivo. Uma oportunidade \u00fanica para aprofundar seus conhecimentos e contribuir de maneira significativa para a promo\u00e7\u00e3o da sa\u00fade dos indiv\u00edduos, fam\u00edlias e comunidades sob a estrat\u00e9gia de sa\u00fade \u00fanica e bem-estar \u00fanico.&nbsp; In\u00edcio das aulas: 7 [&hellip;]<\/p>\n","protected":false},"author":3,"featured_media":0,"parent":0,"menu_order":0,"comment_status":"closed","ping_status":"closed","template":"","meta":{"footnotes":""},"class_list":["post-6037","page","type-page","status-publish","hentry"],"_links":{"self":[{"href":"https:\/\/agrarias.ufpr.br\/mvc\/wp-json\/wp\/v2\/pages\/6037","targetHints":{"allow":["GET"]}}],"collection":[{"href":"https:\/\/agrarias.ufpr.br\/mvc\/wp-json\/wp\/v2\/pages"}],"about":[{"href":"https:\/\/agrarias.ufpr.br\/mvc\/wp-json\/wp\/v2\/types\/page"}],"author":[{"embeddable":true,"href":"https:\/\/agrarias.ufpr.br\/mvc\/wp-json\/wp\/v2\/users\/3"}],"replies":[{"embeddable":true,"href":"https:\/\/agrarias.ufpr.br\/mvc\/wp-json\/wp\/v2\/comments?post=6037"}],"version-history":[{"count":76,"href":"https:\/\/agrarias.ufpr.br\/mvc\/wp-json\/wp\/v2\/pages\/6037\/revisions"}],"predecessor-version":[{"id":6463,"href":"https:\/\/agrarias.ufpr.br\/mvc\/wp-json\/wp\/v2\/pages\/6037\/revisions\/6463"}],"wp:attachment":[{"href":"https:\/\/agrarias.ufpr.br\/mvc\/wp-json\/wp\/v2\/media?parent=6037"}],"curies":[{"name":"wp","href":"https:\/\/api.w.org\/{rel}","templated":true}]}}