{"id":5566,"date":"2021-12-06T19:02:51","date_gmt":"2021-12-06T19:02:51","guid":{"rendered":"https:\/\/agrarias.ufpr.br\/mvc\/?page_id=5566"},"modified":"2021-12-06T19:02:52","modified_gmt":"2021-12-06T19:02:52","slug":"doutorado-2","status":"publish","type":"page","link":"https:\/\/agrarias.ufpr.br\/mvc\/doutorado-2\/","title":{"rendered":"Doutorado"},"content":{"rendered":"\n<div style=\"height:45px\" aria-hidden=\"true\" class=\"wp-block-spacer\"><\/div>\n\n\n\n<p class=\"has-text-align-center\"><strong>Nome completo<\/strong>: Ana Lucia Baldan<\/p>\n\n\n\n<p class=\"has-text-align-center\"><strong>O que est\u00e1 fazendo<\/strong>: Doutorado<\/p>\n\n\n\n<p class=\"has-text-align-center\"><strong>T\u00edtulo<\/strong>: Educa\u00e7\u00e3o de c\u00e3es e colaboradores de abrigos e implanta\u00e7\u00e3o de programas de ado\u00e7\u00e3o como estrat\u00e9gias para inibir a devolu\u00e7\u00e3o de c\u00e3es adotados.<\/p>\n\n\n\n<p class=\"has-text-align-center\"><strong>Per\u00edodo:&nbsp;<\/strong>outubro\/2021 a outubro\/2023<\/p>\n\n\n\n<p class=\"has-text-align-center\"><strong>link Lattes<\/strong>:\u00a0\u00a0<a href=\"https:\/\/wwws.cnpq.br\/cvlattesweb\/PKG_MENU.menu?f_cod=29A7E482679643447406DEB44C8ED7A7\" target=\"_blank\" rel=\"noreferrer noopener\"><strong>http:\/\/lattes.cnpq.br\/7004570001618122<\/strong><\/a><\/p>\n\n\n\n<div class=\"wp-block-image\"><figure class=\"aligncenter size-thumbnail\"><img loading=\"lazy\" decoding=\"async\" width=\"150\" height=\"150\" src=\"https:\/\/agrarias.ufpr.br\/mvc\/wp-content\/uploads\/sites\/32\/2021\/12\/9-ana-150x150.jpg\" alt=\"\" class=\"wp-image-5567\"\/><\/figure><\/div>\n","protected":false},"excerpt":{"rendered":"<p>Nome completo: Ana Lucia Baldan O que est\u00e1 fazendo: Doutorado T\u00edtulo: Educa\u00e7\u00e3o de c\u00e3es e colaboradores de abrigos e implanta\u00e7\u00e3o de programas de ado\u00e7\u00e3o como estrat\u00e9gias para inibir a devolu\u00e7\u00e3o de c\u00e3es adotados. Per\u00edodo:&nbsp;outubro\/2021 a outubro\/2023 link Lattes:\u00a0\u00a0http:\/\/lattes.cnpq.br\/7004570001618122<\/p>\n","protected":false},"author":3,"featured_media":0,"parent":0,"menu_order":0,"comment_status":"closed","ping_status":"closed","template":"","meta":{"footnotes":""},"class_list":["post-5566","page","type-page","status-publish","hentry"],"_links":{"self":[{"href":"https:\/\/agrarias.ufpr.br\/mvc\/wp-json\/wp\/v2\/pages\/5566","targetHints":{"allow":["GET"]}}],"collection":[{"href":"https:\/\/agrarias.ufpr.br\/mvc\/wp-json\/wp\/v2\/pages"}],"about":[{"href":"https:\/\/agrarias.ufpr.br\/mvc\/wp-json\/wp\/v2\/types\/page"}],"author":[{"embeddable":true,"href":"https:\/\/agrarias.ufpr.br\/mvc\/wp-json\/wp\/v2\/users\/3"}],"replies":[{"embeddable":true,"href":"https:\/\/agrarias.ufpr.br\/mvc\/wp-json\/wp\/v2\/comments?post=5566"}],"version-history":[{"count":2,"href":"https:\/\/agrarias.ufpr.br\/mvc\/wp-json\/wp\/v2\/pages\/5566\/revisions"}],"predecessor-version":[{"id":5571,"href":"https:\/\/agrarias.ufpr.br\/mvc\/wp-json\/wp\/v2\/pages\/5566\/revisions\/5571"}],"wp:attachment":[{"href":"https:\/\/agrarias.ufpr.br\/mvc\/wp-json\/wp\/v2\/media?parent=5566"}],"curies":[{"name":"wp","href":"https:\/\/api.w.org\/{rel}","templated":true}]}}