{"id":5532,"date":"2021-12-06T18:22:56","date_gmt":"2021-12-06T18:22:56","guid":{"rendered":"https:\/\/agrarias.ufpr.br\/mvc\/?page_id=5532"},"modified":"2021-12-06T18:52:33","modified_gmt":"2021-12-06T18:52:33","slug":"residencia-2","status":"publish","type":"page","link":"https:\/\/agrarias.ufpr.br\/mvc\/residencia-2\/","title":{"rendered":"Residencia"},"content":{"rendered":"\n<p class=\"has-text-align-center\"><strong>Nome completo<\/strong>: J\u00e9ssica Pinheiro Feliciano do Nascimento<\/p>\n\n\n\n<p class=\"has-text-align-center\"><strong>O que est\u00e1 fazendo<\/strong>: Resid\u00eancia<\/p>\n\n\n\n<p class=\"has-text-align-center\"><strong>Tema<\/strong>:&nbsp;Programa de Resid\u00eancia em Medicina Veterin\u00e1ria, Area de Concentra\u00e7\u00e3o em Medicina Veterin\u00e1ria do Coletivo do Hospital Veterin\u00e1rio de Curitiba da Universidade Federal do Paran\u00e1<\/p>\n\n\n\n<p class=\"has-text-align-center\"><strong>Per\u00edodo:&nbsp;<\/strong>&nbsp;02\/03\/2020 &#8211; 28\/02\/2022<\/p>\n\n\n\n<p class=\"has-text-align-center\"><strong>link Lattes<\/strong>:&nbsp;&nbsp;<a href=\"https:\/\/wwws.cnpq.br\/cvlattesweb\/PKG_MENU.menu?f_cod=8D5F7A7D6AF42566AADCDA9AE48D944C\" target=\"_blank\" rel=\"noreferrer noopener\"><strong>http:\/\/lattes.cnpq.br\/4860678579869841<\/strong><\/a><\/p>\n\n\n\n<div class=\"wp-block-image\"><figure class=\"aligncenter size-thumbnail\"><img loading=\"lazy\" decoding=\"async\" width=\"150\" height=\"150\" src=\"https:\/\/agrarias.ufpr.br\/mvc\/wp-content\/uploads\/sites\/32\/2021\/12\/5-jessica-150x150.jpg\" alt=\"\" class=\"wp-image-5530\"\/><\/figure><\/div>\n\n\n\n<div style=\"height:45px\" aria-hidden=\"true\" class=\"wp-block-spacer\"><\/div>\n\n\n\n<p><\/p>\n\n\n\n<p><\/p>\n\n\n\n<p class=\"has-text-align-center\"><strong>Nome completo<\/strong>: Heloise Zavatieri Polato<\/p>\n\n\n\n<p class=\"has-text-align-center\"><strong>O que est\u00e1 fazendo<\/strong>: Resid\u00eancia<\/p>\n\n\n\n<p class=\"has-text-align-center\"><strong>Tema<\/strong>:&nbsp;Programa de Resid\u00eancia Multiprofissional em \u00c1rea da Sa\u00fade do Hospital Veterin\u00e1rio da UFPR, \u00c1rea de Concentra\u00e7\u00e3o em Medicina Veterin\u00e1ria do Coletivo<\/p>\n\n\n\n<p class=\"has-text-align-center\"><strong>Per\u00edodo:&nbsp;<\/strong>&nbsp;02\/03\/2020 &#8211; 28\/02\/2022<\/p>\n\n\n\n<p class=\"has-text-align-center\"><strong>link Lattes<\/strong>:&nbsp;<a href=\"http:\/\/lattes.cnpq.br\/7096126579325309\" target=\"_blank\" rel=\"noreferrer noopener\">http:\/\/lattes.cnpq.br\/7096126579325309<\/a><\/p>\n\n\n\n<div class=\"wp-block-image\"><figure class=\"aligncenter size-thumbnail\"><img loading=\"lazy\" decoding=\"async\" width=\"150\" height=\"150\" src=\"https:\/\/agrarias.ufpr.br\/mvc\/wp-content\/uploads\/sites\/32\/2021\/12\/7-heloise-150x150.jpg\" alt=\"\" class=\"wp-image-5549\"\/><\/figure><\/div>\n\n\n\n<div style=\"height:45px\" aria-hidden=\"true\" class=\"wp-block-spacer\"><\/div>\n\n\n\n<p class=\"has-text-align-center\"><strong>Nome completo<\/strong>: Luis Fernando Turozi Mausson<\/p>\n\n\n\n<p class=\"has-text-align-center\"><strong>O que est\u00e1 fazendo<\/strong>: Resid\u00eancia<\/p>\n\n\n\n<p class=\"has-text-align-center\"><strong>Tema<\/strong>: Conhecimento a respeito das principais zoonoses por parte de tutores beneficiados por programa de castra\u00e7\u00e3o no munic\u00edpio de Arauc\u00e1ria, PR, Brasil<\/p>\n\n\n\n<p class=\"has-text-align-center\"><strong>Per\u00edodo:&nbsp;<\/strong>03\/2020 a 02\/2022<\/p>\n\n\n\n<p class=\"has-text-align-center\"><a href=\"http:\/\/lattes.cnpq.br\/1352765859475030\" target=\"_blank\" rel=\"noreferrer noopener\">http:\/\/lattes.cnpq.br\/1352765859475030<\/a><\/p>\n\n\n\n<div class=\"wp-block-image\"><figure class=\"aligncenter size-thumbnail\"><img loading=\"lazy\" decoding=\"async\" width=\"150\" height=\"150\" src=\"https:\/\/agrarias.ufpr.br\/mvc\/wp-content\/uploads\/sites\/32\/2021\/12\/8-luis-150x150.jpg\" alt=\"\" class=\"wp-image-5557\"\/><\/figure><\/div>\n","protected":false},"excerpt":{"rendered":"<p>Nome completo: J\u00e9ssica Pinheiro Feliciano do Nascimento O que est\u00e1 fazendo: Resid\u00eancia Tema:&nbsp;Programa de Resid\u00eancia em Medicina Veterin\u00e1ria, Area de Concentra\u00e7\u00e3o em Medicina Veterin\u00e1ria do Coletivo do Hospital Veterin\u00e1rio de Curitiba da Universidade Federal do Paran\u00e1 Per\u00edodo:&nbsp;&nbsp;02\/03\/2020 &#8211; 28\/02\/2022 link Lattes:&nbsp;&nbsp;http:\/\/lattes.cnpq.br\/4860678579869841 Nome completo: Heloise Zavatieri Polato O que est\u00e1 fazendo: Resid\u00eancia Tema:&nbsp;Programa de Resid\u00eancia Multiprofissional [&hellip;]<\/p>\n","protected":false},"author":3,"featured_media":0,"parent":0,"menu_order":0,"comment_status":"closed","ping_status":"closed","template":"","meta":{"footnotes":""},"class_list":["post-5532","page","type-page","status-publish","hentry"],"_links":{"self":[{"href":"https:\/\/agrarias.ufpr.br\/mvc\/wp-json\/wp\/v2\/pages\/5532","targetHints":{"allow":["GET"]}}],"collection":[{"href":"https:\/\/agrarias.ufpr.br\/mvc\/wp-json\/wp\/v2\/pages"}],"about":[{"href":"https:\/\/agrarias.ufpr.br\/mvc\/wp-json\/wp\/v2\/types\/page"}],"author":[{"embeddable":true,"href":"https:\/\/agrarias.ufpr.br\/mvc\/wp-json\/wp\/v2\/users\/3"}],"replies":[{"embeddable":true,"href":"https:\/\/agrarias.ufpr.br\/mvc\/wp-json\/wp\/v2\/comments?post=5532"}],"version-history":[{"count":9,"href":"https:\/\/agrarias.ufpr.br\/mvc\/wp-json\/wp\/v2\/pages\/5532\/revisions"}],"predecessor-version":[{"id":5558,"href":"https:\/\/agrarias.ufpr.br\/mvc\/wp-json\/wp\/v2\/pages\/5532\/revisions\/5558"}],"wp:attachment":[{"href":"https:\/\/agrarias.ufpr.br\/mvc\/wp-json\/wp\/v2\/media?parent=5532"}],"curies":[{"name":"wp","href":"https:\/\/api.w.org\/{rel}","templated":true}]}}