{"id":5480,"date":"2021-10-28T18:21:59","date_gmt":"2021-10-28T18:21:59","guid":{"rendered":"https:\/\/agrarias.ufpr.br\/mvc\/?page_id=5480"},"modified":"2025-10-08T22:58:12","modified_gmt":"2025-10-08T22:58:12","slug":"cmvc","status":"publish","type":"page","link":"https:\/\/agrarias.ufpr.br\/mvc\/cmvc\/","title":{"rendered":"Centro MVC"},"content":{"rendered":"\n<p><strong>Endere\u00e7o:<\/strong> Rua dos Funcion\u00e1rios, 1540 &#8211; Cabral, Curitiba-PR, 8005-050<\/p>\n\n\n\n<div class=\"wp-block-buttons is-horizontal is-content-justification-center is-layout-flex wp-container-core-buttons-is-layout-499968f5 wp-block-buttons-is-layout-flex\">\n<div class=\"wp-block-button is-style-outline is-style-outline--1\"><a class=\"wp-block-button__link wp-element-button\" href=\"https:\/\/goo.gl\/maps\/FHB8zXBqRBVz87BSA\" target=\"_blank\" rel=\"noreferrer noopener\"><strong>chegue utilizando o Google Maps<\/strong><\/a><\/div>\n<\/div>\n\n\n<div class=\"wp-block-image\">\n<figure class=\"aligncenter size-full is-resized\"><img loading=\"lazy\" decoding=\"async\" width=\"381\" height=\"266\" src=\"https:\/\/agrarias.ufpr.br\/mvc\/wp-content\/uploads\/sites\/32\/2022\/06\/MAPA.png\" alt=\"\" class=\"wp-image-5877\" style=\"width:562px;height:393px\" srcset=\"https:\/\/agrarias.ufpr.br\/mvc\/wp-content\/uploads\/sites\/32\/2022\/06\/MAPA.png 381w, https:\/\/agrarias.ufpr.br\/mvc\/wp-content\/uploads\/sites\/32\/2022\/06\/MAPA-300x209.png 300w, https:\/\/agrarias.ufpr.br\/mvc\/wp-content\/uploads\/sites\/32\/2022\/06\/MAPA-250x175.png 250w, https:\/\/agrarias.ufpr.br\/mvc\/wp-content\/uploads\/sites\/32\/2022\/06\/MAPA-160x112.png 160w\" sizes=\"auto, (max-width: 381px) 100vw, 381px\" \/><figcaption class=\"wp-element-caption\"><em>*N\u00e3o \u00e9 poss\u00edvel acessar o centro com autom\u00f3veis. Os ve\u00edculos devem permanecer no estacionamento do HV e o tutor deve se deslocar at\u00e9 o local a p\u00e9, passando pelos port\u00f5es 1 e 2. Lembre-se de manter estes 2 port\u00f5es fechados.<\/em><\/figcaption><\/figure>\n<\/div>\n\n\n<p>Portif\u00f3lio do centro MVC-UFPR<\/p>\n\n\n\n<p class=\"has-text-align-center\"><strong><a href=\"https:\/\/forms.gle\/KrY4WQ6TyQFuxzTBA\">Acesse o formul\u00e1rio clicando no \u00edcone a baixo<\/a><\/strong><\/p>\n\n\n<div class=\"wp-block-image\">\n<figure class=\"aligncenter size-full is-resized\"><a href=\"https:\/\/forms.gle\/KrY4WQ6TyQFuxzTBA\"><img loading=\"lazy\" decoding=\"async\" width=\"48\" height=\"48\" src=\"https:\/\/agrarias.ufpr.br\/mvc\/wp-content\/uploads\/sites\/32\/2022\/04\/icons8-fill-in-form-48.png\" alt=\"\" class=\"wp-image-5786\" style=\"width:66px;height:auto\"\/><\/a><\/figure>\n<\/div>\n\n\n<p><\/p>\n\n\n\n<p class=\"has-text-align-center has-medium-font-size\"><strong>Telefone para contato:  (041)992677406  <\/strong><\/p>\n\n\n\n<p><\/p>\n\n\n\n<p class=\"has-text-align-center has-medium-font-size\"><strong>CENTRO DE MEDICINA VETERIN\u00c1RIA DO COLETIVO<\/strong><\/p>\n\n\n\n<p><strong>Servi\u00e7o de Per\u00edcia de Animais Vivos (SPA)<\/strong>&nbsp; &#8211; A UFPR possui termo de coopera\u00e7\u00e3o com a Secretaria de Seguran\u00e7a P\u00fablica do Estado do Paran\u00e1 com v\u00e1rias frentes de trabalho, entre elas a realiza\u00e7\u00e3o de per\u00edcia em animais vivos pelos residentes de MVC. O servi\u00e7o contar\u00e1 agora com sala pr\u00f3pria, bem como local apropriado para a guarda dos materiais e instrumentos de trabalho.<\/p>\n\n\n\n<p><strong>Projeto ZERO FOME<\/strong> &#8211; O projeto Zero Fome iniciou em 2020 durante a pandemia, para apoiar a alimenta\u00e7\u00e3o de animais de estima\u00e7\u00e3o de fam\u00edlias em situa\u00e7\u00e3o de vulnerabilidade. Numa primeira etapa trabalhou-se em conjunto com o Centro de Refer\u00eancia de Assist\u00eancia Social (CRAS) da Prefeitura de Campo Magro. As fam\u00edlias cadastradas no CAD\u00danico Nacional passam por avalia\u00e7\u00e3o, por meio de visita t\u00e9cnica da assistente social e do residente de MVC, para a triagem e, caso realmente estejam em situa\u00e7\u00e3o de vulnerabilidade econ\u00f4mica. inclus\u00e3o no projeto. Durante a visita t\u00e9cnica, \u00e9 avaliado o n\u00edvel de guarda respons\u00e1vel, feitas orienta\u00e7\u00f5es para a promo\u00e7\u00e3o da sa\u00fade da fam\u00edlia e os animais recebem assist\u00eancia m\u00e9dico-veterin\u00e1ria b\u00e1sica. Em uma segunda etapa, a partir de novembro de 2021, o projeto foi expandido para os Lares Transit\u00f3rios da regi\u00e3o metropolitana de Curitiba. Essa etapa est\u00e1 relacionada com a pesquisa de dois p\u00f3s-graduandos em Sa\u00fade \u00danica. O projeto \u00e9 patrocinado pelo Instituto PremieRPet.&nbsp;<\/p>\n\n\n\n<p><strong>Assist\u00eancia Social Veterin\u00e1ria (ASV)<\/strong>&nbsp; &#8211; O Projeto ASV permitir\u00e1 apoiar tutores com dificuldades econ\u00f4micas para arcar com as despesas m\u00e9dico-veterin\u00e1rias dos seus animais. Os tutores passar\u00e3o por entrevista e sele\u00e7\u00e3o para identificar as vulnerabilidades e a melhor forma de enfrentamento para permitir o acesso do animal ao atendimento.&nbsp; Nesse servi\u00e7o ser\u00e3o inclusos tamb\u00e9m moradores de rua e pessoas com transtorno de acumula\u00e7\u00e3o de animais.&nbsp; O ASV tamb\u00e9m poder\u00e1 dar suporte aos tutores em momento de luto ou com a indica\u00e7\u00e3o de eutan\u00e1sia dos seus animais. Esse servi\u00e7o ser\u00e1 em parceria com os cursos de Psicologia e do Servi\u00e7o Social da UFPR, al\u00e9m dos servi\u00e7os sociais municipais da regi\u00e3o metropolitana de Curitiba. Com apoio da Boehringer, ser\u00e1 oferecida uma bolsa de doutorado para um assistente social desenvolver atividades de pesquisa no CMVC e, ao mesmo tempo, fazer as entrevistas com as fam\u00edlias que buscarem os servi\u00e7os do CMVC.<\/p>\n\n\n\n<p><strong>Cl\u00ednica da intera\u00e7\u00e3o humano-animal<\/strong>&nbsp; &#8211; A cl\u00ednica tem como objetivo fortalecer o v\u00ednculo humano-animal, melhorar os n\u00edveis de bem-estar dos animais de estima\u00e7\u00e3o, prevenir maus-tratos, neglig\u00eancia, abuso e o abandono.&nbsp; As atividades desenvolvidas ser\u00e3o:&nbsp;<\/p>\n\n\n\n<p>\u2022&nbsp;&nbsp;&nbsp;&nbsp;&nbsp; Aconselhar tutores que adotaram animais e que apresentam problemas comportamentais no novo lar;<\/p>\n\n\n\n<p>\u2022&nbsp;&nbsp;&nbsp;&nbsp;&nbsp; Promover o adestramento e educa\u00e7\u00e3o de animais adotados (Projeto com apoio do Instituto PremieRPet, por meio de bolsa de doutorado e financiamento de materiais)<\/p>\n\n\n\n<p>\u2022&nbsp;&nbsp;&nbsp;&nbsp;&nbsp; Capacitar tutores quanto a guarda respons\u00e1vel e a educa\u00e7\u00e3o b\u00e1sica de c\u00e3es;<\/p>\n\n\n\n<p>\u2022&nbsp;&nbsp;&nbsp;&nbsp;&nbsp; Diagnosticar problemas comportamentais e indicar o tratamento para a modula\u00e7\u00e3o comportamental;<\/p>\n\n\n\n<p>\u2022&nbsp;&nbsp;&nbsp;&nbsp;&nbsp; Oferecer consultorias para abrigos de c\u00e3es e gatos. O CMVC j\u00e1 possui uma parceria com o Instituto PremieRPet no Projeto Medicina de Abrigos. Atualmente s\u00e3o 6 abrigos assistidos pela UFPR, dois no Paran\u00e1 e 4 em S\u00e3o Paulo. Pretende-se expandir o projeto no PR. O projeto visa melhorar o n\u00edvel de bem-estar dos animais nos abrigos e aumentar a taxa de ado\u00e7\u00e3o. Os colaboradores passam por capacita\u00e7\u00e3o; os abrigos s\u00e3o acompanhados mensalmente e identificados pontos cr\u00edticos a serem corrigidos; s\u00e3o estudadas formas de diminuir a taxa de admiss\u00e3o de animais e diminuir a densidade de animais.<\/p>\n\n\n\n<p><strong>Consultoria em Sa\u00fade \u00danica<\/strong>&nbsp; &#8211; Esse servi\u00e7o \u00e9 respons\u00e1vel pela:<\/p>\n\n\n\n<ul class=\"wp-block-list\">\n<li>avalia\u00e7\u00e3o e diagn\u00f3stico epidemiol\u00f3gico de situa\u00e7\u00f5es de risco envolvendo sa\u00fade animal, humana e ambiental;<\/li>\n\n\n\n<li>avalia\u00e7\u00e3o e acompanhamento de pessoas com transtorno de acumula\u00e7\u00e3o, encaminhadas por parceiros;<\/li>\n\n\n\n<li>estudo e implementa\u00e7\u00e3o de Programas de Manejo Populacional de C\u00e3es e Gatos para munic\u00edpios que ainda n\u00e3o possuem tal pol\u00edtica p\u00fablica.<\/li>\n<\/ul>\n\n\n\n<p><strong>Centro de Educa\u00e7\u00e3o e de Controle da Natalidade de C\u00e3es e Gatos<\/strong> \u2013 O CMVC possui um centro cir\u00fargico para a realiza\u00e7\u00e3o de cirurgias de castra\u00e7\u00e3o de c\u00e3es e gatos, em substitui\u00e7\u00e3o \u00e0 Unidade M\u00f3vel de Esteriliza\u00e7\u00e3o e Educa\u00e7\u00e3o em Sa\u00fade (UMEES). A UMEES funcionou por quase 10 anos, mas em 2017\/2018 teve suas atividades externas encerradas. A partir de ent\u00e3o, come\u00e7ou a funcionar nas depend\u00eancias do Setor de Ci\u00eancias Agr\u00e1rias, com o apoio do Hospital Veterin\u00e1rio, inserida no Projeto de Extens\u00e3o e nas aulas de Viv\u00eancia em Medicina Veterin\u00e1ria do Coletivo. A Unidade faz parte atualmente do CMVC. Ela est\u00e1 estacionada junto ao CMVC e ser\u00e1 utilizada para os atendimentos dos animais, bem como para as pr\u00e1ticas de medicina veterin\u00e1ria integrativa.<\/p>\n\n\n\n<p>As castra\u00e7\u00f5es realizadas no CMVC t\u00eam como foco:<\/p>\n\n\n\n<ul class=\"wp-block-list\">\n<li>atendimento de animais de fam\u00edlias em situa\u00e7\u00e3o de vulnerabilidade;<\/li>\n\n\n\n<li>animais abandonados resgatados e mantidos para serem encaminhados para ado\u00e7\u00e3o por Lares Transit\u00f3rios;<\/li>\n\n\n\n<li>filhotes de Lares Transit\u00f3rios prontos para ado\u00e7\u00e3o;<\/li>\n\n\n\n<li>capacita\u00e7\u00e3o dos residentes de MVC e dos demais p\u00f3s-graduandos;<\/li>\n\n\n\n<li>ser um campo de pr\u00e1ticas para os alunos das disciplinas de Medicina Veterin\u00e1ria do Coletivo e participantes dos projetos de extens\u00e3o MEDICINA VETERIN\u00c1RIA EM A\u00c7\u00c3O NAS COMUNIDADES.<\/li>\n<\/ul>\n\n\n\n<p><strong>Curso de banho e tosa:<\/strong> O CMVC oferecer\u00e1 curso de banho e tosa para jovens em situa\u00e7\u00e3o de vulnerabilidade. Pretende-se abrir vagas para o banho e tosa de animais de pessoas em situa\u00e7\u00e3o de rua, bem como de animais de Lares Transit\u00f3rios.<\/p>\n\n\n\n<p><strong>Educa\u00e7\u00e3o em sa\u00fade \u00fanica e educa\u00e7\u00e3o humanit\u00e1ria:<\/strong> O CMVC vai continuar com os cursos que j\u00e1 eram oferecidos de maneira gratuita para a comunidade, com enfoque na educa\u00e7\u00e3o humanit\u00e1ria solucionaria.<\/p>\n\n\n\n<p><strong>Medicina Veterin\u00e1ria Integrativa:<\/strong> Ser\u00e1 inaugurado um ambulat\u00f3rio de pr\u00e1ticas integrativas que contar\u00e1 com atendimento em homeopatia, acupuntura, entre outros.telefone 41 992677406 (por enquanto sem whatsapp)&nbsp;<\/p>\n\n\n\n<p class=\"has-text-align-center\"><strong><a href=\"https:\/\/agrarias.ufpr.br\/mvc\/wp-content\/uploads\/sites\/32\/2025\/10\/apresentacao-casuistica.pdf\" data-type=\"link\" data-id=\"https:\/\/agrarias.ufpr.br\/mvc\/wp-content\/uploads\/sites\/32\/2025\/10\/apresentacao-casuistica.pdf\">PORTIFOLIO DO CENTRO MVC-UFPR<\/a><\/strong><\/p>\n\n\n\n<p class=\"has-text-align-center has-medium-font-size\"><strong>Telefone: (041)992677406 <\/strong><\/p>\n\n\n\n<p class=\"has-text-align-center\"><a href=\"https:\/\/forms.gle\/KrY4WQ6TyQFuxzTBA\"><strong>Preenchimento do Formul\u00e1rio <\/strong><\/a><\/p>\n\n\n\n<p class=\"has-text-align-center\"><strong>email:&nbsp;centromvc@ufpr.br<\/strong><\/p>\n\n\n\n<p class=\"has-text-align-center\"><strong>Instagram: <a href=\"https:\/\/www.instagram.com\/mvcufpr\/\">mvcufpr<\/a><\/strong><\/p>\n\n\n\n<p><strong> <\/strong><\/p>\n","protected":false},"excerpt":{"rendered":"<p>Endere\u00e7o: Rua dos Funcion\u00e1rios, 1540 &#8211; Cabral, Curitiba-PR, 8005-050 Portif\u00f3lio do centro MVC-UFPR Acesse o formul\u00e1rio clicando no \u00edcone a baixo Telefone para contato: (041)992677406 CENTRO DE MEDICINA VETERIN\u00c1RIA DO COLETIVO Servi\u00e7o de Per\u00edcia de Animais Vivos (SPA)&nbsp; &#8211; A UFPR possui termo de coopera\u00e7\u00e3o com a Secretaria de Seguran\u00e7a P\u00fablica do Estado do Paran\u00e1 [&hellip;]<\/p>\n","protected":false},"author":3,"featured_media":0,"parent":0,"menu_order":0,"comment_status":"closed","ping_status":"closed","template":"","meta":{"footnotes":""},"class_list":["post-5480","page","type-page","status-publish","hentry"],"_links":{"self":[{"href":"https:\/\/agrarias.ufpr.br\/mvc\/wp-json\/wp\/v2\/pages\/5480","targetHints":{"allow":["GET"]}}],"collection":[{"href":"https:\/\/agrarias.ufpr.br\/mvc\/wp-json\/wp\/v2\/pages"}],"about":[{"href":"https:\/\/agrarias.ufpr.br\/mvc\/wp-json\/wp\/v2\/types\/page"}],"author":[{"embeddable":true,"href":"https:\/\/agrarias.ufpr.br\/mvc\/wp-json\/wp\/v2\/users\/3"}],"replies":[{"embeddable":true,"href":"https:\/\/agrarias.ufpr.br\/mvc\/wp-json\/wp\/v2\/comments?post=5480"}],"version-history":[{"count":49,"href":"https:\/\/agrarias.ufpr.br\/mvc\/wp-json\/wp\/v2\/pages\/5480\/revisions"}],"predecessor-version":[{"id":6252,"href":"https:\/\/agrarias.ufpr.br\/mvc\/wp-json\/wp\/v2\/pages\/5480\/revisions\/6252"}],"wp:attachment":[{"href":"https:\/\/agrarias.ufpr.br\/mvc\/wp-json\/wp\/v2\/media?parent=5480"}],"curies":[{"name":"wp","href":"https:\/\/api.w.org\/{rel}","templated":true}]}}