{"id":5475,"date":"2021-10-28T18:20:02","date_gmt":"2021-10-28T18:20:02","guid":{"rendered":"https:\/\/agrarias.ufpr.br\/mvc\/?page_id=5475"},"modified":"2021-12-29T17:27:26","modified_gmt":"2021-12-29T17:27:26","slug":"producoes-e-referencias","status":"publish","type":"page","link":"https:\/\/agrarias.ufpr.br\/mvc\/producoes-e-referencias\/","title":{"rendered":"Produ\u00e7\u00f5es e Refer\u00eancias"},"content":{"rendered":"\n<p><strong><a href=\"https:\/\/agrarias.ufpr.br\/mvc\/producoes\/\" title=\"Produ\u00e7\u00f5es\">Produ\u00e7\u00f5es<\/a><\/strong><\/p>\n\n\n\n<p><strong><a href=\"https:\/\/agrarias.ufpr.br\/mvc\/producoes-tecnicas\/\" title=\"Produ\u00e7\u00f5es T\u00e9cnicas\">Produ\u00e7\u00f5es T\u00e9cnicas<\/a><\/strong><\/p>\n\n\n\n<p><strong><a href=\"https:\/\/agrarias.ufpr.br\/mvc\/producoes-audiovisuais\/\" title=\"Produ\u00e7\u00f5es Audiovisuais\">Produ\u00e7\u00f5es Audiovisuais <\/a><\/strong><\/p>\n\n\n\n<p><a href=\"https:\/\/agrarias.ufpr.br\/mvc\/referencias-2\/\" title=\"Refer\u00eancias\"><strong>Refer\u00eancias Bibliogr\u00e1ficas<\/strong><\/a><\/p>\n","protected":false},"excerpt":{"rendered":"<p>Produ\u00e7\u00f5es Produ\u00e7\u00f5es T\u00e9cnicas Produ\u00e7\u00f5es Audiovisuais Refer\u00eancias Bibliogr\u00e1ficas<\/p>\n","protected":false},"author":3,"featured_media":0,"parent":0,"menu_order":0,"comment_status":"closed","ping_status":"closed","template":"","meta":{"footnotes":""},"class_list":["post-5475","page","type-page","status-publish","hentry"],"_links":{"self":[{"href":"https:\/\/agrarias.ufpr.br\/mvc\/wp-json\/wp\/v2\/pages\/5475","targetHints":{"allow":["GET"]}}],"collection":[{"href":"https:\/\/agrarias.ufpr.br\/mvc\/wp-json\/wp\/v2\/pages"}],"about":[{"href":"https:\/\/agrarias.ufpr.br\/mvc\/wp-json\/wp\/v2\/types\/page"}],"author":[{"embeddable":true,"href":"https:\/\/agrarias.ufpr.br\/mvc\/wp-json\/wp\/v2\/users\/3"}],"replies":[{"embeddable":true,"href":"https:\/\/agrarias.ufpr.br\/mvc\/wp-json\/wp\/v2\/comments?post=5475"}],"version-history":[{"count":4,"href":"https:\/\/agrarias.ufpr.br\/mvc\/wp-json\/wp\/v2\/pages\/5475\/revisions"}],"predecessor-version":[{"id":5699,"href":"https:\/\/agrarias.ufpr.br\/mvc\/wp-json\/wp\/v2\/pages\/5475\/revisions\/5699"}],"wp:attachment":[{"href":"https:\/\/agrarias.ufpr.br\/mvc\/wp-json\/wp\/v2\/media?parent=5475"}],"curies":[{"name":"wp","href":"https:\/\/api.w.org\/{rel}","templated":true}]}}