{"id":5463,"date":"2021-10-28T18:06:31","date_gmt":"2021-10-28T18:06:31","guid":{"rendered":"https:\/\/agrarias.ufpr.br\/mvc\/?page_id=5463"},"modified":"2021-10-28T18:06:34","modified_gmt":"2021-10-28T18:06:34","slug":"gecolabe-grupo-de-estudos-de-medicina-veterinaria-do-coletivo-legal-e-alternativa-e-bem-estar-animal","status":"publish","type":"page","link":"https:\/\/agrarias.ufpr.br\/mvc\/gecolabe-grupo-de-estudos-de-medicina-veterinaria-do-coletivo-legal-e-alternativa-e-bem-estar-animal\/","title":{"rendered":"GECOLABE \u2013 Grupo de Estudos de Medicina Veterin\u00e1ria do Coletivo, Legal e Alternativa, e Bem-Estar Animal"},"content":{"rendered":"\n<p>O&nbsp;GECOLABE \u2013 Grupo de Estudos de Medicina Veterin\u00e1ria do Coletivo, Legal e Alternativa, e Bem-Estar se destina a buscar maneiras que visam \u00e0 promo\u00e7\u00e3o de conhecimentos de seus membros, e da comunidade a qual pertence, esta que pode ser beneficiada pelos projetos de extens\u00e3o e pesquisa a serem desenvolvidos. O grupo est\u00e1 intimamente relacionado ao projeto de extens\u00e3o denominado Medicina Veterin\u00e1ria em A\u00e7\u00e3o nas Comunidades, e tem por finalidade reunir estudantes, professores e profissionais (entre outros) que se interessem em desenvolver o conhecimento t\u00e9orio-pr\u00e1tico, n\u00e3o aprimorado em sala de aula, que cabe ao estudante de Medicina Veterin\u00e1ria, como futuro profissional da \u00e1rea. As atividades realizadas est\u00e3o relacionadas \u00e0 pr\u00e1tica cl\u00ednica e aos projetos de pesquisa e extens\u00e3o.<\/p>\n\n\n\n<p>O GRUPO DE ESTUDOS DE MEDICINA VETERIN\u00c1RIA DO COLETIVO, LEGAL E ALTERNATIVA, E BEM-ESTAR tem suas atividades desenvolvidas no Departamento de Medicina Veterin\u00e1ria da Universidade Federal do Paran\u00e1 UFPR, situada na Rua dos Funcion\u00e1rios, 1540 \u2013 Cabral, Curitiba, PR, Brasil.&nbsp;&nbsp;<\/p>\n\n\n\n<p>As atividades desenvolvidas podem ser acompanhadas pelo facebook na p\u00e1gina do Projeto de Extens\u00e3o de Medicina Veterin\u00e1ria Em A\u00e7\u00e3o nas Comunidades:\u00a0https:\/\/www.facebook.com\/mvcomunidadesufpr\/<\/p>\n\n\n\n<div class=\"wp-block-image\"><figure class=\"aligncenter\"><img loading=\"lazy\" decoding=\"async\" width=\"300\" height=\"106\" src=\"https:\/\/agrarias.ufpr.br\/mvc\/wp-content\/uploads\/sites\/32\/2018\/03\/Logo-300x106.jpg\" alt=\"logo\" class=\"wp-image-4819\" srcset=\"https:\/\/agrarias.ufpr.br\/mvc\/wp-content\/uploads\/sites\/32\/2018\/03\/Logo-300x106.jpg 300w, https:\/\/agrarias.ufpr.br\/mvc\/wp-content\/uploads\/sites\/32\/2018\/03\/Logo-250x88.jpg 250w, https:\/\/agrarias.ufpr.br\/mvc\/wp-content\/uploads\/sites\/32\/2018\/03\/Logo-160x57.jpg 160w, https:\/\/agrarias.ufpr.br\/mvc\/wp-content\/uploads\/sites\/32\/2018\/03\/Logo.jpg 630w\" sizes=\"auto, (max-width: 300px) 100vw, 300px\" \/><\/figure><\/div>\n","protected":false},"excerpt":{"rendered":"<p>O&nbsp;GECOLABE \u2013 Grupo de Estudos de Medicina Veterin\u00e1ria do Coletivo, Legal e Alternativa, e Bem-Estar se destina a buscar maneiras que visam \u00e0 promo\u00e7\u00e3o de conhecimentos de seus membros, e da comunidade a qual pertence, esta que pode ser beneficiada pelos projetos de extens\u00e3o e pesquisa a serem desenvolvidos. O grupo est\u00e1 intimamente relacionado ao [&hellip;]<\/p>\n","protected":false},"author":3,"featured_media":0,"parent":0,"menu_order":0,"comment_status":"closed","ping_status":"closed","template":"","meta":{"footnotes":""},"class_list":["post-5463","page","type-page","status-publish","hentry"],"_links":{"self":[{"href":"https:\/\/agrarias.ufpr.br\/mvc\/wp-json\/wp\/v2\/pages\/5463","targetHints":{"allow":["GET"]}}],"collection":[{"href":"https:\/\/agrarias.ufpr.br\/mvc\/wp-json\/wp\/v2\/pages"}],"about":[{"href":"https:\/\/agrarias.ufpr.br\/mvc\/wp-json\/wp\/v2\/types\/page"}],"author":[{"embeddable":true,"href":"https:\/\/agrarias.ufpr.br\/mvc\/wp-json\/wp\/v2\/users\/3"}],"replies":[{"embeddable":true,"href":"https:\/\/agrarias.ufpr.br\/mvc\/wp-json\/wp\/v2\/comments?post=5463"}],"version-history":[{"count":1,"href":"https:\/\/agrarias.ufpr.br\/mvc\/wp-json\/wp\/v2\/pages\/5463\/revisions"}],"predecessor-version":[{"id":5465,"href":"https:\/\/agrarias.ufpr.br\/mvc\/wp-json\/wp\/v2\/pages\/5463\/revisions\/5465"}],"wp:attachment":[{"href":"https:\/\/agrarias.ufpr.br\/mvc\/wp-json\/wp\/v2\/media?parent=5463"}],"curies":[{"name":"wp","href":"https:\/\/api.w.org\/{rel}","templated":true}]}}