{"id":5458,"date":"2021-10-28T18:10:54","date_gmt":"2021-10-28T18:10:54","guid":{"rendered":"https:\/\/agrarias.ufpr.br\/mvc\/?page_id=5458"},"modified":"2022-06-29T20:40:49","modified_gmt":"2022-06-29T20:40:49","slug":"projeto-de-extensao-medicina-veterinaria-em-acao-nas-comunidades","status":"publish","type":"page","link":"https:\/\/agrarias.ufpr.br\/mvc\/projeto-de-extensao-medicina-veterinaria-em-acao-nas-comunidades\/","title":{"rendered":"Projeto De Extens\u00e3o Medicina Veterin\u00e1ria Em A\u00e7\u00e3o Nas Comunidades"},"content":{"rendered":"\n<p>O objetivo geral desse projeto \u00e9&nbsp;oferecer aos graduandos experi\u00eancia em promo\u00e7\u00e3o da sa\u00fade dos indiv\u00edduos, comunidades e cuidados do meio ambiente. Durante a realiza\u00e7\u00e3o das a\u00e7\u00f5es do projeto no ano de 2017, foi observada uma grande demanda dos pr\u00f3prios estudantes e graduandos de Medicina Veterin\u00e1ria, e tamb\u00e9m da popula\u00e7\u00e3o em geral, em conhecer os pilares do Manejo Populacional de animais, abordando temas como o Abandono de Animais nas cidades, e o Elo entre a viol\u00eancia Interpessoal e a Viol\u00eancia Animal. Tendo em vista este d\u00e9ficit no conhecimento, o projeto buscou uma abordagem mais hol\u00edstica e did\u00e1tica, em forma de simp\u00f3sios, palestras e workshops para a fomenta\u00e7\u00e3o dessas informa\u00e7\u00f5es pelos graduandos e m\u00e9dicos veterin\u00e1rios, n\u00e3o mantendo seu foco s\u00f3 e exclusivamente nas a\u00e7\u00f5es em parcerias com as prefeituras, diretamente com as comunidades.<\/p>\n\n\n\n<p>O projeto atua diretamente na \u00e1rea de Medicina Veterin\u00e1ria do Coletivo. Esta, abrange 03 grandes vergentes: manejo populacional, medicina veterin\u00e1ria legal e sa\u00fade p\u00fablica. Em rela\u00e7\u00e3o ao Manejo Populacional, o projeto atuou especialmente nas a\u00e7\u00f5es de Estimativa Populacional no munic\u00edpio de Pinhais, e na organiza\u00e7\u00e3o do II Simp\u00f3sio Paranaense de Manejo Populacional Humanit\u00e1rio e Sustent\u00e1vel de C\u00e3es e Gatos. A forma\u00e7\u00e3o te\u00f3rica dos alunos na \u00e1rea tamb\u00e9m \u00e9 fundamental para o desenvolvimento das atividades, por isso a organiza\u00e7\u00e3o de cursos e palestras \u00e9 importante. A Estimativa Populacional necessita diretamente da interdisciplinaridade dos setores p\u00fablicos, uma vez que, pela aplica\u00e7\u00e3o dos question\u00e1rios e o contato direto com a popula\u00e7\u00e3o, os alunos puderam observar e identificar de perto situa\u00e7\u00f5es de vulnerabilidade social, que foram encaminhadas \u00e0 Assist\u00eancia Social. No momento, a estimativa passa por tabula\u00e7\u00e3o de dados, mas ser\u00e1 poss\u00edvel, no futuro, estabelecer \u00e1reas de risco e com necessidade de desenvolver a\u00e7\u00f5es espec\u00edficas do projeto. Isto mostra a rela\u00e7\u00e3o Ensino, Pesquisa e Extens\u00e3o, pois dados ser\u00e3o computados, o que trar\u00e1 possibilidade de desenvolvimento de a\u00e7\u00f5es e publica\u00e7\u00e3o de trabalhos. A estimativa populacional em Pinhais, juntamente com a a\u00e7\u00e3o desenvolvida no munic\u00edpio de Arauc\u00e1ria, est\u00e3o inclusas na vergente de Sa\u00fade P\u00fablica do projeto. A primeira, pois os alunos observaram \u00e1reas de risco \u00e0 sa\u00fade da popula\u00e7\u00e3o e poss\u00edveis transmiss\u00f5es de zoonoses, e a segunda, pois trabalharam diretamente com os animais domiciliados da cidade de Arauc\u00e1ria, fornecendo servi\u00e7os de microchipagem, vermifuga\u00e7\u00e3o, aplica\u00e7\u00e3o de ectoparasiticidas e atendimento cl\u00ednico aos animais. Este tipo de pr\u00e1tica, que envolveu alunos de toda a gradua\u00e7\u00e3o, acrescenta na forma\u00e7\u00e3o profissional dos estudantes, uma vez que nem sempre os alunos t\u00eam oportunidade de atuar na pr\u00e1tica e trabalhar diretamente com o propriet\u00e1rio dos animais.<\/p>\n\n\n\n<p>Na \u00e1rea de Medicina Veterin\u00e1ria Legal, o projeto desenvolveu tr\u00eas a\u00e7\u00f5es: O curso \u201cO Elo entre a Viol\u00eancia Humana e os Maus-tratos aos Animais\u201d, o workshop sobre a Teoria do Elo no III Semin\u00e1rio Metropolitano de Educa\u00e7\u00e3o Ambiental, e a funda\u00e7\u00e3o do Grupo de Estudos de Medicina Veterin\u00e1ria do Coletivo, Legal, Alternativa, e Bem-estar Animal \u2013 GECOLABE. A teoria do Elo explica que um ser humano que maltrata um animal, tem mais chances de maltratar outro ser humano do que uma pessoa que nunca maltratou um animal. Este fato \u00e9 de extrema import\u00e2ncia para identifica\u00e7\u00e3o de viol\u00eancia dom\u00e9stica, abuso infantil e de idosos. Por isso, esta \u00e1rea necessita de acompanhamento de psic\u00f3logos, assistentes sociais, agentes comunit\u00e1rios e demais profissionais que lidam diretamente com o ser humano, pois normalmente \u00e9 mais acess\u00edvel diagnosticar maus-tratos a um animal do que a viol\u00eancia interpessoal. Especialmente no desenvolvimento do curso \u201cO Elo entre a Viol\u00eancia Humana e os Maus-tratos aos Animais\u201d, os alunos contribu\u00edram para a elabora\u00e7\u00e3o do projeto de Inicia\u00e7\u00e3o Cient\u00edfica \u201cCapacita\u00e7\u00e3o de Profissionais e Alunos de Medicina Veterin\u00e1ria para Diagn\u00f3stico e Enfrentamento\u201d, que ser\u00e1 publicado como artigo no ano de 2018. A iniciativa dos alunos de criarem um Grupo de Estudos voltado \u00e0 \u00e1rea indica, principalmente, a falta de abordagem desses assuntos na gradua\u00e7\u00e3o, o interesse dos alunos, e a necessidade de tratar destes temas.<\/p>\n\n\n\n<p>As programa\u00e7\u00f5es e mais informa\u00e7\u00f5es referentes aos cursos, palestras, workshops e demais organizados&nbsp;s\u00e3o postados na p\u00e1gina do facebook do projeto de extens\u00e3o:&nbsp;https:\/\/www.facebook.com\/mvcomunidadesufpr\/<\/p>\n\n\n\n<p>Os contatos de como participar e as d\u00favidas do projeto de extens\u00e3o pode ser enviado tamb\u00e9m diretamente na p\u00e1gina do facebook.<\/p>\n\n\n\n<p><strong>Adote um adulto:<\/strong> O projeto Adote um C\u00e3o Adulto come\u00e7ou em 2019, e hoje conta com a participa\u00e7\u00e3o de quatro abrigos e com a colabora\u00e7\u00e3o de residentes de Medicina Veterin\u00e1ria do Coletivo e estudantes do curso.<\/p>\n\n\n\n<p><strong>Redes sociais como ferramenta da educa\u00e7\u00e3o em sa\u00fade \u00fanica (Thais): <\/strong>As redes sociais como ferramenta de educa\u00e7\u00e3o em sa\u00fade \u00fanica, tem por objetivo desenvolver materiais educativos para postagens em redes sociais, de modo a permitir uma divulga\u00e7\u00e3o ampla da tem\u00e1tica e promover a discuss\u00e3o de diversos assuntos como: preven\u00e7\u00e3o de zoonoses, estrat\u00e9gia de sa\u00fade \u00fanica, intera\u00e7\u00f5es humano-animal positivas, sa\u00fade ambiental, dentre outros assuntos. O planejamento de cada conte\u00fado e cria\u00e7\u00e3o das postagens passam por um processo de diagn\u00f3stico inicial do tema, rastreando quais assuntos cabem naquele momento e como podem ser demonstrados de forma criativa e did\u00e1tica.&nbsp;<\/p>\n\n\n\n<p><strong>Zero fome: <\/strong>O projeto Zero Fome fornece ra\u00e7\u00e3o para c\u00e3es e gatos de fam\u00edlias em vulnerabilidade socioecon\u00f4mica. A ra\u00e7\u00e3o \u00e9 arrecadada por doa\u00e7\u00f5es e parcerias. Alguns objetivos s\u00e3o fornecer nutri\u00e7\u00e3o adequada, melhorar o grau de bem-estar animal, promover educa\u00e7\u00e3o em sa\u00fade.<\/p>\n\n\n\n<p><strong>Rede Lar em Paz: <\/strong>O projeto Rede Lar em Paz objetiva expandir o debate e elevar a visibilidade da Teoria do Elo. Tem como prop\u00f3sito a interliga\u00e7\u00e3o de institui\u00e7\u00f5es e indiv\u00edduos que trabalham com a viol\u00eancia familiar, viol\u00eancia contra os idosos, as crian\u00e7as, os adolescentes, as mulheres e os animais, bem como com as institui\u00e7\u00f5es que visam a seguran\u00e7a e sa\u00fade p\u00fablica, com vistas a promover a integra\u00e7\u00e3o destes diferentes setores.<\/p>\n\n\n\n<p><strong>N\u00e3o abandone: <\/strong>O projeto \u201cN\u00e3o abandone\u201d d\u00e1 para esse fim foi um FAQ (quest\u00f5es frequentemente perguntadas), publicado no site de Medicina Veterin\u00e1ria do Coletivo da UFPR. As informa\u00e7\u00f5es apresentadas no question\u00e1rio objetivam informar o p\u00fablico sobre as principais raz\u00f5es que levam ao abandono animal, bem como orientar e sugerir solu\u00e7\u00f5es para evitar tal ato.<\/p>\n\n\n\n<p><strong>Promovendo intera\u00e7\u00f5es humano-animal positivas: site como ferramenta digital: <\/strong>O projeto promovendo intera\u00e7\u00f5es humano-animal positivas utiliza o site de Medicina Veterin\u00e1ria do Coletivo como ferramenta digital para a comunica\u00e7\u00e3o com comunidade de forma interativa e tamb\u00e9m atrav\u00e9s de materiais presentes no site que est\u00e3o vinculadas diretamente para informar a comunidade sobre os assuntos que cercam sua rotina, expandindo a percep\u00e7\u00e3o do p\u00fablico em respeito \u00e0 sa\u00fade \u00fanica e os cuidados com o meio ambiente abrangendo 3 grandes principais vertentes: o manejo populacional de animais, a medicina veterin\u00e1ria legal e sa\u00fade p\u00fablica.<\/p>\n\n\n\n<p><strong>Educa\u00e7\u00e3o Continuada em MVC: <\/strong>O projeto Educa\u00e7\u00e3o continuada em Medicina Veterin\u00e1ria do Coletivo \u00e9 coordenado pela professora Rita de C\u00e1ssia Maria Garcia e tem como objetivo ampliar e facilitar o acesso a artigos sobre a Medicina Veterin\u00e1ria do Coletivo, promovendo a interdisciplinaridade. Para isso, ser\u00e3o compilados e categorizados em uma plataforma \u00fanica os artigos sobre MVC.&nbsp;<\/p>\n\n\n\n<p><strong>Estimativa de C\u00e3es e Gatos: <\/strong>O projeto Estimativa de c\u00e3es e gatos \u00e9 realizado na cidade de Campo Magro &#8211; PR, e tem como objetivo auxiliar na pesquisa e estimativa da popula\u00e7\u00e3o canina e felina da cidade, atrav\u00e9s da divis\u00e3o em setores censit\u00e1rios do censo de 2010 do IBGE.<\/p>\n\n\n\n<p><\/p>\n\n\n\n<div class=\"wp-block-image\"><figure class=\"aligncenter\"><img loading=\"lazy\" decoding=\"async\" width=\"275\" height=\"300\" src=\"https:\/\/agrarias.ufpr.br\/mvc\/wp-content\/uploads\/sites\/32\/2018\/03\/Logo-Medicina-Veterin\u00e1ria-em-A\u00e7\u00e3o-nas-Comunidades-275x300.jpeg\" alt=\"logo-medicina-veterinaria-em-acao-nas-comunidades\" class=\"wp-image-4821\" srcset=\"https:\/\/agrarias.ufpr.br\/mvc\/wp-content\/uploads\/sites\/32\/2018\/03\/Logo-Medicina-Veterin\u00e1ria-em-A\u00e7\u00e3o-nas-Comunidades-275x300.jpeg 275w, https:\/\/agrarias.ufpr.br\/mvc\/wp-content\/uploads\/sites\/32\/2018\/03\/Logo-Medicina-Veterin\u00e1ria-em-A\u00e7\u00e3o-nas-Comunidades-250x272.jpeg 250w, https:\/\/agrarias.ufpr.br\/mvc\/wp-content\/uploads\/sites\/32\/2018\/03\/Logo-Medicina-Veterin\u00e1ria-em-A\u00e7\u00e3o-nas-Comunidades-110x120.jpeg 110w, https:\/\/agrarias.ufpr.br\/mvc\/wp-content\/uploads\/sites\/32\/2018\/03\/Logo-Medicina-Veterin\u00e1ria-em-A\u00e7\u00e3o-nas-Comunidades.jpeg 734w\" sizes=\"auto, (max-width: 275px) 100vw, 275px\" \/><\/figure><\/div>\n\n\n","protected":false},"excerpt":{"rendered":"<p>O objetivo geral desse projeto \u00e9&nbsp;oferecer aos graduandos experi\u00eancia em promo\u00e7\u00e3o da sa\u00fade dos indiv\u00edduos, comunidades e cuidados do meio ambiente. Durante a realiza\u00e7\u00e3o das a\u00e7\u00f5es do projeto no ano de 2017, foi observada uma grande demanda dos pr\u00f3prios estudantes e graduandos de Medicina Veterin\u00e1ria, e tamb\u00e9m da popula\u00e7\u00e3o em geral, em conhecer os pilares [&hellip;]<\/p>\n","protected":false},"author":3,"featured_media":0,"parent":0,"menu_order":0,"comment_status":"closed","ping_status":"closed","template":"","meta":{"footnotes":""},"class_list":["post-5458","page","type-page","status-publish","hentry"],"_links":{"self":[{"href":"https:\/\/agrarias.ufpr.br\/mvc\/wp-json\/wp\/v2\/pages\/5458","targetHints":{"allow":["GET"]}}],"collection":[{"href":"https:\/\/agrarias.ufpr.br\/mvc\/wp-json\/wp\/v2\/pages"}],"about":[{"href":"https:\/\/agrarias.ufpr.br\/mvc\/wp-json\/wp\/v2\/types\/page"}],"author":[{"embeddable":true,"href":"https:\/\/agrarias.ufpr.br\/mvc\/wp-json\/wp\/v2\/users\/3"}],"replies":[{"embeddable":true,"href":"https:\/\/agrarias.ufpr.br\/mvc\/wp-json\/wp\/v2\/comments?post=5458"}],"version-history":[{"count":4,"href":"https:\/\/agrarias.ufpr.br\/mvc\/wp-json\/wp\/v2\/pages\/5458\/revisions"}],"predecessor-version":[{"id":5947,"href":"https:\/\/agrarias.ufpr.br\/mvc\/wp-json\/wp\/v2\/pages\/5458\/revisions\/5947"}],"wp:attachment":[{"href":"https:\/\/agrarias.ufpr.br\/mvc\/wp-json\/wp\/v2\/media?parent=5458"}],"curies":[{"name":"wp","href":"https:\/\/api.w.org\/{rel}","templated":true}]}}