{"id":5444,"date":"2021-10-28T17:45:57","date_gmt":"2021-10-28T17:45:57","guid":{"rendered":"https:\/\/agrarias.ufpr.br\/mvc\/?page_id=5444"},"modified":"2022-07-05T20:49:55","modified_gmt":"2022-07-05T20:49:55","slug":"doutorado","status":"publish","type":"page","link":"https:\/\/agrarias.ufpr.br\/mvc\/doutorado\/","title":{"rendered":"Doutorado"},"content":{"rendered":"\n<h5 class=\"wp-block-heading\"><strong>Doutorandos<\/strong><\/h5>\n\n\n\n<div class=\"wp-block-image\"><figure class=\"aligncenter size-full\"><img loading=\"lazy\" decoding=\"async\" width=\"116\" height=\"158\" src=\"https:\/\/agrarias.ufpr.br\/mvc\/wp-content\/uploads\/sites\/32\/2022\/06\/image-5.png\" alt=\"\" class=\"wp-image-5915\" srcset=\"https:\/\/agrarias.ufpr.br\/mvc\/wp-content\/uploads\/sites\/32\/2022\/06\/image-5.png 116w, https:\/\/agrarias.ufpr.br\/mvc\/wp-content\/uploads\/sites\/32\/2022\/06\/image-5-88x120.png 88w\" sizes=\"auto, (max-width: 116px) 100vw, 116px\" \/><\/figure><\/div>\n\n\n\n<p class=\"has-text-align-center\"><strong>Nome completo:<\/strong>&nbsp;Yasmin da Silva Gon\u00e7alves da Rocha<br> <strong>Ano de entrada no doutorado:<\/strong>&nbsp;2021 <br> <strong>T\u00edtulo do Projeto:<\/strong>&nbsp;Implanta\u00e7\u00e3o de boas pr\u00e1ticas de governan\u00e7a em abrigos no Paran\u00e1 <br> <strong>Link para o lattes:<\/strong>&nbsp;<a href=\"http:\/\/lattes.cnpq.br\/7150842062713404\">http:\/\/lattes.cnpq.br\/7150842062713404<\/a> <\/p>\n\n\n\n<p><\/p>\n\n\n\n<div class=\"wp-block-image\"><figure class=\"aligncenter size-full\"><img loading=\"lazy\" decoding=\"async\" width=\"116\" height=\"140\" src=\"https:\/\/agrarias.ufpr.br\/mvc\/wp-content\/uploads\/sites\/32\/2022\/06\/image-8.png\" alt=\"\" class=\"wp-image-5949\" srcset=\"https:\/\/agrarias.ufpr.br\/mvc\/wp-content\/uploads\/sites\/32\/2022\/06\/image-8.png 116w, https:\/\/agrarias.ufpr.br\/mvc\/wp-content\/uploads\/sites\/32\/2022\/06\/image-8-99x120.png 99w\" sizes=\"auto, (max-width: 116px) 100vw, 116px\" \/><\/figure><\/div>\n\n\n\n<p class=\"has-text-align-center\"> <strong>Nome completo:<\/strong>&nbsp;Larissa Rachel Wolf<br> <strong>Ano de entrada no doutorado:<\/strong>&nbsp;2021<br> <strong>T\u00edtulo do Projeto:<\/strong>&nbsp;Integraliza\u00e7\u00e3o das informa\u00e7\u00f5es de crimes contra a fauna e demais crimes no estado do Paran\u00e1<br> <strong>Link para o lattes:<\/strong> <a href=\"http:\/\/lattes.cnpq.br\/4548843379592263\">http:\/\/lattes.cnpq.br\/4548843379592263<\/a><\/p>\n\n\n\n<p><\/p>\n\n\n\n<div class=\"wp-block-image\"><figure class=\"aligncenter size-full\"><img loading=\"lazy\" decoding=\"async\" width=\"117\" height=\"172\" src=\"https:\/\/agrarias.ufpr.br\/mvc\/wp-content\/uploads\/sites\/32\/2022\/06\/image-6.png\" alt=\"\" class=\"wp-image-5917\" srcset=\"https:\/\/agrarias.ufpr.br\/mvc\/wp-content\/uploads\/sites\/32\/2022\/06\/image-6.png 117w, https:\/\/agrarias.ufpr.br\/mvc\/wp-content\/uploads\/sites\/32\/2022\/06\/image-6-82x120.png 82w\" sizes=\"auto, (max-width: 117px) 100vw, 117px\" \/><\/figure><\/div>\n\n\n\n<p class=\"has-text-align-center\"><strong>Nome completo:<\/strong>\u00a0Lucas Galdioli<br> <strong>Ano de entrada no doutorado:<\/strong>\u00a02022<br> <strong>T\u00edtulo do Projeto:<\/strong>\u00a0Promo\u00e7\u00e3o da medicina de abrigo no brasil: um panorama geral das institui\u00e7\u00f5es de prote\u00e7\u00e3o animal e abrigos  <br> <strong>Link para o lattes:<\/strong>\u00a0<a href=\"http:\/\/lattes.cnpq.br\/9520454588045328\">http:\/\/lattes.cnpq.br\/9520454588045328 <\/a><\/p>\n\n\n\n<p><\/p>\n\n\n\n<div class=\"wp-block-image\"><figure class=\"aligncenter size-full\"><img loading=\"lazy\" decoding=\"async\" width=\"120\" height=\"206\" src=\"https:\/\/agrarias.ufpr.br\/mvc\/wp-content\/uploads\/sites\/32\/2022\/07\/image.png\" alt=\"\" class=\"wp-image-5955\" srcset=\"https:\/\/agrarias.ufpr.br\/mvc\/wp-content\/uploads\/sites\/32\/2022\/07\/image.png 120w, https:\/\/agrarias.ufpr.br\/mvc\/wp-content\/uploads\/sites\/32\/2022\/07\/image-70x120.png 70w\" sizes=\"auto, (max-width: 120px) 100vw, 120px\" \/><\/figure><\/div>\n\n\n\n<p class=\"has-text-align-center\"><strong>Nome completo:<\/strong>\u00a0Ana Lucia Baldan<br> <strong>Ano de entrada no doutorado:<\/strong>\u00a02021<br> <strong>T\u00edtulo do Projeto:<\/strong>\u00a0Educa\u00e7\u00e3o de c\u00e3es e dos colaboradores de abrigos no Brasil para aumentar a probabilidade das ado\u00e7\u00f5es<br> <strong>Link para o lattes:<\/strong>\u00a0<a href=\"http:\/\/lattes.cnpq.br\/7004570001618122\">http:\/\/lattes.cnpq.br\/7004570001618122 <\/a><\/p>\n\n\n\n<p><\/p>\n\n\n\n<div class=\"wp-block-image\"><figure class=\"aligncenter size-full\"><img loading=\"lazy\" decoding=\"async\" width=\"120\" height=\"155\" src=\"https:\/\/agrarias.ufpr.br\/mvc\/wp-content\/uploads\/sites\/32\/2022\/07\/image-1.png\" alt=\"\" class=\"wp-image-5956\" srcset=\"https:\/\/agrarias.ufpr.br\/mvc\/wp-content\/uploads\/sites\/32\/2022\/07\/image-1.png 120w, https:\/\/agrarias.ufpr.br\/mvc\/wp-content\/uploads\/sites\/32\/2022\/07\/image-1-93x120.png 93w\" sizes=\"auto, (max-width: 120px) 100vw, 120px\" \/><\/figure><\/div>\n\n\n\n<p class=\"has-text-align-center\"><strong>Nome completo:<\/strong>\u00a0Michele Brugnerotto<br> <strong>Ano de entrada no doutorado:<\/strong>\u00a02021<br> <strong>T\u00edtulo do Projeto:<\/strong>\u00a0Promo\u00e7\u00e3o da Ci\u00eancia da Medicina de Abrigos no Paran\u00e1 sob a estrat\u00e9gia de sa\u00fade \u00fanica<br> <strong>Link para o lattes:<\/strong>\u00a0<a href=\"http:\/\/lattes.cnpq.br\/0066428037737366\">http:\/\/lattes.cnpq.br\/0066428037737366<\/a><\/p>\n\n\n\n<p><\/p>\n\n\n\n<p class=\"has-text-align-center\"><\/p>\n","protected":false},"excerpt":{"rendered":"<p>Doutorandos Nome completo:&nbsp;Yasmin da Silva Gon\u00e7alves da Rocha Ano de entrada no doutorado:&nbsp;2021 T\u00edtulo do Projeto:&nbsp;Implanta\u00e7\u00e3o de boas pr\u00e1ticas de governan\u00e7a em abrigos no Paran\u00e1 Link para o lattes:&nbsp;http:\/\/lattes.cnpq.br\/7150842062713404 Nome completo:&nbsp;Larissa Rachel Wolf Ano de entrada no doutorado:&nbsp;2021 T\u00edtulo do Projeto:&nbsp;Integraliza\u00e7\u00e3o das informa\u00e7\u00f5es de crimes contra a fauna e demais crimes no estado do Paran\u00e1 [&hellip;]<\/p>\n","protected":false},"author":3,"featured_media":0,"parent":0,"menu_order":0,"comment_status":"closed","ping_status":"closed","template":"","meta":{"footnotes":""},"class_list":["post-5444","page","type-page","status-publish","hentry"],"_links":{"self":[{"href":"https:\/\/agrarias.ufpr.br\/mvc\/wp-json\/wp\/v2\/pages\/5444","targetHints":{"allow":["GET"]}}],"collection":[{"href":"https:\/\/agrarias.ufpr.br\/mvc\/wp-json\/wp\/v2\/pages"}],"about":[{"href":"https:\/\/agrarias.ufpr.br\/mvc\/wp-json\/wp\/v2\/types\/page"}],"author":[{"embeddable":true,"href":"https:\/\/agrarias.ufpr.br\/mvc\/wp-json\/wp\/v2\/users\/3"}],"replies":[{"embeddable":true,"href":"https:\/\/agrarias.ufpr.br\/mvc\/wp-json\/wp\/v2\/comments?post=5444"}],"version-history":[{"count":19,"href":"https:\/\/agrarias.ufpr.br\/mvc\/wp-json\/wp\/v2\/pages\/5444\/revisions"}],"predecessor-version":[{"id":5957,"href":"https:\/\/agrarias.ufpr.br\/mvc\/wp-json\/wp\/v2\/pages\/5444\/revisions\/5957"}],"wp:attachment":[{"href":"https:\/\/agrarias.ufpr.br\/mvc\/wp-json\/wp\/v2\/media?parent=5444"}],"curies":[{"name":"wp","href":"https:\/\/api.w.org\/{rel}","templated":true}]}}