{"id":5437,"date":"2021-10-28T17:44:49","date_gmt":"2021-10-28T17:44:49","guid":{"rendered":"https:\/\/agrarias.ufpr.br\/mvc\/?page_id=5437"},"modified":"2022-06-20T16:17:08","modified_gmt":"2022-06-20T16:17:08","slug":"estagio","status":"publish","type":"page","link":"https:\/\/agrarias.ufpr.br\/mvc\/estagio\/","title":{"rendered":"Est\u00e1gio"},"content":{"rendered":"\n<p><\/p>\n\n\n\n<h3 class=\"has-normal-font-size wp-block-heading\"><strong>Quero iniciar um est\u00e1gio. O que devo fazer?<\/strong><\/h3>\n\n\n\n<p>A primeira coisa a fazer \u00e9 procurar a coordena\u00e7\u00e3o do seu curso e verificar se voc\u00ea cumpre os requisitos descritos no Projeto Pedag\u00f3gico do Curso para iniciar um processo de solicita\u00e7\u00e3o de est\u00e1gio. Para os est\u00e1gios OBRIGAT\u00d3RIOS, o estudante deve estar matriculado na disciplina curricular correspondente. Para realizar qualquer est\u00e1gio N\u00c3O OBRIGAT\u00d3RIO, o estudante deve estar com sua matr\u00edcula regularizada, e deve apresentar desempenho acad\u00eamico e frequ\u00eancia satisfat\u00f3rios. Se tudo estiver de acordo, basta encontrar a vaga de est\u00e1gio desejada e preencher a documenta\u00e7\u00e3o necess\u00e1ria dispon\u00edvel no site da UE\/COAFE.<\/p>\n\n\n\n<p>Recomenda-se que toda a documenta\u00e7\u00e3o necess\u00e1ria seja providenciada com anteced\u00eancia, pelo menos 10 dias ANTES do in\u00edcio das atividades de est\u00e1gio. Caso o local de est\u00e1gio seja fora de sua cidade ou em outro Estado, deve-se levar em considera\u00e7\u00e3o o tr\u00e2nsito da documenta\u00e7\u00e3o pelo correio ou malote.<\/p>\n\n\n\n<h3 class=\"has-normal-font-size wp-block-heading\"><strong>Procedimentos para cada situa\u00e7\u00e3o de est\u00e1gio na UFPR<\/strong><\/h3>\n\n\n\n<p><strong>1 EST\u00c1GIOS OBRIGAT\u00d3RIOS PARA ESTUDANTES DA UFPR<\/strong><\/p>\n\n\n\n<ul class=\"wp-block-list\"><li>Para solicitar est\u00e1gio obrigat\u00f3rio o estudante deve estar matriculado na disciplina correspondente.<\/li><li>O per\u00edodo de realiza\u00e7\u00e3o do est\u00e1gio n\u00e3o pode exceder a data final para lan\u00e7amento de conceitos e frequ\u00eancia da disciplina relacionada.<\/li><li>\u00c9 vedado o pagamento de Bolsa Aux\u00edlio ou Aux\u00edlio Transporte para est\u00e1gios obrigat\u00f3rios em \u00f3rg\u00e3os p\u00fablicos, exceto quando explicitamente previsto no edital de sele\u00e7\u00e3o.<\/li><li>A UFPR, como institui\u00e7\u00e3o de ensino cedente, \u00e9 a respons\u00e1vel pela contrata\u00e7\u00e3o de seguro contra acidentes pessoais para seus estudantes em est\u00e1gio obrigat\u00f3rio<\/li><li>O estudante deve apresentar ao professor orientador, ou \u00e0 COE, o Relat\u00f3rio de Atividades a cada 6 meses (parcial) e ao t\u00e9rmino do est\u00e1gio (final).<\/li><li>N\u00e3o ser\u00e3o emitidos certificados para estudantes da UFPR que realizem est\u00e1gios obrigat\u00f3rios.<\/li><li>A documenta\u00e7\u00e3o para a solicita\u00e7\u00e3o do est\u00e1gio deve ser providenciada com 10 dias de anteced\u00eancia \u00e0 data de in\u00edcio das atividades.<\/li><li>Toda atividade de est\u00e1gio na UFPR deve ser cadastrada e autorizada pela Unidade de Est\u00e1gios da COAFE<br><\/li><\/ul>\n\n\n\n<p><strong>2 EST\u00c1GIOS OBRIGAT\u00d3RIOS NA UFPR PARA ESTUDANTES DE OUTRAS INSTITUI\u00c7\u00d5ES DE ENSINO<\/strong><\/p>\n\n\n\n<ul class=\"wp-block-list\"><li>Para solicitar est\u00e1gio obrigat\u00f3rio o estudante deve estar matriculado na disciplina correspondente.<\/li><li>O estudante dever\u00e1 apresentar o comprovante de matr\u00edcula e o hist\u00f3rico escolar atualizado no ato da solicita\u00e7\u00e3o do est\u00e1gio. O per\u00edodo de realiza\u00e7\u00e3o do est\u00e1gio n\u00e3o pode exceder a data final para lan\u00e7amento de conceitos e frequ\u00eancia da disciplina relacionada.<\/li><li>\u00c9 vedado o pagamento de Bolsa Aux\u00edlio ou Aux\u00edlio Transporte para est\u00e1gios obrigat\u00f3rios realizados na UFPR.A Institui\u00e7\u00e3o de Ensino do estudante \u00e9 a respons\u00e1vel pela contrata\u00e7\u00e3o de seguro contra acidentes pessoais para seus estudantes em est\u00e1gio obrigat\u00f3rio. A institui\u00e7\u00e3o de ensino do estudante dever\u00e1 indicar um professor orientador do seu quadro funcional, sendo o professor da UFPR, que recebe o estagi\u00e1rio, o supervisor do est\u00e1gio.<\/li><li>O estudante deve apresentar ao professor orientador o Relat\u00f3rio de Atividades a cada 6 meses (parcial) e ao t\u00e9rmino do est\u00e1gio (final). A emiss\u00e3o de certificado ser\u00e1 realizada mediante apresenta\u00e7\u00e3o da Ficha de Avalia\u00e7\u00e3o assinada pelo supervisor. A documenta\u00e7\u00e3o para a solicita\u00e7\u00e3o do est\u00e1gio deve ser providenciada com 10 dias de anteced\u00eancia \u00e0 data de in\u00edcio das atividades.<\/li><li>Toda atividade de est\u00e1gio na UFPR deve ser cadastrada e autorizada pela Unidade de Est\u00e1gios da COAFE.<br><\/li><\/ul>\n\n\n\n<p><strong>3 EST\u00c1GIOS N\u00c3O OBRIGAT\u00d3RIOS EXTERNOS<\/strong><\/p>\n\n\n\n<ul class=\"wp-block-list\"><li>Para realizar est\u00e1gios n\u00e3o obrigat\u00f3rios o estudante deve ter rendimento acad\u00eamico satisfat\u00f3rio e frequ\u00eancia regular no curso.<\/li><li>O estudante deve consultar a coordena\u00e7\u00e3o do seu curso para saber se est\u00e1 apto a realizar est\u00e1gio n\u00e3o obrigat\u00f3rio, observando as regras pr\u00f3prias que constam no Regimento de Est\u00e1gios e no Projeto Pedag\u00f3gico do curso.<\/li><li>\u00c9 vedado ao estudante realizar dois est\u00e1gios concomitantes na mesma unidade concedente, mesmo que sejam em modalidades diferentes.<\/li><li>\u00c9 obriga\u00e7\u00e3o da concedente fornecer Bolsa Aux\u00edlio mensal e Aux\u00edlio Transporte para o estagi\u00e1rio.<\/li><li>\u00c9 obriga\u00e7\u00e3o da concedente contratar seguro para acidentes pessoais em &nbsp;favor do estagi\u00e1rio.<\/li><li>O estudante deve apresentar ao professor orientador, ou \u00e0 COE, o Relat\u00f3rio de Atividades a cada 6 meses (parcial) e ao t\u00e9rmino do est\u00e1gio (final).<\/li><li>Para a emiss\u00e3o do certificado \u00e9 necess\u00e1ria a apresenta\u00e7\u00e3o da Ficha de Avalia\u00e7\u00e3o assinada pelo supervisor.<\/li><li>A solicita\u00e7\u00e3o de prorroga\u00e7\u00e3o de est\u00e1gio deve ser apresentada ANTES da data de t\u00e9rmino que consta originalmente no Termo de Compromisso de Est\u00e1gio, mediante Termo Aditivo, acompanhado do Relat\u00f3rio de Est\u00e1gio.<\/li><li>Em caso de encerramento antecipado do est\u00e1gio, \u00e9 obrigat\u00f3ria a apresenta\u00e7\u00e3o do Termo de Rescis\u00e3o informando a data final das atividades.<\/li><li>O recesso a que tem direito o estagi\u00e1rio deve ser realizado preferencialmente no per\u00edodo de f\u00e9rias escolares, e antes da data final das atividades informada no Termo de Compromisso de Est\u00e1gio.<\/li><li>A documenta\u00e7\u00e3o para a solicita\u00e7\u00e3o, prorroga\u00e7\u00e3o, rescis\u00e3o etc, deve ser providenciada com pelo menos 10 dias de anteced\u00eancia.<\/li><li>Toda atividade de est\u00e1gio deve ser cadastrada e autorizada pela Unidade de Est\u00e1gios da COAFE.<br><\/li><\/ul>\n\n\n\n<p><strong>4 EST\u00c1GIOS N\u00c3O OBRIGAT\u00d3RIOS NO \u00c2MBITO DA UFPR<\/strong><\/p>\n\n\n\n<ul class=\"wp-block-list\"><li>Para realizar est\u00e1gios n\u00e3o obrigat\u00f3rios o estudante deve ter rendimento acad\u00eamico satisfat\u00f3rio e frequ\u00eancia regular no curso.<\/li><li>A UFPR pagar\u00e1 Bolsa Aux\u00edlio mensal e Aux\u00edlio Transporte para o estagi\u00e1rio, de acordo com os valores determinados pelo MPOG.<\/li><li>O estagi\u00e1rio ser\u00e1 inclu\u00eddo na ap\u00f3lice de seguro contra acidentes pessoais contratada pela UFPR.<\/li><li>\u00c9 vedado ao estudante realizar dois est\u00e1gios concomitantes em unidades da UFPR, mesmo que sejam em modalidades diferentes.<\/li><li>O estudante deve apresentar ao professor orientador o Relat\u00f3rio de Atividades a cada 6 meses (parcial) e ao t\u00e9rmino do est\u00e1gio (final).<\/li><li>Para a emiss\u00e3o do certificado \u00e9 necess\u00e1ria a apresenta\u00e7\u00e3o da Ficha de Avalia\u00e7\u00e3o assinada pelo supervisor.<\/li><li>A solicita\u00e7\u00e3o de prorroga\u00e7\u00e3o do est\u00e1gio deve ser apresentada ANTES da data de t\u00e9rmino que consta originalmente no Termo de Compromisso de Est\u00e1gio, mediante Termo Aditivo, acompanhado do Relat\u00f3rio de Est\u00e1gio.<\/li><li>Em caso de encerramento antecipado do est\u00e1gio, \u00e9 obrigat\u00f3ria a apresenta\u00e7\u00e3o do Termo de Rescis\u00e3o informando a data final das atividades.<\/li><li>O recesso a que tem direito o estagi\u00e1rio deve ser realizado preferencialmente no per\u00edodo de f\u00e9rias escolares, e antes da data final das atividades informada no Termo de Compromisso de Est\u00e1gio.<\/li><li>Toda a documenta\u00e7\u00e3o para a solicita\u00e7\u00e3o, prorroga\u00e7\u00e3o, rescis\u00e3o etc., deve ser providenciada com pelo menos 10 dias de anteced\u00eancia.<\/li><li>Toda atividade de est\u00e1gio deve ser cadastrada e autorizada pela Unidade de Est\u00e1gios da COAFE e cadastrada pela Pr\u00f3-Reitoria de Gest\u00e3o de Pessoas (PROGEPE).<br><\/li><\/ul>\n\n\n\n<p><strong>5 EST\u00c1GIOS NO EXTERIOR<\/strong><\/p>\n\n\n\n<ul class=\"wp-block-list\"><li>Os est\u00e1gios realizados no exterior possuem algumas particularidades que os diferem dos est\u00e1gios no pa\u00eds.<\/li><li>\u00c9 responsabilidade do estudante providenciar a documenta\u00e7\u00e3o necess\u00e1ria (passaporte, visto etc..) para entrada e perman\u00eancia no pa\u00eds em que realizar\u00e1 o est\u00e1gio.<\/li><li>O estudante deve, obrigatoriamente, contratar para si seguro contra acidentes pessoais e morte, com ap\u00f3lice internacional, v\u00e1lido para todo o per\u00edodo de realiza\u00e7\u00e3o do est\u00e1gio no exterior.<\/li><li>Al\u00e9m da Unidade de Est\u00e1gios da COAFE, a solicita\u00e7\u00e3o de est\u00e1gio no exterior dever\u00e1 ser homologada pela Ag\u00eancia UFPR Internacional (AUI).<\/li><li>A solicita\u00e7\u00e3o de est\u00e1gios no exterior dever\u00e1 ser realizada com pelo menos 30 dias de anteced\u00eancia ao in\u00edcio das atividades, para que haja tempo h\u00e1bil para an\u00e1lise e tramita\u00e7\u00e3o da solicita\u00e7\u00e3o.<\/li><li>O estudante deve apresentar ao professor orientador o Relat\u00f3rio de Atividades a cada 6 meses (parcial) e ao t\u00e9rmino do est\u00e1gio (final).<\/li><li>A UFPR n\u00e3o emitir\u00e1 certificado para est\u00e1gios realizados fora do pa\u00eds, em qualquer modalidade.<\/li><li>Estudantes que realizam est\u00e1gio no exterior estar\u00e3o submetidos \u00e0 legisla\u00e7\u00e3o pr\u00f3pria do pa\u00eds onde se encontram, no que se refere aos direitos e deveres de estudantes estrangeiros.<\/li><\/ul>\n\n\n\n<h3 class=\"has-normal-font-size wp-block-heading\"><strong>Diferen\u00e7a entre est\u00e1gio <u>OBRIGAT\u00d3RIO<\/u> e <u>N\u00c3O OBRIGAT\u00d3RIO:<\/u><\/strong><\/h3>\n\n\n\n<p>O est\u00e1gio OBRIGAT\u00d3RIO (ou Est\u00e1gio Curricular Supervisionado) \u00e9 uma disciplina prevista no Projeto Pedag\u00f3gico do Curso de gradua\u00e7\u00e3o, cujo objetivo \u00e9 aproximar o estudante das pr\u00e1ticas profissionais, desenvolvendo as atividades sob a supervis\u00e3o de um profissional no local do est\u00e1gio e a orienta\u00e7\u00e3o de um professor orientador na UFPR.<br>J\u00e1 o EST\u00c1GIO N\u00c3O OBRIGAT\u00d3RIO \u00e9 uma atividade opcional, remunerada, geralmente realizada nos anos finais da gradua\u00e7\u00e3o, onde o estudante tem a possibilidade de adquirir experi\u00eancia na \u00e1rea do curso em que est\u00e1 matriculado, sempre sob a supervis\u00e3o de um profissional no local do est\u00e1gio e sob a orienta\u00e7\u00e3o de um professor orientador na UFPR.<\/p>\n\n\n\n<h3 class=\"has-normal-font-size wp-block-heading\"><strong>Quem cuida dos est\u00e1gios na UFPR?<\/strong><\/h3>\n\n\n\n<p>A Unidade de Est\u00e1gios da Coordena\u00e7\u00e3o de Atividades Formativas e Est\u00e1gios (UE\/COAFE) da PROGRAD \u00e9 a unidade administrativa respons\u00e1vel por gerenciar todos os est\u00e1gios de estudantes da UFPR, bem como prestar aux\u00edlio pedag\u00f3gico \u00e0s coordena\u00e7\u00f5es dos cursos de gradua\u00e7\u00e3o nos processos e nas pol\u00edticas de est\u00e1gio estabelecidas pelas resolu\u00e7\u00f5es do Conselho de Ensino, Pesquisa e Extens\u00e3o (CEPE), em cumprimento \u00e0 Lei Federal n\u00ba 11.788\/08.<\/p>\n\n\n\n<h3 class=\"has-normal-font-size wp-block-heading\"><strong>O que \u00e9 a COE?<\/strong><\/h3>\n\n\n\n<p>A Comiss\u00e3o Orientadora de Est\u00e1gio (COE), inst\u00e2ncia criada pela Resolu\u00e7\u00e3o 46\/10-CEPE, \u00e9 vinculada ao colegiado de cada curso de gradua\u00e7\u00e3o, e \u00e9 composta pelos professores respons\u00e1veis por zelar pelas diretrizes do Regimento de Est\u00e1gios do curso. A COE \u00e9 respons\u00e1vel pela aprova\u00e7\u00e3o dos planejamentos de est\u00e1gios obrigat\u00f3rios e n\u00e3o obrigat\u00f3rios apresentados pelos orientadores no ato da solicita\u00e7\u00e3o de est\u00e1gio por parte do estudante.<\/p>\n\n\n\n<h3 class=\"has-normal-font-size wp-block-heading\"><strong>Para que serve cada documento?<\/strong><\/h3>\n\n\n\n<p><strong>TERMO DE COMPROMISSO DE EST\u00c1GIO<\/strong>: O Termo de Compromisso de Est\u00e1gio (TCE) \u00e9 o principal documento que rege o acordo realizado entre o estagi\u00e1rio, a unidade concedente, com a interveni\u00eancia da institui\u00e7\u00e3o de ensino. Nele devem constar todos os dados relativos ao est\u00e1gio, bem como os deveres e as obriga\u00e7\u00f5es das partes envolvidas. \u00c9 imprescind\u00edvel que o TCE seja providenciado e&nbsp;&nbsp;&nbsp;&nbsp;&nbsp;&nbsp; formalizado ANTES do in\u00edcio das atividades de est\u00e1gio, e que as cl\u00e1usulas nele descritas sejam cumpridas pelos signat\u00e1rios, sob pena de infringir a Lei Federal n\u00ba 11.788\/08, o que pode acarretar a\u00e7\u00f5es trabalhistas, previdenci\u00e1rias e, eventualmente, penais.<\/p>\n\n\n\n<p><strong>TERMO ADITIVO:<\/strong> \u00c9 um instrumento que altera as condi\u00e7\u00f5es do est\u00e1gio previstas originalmente no TCE. Com este documento \u00e9 poss\u00edvel solicitar prorroga\u00e7\u00e3o do prazo de est\u00e1gio (at\u00e9 o limite total de 2 anos), altera\u00e7\u00e3o de modalidade de est\u00e1gio, altera\u00e7\u00e3o de valores pagos pela concedente em caso de est\u00e1gios remunerados etc.<\/p>\n\n\n\n<p><strong>TERMO DE RESCIS\u00c3O:<\/strong> Este documento \u00e9 utilizado quando o est\u00e1gio \u00e9 encerrado antes do prazo previsto originalmente no TCE, findando a rela\u00e7\u00e3o estudante\/concedente previamente acordada. A apresenta\u00e7\u00e3o do Termo de Rescis\u00e3o \u00e9 obrigat\u00f3ria no caso de encerramento antecipado das atividades, sob pena de incorrer em fraude a est\u00e1gio.<\/p>\n\n\n\n<p><strong>RELAT\u00d3RIO DE EST\u00c1GIO:<\/strong> Deve ser preenchido pelo estudante a cada 6 meses e ao final das atividades de est\u00e1gio. Este documento deve ser apresentado \u00e0 coordena\u00e7\u00e3o de curso quando o estudante solicitar prorroga\u00e7\u00e3o de prazo via Termo Aditivo.<\/p>\n\n\n\n<p><strong>FICHA DE AVALIA\u00c7\u00c3O DE EST\u00c1GIO:<\/strong> O supervisor de est\u00e1gio \u00e9 o respons\u00e1vel por avaliar o estudante por meio deste documento. A avalia\u00e7\u00e3o dever\u00e1 ser apreciada pela Comiss\u00e3o Orientadora de Est\u00e1gio (COE) do curso que solicitar\u00e1 a emiss\u00e3o do certificado de horas formativas (apenas para est\u00e1gios n\u00e3o obrigat\u00f3rios) para a UE.<\/p>\n\n\n\n<p><strong>DECLARA\u00c7\u00c3O DE ESTUDANTE-FUNCION\u00c1RIO:<\/strong> Caso o estudante seja funcion\u00e1rio ou s\u00f3cio\/propriet\u00e1rio de uma empresa, na \u00e1rea de forma\u00e7\u00e3o do curso em que ele est\u00e1 matriculado, \u00e9 poss\u00edvel solicitar a compensa\u00e7\u00e3o da disciplina de est\u00e1gio curricular obrigat\u00f3rio, desde que esta possibilidade esteja prevista no Projeto Pedag\u00f3gico do Curso.<\/p>\n\n\n\n<p><strong>TERMO DE RESPONSABILIDADE FINANCEIRA *:<\/strong> Indica a Unidade Or\u00e7ament\u00e1ria da UFPR que ser\u00e1 respons\u00e1vel pelo pagamento do estagi\u00e1rio.<\/p>\n\n\n\n<p><strong>CONTROLE DE FREQU\u00caNCIA E F\u00c9RIAS *:<\/strong> Indica qual o per\u00edodo de recesso do estagi\u00e1rio contratado por qualquer Unidade Or\u00e7ament\u00e1ria da UFPR.<\/p>\n\n\n\n<p><em><u>* Apenas para est\u00e1gios n\u00e3o obrigat\u00f3rios remunerados no \u00e2mbito da UFPR<\/u><\/em><\/p>\n\n\n\n<p><strong>DECLARA\u00c7\u00c3O DE EXPERI\u00caNCIA DO SUPERVISOR NA PARTE CONCEDENTE:<\/strong> Deve ser preenchido apenas quando o supervisor que acompanhar\u00e1 o estagi\u00e1rio no local de est\u00e1gio n\u00e3o possui forma\u00e7\u00e3o compat\u00edvel com a \u00e1rea do curso em que o estudante est\u00e1 matriculado.<\/p>\n\n\n\n<p><strong>DECLARA\u00c7\u00c3O DE PARENTESCO:<\/strong> Utilizado para informar se o estagi\u00e1rio possui parentesco com algum servidor da UFPR. Utilizado apenas para est\u00e1gios remunerados no \u00e2mbito da UFPR<\/p>\n\n\n\n<h3 class=\"has-normal-font-size wp-block-heading\"><strong>Legisla\u00e7\u00e3o que rege os est\u00e1gios nacionalmente e na UFPR<\/strong><\/h3>\n\n\n\n<p>A Lei Federal do Est\u00e1gio n\u00ba 11.788\/08 disp\u00f5e sobre todas as atividades e responsabilidades relacionadas aos est\u00e1gios de n\u00edvel m\u00e9dio e superior no Brasil.<br>Na UFPR, os est\u00e1gios s\u00e3o normatizados pelas seguintes resolu\u00e7\u00f5es:<\/p>\n\n\n\n<p><a href=\"http:\/\/www.soc.ufpr.br\/wp-content\/uploads\/2016\/07\/cepe-70-04-CEPE-alterada-pela-resolu%C3%A7%C3%A3o-21.18.pdf\">Resolu\u00e7\u00e3o 70\/04-CEPE<\/a><\/p>\n\n\n\n<p><a href=\"http:\/\/www.soc.ufpr.br\/wp-content\/uploads\/2016\/07\/resolucao_cepe_19082010-477.pdf\" target=\"_blank\" rel=\"noreferrer noopener\">Resolu\u00e7\u00e3o 46\/10-CEPE<\/a><\/p>\n\n\n\n<p><a href=\"http:\/\/www.soc.ufpr.br\/wp-content\/uploads\/2016\/07\/resolucao_in_30032012-707.pdf\">Instru\u00e7\u00e3o Normativa 01\/12-CEPE<\/a><\/p>\n\n\n\n<p><a href=\"http:\/\/www.soc.ufpr.br\/wp-content\/uploads\/2016\/07\/resolucao_in_30032012-708.pdf\">Instru\u00e7\u00e3o Normativa 02\/12-CEPE<\/a><\/p>\n\n\n\n<p><a href=\"http:\/\/www.soc.ufpr.br\/wp-content\/uploads\/2016\/07\/resolucao_in_27082013-821.pdf\" target=\"_blank\" rel=\"noreferrer noopener\">Instru\u00e7\u00e3o Normativa 01\/13-CEPE<\/a><\/p>\n\n\n\n<p>Consulte tamb\u00e9m o Regulamento de Est\u00e1gio pr\u00f3prio de cada curso, que estabelece as normas segundo as especificidades das diferentes \u00e1reas. Consulte o Projeto Pedag\u00f3gico do Curso.<\/p>\n\n\n\n<p>Para os procedimentos de solicita\u00e7\u00e3o e tramita\u00e7\u00e3o da documenta\u00e7\u00e3o de est\u00e1gios acesse<strong> <\/strong><a href=\"http:\/\/www.prograd.ufpr.br\/cge\/wp-content\/uploads\/sites\/4\/2019\/01\/Manual-de-Est%C3%A1gios-Vers%C3%A3o-Final.pdf\" target=\"_blank\" rel=\"noreferrer noopener\">Manual de Est\u00e1gios da UFPR<\/a><strong>.<\/strong><\/p>\n\n\n\n<hr class=\"wp-block-separator\" \/>\n\n\n\n<p><\/p>\n\n\n\n<h3 class=\"has-normal-font-size wp-block-heading\"><strong>Ainda estou com d\u00favidas com rela\u00e7\u00e3o aos est\u00e1gios da UFPR. O que devo fazer?<\/strong><\/h3>\n\n\n\n<p>Entre em contato com a UE\/COAFE atrav\u00e9s do e-mail&nbsp;<strong>estagio@ufpr.br<\/strong>&nbsp;ou pelos telefones: (41) 3310-2627 \/ 2656 \/ 2675 \/ 2681.<\/p>\n","protected":false},"excerpt":{"rendered":"<p>Quero iniciar um est\u00e1gio. O que devo fazer? A primeira coisa a fazer \u00e9 procurar a coordena\u00e7\u00e3o do seu curso e verificar se voc\u00ea cumpre os requisitos descritos no Projeto Pedag\u00f3gico do Curso para iniciar um processo de solicita\u00e7\u00e3o de est\u00e1gio. Para os est\u00e1gios OBRIGAT\u00d3RIOS, o estudante deve estar matriculado na disciplina curricular correspondente. Para [&hellip;]<\/p>\n","protected":false},"author":3,"featured_media":0,"parent":0,"menu_order":0,"comment_status":"closed","ping_status":"closed","template":"","meta":{"footnotes":""},"class_list":["post-5437","page","type-page","status-publish","hentry"],"_links":{"self":[{"href":"https:\/\/agrarias.ufpr.br\/mvc\/wp-json\/wp\/v2\/pages\/5437","targetHints":{"allow":["GET"]}}],"collection":[{"href":"https:\/\/agrarias.ufpr.br\/mvc\/wp-json\/wp\/v2\/pages"}],"about":[{"href":"https:\/\/agrarias.ufpr.br\/mvc\/wp-json\/wp\/v2\/types\/page"}],"author":[{"embeddable":true,"href":"https:\/\/agrarias.ufpr.br\/mvc\/wp-json\/wp\/v2\/users\/3"}],"replies":[{"embeddable":true,"href":"https:\/\/agrarias.ufpr.br\/mvc\/wp-json\/wp\/v2\/comments?post=5437"}],"version-history":[{"count":11,"href":"https:\/\/agrarias.ufpr.br\/mvc\/wp-json\/wp\/v2\/pages\/5437\/revisions"}],"predecessor-version":[{"id":5859,"href":"https:\/\/agrarias.ufpr.br\/mvc\/wp-json\/wp\/v2\/pages\/5437\/revisions\/5859"}],"wp:attachment":[{"href":"https:\/\/agrarias.ufpr.br\/mvc\/wp-json\/wp\/v2\/media?parent=5437"}],"curies":[{"name":"wp","href":"https:\/\/api.w.org\/{rel}","templated":true}]}}