{"id":5414,"date":"2021-10-28T17:32:48","date_gmt":"2021-10-28T17:32:48","guid":{"rendered":"https:\/\/agrarias.ufpr.br\/mvc\/?page_id=5414"},"modified":"2025-10-08T17:41:16","modified_gmt":"2025-10-08T17:41:16","slug":"medicina-de-desastres","status":"publish","type":"page","link":"https:\/\/agrarias.ufpr.br\/mvc\/medicina-de-desastres\/","title":{"rendered":"Medicina de Desastres"},"content":{"rendered":"\n<p>A Medicina Veterin\u00e1ria de Desastres \u00e9 uma \u00e1rea que vem crescendo desde o in\u00edcio do s\u00e9culo XXI.<\/p>\n\n\n\n<p>O n\u00famero de registros de desastres naturais e antr\u00f3picos vem sendo cada vez mais recorrentes, trazendo consigo imensur\u00e1veis perdas para o bioma, junto com ele a preocupa\u00e7\u00e3o de bi\u00f3logos, zootecnistas e m\u00e9dicos veterin\u00e1rios em dar assist\u00eancia aos animais em emerg\u00eancia, atendendo sobre as demandas de ocorr\u00eancias em presta\u00e7\u00e3o de casos de inc\u00eandio, desmatamento, enchente, terremotos etc. que destroem hectares de biomas, como foi o caso dos rompimentos de barragens em Mariana e Brumadinho (MG) e os inc\u00eandios no Pantanal (MT) que registraram imensur\u00e1veis perdas da biodiversidade que nunca poder\u00e3o ser recuperadas.<\/p>\n\n\n\n<p>A promo\u00e7\u00e3o dessa assist\u00eancia \u00e9 sucumbida por n\u00e3o existir um plano de conting\u00eancia que incluam os animais em estrat\u00e9gias de conserva\u00e7\u00e3o, e n\u00e3o haver uma prepara\u00e7\u00e3o para a forma\u00e7\u00e3o de equipes preparadas e especializadas para atuar com exig\u00eancia na presta\u00e7\u00e3o de assist\u00eancia em brigadas, este \u00e9 um problema p\u00fablico que deve ser tratado como ato pol\u00edtico, devendo haver investimentos em planos de medidas de preserva\u00e7\u00e3o, com a valoriza\u00e7\u00e3o da ci\u00eancia e equil\u00edbrio de valores culturais e ambientais e o preparo do resgate t\u00e9cnico.<\/p>\n\n\n\n<p>Os animais resgatados chegam debilitados e por isso o resgate e assist\u00eancia para esses animais devem possuir o melhor plano para a redu\u00e7\u00e3o de impactos na vida desses animais com base em t\u00e9cnicas e protocolos que devem ser estabelecidos com anteced\u00eancia, para esses animais serem atendidos e libertados o mais r\u00e1pido dentro do poss\u00edvel.<\/p>\n\n\n\n<p><strong>Relat\u00f3rio da Miss\u00e3o Universidades no Rio Grande do Sul:<\/strong> <a href=\"https:\/\/agrarias.ufpr.br\/mvc\/wp-content\/uploads\/sites\/32\/2025\/10\/relatorio_missaors_final.pdf\" data-type=\"link\" data-id=\"https:\/\/agrarias.ufpr.br\/mvc\/wp-content\/uploads\/sites\/32\/2025\/10\/relatorio_missaors_final.pdf\">Acesse aqui o relat\u00f3rio<\/a><\/p>\n\n\n\n<p><strong>FONTES: <\/strong><\/p>\n\n\n\n<p><a href=\"https:\/\/www.institutomvc.org.br\/medicina-veterinaria-desastres\/\">https:\/\/www.institutomvc.org.br\/medicina-veterinaria-desastres\/<\/a><\/p>\n\n\n\n<p><a href=\"https:\/\/www.pubvet.com.br\/uploads\/c3921bc4ba2e47234d010e0a1c2662d6.pdf\">https:\/\/www.pubvet.com.br\/uploads\/c3921bc4ba2e47234d010e0a1c2662d6.pdf<\/a><\/p>\n","protected":false},"excerpt":{"rendered":"<p>A Medicina Veterin\u00e1ria de Desastres \u00e9 uma \u00e1rea que vem crescendo desde o in\u00edcio do s\u00e9culo XXI. O n\u00famero de registros de desastres naturais e antr\u00f3picos vem sendo cada vez mais recorrentes, trazendo consigo imensur\u00e1veis perdas para o bioma, junto com ele a preocupa\u00e7\u00e3o de bi\u00f3logos, zootecnistas e m\u00e9dicos veterin\u00e1rios em dar assist\u00eancia aos animais [&hellip;]<\/p>\n","protected":false},"author":3,"featured_media":0,"parent":0,"menu_order":0,"comment_status":"closed","ping_status":"closed","template":"","meta":{"footnotes":""},"class_list":["post-5414","page","type-page","status-publish","hentry"],"_links":{"self":[{"href":"https:\/\/agrarias.ufpr.br\/mvc\/wp-json\/wp\/v2\/pages\/5414","targetHints":{"allow":["GET"]}}],"collection":[{"href":"https:\/\/agrarias.ufpr.br\/mvc\/wp-json\/wp\/v2\/pages"}],"about":[{"href":"https:\/\/agrarias.ufpr.br\/mvc\/wp-json\/wp\/v2\/types\/page"}],"author":[{"embeddable":true,"href":"https:\/\/agrarias.ufpr.br\/mvc\/wp-json\/wp\/v2\/users\/3"}],"replies":[{"embeddable":true,"href":"https:\/\/agrarias.ufpr.br\/mvc\/wp-json\/wp\/v2\/comments?post=5414"}],"version-history":[{"count":9,"href":"https:\/\/agrarias.ufpr.br\/mvc\/wp-json\/wp\/v2\/pages\/5414\/revisions"}],"predecessor-version":[{"id":6239,"href":"https:\/\/agrarias.ufpr.br\/mvc\/wp-json\/wp\/v2\/pages\/5414\/revisions\/6239"}],"wp:attachment":[{"href":"https:\/\/agrarias.ufpr.br\/mvc\/wp-json\/wp\/v2\/media?parent=5414"}],"curies":[{"name":"wp","href":"https:\/\/api.w.org\/{rel}","templated":true}]}}