{"id":5318,"date":"2020-11-11T18:07:00","date_gmt":"2020-11-11T18:07:00","guid":{"rendered":"https:\/\/agrarias.ufpr.br\/mvc\/?page_id=5318"},"modified":"2021-06-22T12:54:10","modified_gmt":"2021-06-22T12:54:10","slug":"producoes-audiovisuais","status":"publish","type":"page","link":"https:\/\/agrarias.ufpr.br\/mvc\/producoes-audiovisuais\/","title":{"rendered":"Produ\u00e7\u00f5es Audiovisuais"},"content":{"rendered":"<div>&nbsp;<\/div>\n<div><strong><a href=\"https:\/\/agrarias.ufpr.br\/mvc\/apresentacao-de-artigos-sobre-medicina-veterinaria-legal\/\">Apresenta\u00e7\u00e3o de artigos sobre Medicina Veterin\u00e1ria Legal<\/a><\/strong><\/div>\n<div>&nbsp;<\/div>\n<div><strong>Apresenta\u00e7\u00e3o de artigos sobre Medicina Veterin\u00e1ria do Coletivo<\/strong><\/div>\n<div>&nbsp;<\/div>\n<div><strong>Apresenta\u00e7\u00e3o de artigos sobre Bem-estar animal<\/strong><\/div>\n<div>&nbsp;<\/div>\n<div><strong><a href=\"https:\/\/agrarias.ufpr.br\/mvc\/apresentacao-de-artigos-sobre-medicina-de-abrigos\/\">Apresenta\u00e7\u00e3o de artigos sobre Medicina de Abrigos<\/a><\/strong><\/div>\n<div>&nbsp;<\/div>\n","protected":false},"excerpt":{"rendered":"<p>&nbsp; Apresenta\u00e7\u00e3o de artigos sobre Medicina Veterin\u00e1ria Legal &nbsp; Apresenta\u00e7\u00e3o de artigos sobre Medicina Veterin\u00e1ria do Coletivo &nbsp; Apresenta\u00e7\u00e3o de artigos sobre Bem-estar animal &nbsp; Apresenta\u00e7\u00e3o de artigos sobre Medicina de Abrigos &nbsp;<\/p>\n","protected":false},"author":3,"featured_media":0,"parent":0,"menu_order":0,"comment_status":"closed","ping_status":"closed","template":"","meta":{"footnotes":""},"class_list":["post-5318","page","type-page","status-publish","hentry"],"_links":{"self":[{"href":"https:\/\/agrarias.ufpr.br\/mvc\/wp-json\/wp\/v2\/pages\/5318","targetHints":{"allow":["GET"]}}],"collection":[{"href":"https:\/\/agrarias.ufpr.br\/mvc\/wp-json\/wp\/v2\/pages"}],"about":[{"href":"https:\/\/agrarias.ufpr.br\/mvc\/wp-json\/wp\/v2\/types\/page"}],"author":[{"embeddable":true,"href":"https:\/\/agrarias.ufpr.br\/mvc\/wp-json\/wp\/v2\/users\/3"}],"replies":[{"embeddable":true,"href":"https:\/\/agrarias.ufpr.br\/mvc\/wp-json\/wp\/v2\/comments?post=5318"}],"version-history":[{"count":8,"href":"https:\/\/agrarias.ufpr.br\/mvc\/wp-json\/wp\/v2\/pages\/5318\/revisions"}],"predecessor-version":[{"id":5361,"href":"https:\/\/agrarias.ufpr.br\/mvc\/wp-json\/wp\/v2\/pages\/5318\/revisions\/5361"}],"wp:attachment":[{"href":"https:\/\/agrarias.ufpr.br\/mvc\/wp-json\/wp\/v2\/media?parent=5318"}],"curies":[{"name":"wp","href":"https:\/\/api.w.org\/{rel}","templated":true}]}}