{"id":5316,"date":"2020-11-11T18:05:48","date_gmt":"2020-11-11T18:05:48","guid":{"rendered":"https:\/\/agrarias.ufpr.br\/mvc\/?page_id=5316"},"modified":"2020-11-24T12:49:10","modified_gmt":"2020-11-24T12:49:10","slug":"producoes-tecnicas","status":"publish","type":"page","link":"https:\/\/agrarias.ufpr.br\/mvc\/producoes-tecnicas\/","title":{"rendered":"Produ\u00e7\u00f5es T\u00e9cnicas"},"content":{"rendered":"<p><span style=\"font-size: 18pt\"><strong>MEDICINA DE ABRIGOS:<\/strong><\/span><\/p>\n<ul>\n<li>L\u00e2mina de Vacina\u00e7\u00e3o e Vermifuga\u00e7\u00e3o para Abrigos de Animais &#8211; https:\/\/hdl.handle.net\/1884\/67270<\/li>\n<li>L\u00e2mina com Passo a Passo sobre Manejo Higi\u00eanico para Abrigos de C\u00e3es e Gatos &#8211; https:\/\/hdl.handle.net\/1884\/67269<\/li>\n<\/ul>\n<p><span style=\"font-size: 18pt\"><strong>MEDICINA VETERIN\u00c1RIA LEGAL:<\/strong><\/span><\/p>\n<ul>\n<li>Infogr\u00e1fico Tanatologia Forense &#8211; Cronologia da Morte&nbsp;<br \/>\nhttps:\/\/hdl.handle.net\/1884\/68700<\/li>\n<\/ul>\n<p><span style=\"font-size: 18pt\"><strong>SA\u00daDE COLETIVA:<\/strong><\/span><\/p>\n<ul>\n<li>Atividade de Transmiss\u00e3o de Conceitos sobre Zoonoses atrav\u00e9s do Jogo \u201cZoo-pong\u201d: https:\/\/hdl.handle.net\/1884\/64696<\/li>\n<li>Manual para Agentes Comunit\u00e1rios da Sa\u00fade<br \/>\nhttps:\/\/hdl.handle.net\/1884\/67268<\/li>\n<\/ul>\n","protected":false},"excerpt":{"rendered":"<p>MEDICINA DE ABRIGOS: L\u00e2mina de Vacina\u00e7\u00e3o e Vermifuga\u00e7\u00e3o para Abrigos de Animais &#8211; https:\/\/hdl.handle.net\/1884\/67270 L\u00e2mina com Passo a Passo sobre Manejo Higi\u00eanico para Abrigos de C\u00e3es e Gatos &#8211; https:\/\/hdl.handle.net\/1884\/67269 MEDICINA VETERIN\u00c1RIA LEGAL: Infogr\u00e1fico Tanatologia Forense &#8211; Cronologia da Morte&nbsp; https:\/\/hdl.handle.net\/1884\/68700 SA\u00daDE COLETIVA: Atividade de Transmiss\u00e3o de Conceitos sobre Zoonoses atrav\u00e9s do Jogo \u201cZoo-pong\u201d: https:\/\/hdl.handle.net\/1884\/64696 [&hellip;]<\/p>\n","protected":false},"author":3,"featured_media":0,"parent":0,"menu_order":0,"comment_status":"closed","ping_status":"closed","template":"","meta":{"footnotes":""},"class_list":["post-5316","page","type-page","status-publish","hentry"],"_links":{"self":[{"href":"https:\/\/agrarias.ufpr.br\/mvc\/wp-json\/wp\/v2\/pages\/5316","targetHints":{"allow":["GET"]}}],"collection":[{"href":"https:\/\/agrarias.ufpr.br\/mvc\/wp-json\/wp\/v2\/pages"}],"about":[{"href":"https:\/\/agrarias.ufpr.br\/mvc\/wp-json\/wp\/v2\/types\/page"}],"author":[{"embeddable":true,"href":"https:\/\/agrarias.ufpr.br\/mvc\/wp-json\/wp\/v2\/users\/3"}],"replies":[{"embeddable":true,"href":"https:\/\/agrarias.ufpr.br\/mvc\/wp-json\/wp\/v2\/comments?post=5316"}],"version-history":[{"count":3,"href":"https:\/\/agrarias.ufpr.br\/mvc\/wp-json\/wp\/v2\/pages\/5316\/revisions"}],"predecessor-version":[{"id":5336,"href":"https:\/\/agrarias.ufpr.br\/mvc\/wp-json\/wp\/v2\/pages\/5316\/revisions\/5336"}],"wp:attachment":[{"href":"https:\/\/agrarias.ufpr.br\/mvc\/wp-json\/wp\/v2\/media?parent=5316"}],"curies":[{"name":"wp","href":"https:\/\/api.w.org\/{rel}","templated":true}]}}