{"id":5240,"date":"2020-06-16T20:00:15","date_gmt":"2020-06-16T20:00:15","guid":{"rendered":"https:\/\/agrarias.ufpr.br\/mvc\/?page_id=5240"},"modified":"2020-06-16T20:00:15","modified_gmt":"2020-06-16T20:00:15","slug":"abrigos-02-bkp","status":"publish","type":"page","link":"https:\/\/agrarias.ufpr.br\/mvc\/abrigos-02-bkp\/","title":{"rendered":"abrigos 02 bkp"},"content":{"rendered":"<p style=\"text-align: justify;\">A Medicina de Abrigos \u00e9 uma \u00e1rea complexa que envolve o entendimento do abrigo (canil, gatil, etc) como um sistema com in\u00fameras vari\u00e1veis que devem ser consideradas para se atingir bons n\u00edveis de bem-estar animal e um ambiente saud\u00e1vel de trabalho.<br \/>\nOs fatores que devem ser levados em considera\u00e7\u00e3o envolvem desde a arquitetura do local, \u00e1reas existentes (quarentena, isolamento, animais sadios, etc), programas preventivos, capacita\u00e7\u00e3o dos funcion\u00e1rios, administra\u00e7\u00e3o do local, entre outros.<br \/>\n<span id=\"OBJ_PREFIX_DWT444_com_zimbra_date\" class=\"Object\">Ter<\/span>&nbsp;pol\u00edticas internas bem definidas, como por exemplo protocolos de recebimento de animais, e principalmente pol\u00edticas para a &#8220;sa\u00edda&#8221; por meio da ado\u00e7\u00e3o, s\u00e3o fundamental para o bom funcionamento.<br \/>\nAs pol\u00edticas externas, referentes ao manejo populacional de c\u00e3es e gatos, influenciam diretamente o abrigo e precisam ser consideradas.<\/p>\n<p>A UFPR oferece a disciplina de Medicina Veterin\u00e1ria do Coletivo para a gradua\u00e7\u00e3o, de forma optativa, com 1\/3 da mesma sobre Medicina de Abrigos.<br \/>\nA resid\u00eancia em MVC tamb\u00e9m oferece pr\u00e1ticas em Medicina de Abrigos.<\/p>\n<p>&nbsp;<\/p>\n<p style=\"text-align: center;\"><strong>PROJETO SHELTER MEDICINE<\/strong><\/p>\n<p>Em 2018, firmou-se uma parceria entre a \u00e1rea de Medicina Veterin\u00e1ria do Coletivo da Universidade Federal do Paran\u00e1 e o <strong>Instituto PremieRpet\u00ae<\/strong>, dando in\u00edcio ao projeto Medicina Veterin\u00e1ria de Abrigos. O projeto envolve os residentes da \u00e1rea de MVC, os quais fornecem uma consultoria para os abrigos, identificando os principais<br \/>\npontos cr\u00edticos de cada institui\u00e7\u00e3o e sugerindo melhorias, sempre visando aumentar o n\u00edvel de bem-estar animal.<\/p>\n<p>At\u00e9 abril de 2019, tr\u00eas abrigos no estado de S\u00e3o Paulo e dois no Paran\u00e1 est\u00e3o sendo assistidos pelo projeto, al\u00e9m de novos abrigos j\u00e1 estarem agendados para inclus\u00e3o a partir de maio de 2019. A expertise da UFPR na \u00e1rea de<br \/>\nMedicina de Abrigos e o apoio do Instituto PremieRpet\u00ae est\u00e1 auxiliando a melhorar a vida de muitos animais em abrigos.<\/p>\n<p>Mais informa\u00e7\u00f5es nos sites:<br \/>\n<span id=\"OBJ_PREFIX_DWT445_com_zimbra_url\" class=\"Object\"><a href=\"https:\/\/onlinesheltermedicine.vetmed.ufl.edu\/\" target=\"_blank\" rel=\"noopener\">https:\/\/onlinesheltermedicine.vetmed.ufl.edu\/<\/a><\/span><br \/>\n<span id=\"OBJ_PREFIX_DWT446_com_zimbra_url\" class=\"Object\"><a href=\"https:\/\/www.sheltermedicine.com\/\" target=\"_blank\" rel=\"noopener\">https:\/\/www.sheltermedicine.com\/<\/a><\/span><\/p>\n<p><a href=\"https:\/\/www.premierpet.com.br\/shelter_medicine.pdf\">www.premierpet.com.br\/shelter_medicine.pdf<\/a><\/p>\n<p>&nbsp;<\/p>\n","protected":false},"excerpt":{"rendered":"<p>A Medicina de Abrigos \u00e9 uma \u00e1rea complexa que envolve o entendimento do abrigo (canil, gatil, etc) como um sistema com in\u00fameras vari\u00e1veis que devem ser consideradas para se atingir bons n\u00edveis de bem-estar animal e um ambiente saud\u00e1vel de trabalho. Os fatores que devem ser levados em considera\u00e7\u00e3o envolvem desde a arquitetura do local, [&hellip;]<\/p>\n","protected":false},"author":3,"featured_media":0,"parent":0,"menu_order":0,"comment_status":"closed","ping_status":"closed","template":"","meta":{"footnotes":""},"class_list":["post-5240","page","type-page","status-publish","hentry"],"_links":{"self":[{"href":"https:\/\/agrarias.ufpr.br\/mvc\/wp-json\/wp\/v2\/pages\/5240","targetHints":{"allow":["GET"]}}],"collection":[{"href":"https:\/\/agrarias.ufpr.br\/mvc\/wp-json\/wp\/v2\/pages"}],"about":[{"href":"https:\/\/agrarias.ufpr.br\/mvc\/wp-json\/wp\/v2\/types\/page"}],"author":[{"embeddable":true,"href":"https:\/\/agrarias.ufpr.br\/mvc\/wp-json\/wp\/v2\/users\/3"}],"replies":[{"embeddable":true,"href":"https:\/\/agrarias.ufpr.br\/mvc\/wp-json\/wp\/v2\/comments?post=5240"}],"version-history":[{"count":2,"href":"https:\/\/agrarias.ufpr.br\/mvc\/wp-json\/wp\/v2\/pages\/5240\/revisions"}],"predecessor-version":[{"id":5505,"href":"https:\/\/agrarias.ufpr.br\/mvc\/wp-json\/wp\/v2\/pages\/5240\/revisions\/5505"}],"wp:attachment":[{"href":"https:\/\/agrarias.ufpr.br\/mvc\/wp-json\/wp\/v2\/media?parent=5240"}],"curies":[{"name":"wp","href":"https:\/\/api.w.org\/{rel}","templated":true}]}}