{"id":4993,"date":"2018-06-07T18:13:00","date_gmt":"2018-06-07T18:13:00","guid":{"rendered":"https:\/\/agrarias.ufpr.br\/mvc\/?page_id=4993"},"modified":"2020-11-24T11:09:30","modified_gmt":"2020-11-24T11:09:30","slug":"residencia-saude-da-familia","status":"publish","type":"page","link":"https:\/\/agrarias.ufpr.br\/mvc\/residencia-saude-da-familia\/","title":{"rendered":"Resid\u00eancia &#8211; Sa\u00fade da Fam\u00edlia"},"content":{"rendered":"<h2>Resid\u00eancia Multiprofissional em Sa\u00fade da Fam\u00edlia<\/h2>\n<p><strong>Coordenadora:<\/strong>&nbsp;Prof\u00aa Dra. Marilene da Cruz Magalh\u00e3es Buffon \/ email: marilenebuffon@ufpr.br<\/p>\n<p>&nbsp;<\/p>\n<p style=\"text-align: left\">A Universidade Federal do Paran\u00e1 (UFPR), por sua Comiss\u00e3o de Resid\u00eancia Multiprofissional (COREMU), torna&nbsp;p\u00fablicas as normas a seguir, que regem a sele\u00e7\u00e3o dos candidatos ao Programa de Resid\u00eancia Multiprofissional&nbsp;em Aten\u00e7\u00e3o Hospitalar do Complexo Hospital de Cl\u00ednicas da UFPR; ao Programa de Resid\u00eancia&nbsp;Multiprofissional em Sa\u00fade da Fam\u00edlia; ao<strong> Programa de Resid\u00eancia em \u00c1rea Profissional da Sa\u00fade em Medicina Veterin\u00e1ria \u2013 Campus I\/Curitiba<\/strong>, e ao Programa de Resid\u00eancia em \u00c1rea Profissional da Sa\u00fade em&nbsp;Cirurgia e Traumatologia Bucomaxilofaciais do Setor de Ci\u00eancias da Sa\u00fade, os quais s\u00e3o regulamentados pela&nbsp;Lei n\u00ba 11.129, de 30 de junho de 2005 e suas complementa\u00e7\u00f5es, pelas Resolu\u00e7\u00f5es vigentes do Conselho de Ensino, Pesquisa e Extens\u00e3o da UFPR e pelas delibera\u00e7\u00f5es da Comiss\u00e3o Nacional de Resid\u00eancia Multiprofissional em Sa\u00fade\/Secretaria de Educa\u00e7\u00e3o Superior do Minist\u00e9rio da Educa\u00e7\u00e3o.<\/p>\n<p>Os Programas de Resid\u00eancia Multiprofissional em \u00c1rea Profissional da Sa\u00fade constituem modalidade de ensino de&nbsp;p\u00f3s-gradua\u00e7\u00e3o lato sensu, sob a forma de curso de especializa\u00e7\u00e3o, caracterizado por treinamento em servi\u00e7o com&nbsp;carga hor\u00e1ria presencial de 60 (sessenta) horas semanais, com dura\u00e7\u00e3o de 2 (dois) ou 3 (tr\u00eas) anos e em regime&nbsp;de dedica\u00e7\u00e3o exclusiva. De acordo com a legisla\u00e7\u00e3o vigente, n\u00e3o \u00e9 permitido ao residente realizar outras atividades,&nbsp;concomitantemente \u00e0 participa\u00e7\u00e3o no Programa de Resid\u00eancia, sob pena de exclus\u00e3o imediata do programa.<\/p>\n<p>&nbsp;<\/p>\n<p style=\"text-align: center\"><strong>Para saber mais detalhes acesse o site abaixo:<\/strong><\/p>\n<p style=\"text-align: center\"><strong>http:\/\/www.saude.ufpr.br\/saudecoletiva\/residencia-multiprofissional-em-saude-da-familia\/<\/strong><\/p>\n<p>&nbsp;<\/p>\n<p>&nbsp;<\/p>\n","protected":false},"excerpt":{"rendered":"<p>Resid\u00eancia Multiprofissional em Sa\u00fade da Fam\u00edlia Coordenadora:&nbsp;Prof\u00aa Dra. Marilene da Cruz Magalh\u00e3es Buffon \/ email: marilenebuffon@ufpr.br &nbsp; A Universidade Federal do Paran\u00e1 (UFPR), por sua Comiss\u00e3o de Resid\u00eancia Multiprofissional (COREMU), torna&nbsp;p\u00fablicas as normas a seguir, que regem a sele\u00e7\u00e3o dos candidatos ao Programa de Resid\u00eancia Multiprofissional&nbsp;em Aten\u00e7\u00e3o Hospitalar do Complexo Hospital de Cl\u00ednicas da UFPR; [&hellip;]<\/p>\n","protected":false},"author":10257,"featured_media":0,"parent":0,"menu_order":0,"comment_status":"closed","ping_status":"closed","template":"","meta":{"footnotes":""},"class_list":["post-4993","page","type-page","status-publish","hentry"],"_links":{"self":[{"href":"https:\/\/agrarias.ufpr.br\/mvc\/wp-json\/wp\/v2\/pages\/4993","targetHints":{"allow":["GET"]}}],"collection":[{"href":"https:\/\/agrarias.ufpr.br\/mvc\/wp-json\/wp\/v2\/pages"}],"about":[{"href":"https:\/\/agrarias.ufpr.br\/mvc\/wp-json\/wp\/v2\/types\/page"}],"author":[{"embeddable":true,"href":"https:\/\/agrarias.ufpr.br\/mvc\/wp-json\/wp\/v2\/users\/10257"}],"replies":[{"embeddable":true,"href":"https:\/\/agrarias.ufpr.br\/mvc\/wp-json\/wp\/v2\/comments?post=4993"}],"version-history":[{"count":5,"href":"https:\/\/agrarias.ufpr.br\/mvc\/wp-json\/wp\/v2\/pages\/4993\/revisions"}],"predecessor-version":[{"id":5334,"href":"https:\/\/agrarias.ufpr.br\/mvc\/wp-json\/wp\/v2\/pages\/4993\/revisions\/5334"}],"wp:attachment":[{"href":"https:\/\/agrarias.ufpr.br\/mvc\/wp-json\/wp\/v2\/media?parent=4993"}],"curies":[{"name":"wp","href":"https:\/\/api.w.org\/{rel}","templated":true}]}}