{"id":4808,"date":"2018-03-19T16:33:09","date_gmt":"2018-03-19T16:33:09","guid":{"rendered":"https:\/\/agrarias.ufpr.br\/mvc\/?page_id=4808"},"modified":"2020-07-10T21:17:08","modified_gmt":"2020-07-10T21:17:08","slug":"projeto-de-extensao","status":"publish","type":"page","link":"https:\/\/agrarias.ufpr.br\/mvc\/projeto-de-extensao\/","title":{"rendered":"Projeto de Extens\u00e3o\/GE"},"content":{"rendered":"<p style=\"text-align: center;\"><span style=\"color: #008000;\"><strong>PROJETO DE EXTENS\u00c3O MEDICINA VETERIN\u00c1RIA EM A\u00c7\u00c3O NAS COMUNIDADES<\/strong><\/span><\/p>\n<p style=\"text-align: justify;\">O objetivo geral desse projeto \u00e9&nbsp;oferecer aos graduandos experi\u00eancia em promo\u00e7\u00e3o da sa\u00fade dos indiv\u00edduos, comunidades e cuidados do meio ambiente. Durante a realiza\u00e7\u00e3o das a\u00e7\u00f5es do projeto no ano de 2017, foi observada uma grande demanda dos pr\u00f3prios estudantes e graduandos de Medicina Veterin\u00e1ria, e tamb\u00e9m da popula\u00e7\u00e3o em geral, em conhecer os pilares do Manejo Populacional de animais, abordando temas como o Abandono de Animais nas cidades, e o Elo entre a viol\u00eancia Interpessoal e a Viol\u00eancia Animal. Tendo em vista este d\u00e9ficit no conhecimento, o projeto buscou uma abordagem mais hol\u00edstica e did\u00e1tica, em forma de simp\u00f3sios, palestras e workshops para a fomenta\u00e7\u00e3o dessas informa\u00e7\u00f5es pelos graduandos e m\u00e9dicos veterin\u00e1rios, n\u00e3o mantendo seu foco s\u00f3 e exclusivamente nas a\u00e7\u00f5es em parcerias com as prefeituras, diretamente com as comunidades.<\/p>\n<p style=\"text-align: justify;\">O projeto atua diretamente na \u00e1rea de Medicina Veterin\u00e1ria do Coletivo. Esta, abrange 03 grandes vergentes: manejo populacional, medicina veterin\u00e1ria legal e sa\u00fade p\u00fablica. Em rela\u00e7\u00e3o ao Manejo Populacional, o projeto atuou especialmente nas a\u00e7\u00f5es de Estimativa Populacional no munic\u00edpio de Pinhais, e na organiza\u00e7\u00e3o do II Simp\u00f3sio Paranaense de Manejo Populacional Humanit\u00e1rio e Sustent\u00e1vel de C\u00e3es e Gatos. A forma\u00e7\u00e3o te\u00f3rica dos alunos na \u00e1rea tamb\u00e9m \u00e9 fundamental para o desenvolvimento das atividades, por isso a organiza\u00e7\u00e3o de cursos e palestras \u00e9 importante. A Estimativa Populacional necessita diretamente da interdisciplinaridade dos setores p\u00fablicos, uma vez que, pela aplica\u00e7\u00e3o dos question\u00e1rios e o contato direto com a popula\u00e7\u00e3o, os alunos puderam observar e identificar de perto situa\u00e7\u00f5es de vulnerabilidade social, que foram encaminhadas \u00e0 Assist\u00eancia Social. No momento, a estimativa passa por tabula\u00e7\u00e3o de dados, mas ser\u00e1 poss\u00edvel, no futuro, estabelecer \u00e1reas de risco e com necessidade de desenvolver a\u00e7\u00f5es espec\u00edficas do projeto. Isto mostra a rela\u00e7\u00e3o Ensino, Pesquisa e Extens\u00e3o, pois dados ser\u00e3o computados, o que trar\u00e1 possibilidade de desenvolvimento de a\u00e7\u00f5es e publica\u00e7\u00e3o de trabalhos. A estimativa populacional em Pinhais, juntamente com a a\u00e7\u00e3o desenvolvida no munic\u00edpio de Arauc\u00e1ria, est\u00e3o inclusas na vergente de Sa\u00fade P\u00fablica do projeto. A primeira, pois os alunos observaram \u00e1reas de risco \u00e0 sa\u00fade da popula\u00e7\u00e3o e poss\u00edveis transmiss\u00f5es de zoonoses, e a segunda, pois trabalharam diretamente com os animais domiciliados da cidade de Arauc\u00e1ria, fornecendo servi\u00e7os de microchipagem, vermifuga\u00e7\u00e3o, aplica\u00e7\u00e3o de ectoparasiticidas e atendimento cl\u00ednico aos animais. Este tipo de pr\u00e1tica, que envolveu alunos de toda a gradua\u00e7\u00e3o, acrescenta na forma\u00e7\u00e3o profissional dos estudantes, uma vez que nem sempre os alunos t\u00eam oportunidade de atuar na pr\u00e1tica e trabalhar diretamente com o propriet\u00e1rio dos animais.<\/p>\n<p style=\"text-align: justify;\">Na \u00e1rea de Medicina Veterin\u00e1ria Legal, o projeto desenvolveu tr\u00eas a\u00e7\u00f5es: O curso \u201cO Elo entre a Viol\u00eancia Humana e os Maus-tratos aos Animais\u201d, o workshop sobre a Teoria do Elo no III Semin\u00e1rio Metropolitano de Educa\u00e7\u00e3o Ambiental, e a funda\u00e7\u00e3o do Grupo de Estudos de Medicina Veterin\u00e1ria do Coletivo, Legal, Alternativa, e Bem-estar Animal \u2013 GECOLABE. A teoria do Elo explica que um ser humano que maltrata um animal, tem mais chances de maltratar outro ser humano do que uma pessoa que nunca maltratou um animal. Este fato \u00e9 de extrema import\u00e2ncia para identifica\u00e7\u00e3o de viol\u00eancia dom\u00e9stica, abuso infantil e de idosos. Por isso, esta \u00e1rea necessita de acompanhamento de psic\u00f3logos, assistentes sociais, agentes comunit\u00e1rios e demais profissionais que lidam diretamente com o ser humano, pois normalmente \u00e9 mais acess\u00edvel diagnosticar maus-tratos a um animal do que a viol\u00eancia interpessoal. Especialmente no desenvolvimento do curso \u201cO Elo entre a Viol\u00eancia Humana e os Maus-tratos aos Animais\u201d, os alunos contribu\u00edram para a elabora\u00e7\u00e3o do projeto de Inicia\u00e7\u00e3o Cient\u00edfica \u201cCapacita\u00e7\u00e3o de Profissionais e Alunos de Medicina Veterin\u00e1ria para Diagn\u00f3stico e Enfrentamento\u201d, que ser\u00e1 publicado como artigo no ano de 2018. A iniciativa dos alunos de criarem um Grupo de Estudos voltado \u00e0 \u00e1rea indica, principalmente, a falta de abordagem desses assuntos na gradua\u00e7\u00e3o, o interesse dos alunos, e a necessidade de tratar destes temas.<\/p>\n<p style=\"text-align: justify;\">As programa\u00e7\u00f5es e mais informa\u00e7\u00f5es referentes aos cursos, palestras, workshops e demais organizados&nbsp;s\u00e3o postados na p\u00e1gina do facebook do projeto de extens\u00e3o:&nbsp;https:\/\/www.facebook.com\/mvcomunidadesufpr\/<\/p>\n<p>Os contatos de como participar e as d\u00favidas do projeto de extens\u00e3o pode ser enviado tamb\u00e9m diretamente na p\u00e1gina do facebook.<\/p>\n<p><img loading=\"lazy\" decoding=\"async\" class=\"size-medium wp-image-4821 aligncenter\" src=\"https:\/\/agrarias.ufpr.br\/mvc\/wp-content\/uploads\/sites\/32\/2018\/03\/Logo-Medicina-Veterin\u00e1ria-em-A\u00e7\u00e3o-nas-Comunidades-275x300.jpeg\" alt=\"logo-medicina-veterinaria-em-acao-nas-comunidades\" width=\"275\" height=\"300\" srcset=\"https:\/\/agrarias.ufpr.br\/mvc\/wp-content\/uploads\/sites\/32\/2018\/03\/Logo-Medicina-Veterin\u00e1ria-em-A\u00e7\u00e3o-nas-Comunidades-275x300.jpeg 275w, https:\/\/agrarias.ufpr.br\/mvc\/wp-content\/uploads\/sites\/32\/2018\/03\/Logo-Medicina-Veterin\u00e1ria-em-A\u00e7\u00e3o-nas-Comunidades-250x272.jpeg 250w, https:\/\/agrarias.ufpr.br\/mvc\/wp-content\/uploads\/sites\/32\/2018\/03\/Logo-Medicina-Veterin\u00e1ria-em-A\u00e7\u00e3o-nas-Comunidades-110x120.jpeg 110w, https:\/\/agrarias.ufpr.br\/mvc\/wp-content\/uploads\/sites\/32\/2018\/03\/Logo-Medicina-Veterin\u00e1ria-em-A\u00e7\u00e3o-nas-Comunidades.jpeg 734w\" sizes=\"auto, (max-width: 275px) 100vw, 275px\" \/><\/p>\n<p><img loading=\"lazy\" decoding=\"async\" class=\"wp-image-4945 aligncenter\" src=\"https:\/\/agrarias.ufpr.br\/mvc\/wp-content\/uploads\/sites\/32\/2018\/03\/Ac\u0327a\u0303o-nas-Comunidades-300x192.jpg\" alt=\"ac%cc%a7a%cc%83o-nas-comunidades\" width=\"350\" height=\"224\" srcset=\"https:\/\/agrarias.ufpr.br\/mvc\/wp-content\/uploads\/sites\/32\/2018\/03\/Ac\u0327a\u0303o-nas-Comunidades-300x192.jpg 300w, https:\/\/agrarias.ufpr.br\/mvc\/wp-content\/uploads\/sites\/32\/2018\/03\/Ac\u0327a\u0303o-nas-Comunidades-768x492.jpg 768w, https:\/\/agrarias.ufpr.br\/mvc\/wp-content\/uploads\/sites\/32\/2018\/03\/Ac\u0327a\u0303o-nas-Comunidades-1024x655.jpg 1024w, https:\/\/agrarias.ufpr.br\/mvc\/wp-content\/uploads\/sites\/32\/2018\/03\/Ac\u0327a\u0303o-nas-Comunidades-250x160.jpg 250w, https:\/\/agrarias.ufpr.br\/mvc\/wp-content\/uploads\/sites\/32\/2018\/03\/Ac\u0327a\u0303o-nas-Comunidades-160x102.jpg 160w, https:\/\/agrarias.ufpr.br\/mvc\/wp-content\/uploads\/sites\/32\/2018\/03\/Ac\u0327a\u0303o-nas-Comunidades.jpg 1250w\" sizes=\"auto, (max-width: 350px) 100vw, 350px\" \/><\/p>\n<p class=\"aligncenter\">&nbsp;<br \/>\n&nbsp;<\/p>\n<p style=\"text-align: center;\">&nbsp;<\/p>\n<p style=\"text-align: center;\"><span style=\"color: #008000;\"><strong>PROJETO DE EXTENS\u00c3O&nbsp;<\/strong><strong>UNIDADE M\u00d3VEL DE ESTERILIZA\u00c7\u00c3O E EDUCA\u00c7\u00c3O EM SA\u00daDE (UMEES)<\/strong><\/span><\/p>\n<p style=\"text-align: justify;\">O projeto de extens\u00e3o Unidade M\u00f3vel de Esteriliza\u00e7\u00e3o e Educa\u00e7\u00e3o em Sa\u00fade (UMEES) surgiu em 2010 com o objetivo de realizar o controle populacional \u00e9tico de c\u00e3es e gatos em Curitiba e regi\u00e3o metropolitana.<\/p>\n<p style=\"text-align: justify;\">O controle reprodutivo juntamente com a educa\u00e7\u00e3o dos propriet\u00e1rios sobre guarda respons\u00e1vel e bem-estar animal faz com que a popula\u00e7\u00e3o atingida assuma maiores responsabilidades quanto aos cuidados dispensados a seus animais, sendo observado aumento da expectativa de vida e melhor qualidade de vida dos animais esterilizados. Os graduandos e residentes conhecimento na \u00e1rea de medicina veterin\u00e1ria visualizando problemas e solu\u00e7\u00f5es cotidianas que acometem a comunidade.<\/p>\n<p style=\"text-align: justify;\">Segue abaixo, em anexo, o&nbsp;<strong>MANUAL DE&nbsp;<\/strong><strong>PROCEDIMENTOS OPERACIONAIS PADR\u00c3O DA UNIDADE M\u00d3VEL DE ESTERILIZA\u00c7\u00c3O E EDUCA\u00c7\u00c3O EM SA\u00daDE (UMEES):<\/strong><\/p>\n<p style=\"text-align: center;\"><strong><a href=\"https:\/\/agrarias.ufpr.br\/mvc\/wp-content\/uploads\/sites\/32\/2018\/03\/POP-UMEES-1.docx\">Download Aqui&nbsp;<\/a><\/strong><\/p>\n<table style=\"height: 209px; width: 100%; border-collapse: collapse; border-style: none; background-color: #ffffff; border-color: #ffffff;\" border=\"0\">\n<tbody>\n<tr style=\"height: 185px;\">\n<td style=\"width: 50%; height: 185px;\"><img loading=\"lazy\" decoding=\"async\" class=\"wp-image-4876 aligncenter\" src=\"https:\/\/agrarias.ufpr.br\/mvc\/wp-content\/uploads\/sites\/32\/2018\/03\/Umees-300x169.jpg\" alt=\"umees\" width=\"330\" height=\"186\" srcset=\"https:\/\/agrarias.ufpr.br\/mvc\/wp-content\/uploads\/sites\/32\/2018\/03\/Umees-300x169.jpg 300w, https:\/\/agrarias.ufpr.br\/mvc\/wp-content\/uploads\/sites\/32\/2018\/03\/Umees-768x433.jpg 768w, https:\/\/agrarias.ufpr.br\/mvc\/wp-content\/uploads\/sites\/32\/2018\/03\/Umees-250x141.jpg 250w, https:\/\/agrarias.ufpr.br\/mvc\/wp-content\/uploads\/sites\/32\/2018\/03\/Umees-160x90.jpg 160w, https:\/\/agrarias.ufpr.br\/mvc\/wp-content\/uploads\/sites\/32\/2018\/03\/Umees.jpg 949w\" sizes=\"auto, (max-width: 330px) 100vw, 330px\" \/><\/td>\n<td style=\"width: 50%; height: 185px;\"><strong><a href=\"https:\/\/agrarias.ufpr.br\/mvc\/biblioteca-virtual\/\">Biblioteca Virtual<\/a><\/strong><\/td>\n<\/tr>\n<\/tbody>\n<\/table>\n<p style=\"text-align: center;\"><strong>&nbsp;<span style=\"color: #008000;\">GECOLABE \u2013 Grupo de Estudos de Medicina Veterin\u00e1ria do Coletivo, Legal e Alternativa, e Bem-Estar Animal<\/span><\/strong><\/p>\n<p style=\"text-align: justify;\"><span style=\"color: #000000;\">O&nbsp;GECOLABE \u2013 Grupo de Estudos de Medicina Veterin\u00e1ria do Coletivo, Legal e Alternativa, e Bem-Estar se destina a buscar maneiras que visam \u00e0 promo\u00e7\u00e3o de conhecimentos de seus membros, e da comunidade a qual pertence, esta que pode ser beneficiada pelos projetos de extens\u00e3o e pesquisa a serem desenvolvidos. O grupo est\u00e1 intimamente relacionado ao projeto de extens\u00e3o denominado Medicina Veterin\u00e1ria em A\u00e7\u00e3o nas Comunidades, e tem por finalidade reunir estudantes, professores e profissionais (entre outros) que se interessem em desenvolver o conhecimento t\u00e9orio-pr\u00e1tico, n\u00e3o aprimorado em sala de aula, que cabe ao estudante de Medicina Veterin\u00e1ria, como futuro profissional da \u00e1rea. As atividades realizadas est\u00e3o relacionadas \u00e0 pr\u00e1tica cl\u00ednica e aos projetos de pesquisa e extens\u00e3o.<\/span><\/p>\n<p style=\"text-align: justify;\"><span style=\"color: #000000;\">O GRUPO DE ESTUDOS DE MEDICINA VETERIN\u00c1RIA DO COLETIVO, LEGAL E ALTERNATIVA, E BEM-ESTAR tem suas atividades desenvolvidas no Departamento de Medicina Veterin\u00e1ria da Universidade Federal do Paran\u00e1 UFPR, situada na Rua dos Funcion\u00e1rios, 1540 \u2013 Cabral, Curitiba, PR, Brasil.&nbsp;&nbsp;<\/span><\/p>\n<p style=\"text-align: justify;\">As atividades desenvolvidas podem ser acompanhadas pelo facebook na p\u00e1gina do Projeto de Extens\u00e3o de Medicina Veterin\u00e1ria Em A\u00e7\u00e3o nas Comunidades:&nbsp;https:\/\/www.facebook.com\/mvcomunidadesufpr\/<\/p>\n<p style=\"text-align: justify;\"><img loading=\"lazy\" decoding=\"async\" class=\"size-medium wp-image-4819 aligncenter\" src=\"https:\/\/agrarias.ufpr.br\/mvc\/wp-content\/uploads\/sites\/32\/2018\/03\/Logo-300x106.jpg\" alt=\"logo\" width=\"300\" height=\"106\" srcset=\"https:\/\/agrarias.ufpr.br\/mvc\/wp-content\/uploads\/sites\/32\/2018\/03\/Logo-300x106.jpg 300w, https:\/\/agrarias.ufpr.br\/mvc\/wp-content\/uploads\/sites\/32\/2018\/03\/Logo-250x88.jpg 250w, https:\/\/agrarias.ufpr.br\/mvc\/wp-content\/uploads\/sites\/32\/2018\/03\/Logo-160x57.jpg 160w, https:\/\/agrarias.ufpr.br\/mvc\/wp-content\/uploads\/sites\/32\/2018\/03\/Logo.jpg 630w\" sizes=\"auto, (max-width: 300px) 100vw, 300px\" \/><\/p>\n","protected":false},"excerpt":{"rendered":"<p>PROJETO DE EXTENS\u00c3O MEDICINA VETERIN\u00c1RIA EM A\u00c7\u00c3O NAS COMUNIDADES O objetivo geral desse projeto \u00e9&nbsp;oferecer aos graduandos experi\u00eancia em promo\u00e7\u00e3o da sa\u00fade dos indiv\u00edduos, comunidades e cuidados do meio ambiente. Durante a realiza\u00e7\u00e3o das a\u00e7\u00f5es do projeto no ano de 2017, foi observada uma grande demanda dos pr\u00f3prios estudantes e graduandos de Medicina Veterin\u00e1ria, e [&hellip;]<\/p>\n","protected":false},"author":3,"featured_media":0,"parent":0,"menu_order":0,"comment_status":"closed","ping_status":"closed","template":"","meta":{"footnotes":""},"class_list":["post-4808","page","type-page","status-publish","hentry"],"_links":{"self":[{"href":"https:\/\/agrarias.ufpr.br\/mvc\/wp-json\/wp\/v2\/pages\/4808","targetHints":{"allow":["GET"]}}],"collection":[{"href":"https:\/\/agrarias.ufpr.br\/mvc\/wp-json\/wp\/v2\/pages"}],"about":[{"href":"https:\/\/agrarias.ufpr.br\/mvc\/wp-json\/wp\/v2\/types\/page"}],"author":[{"embeddable":true,"href":"https:\/\/agrarias.ufpr.br\/mvc\/wp-json\/wp\/v2\/users\/3"}],"replies":[{"embeddable":true,"href":"https:\/\/agrarias.ufpr.br\/mvc\/wp-json\/wp\/v2\/comments?post=4808"}],"version-history":[{"count":27,"href":"https:\/\/agrarias.ufpr.br\/mvc\/wp-json\/wp\/v2\/pages\/4808\/revisions"}],"predecessor-version":[{"id":5459,"href":"https:\/\/agrarias.ufpr.br\/mvc\/wp-json\/wp\/v2\/pages\/4808\/revisions\/5459"}],"wp:attachment":[{"href":"https:\/\/agrarias.ufpr.br\/mvc\/wp-json\/wp\/v2\/media?parent=4808"}],"curies":[{"name":"wp","href":"https:\/\/api.w.org\/{rel}","templated":true}]}}