{"id":4806,"date":"2018-03-19T16:32:51","date_gmt":"2018-03-19T16:32:51","guid":{"rendered":"https:\/\/agrarias.ufpr.br\/mvc\/?page_id=4806"},"modified":"2021-12-29T17:31:36","modified_gmt":"2021-12-29T17:31:36","slug":"iniciacao","status":"publish","type":"page","link":"https:\/\/agrarias.ufpr.br\/mvc\/iniciacao\/","title":{"rendered":"Inicia\u00e7\u00e3o Cient\u00edfica"},"content":{"rendered":"<h3 style=\"text-align: center;\"><span style=\"color: #000080;\"><strong>Inicia\u00e7\u00f5es Cient\u00edficas<\/strong><\/span><\/h3>\n<p style=\"text-align: center;\">1 &#8211; T\u00edtulo<strong>: ESTUDO <\/strong><strong>RE<\/strong><strong>T<\/strong><strong>R<\/strong><strong>O<\/strong><strong>SPE<\/strong><strong>C<\/strong><strong>T<\/strong><strong>I<\/strong><strong>V<\/strong><strong>O PARA O RECONHECIMENTO DE TRAUMAS N\u00c3O-ACIDENTAIS EM C\u00c3ES ATENDIDOS NO HOSPITAL VETERIN\u00c1RIO DA UNIVERSIDADE FEDERAL DO PARAN\u00c1.<\/strong><\/p>\n<p style=\"text-align: center;\">IC 2016\/2017 &#8211; Autor: Lucas Galdioli\u00a0<\/p>\n<p style=\"text-align: center;\"><img loading=\"lazy\" decoding=\"async\" class=\"alignnone wp-image-4920\" src=\"https:\/\/agrarias.ufpr.br\/mvc\/wp-content\/uploads\/sites\/32\/2018\/03\/27657044_1534199829950972_4695038835972369660_n-300x300.jpg\" alt=\"27657044_1534199829950972_4695038835972369660_n\" width=\"109\" height=\"109\" srcset=\"https:\/\/agrarias.ufpr.br\/mvc\/wp-content\/uploads\/sites\/32\/2018\/03\/27657044_1534199829950972_4695038835972369660_n-300x300.jpg 300w, https:\/\/agrarias.ufpr.br\/mvc\/wp-content\/uploads\/sites\/32\/2018\/03\/27657044_1534199829950972_4695038835972369660_n-150x150.jpg 150w, https:\/\/agrarias.ufpr.br\/mvc\/wp-content\/uploads\/sites\/32\/2018\/03\/27657044_1534199829950972_4695038835972369660_n-250x250.jpg 250w, https:\/\/agrarias.ufpr.br\/mvc\/wp-content\/uploads\/sites\/32\/2018\/03\/27657044_1534199829950972_4695038835972369660_n-120x120.jpg 120w, https:\/\/agrarias.ufpr.br\/mvc\/wp-content\/uploads\/sites\/32\/2018\/03\/27657044_1534199829950972_4695038835972369660_n.jpg 720w\" sizes=\"auto, (max-width: 109px) 100vw, 109px\" \/><\/p>\n<p style=\"text-align: center;\"><a href=\"https:\/\/agrarias.ufpr.br\/mvc\/wp-content\/uploads\/sites\/32\/2018\/03\/Relatorio-Final-TNA-Caes.pdf\">Download PDF<\/a><\/p>\n<p style=\"text-align: center;\">\u00a0<\/p>\n<p style=\"text-align: center;\">2 &#8211;\u00a0T\u00edtulo<strong>: ESTUDO\u00a0<\/strong><strong>RE<\/strong><strong>T<\/strong><strong>R<\/strong><strong>O<\/strong><strong>SPE<\/strong><strong>C<\/strong><strong>T<\/strong><strong>I<\/strong><strong>V<\/strong><strong>O PARA O RECONHECIMENTO DE TRAUMAS N\u00c3O-ACIDENTAIS EM GATOS ATENDIDOS NO HOSPITAL VETERIN\u00c1RIO DA UNIVERSIDADE FEDERAL DO PARAN\u00c1.<\/strong><\/p>\n<p style=\"text-align: center;\">IC 2016\/2017 &#8211; Autor:\u00a0C\u00edntia Parolim Ferraz<\/p>\n<p style=\"text-align: center;\">\u00a0<img loading=\"lazy\" decoding=\"async\" class=\"alignnone wp-image-4922\" src=\"https:\/\/agrarias.ufpr.br\/mvc\/wp-content\/uploads\/sites\/32\/2018\/03\/cintia-275x300.jpg\" alt=\"cintia\" width=\"114\" height=\"125\" srcset=\"https:\/\/agrarias.ufpr.br\/mvc\/wp-content\/uploads\/sites\/32\/2018\/03\/cintia-275x300.jpg 275w, https:\/\/agrarias.ufpr.br\/mvc\/wp-content\/uploads\/sites\/32\/2018\/03\/cintia-768x839.jpg 768w, https:\/\/agrarias.ufpr.br\/mvc\/wp-content\/uploads\/sites\/32\/2018\/03\/cintia-250x273.jpg 250w, https:\/\/agrarias.ufpr.br\/mvc\/wp-content\/uploads\/sites\/32\/2018\/03\/cintia-110x120.jpg 110w, https:\/\/agrarias.ufpr.br\/mvc\/wp-content\/uploads\/sites\/32\/2018\/03\/cintia.jpg 879w\" sizes=\"auto, (max-width: 114px) 100vw, 114px\" \/><\/p>\n<p style=\"text-align: center;\"><a href=\"https:\/\/agrarias.ufpr.br\/mvc\/wp-content\/uploads\/sites\/32\/2018\/03\/RELATORIO-FINAL-TNA-GATOS.pdf\">Download PDF<\/a><\/p>\n<p style=\"text-align: center;\">\u00a0<\/p>\n<p style=\"text-align: center;\">\u00a0<\/p>\n<p style=\"text-align: center;\">3-\u00a0T\u00edtulo<strong>: DIAGN\u00d3STICO DE TRAUMA N\u00c3O-ACIDENTAL EM CAD\u00c1VERES DE ANIMAIS DE ESTIMA\u00c7\u00c3O<\/strong><\/p>\n<p style=\"text-align: center;\">IC 2016\/2017 &#8211; Autor:\u00a0Daria Louise Barbosa Machado<\/p>\n<p style=\"text-align: center;\">\u00a0<img loading=\"lazy\" decoding=\"async\" class=\"alignnone wp-image-4974\" src=\"https:\/\/agrarias.ufpr.br\/mvc\/wp-content\/uploads\/sites\/32\/2018\/03\/20180513_132536-300x225.jpg\" alt=\"20180513_132536\" width=\"139\" height=\"104\" srcset=\"https:\/\/agrarias.ufpr.br\/mvc\/wp-content\/uploads\/sites\/32\/2018\/03\/20180513_132536-300x225.jpg 300w, https:\/\/agrarias.ufpr.br\/mvc\/wp-content\/uploads\/sites\/32\/2018\/03\/20180513_132536-768x576.jpg 768w, https:\/\/agrarias.ufpr.br\/mvc\/wp-content\/uploads\/sites\/32\/2018\/03\/20180513_132536-1024x768.jpg 1024w, https:\/\/agrarias.ufpr.br\/mvc\/wp-content\/uploads\/sites\/32\/2018\/03\/20180513_132536-250x188.jpg 250w, https:\/\/agrarias.ufpr.br\/mvc\/wp-content\/uploads\/sites\/32\/2018\/03\/20180513_132536-160x120.jpg 160w\" sizes=\"auto, (max-width: 139px) 100vw, 139px\" \/><\/p>\n<p style=\"text-align: center;\"><a href=\"https:\/\/agrarias.ufpr.br\/mvc\/wp-content\/uploads\/sites\/32\/2018\/03\/DIAGN%C3%93STICO-DE-TRAUMA-N%C3%83O-ACIDENTAL-EM-CAD%C3%81VERES-DE-ANIMAIS-DE-ESTIMA%C3%87%C3%83O-1.pdf\">Download PDF<\/a><\/p>\n<p style=\"text-align: center;\">\u00a0<\/p>\n<p style=\"text-align: center;\">4 &#8211;\u00a0T\u00edtulo<strong>: CATEGORIZA\u00c7\u00c3O DA GRAVDADE DOS CASOS DE NEGLIG\u00caNCIA COM ANIMAIS DE ESTIMA\u00c7\u00c3O<\/strong><\/p>\n<p style=\"text-align: center;\">IC 2017\/2018 &#8211; Autor: Andressa Dos Santos Neves<\/p>\n<p style=\"text-align: center;\"><img loading=\"lazy\" decoding=\"async\" class=\"alignnone wp-image-4925\" src=\"https:\/\/agrarias.ufpr.br\/mvc\/wp-content\/uploads\/sites\/32\/2018\/03\/IMG_6259-225x300.jpg\" alt=\"img_6259\" width=\"89\" height=\"119\" srcset=\"https:\/\/agrarias.ufpr.br\/mvc\/wp-content\/uploads\/sites\/32\/2018\/03\/IMG_6259-225x300.jpg 225w, https:\/\/agrarias.ufpr.br\/mvc\/wp-content\/uploads\/sites\/32\/2018\/03\/IMG_6259-768x1024.jpg 768w, https:\/\/agrarias.ufpr.br\/mvc\/wp-content\/uploads\/sites\/32\/2018\/03\/IMG_6259-250x333.jpg 250w, https:\/\/agrarias.ufpr.br\/mvc\/wp-content\/uploads\/sites\/32\/2018\/03\/IMG_6259-90x120.jpg 90w, https:\/\/agrarias.ufpr.br\/mvc\/wp-content\/uploads\/sites\/32\/2018\/03\/IMG_6259.jpg 960w\" sizes=\"auto, (max-width: 89px) 100vw, 89px\" \/><\/p>\n<p style=\"text-align: center;\"><a href=\"https:\/\/agrarias.ufpr.br\/mvc\/wp-content\/uploads\/sites\/32\/2018\/10\/Categoriza%C3%A7%C3%A3o-casos-neglig%C3%AAncia.pdf\">Download PDF<\/a><\/p>\n<p style=\"text-align: center;\">\u00a0<\/p>\n<p style=\"text-align: center;\">5 &#8211;\u00a0T\u00edtulo<strong>:\u00a0<\/strong><strong>LARES TRANSIT\u00d3RIOS<\/strong><\/p>\n<p style=\"text-align: center;\">IC 2017\/2018 &#8211; Autor: Aline Taraciuk<\/p>\n<p style=\"text-align: center;\"><img loading=\"lazy\" decoding=\"async\" class=\"alignnone wp-image-4924\" src=\"https:\/\/agrarias.ufpr.br\/mvc\/wp-content\/uploads\/sites\/32\/2018\/03\/aline-225x300.jpg\" alt=\"aline\" width=\"91\" height=\"122\" srcset=\"https:\/\/agrarias.ufpr.br\/mvc\/wp-content\/uploads\/sites\/32\/2018\/03\/aline-225x300.jpg 225w, https:\/\/agrarias.ufpr.br\/mvc\/wp-content\/uploads\/sites\/32\/2018\/03\/aline-250x333.jpg 250w, https:\/\/agrarias.ufpr.br\/mvc\/wp-content\/uploads\/sites\/32\/2018\/03\/aline-90x120.jpg 90w, https:\/\/agrarias.ufpr.br\/mvc\/wp-content\/uploads\/sites\/32\/2018\/03\/aline.jpg 720w\" sizes=\"auto, (max-width: 91px) 100vw, 91px\" \/><\/p>\n<p style=\"text-align: center;\"><a href=\"https:\/\/agrarias.ufpr.br\/mvc\/wp-content\/uploads\/sites\/32\/2018\/10\/Caracteriza%C3%A7%C3%A3o-Lares-Transit%C3%B3rios.pdf\">Download PDF<\/a><\/p>\n<p style=\"text-align: center;\">\u00a0<\/p>\n<p style=\"text-align: center;\">6 &#8211;\u00a0T\u00edtulo<strong>:\u00a0<\/strong><strong>PREVAL\u00caNCIA DE MAUS-TRATOS AOS ANIMAIS DE ESTIMA\u00c7\u00c3O ATENDIDOS EM CL\u00cdNICAS VETERIN\u00c1RIAS EM PINHAIS, PARAN\u00c1<\/strong><\/p>\n<p style=\"text-align: center;\">IC 2017\/2018 &#8211; Autor: Nayara Mota Miranda Soares<\/p>\n<p style=\"text-align: center;\"><img loading=\"lazy\" decoding=\"async\" class=\"alignnone wp-image-4930\" src=\"https:\/\/agrarias.ufpr.br\/mvc\/wp-content\/uploads\/sites\/32\/2018\/03\/18527571_1344809728930119_8681074044150945547_n-300x300.jpg\" alt=\"18527571_1344809728930119_8681074044150945547_n\" width=\"111\" height=\"111\" srcset=\"https:\/\/agrarias.ufpr.br\/mvc\/wp-content\/uploads\/sites\/32\/2018\/03\/18527571_1344809728930119_8681074044150945547_n-300x300.jpg 300w, https:\/\/agrarias.ufpr.br\/mvc\/wp-content\/uploads\/sites\/32\/2018\/03\/18527571_1344809728930119_8681074044150945547_n-150x150.jpg 150w, https:\/\/agrarias.ufpr.br\/mvc\/wp-content\/uploads\/sites\/32\/2018\/03\/18527571_1344809728930119_8681074044150945547_n-250x250.jpg 250w, https:\/\/agrarias.ufpr.br\/mvc\/wp-content\/uploads\/sites\/32\/2018\/03\/18527571_1344809728930119_8681074044150945547_n-120x120.jpg 120w, https:\/\/agrarias.ufpr.br\/mvc\/wp-content\/uploads\/sites\/32\/2018\/03\/18527571_1344809728930119_8681074044150945547_n.jpg 750w\" sizes=\"auto, (max-width: 111px) 100vw, 111px\" \/><\/p>\n<p style=\"text-align: center;\"><a href=\"https:\/\/agrarias.ufpr.br\/mvc\/wp-content\/uploads\/sites\/32\/2018\/10\/Maus-Tratos-clinicas-veterin%C3%A1rias.pdf\">Download PDF<\/a><\/p>\n<p style=\"text-align: center;\">\u00a0<\/p>\n<p style=\"text-align: center;\">7 &#8211;\u00a0T\u00edtulo<strong>:\u00a0AN\u00c1LISE DOS CUSTOS GERADOS POR ANIMAIS ATROPELADOS EM PINHAIS, PR<\/strong><\/p>\n<p style=\"text-align: center;\">IC 2017\/2018 &#8211; Autor:\u00a0Luana Ribeiro Gomes<\/p>\n<p style=\"text-align: center;\"><img loading=\"lazy\" decoding=\"async\" class=\"alignnone wp-image-4938\" src=\"https:\/\/agrarias.ufpr.br\/mvc\/wp-content\/uploads\/sites\/32\/2018\/03\/Luana-300x300.jpg\" alt=\"luana\" width=\"116\" height=\"116\" srcset=\"https:\/\/agrarias.ufpr.br\/mvc\/wp-content\/uploads\/sites\/32\/2018\/03\/Luana-300x300.jpg 300w, https:\/\/agrarias.ufpr.br\/mvc\/wp-content\/uploads\/sites\/32\/2018\/03\/Luana-150x150.jpg 150w, https:\/\/agrarias.ufpr.br\/mvc\/wp-content\/uploads\/sites\/32\/2018\/03\/Luana-250x250.jpg 250w, https:\/\/agrarias.ufpr.br\/mvc\/wp-content\/uploads\/sites\/32\/2018\/03\/Luana-120x120.jpg 120w, https:\/\/agrarias.ufpr.br\/mvc\/wp-content\/uploads\/sites\/32\/2018\/03\/Luana.jpg 640w\" sizes=\"auto, (max-width: 116px) 100vw, 116px\" \/><\/p>\n<p style=\"text-align: center;\"><a href=\"https:\/\/agrarias.ufpr.br\/mvc\/wp-content\/uploads\/sites\/32\/2018\/03\/AN%C3%81LISE-DOS-CUSTOS-GERADOS-POR-ANIMAIS-ATROPELADOS-EM-PINHAIS-PR.pdf\">Download PDF:\u00a0<\/a><\/p>\n<p>\u00a0<\/p>\n<p style=\"text-align: center;\">8 &#8211;\u00a0T\u00edtulo<strong>: Estimativa de animais abandonados no munic\u00edpio de Pinhais\/PR<\/strong><\/p>\n<p style=\"text-align: center;\">IC 2017\/2018 &#8211; Autor: Fernanda Argenton<\/p>\n<p style=\"text-align: center;\">\u00a0 \u00a0 \u00a0 \u00a0 \u00a0 \u00a0 \u00a0 \u00a0 \u00a0 \u00a0 \u00a0 \u00a0 \u00a0 \u00a0 \u00a0 \u00a0 \u00a0 \u00a0 \u00a0 \u00a0 \u00a0 \u00a0 \u00a0 \u00a0 \u00a0 \u00a0 \u00a0 \u00a0 \u00a0 \u00a0 \u00a0 \u00a0 \u00a0 \u00a0 \u00a0 <img loading=\"lazy\" decoding=\"async\" class=\"alignnone size-thumbnail wp-image-5305\" src=\"https:\/\/agrarias.ufpr.br\/mvc\/wp-content\/uploads\/sites\/32\/2020\/07\/image01-150x150.jpeg\" alt=\"\" width=\"150\" height=\"150\" \/>\u00a0 \u00a0 \u00a0 \u00a0 \u00a0 \u00a0 \u00a0 \u00a0 \u00a0 \u00a0 \u00a0 \u00a0 \u00a0 \u00a0 \u00a0 \u00a0 \u00a0 \u00a0 \u00a0 \u00a0 \u00a0 \u00a0 \u00a0 \u00a0 \u00a0 \u00a0 \u00a0 \u00a0 \u00a0 \u00a0 \u00a0 \u00a0 \u00a0 \u00a0 \u00a0 \u00a0\u00a0<\/p>\n<p style=\"text-align: center;\"><a href=\"https:\/\/agrarias.ufpr.br\/mvc\/wp-content\/uploads\/sites\/32\/2020\/07\/relat\u00f3rio-final-estimativa-caes-pinhais-v4.pdf\">Download PDF<\/a><\/p>\n<p style=\"text-align: center;\">\u00a0<\/p>\n<p style=\"text-align: center;\">9 &#8211;\u00a0T\u00edtulo<strong>: Avalia\u00e7\u00e3o de estrat\u00e9gia para diminuir riscos e estimular intera\u00e7\u00f5es positivas entre animais comunit\u00e1rios<\/strong><\/p>\n<p style=\"text-align: center;\">IC 2017\/2018 &#8211; Autor: Let\u00edcia Hauptman<\/p>\n<p style=\"text-align: center;\"><img loading=\"lazy\" decoding=\"async\" class=\"alignnone wp-image-5098\" src=\"https:\/\/agrarias.ufpr.br\/mvc\/wp-content\/uploads\/sites\/32\/2018\/10\/WhatsApp-Image-2018-10-08-at-11.30.55-225x300.jpeg\" alt=\"\" width=\"123\" height=\"164\" srcset=\"https:\/\/agrarias.ufpr.br\/mvc\/wp-content\/uploads\/sites\/32\/2018\/10\/WhatsApp-Image-2018-10-08-at-11.30.55-225x300.jpeg 225w, https:\/\/agrarias.ufpr.br\/mvc\/wp-content\/uploads\/sites\/32\/2018\/10\/WhatsApp-Image-2018-10-08-at-11.30.55-768x1024.jpeg 768w, https:\/\/agrarias.ufpr.br\/mvc\/wp-content\/uploads\/sites\/32\/2018\/10\/WhatsApp-Image-2018-10-08-at-11.30.55-250x333.jpeg 250w, https:\/\/agrarias.ufpr.br\/mvc\/wp-content\/uploads\/sites\/32\/2018\/10\/WhatsApp-Image-2018-10-08-at-11.30.55-90x120.jpeg 90w, https:\/\/agrarias.ufpr.br\/mvc\/wp-content\/uploads\/sites\/32\/2018\/10\/WhatsApp-Image-2018-10-08-at-11.30.55.jpeg 935w\" sizes=\"auto, (max-width: 123px) 100vw, 123px\" \/><\/p>\n<p style=\"text-align: center;\"><a href=\"https:\/\/agrarias.ufpr.br\/mvc\/wp-content\/uploads\/sites\/32\/2018\/10\/Intera%C3%A7%C3%B5es-c%C3%A3es-comunit%C3%A1rios.pdf\">Download PDF<\/a><\/p>\n<p>\u00a0<\/p>\n<p style=\"text-align: center;\">10 &#8211;\u00a0T\u00edtulo<strong>: Identifica\u00e7\u00e3o de criadores comerciais na regi\u00e3o metropolitana de Curitiba<\/strong><\/p>\n<p style=\"text-align: center;\">IC 2017\/2018 &#8211; Autor: Paula Pimp\u00e3o de Freitas<\/p>\n<p style=\"text-align: center;\">\u00a0 \u00a0 \u00a0 \u00a0 \u00a0 \u00a0 \u00a0 \u00a0 \u00a0 \u00a0 \u00a0 \u00a0 \u00a0 \u00a0 \u00a0 \u00a0 \u00a0 \u00a0 \u00a0 \u00a0 \u00a0 \u00a0 \u00a0 \u00a0 \u00a0 \u00a0 \u00a0 \u00a0<img loading=\"lazy\" decoding=\"async\" class=\"aligncenter size-thumbnail wp-image-5288\" src=\"https:\/\/agrarias.ufpr.br\/mvc\/wp-content\/uploads\/sites\/32\/2020\/07\/WhatsApp-Image-2020-07-15-at-10.24.51-150x150.jpeg\" alt=\"\" width=\"150\" height=\"150\" \/> \u00a0 \u00a0 \u00a0 \u00a0 \u00a0 \u00a0 \u00a0 \u00a0 \u00a0 \u00a0 \u00a0 \u00a0 \u00a0 \u00a0 \u00a0 \u00a0 \u00a0 \u00a0 \u00a0 \u00a0 \u00a0 \u00a0 \u00a0<\/p>\n<p style=\"text-align: center;\"><a href=\"https:\/\/agrarias.ufpr.br\/mvc\/wp-content\/uploads\/sites\/32\/2018\/10\/Criadores-comerciais.pdf\">Download PDF<\/a><\/p>\n<p style=\"text-align: center;\">\u00a0<\/p>\n\n\n<div style=\"height:32px\" aria-hidden=\"true\" class=\"wp-block-spacer\"><\/div>\n\n\n\n<p class=\"has-text-align-center\"><strong>Nome completo:&nbsp;<\/strong>Gabriela Vit\u00f3ria Stacheski<\/p>\n\n\n\n<p class=\"has-text-align-center\"><strong>O que est\u00e1 fazendo<\/strong>: Inicia\u00e7\u00e3o Cient\u00edfica<\/p>\n\n\n\n<p class=\"has-text-align-center\"><strong>Tema<\/strong>: Curso em Educa\u00e7\u00e3o Humanit\u00e1ria Solucion\u00e1ria<\/p>\n\n\n\n<p class=\"has-text-align-center\"><strong>Per\u00edodo:&nbsp;<\/strong>&nbsp;01\/09\/2021 &#8211; 31\/08\/2022<\/p>\n\n\n\n<p class=\"has-text-align-center\"><strong>link Lattes<\/strong>:&nbsp;&nbsp;<a href=\"http:\/\/lattes.cnpq.br\/4842206682737395\" target=\"_blank\" rel=\"noreferrer noopener\">http:\/\/lattes.cnpq.br\/4842206682737395<\/a><\/p>\n\n\n\n<div class=\"wp-block-image\"><figure class=\"aligncenter size-thumbnail\"><img loading=\"lazy\" decoding=\"async\" width=\"150\" height=\"150\" src=\"https:\/\/agrarias.ufpr.br\/mvc\/wp-content\/uploads\/sites\/32\/2021\/12\/6-gabri-150x150.jpg\" alt=\"\" class=\"wp-image-5572\"\/><\/figure><\/div>\n\n\n\n<div style=\"height:32px\" aria-hidden=\"true\" class=\"wp-block-spacer\"><\/div>\n\n\n\n<p><\/p>\n\n\n\n<p class=\"has-text-align-center\"><strong>Nome completo:<\/strong> Let\u00edcia Dam\u00e1zio Pacheco (aluna de IC)<\/p>\n\n\n\n<p class=\"has-text-align-center\"><strong>Ano de entrada na IC:<\/strong> 2021<\/p>\n\n\n\n<p class=\"has-text-align-center\"><strong>Titulo do Projeto:<\/strong> Principais interven\u00e7\u00f5es comportamentais em c\u00e3es de abrigos<\/p>\n\n\n\n<p class=\"has-text-align-center\"><strong>Link para o lattes:<\/strong>&nbsp;<a href=\"https:\/\/lattes.cnpq.br\/9611860494684246\" target=\"_blank\" rel=\"noreferrer noopener\">https:\/\/lattes.cnpq.br\/9611860494684246<\/a><\/p>\n\n\n\n<div class=\"wp-block-image\"><figure class=\"aligncenter size-thumbnail\"><img loading=\"lazy\" decoding=\"async\" width=\"150\" height=\"150\" src=\"https:\/\/agrarias.ufpr.br\/mvc\/wp-content\/uploads\/sites\/32\/2021\/12\/3-150x150.jpg\" alt=\"\" class=\"wp-image-5526\" srcset=\"https:\/\/agrarias.ufpr.br\/mvc\/wp-content\/uploads\/sites\/32\/2021\/12\/3-150x150.jpg 150w, https:\/\/agrarias.ufpr.br\/mvc\/wp-content\/uploads\/sites\/32\/2021\/12\/3-300x300.jpg 300w, https:\/\/agrarias.ufpr.br\/mvc\/wp-content\/uploads\/sites\/32\/2021\/12\/3-250x250.jpg 250w, https:\/\/agrarias.ufpr.br\/mvc\/wp-content\/uploads\/sites\/32\/2021\/12\/3-120x120.jpg 120w, https:\/\/agrarias.ufpr.br\/mvc\/wp-content\/uploads\/sites\/32\/2021\/12\/3.jpg 428w\" sizes=\"auto, (max-width: 150px) 100vw, 150px\" \/><\/figure><\/div>\n\n\n\n<div style=\"height:45px\" aria-hidden=\"true\" class=\"wp-block-spacer\"><\/div>\n\n\n\n<p class=\"has-text-align-center\"><strong>Nome completo:<\/strong>&nbsp;Nicole Muniz Ferreira Goncalves<\/p>\n\n\n\n<p class=\"has-text-align-center\"><strong>Ano de entrada na IC:<\/strong>&nbsp;01\/09\/2021 a 31\/08\/2022<\/p>\n\n\n\n<p class=\"has-text-align-center\"><strong>T\u00edtulo do Projeto:<\/strong>&nbsp;Maus-tratos aos animais e viol\u00eancia dom\u00e9stica<\/p>\n\n\n\n<p class=\"has-text-align-center\"><strong>Link para o lattes:<\/strong>&nbsp;<a href=\"http:\/\/lattes.cnpq.br\/7540409278062130\" target=\"_blank\" rel=\"noreferrer noopener\">http:\/\/lattes.cnpq.br\/7540409278062130<\/a><\/p>\n\n\n\n<div class=\"wp-block-image\"><figure class=\"aligncenter size-thumbnail\"><img loading=\"lazy\" decoding=\"async\" width=\"150\" height=\"150\" src=\"https:\/\/agrarias.ufpr.br\/mvc\/wp-content\/uploads\/sites\/32\/2021\/12\/2-150x150.jpg\" alt=\"\" class=\"wp-image-5524\"\/><\/figure><\/div>\n","protected":false},"excerpt":{"rendered":"<p>Inicia\u00e7\u00f5es Cient\u00edficas 1 &#8211; T\u00edtulo: ESTUDO RETROSPECTIVO PARA O RECONHECIMENTO DE TRAUMAS N\u00c3O-ACIDENTAIS EM C\u00c3ES ATENDIDOS NO HOSPITAL VETERIN\u00c1RIO DA UNIVERSIDADE FEDERAL DO PARAN\u00c1. IC 2016\/2017 &#8211; Autor: Lucas Galdioli\u00a0 Download PDF \u00a0 2 &#8211;\u00a0T\u00edtulo: ESTUDO\u00a0RETROSPECTIVO PARA O RECONHECIMENTO DE TRAUMAS N\u00c3O-ACIDENTAIS EM GATOS ATENDIDOS NO HOSPITAL VETERIN\u00c1RIO DA UNIVERSIDADE FEDERAL DO PARAN\u00c1. IC 2016\/2017 [&hellip;]<\/p>\n","protected":false},"author":3,"featured_media":0,"parent":0,"menu_order":0,"comment_status":"closed","ping_status":"closed","template":"","meta":{"footnotes":""},"class_list":["post-4806","page","type-page","status-publish","hentry"],"_links":{"self":[{"href":"https:\/\/agrarias.ufpr.br\/mvc\/wp-json\/wp\/v2\/pages\/4806","targetHints":{"allow":["GET"]}}],"collection":[{"href":"https:\/\/agrarias.ufpr.br\/mvc\/wp-json\/wp\/v2\/pages"}],"about":[{"href":"https:\/\/agrarias.ufpr.br\/mvc\/wp-json\/wp\/v2\/types\/page"}],"author":[{"embeddable":true,"href":"https:\/\/agrarias.ufpr.br\/mvc\/wp-json\/wp\/v2\/users\/3"}],"replies":[{"embeddable":true,"href":"https:\/\/agrarias.ufpr.br\/mvc\/wp-json\/wp\/v2\/comments?post=4806"}],"version-history":[{"count":45,"href":"https:\/\/agrarias.ufpr.br\/mvc\/wp-json\/wp\/v2\/pages\/4806\/revisions"}],"predecessor-version":[{"id":5704,"href":"https:\/\/agrarias.ufpr.br\/mvc\/wp-json\/wp\/v2\/pages\/4806\/revisions\/5704"}],"wp:attachment":[{"href":"https:\/\/agrarias.ufpr.br\/mvc\/wp-json\/wp\/v2\/media?parent=4806"}],"curies":[{"name":"wp","href":"https:\/\/api.w.org\/{rel}","templated":true}]}}