{"id":11,"date":"2016-10-11T16:48:00","date_gmt":"2016-10-11T16:48:00","guid":{"rendered":"https:\/\/agrarias.ufpr.br\/mvc\/?page_id=11"},"modified":"2017-12-18T20:02:47","modified_gmt":"2017-12-18T20:02:47","slug":"contato","status":"publish","type":"page","link":"https:\/\/agrarias.ufpr.br\/mvc\/contato\/","title":{"rendered":"Contato"},"content":{"rendered":"<p style=\"text-align: center\">Universidade Federal do Paran\u00e1<\/p>\n<p style=\"text-align: center\">Setor Ci\u00eancias Agr\u00e1rias<\/p>\n<p style=\"text-align: center\">Departamento de Medicina Veterin\u00e1ria<\/p>\n<p>&nbsp;<\/p>\n<p style=\"text-align: center\">Email: mvc@ufpr.br<\/p>\n","protected":false},"excerpt":{"rendered":"<p>Universidade Federal do Paran\u00e1 Setor Ci\u00eancias Agr\u00e1rias Departamento de Medicina Veterin\u00e1ria &nbsp; Email: mvc@ufpr.br<\/p>\n","protected":false},"author":3,"featured_media":0,"parent":0,"menu_order":0,"comment_status":"closed","ping_status":"closed","template":"","meta":{"footnotes":""},"class_list":["post-11","page","type-page","status-publish","hentry"],"_links":{"self":[{"href":"https:\/\/agrarias.ufpr.br\/mvc\/wp-json\/wp\/v2\/pages\/11","targetHints":{"allow":["GET"]}}],"collection":[{"href":"https:\/\/agrarias.ufpr.br\/mvc\/wp-json\/wp\/v2\/pages"}],"about":[{"href":"https:\/\/agrarias.ufpr.br\/mvc\/wp-json\/wp\/v2\/types\/page"}],"author":[{"embeddable":true,"href":"https:\/\/agrarias.ufpr.br\/mvc\/wp-json\/wp\/v2\/users\/3"}],"replies":[{"embeddable":true,"href":"https:\/\/agrarias.ufpr.br\/mvc\/wp-json\/wp\/v2\/comments?post=11"}],"version-history":[{"count":9,"href":"https:\/\/agrarias.ufpr.br\/mvc\/wp-json\/wp\/v2\/pages\/11\/revisions"}],"predecessor-version":[{"id":4698,"href":"https:\/\/agrarias.ufpr.br\/mvc\/wp-json\/wp\/v2\/pages\/11\/revisions\/4698"}],"wp:attachment":[{"href":"https:\/\/agrarias.ufpr.br\/mvc\/wp-json\/wp\/v2\/media?parent=11"}],"curies":[{"name":"wp","href":"https:\/\/api.w.org\/{rel}","templated":true}]}}