{"id":9,"date":"2015-12-01T12:10:28","date_gmt":"2015-12-01T12:10:28","guid":{"rendered":"https:\/\/agrarias.ufpr.br\/marzagao\/?page_id=9"},"modified":"2021-06-16T18:27:06","modified_gmt":"2021-06-16T18:27:06","slug":"seguranca-em-laboratorios","status":"publish","type":"page","link":"https:\/\/agrarias.ufpr.br\/marzagao\/seguranca-em-laboratorios\/","title":{"rendered":"Links"},"content":{"rendered":"<p><iframe loading=\"lazy\" title=\"Batalha do Besouro Rinoceronte\" width=\"500\" height=\"281\" src=\"https:\/\/www.youtube.com\/embed\/EAi8SmQoDng?feature=oembed\" frameborder=\"0\" allow=\"accelerometer; autoplay; clipboard-write; encrypted-media; gyroscope; picture-in-picture; web-share\" referrerpolicy=\"strict-origin-when-cross-origin\" allowfullscreen><\/iframe><\/p>\n<p><strong><a href=\"https:\/\/spiders.ucr.edu\">Department of Entomology &#8211; Spider Research<\/a><\/strong><\/p>\n<p><strong><a href=\"http:\/\/terradedireitos.org.br\">Terra de Direitos&nbsp;<\/a><\/strong><\/p>\n<p><strong><a href=\"http:\/\/www.cpra.pr.gov.br\">Centro Paranaense de Refer\u00eancia em Agroecologia&nbsp;&nbsp;<\/a><\/strong><\/p>\n<p><strong><a href=\"http:\/\/www.saude.ufpr.br\/observatorio\/\">Observat\u00f3rio do Agrot\u00f3xico&nbsp;<\/a><\/strong><\/p>\n<p><strong><a href=\"http:\/\/estagiositiodosherdeiros.blogspot.com.br\/search\/label\/%23humus\">Est\u00e1gio no S\u00edtio dos Herdeiros<\/a><\/strong><\/p>\n<p><strong><a href=\"https:\/\/www.facebook.com\/groups\/1387382378235984\/\">Fauna Ed\u00e1fica&nbsp;<\/a><\/strong><\/p>\n<p><strong><a href=\"http:\/\/dives.ebras.bio.br\/\">DivEs &#8211; Diversidade das Esp\u00e9cies&nbsp;&nbsp;<\/a><\/strong><\/p>\n<p><strong><a href=\"http:\/\/www.stellarium.org\/pt\">Stellarium<\/a><\/strong><\/p>\n<p><strong><a href=\"http:\/\/www.vitalbrazil.rj.gov.br\/primeiros_socorros.html\">Primeiros Socorros&nbsp;<\/a><\/strong><\/p>\n<p><strong><a href=\"https:\/\/agrarias.ufpr.br\/fazenda-canguiri\">Fazenda Canguiri&nbsp;<\/a><\/strong><\/p>\n<p>Biodiversity and Biogeography &#8211; <a href=\"https:\/\/cjbcarva.wixsite.com\/diptera\">https:\/\/cjbcarva.wixsite.com\/diptera<\/a><\/p>\n<p>O veneno esta na mesa.&nbsp;<a href=\"https:\/\/www.youtube.com\/watch?v=8RVAgD44AGg\">https:\/\/www.youtube.com\/watch?v=8RVAgD44AGg<\/a><\/p>\n<p>O mundo segundo a Monsanto.&nbsp;<a href=\"http:\/\/docverdade.blogspot.com.br\/\">http:\/\/docverdade.blogspot.com.br\/<\/a><\/p>\n<p>Nuvens de Veneno.&nbsp;<a href=\"http:\/\/docverdade.blogspot.com.br\/\">http:\/\/docverdade.blogspot.com.br\/<\/a><\/p>\n<p>O veneno nosso de cada dia.&nbsp;<a href=\"http:\/\/docverdade.blogspot.com.br\/\">http:\/\/docverdade.blogspot.com.br\/<\/a><\/p>\n<p>https:\/\/sitioritmosdaterra.com.br\/agricultura-biodinamica-sc\/<\/p>\n<p><iframe loading=\"lazy\" title=\"Voc\u00ea conhece o Turu? #PapoCultural\" width=\"500\" height=\"281\" src=\"https:\/\/www.youtube.com\/embed\/lkke-KM7WAA?feature=oembed\" frameborder=\"0\" allow=\"accelerometer; autoplay; clipboard-write; encrypted-media; gyroscope; picture-in-picture; web-share\" referrerpolicy=\"strict-origin-when-cross-origin\" allowfullscreen><\/iframe><\/p>\n<p>&nbsp;<\/p>\n","protected":false},"excerpt":{"rendered":"<p>Department of Entomology &#8211; Spider Research Terra de Direitos&nbsp; Centro Paranaense de Refer\u00eancia em Agroecologia&nbsp;&nbsp; Observat\u00f3rio do Agrot\u00f3xico&nbsp; Est\u00e1gio no S\u00edtio dos Herdeiros Fauna Ed\u00e1fica&nbsp; DivEs &#8211; Diversidade das Esp\u00e9cies&nbsp;&nbsp; Stellarium Primeiros Socorros&nbsp; Fazenda Canguiri&nbsp; Biodiversity and Biogeography &#8211; https:\/\/cjbcarva.wixsite.com\/diptera O veneno esta na mesa.&nbsp;https:\/\/www.youtube.com\/watch?v=8RVAgD44AGg O mundo segundo a Monsanto.&nbsp;http:\/\/docverdade.blogspot.com.br\/ Nuvens de Veneno.&nbsp;http:\/\/docverdade.blogspot.com.br\/ O veneno [&hellip;]<\/p>\n","protected":false},"author":3,"featured_media":0,"parent":0,"menu_order":0,"comment_status":"open","ping_status":"open","template":"","meta":{"footnotes":""},"class_list":["post-9","page","type-page","status-publish","hentry"],"_links":{"self":[{"href":"https:\/\/agrarias.ufpr.br\/marzagao\/wp-json\/wp\/v2\/pages\/9","targetHints":{"allow":["GET"]}}],"collection":[{"href":"https:\/\/agrarias.ufpr.br\/marzagao\/wp-json\/wp\/v2\/pages"}],"about":[{"href":"https:\/\/agrarias.ufpr.br\/marzagao\/wp-json\/wp\/v2\/types\/page"}],"author":[{"embeddable":true,"href":"https:\/\/agrarias.ufpr.br\/marzagao\/wp-json\/wp\/v2\/users\/3"}],"replies":[{"embeddable":true,"href":"https:\/\/agrarias.ufpr.br\/marzagao\/wp-json\/wp\/v2\/comments?post=9"}],"version-history":[{"count":36,"href":"https:\/\/agrarias.ufpr.br\/marzagao\/wp-json\/wp\/v2\/pages\/9\/revisions"}],"predecessor-version":[{"id":816,"href":"https:\/\/agrarias.ufpr.br\/marzagao\/wp-json\/wp\/v2\/pages\/9\/revisions\/816"}],"wp:attachment":[{"href":"https:\/\/agrarias.ufpr.br\/marzagao\/wp-json\/wp\/v2\/media?parent=9"}],"curies":[{"name":"wp","href":"https:\/\/api.w.org\/{rel}","templated":true}]}}