{"id":790,"date":"2021-05-06T22:09:05","date_gmt":"2021-05-06T22:09:05","guid":{"rendered":"https:\/\/agrarias.ufpr.br\/marzagao\/?page_id=790"},"modified":"2021-05-10T18:23:55","modified_gmt":"2021-05-10T18:23:55","slug":"vocabulario","status":"publish","type":"page","link":"https:\/\/agrarias.ufpr.br\/marzagao\/vocabulario\/","title":{"rendered":"Vocabul\u00e1rio"},"content":{"rendered":"<p><a href=\"https:\/\/agrarias.ufpr.br\/marzagao\/material-de-estudo__trashed\/vocabulario-ciencia-do-solo-a-ate-c\/\" rel=\"attachment wp-att-527\">Vocabulario Ci\u00eancia do Solo A at\u00e9 C&nbsp;<\/a><\/p>\n<p><a href=\"https:\/\/agrarias.ufpr.br\/marzagao\/material-de-estudo__trashed\/vocabulario-ciencia-do-solo-d-ate-k\/\" rel=\"attachment wp-att-529\">Vocabulario Ci\u00eancia do Solo D at\u00e9 K&nbsp;<\/a><\/p>\n<p><a href=\"https:\/\/agrarias.ufpr.br\/marzagao\/material-de-estudo__trashed\/vocabulario-ciencia-do-solo-l-ate-r\/\" rel=\"attachment wp-att-530\">Vocabulario Ci\u00eancia do Solo L at\u00e9 R<\/a><\/p>\n<p>&nbsp;<\/p>\n","protected":false},"excerpt":{"rendered":"<p>Vocabulario Ci\u00eancia do Solo A at\u00e9 C&nbsp; Vocabulario Ci\u00eancia do Solo D at\u00e9 K&nbsp; Vocabulario Ci\u00eancia do Solo L at\u00e9 R &nbsp;<\/p>\n","protected":false},"author":10253,"featured_media":0,"parent":0,"menu_order":0,"comment_status":"closed","ping_status":"closed","template":"","meta":{"footnotes":""},"class_list":["post-790","page","type-page","status-publish","hentry"],"_links":{"self":[{"href":"https:\/\/agrarias.ufpr.br\/marzagao\/wp-json\/wp\/v2\/pages\/790","targetHints":{"allow":["GET"]}}],"collection":[{"href":"https:\/\/agrarias.ufpr.br\/marzagao\/wp-json\/wp\/v2\/pages"}],"about":[{"href":"https:\/\/agrarias.ufpr.br\/marzagao\/wp-json\/wp\/v2\/types\/page"}],"author":[{"embeddable":true,"href":"https:\/\/agrarias.ufpr.br\/marzagao\/wp-json\/wp\/v2\/users\/10253"}],"replies":[{"embeddable":true,"href":"https:\/\/agrarias.ufpr.br\/marzagao\/wp-json\/wp\/v2\/comments?post=790"}],"version-history":[{"count":5,"href":"https:\/\/agrarias.ufpr.br\/marzagao\/wp-json\/wp\/v2\/pages\/790\/revisions"}],"predecessor-version":[{"id":795,"href":"https:\/\/agrarias.ufpr.br\/marzagao\/wp-json\/wp\/v2\/pages\/790\/revisions\/795"}],"wp:attachment":[{"href":"https:\/\/agrarias.ufpr.br\/marzagao\/wp-json\/wp\/v2\/media?parent=790"}],"curies":[{"name":"wp","href":"https:\/\/api.w.org\/{rel}","templated":true}]}}