{"id":630,"date":"2020-06-25T13:35:28","date_gmt":"2020-06-25T13:35:28","guid":{"rendered":"https:\/\/agrarias.ufpr.br\/marzagao\/?page_id=630"},"modified":"2022-07-11T23:34:34","modified_gmt":"2022-07-11T23:34:34","slug":"exercicios-extra-classe","status":"publish","type":"page","link":"https:\/\/agrarias.ufpr.br\/marzagao\/exercicios-extra-classe\/","title":{"rendered":"Artigos"},"content":{"rendered":"<p><a href=\"https:\/\/agrarias.ufpr.br\/marzagao\/wp-content\/uploads\/sites\/25\/2020\/06\/Alves-M.-et-al-Fauna-ed\u00e1fica-em-diferentes-sistemas-de-cultivo-no-estado-de-S\u00e3o-Paulo.pdf\">Alves, M. et al &#8211; Fauna ed\u00e1fica em diferentes sistemas de cultivo no estado de S\u00e3o Paulo<\/a> <a href=\"https:\/\/agrarias.ufpr.br\/marzagao\/wp-content\/uploads\/sites\/25\/2020\/06\/Baretta-D.-et-al-Efeito-do-cultivo-do-solo-sobre-a-diversidade-da-fauna-ed\u00e1fica-no-planalto-sul.pdf\">Baretta, <\/a><\/p>\n<p><a href=\"https:\/\/agrarias.ufpr.br\/marzagao\/wp-content\/uploads\/sites\/25\/2020\/06\/Baretta-D.-et-al-Efeito-do-cultivo-do-solo-sobre-a-diversidade-da-fauna-ed\u00e1fica-no-planalto-sul.pdf\">D. et al &#8211; Efeito do cultivo do solo sobre a diversidade da fauna ed\u00e1fica no planalto sul<\/a> <a href=\"https:\/\/agrarias.ufpr.br\/marzagao\/wp-content\/uploads\/sites\/25\/2020\/06\/Baretta-D.-et-al-Fauna-ed\u00e1fica-e-qualidade-do-solo.pdf\">Baretta, <\/a><\/p>\n<p><a href=\"https:\/\/agrarias.ufpr.br\/marzagao\/wp-content\/uploads\/sites\/25\/2020\/06\/Baretta-D.-et-al-Fauna-ed\u00e1fica-e-qualidade-do-solo.pdf\">D. et al &#8211; Fauna ed\u00e1fica e qualidade do solo<\/a><\/p>\n\n\n<div class=\"wp-block-file\"><a href=\"https:\/\/agrarias.ufpr.br\/marzagao\/wp-content\/uploads\/sites\/25\/2022\/07\/Apostila_Entomologia_Agricola.pdf\">Apostila_Entomologia_Agricola<\/a><a href=\"https:\/\/agrarias.ufpr.br\/marzagao\/wp-content\/uploads\/sites\/25\/2022\/07\/Apostila_Entomologia_Agricola.pdf\" class=\"wp-block-file__button\" download>Baixar<\/a><\/div>\n\n\n\n<div class=\"wp-block-file\"><a href=\"https:\/\/agrarias.ufpr.br\/marzagao\/wp-content\/uploads\/sites\/25\/2022\/07\/soilborne-quality.pdf\">soilborne-quality<\/a><a href=\"https:\/\/agrarias.ufpr.br\/marzagao\/wp-content\/uploads\/sites\/25\/2022\/07\/soilborne-quality.pdf\" class=\"wp-block-file__button\" download>Baixar<\/a><\/div>\n","protected":false},"excerpt":{"rendered":"<p>Alves, M. et al &#8211; Fauna ed\u00e1fica em diferentes sistemas de cultivo no estado de S\u00e3o Paulo Baretta, D. et al &#8211; Efeito do cultivo do solo sobre a diversidade da fauna ed\u00e1fica no planalto sul Baretta, D. et al &#8211; Fauna ed\u00e1fica e qualidade do solo<\/p>\n","protected":false},"author":10253,"featured_media":0,"parent":0,"menu_order":0,"comment_status":"closed","ping_status":"closed","template":"","meta":{"footnotes":""},"class_list":["post-630","page","type-page","status-publish","hentry"],"_links":{"self":[{"href":"https:\/\/agrarias.ufpr.br\/marzagao\/wp-json\/wp\/v2\/pages\/630","targetHints":{"allow":["GET"]}}],"collection":[{"href":"https:\/\/agrarias.ufpr.br\/marzagao\/wp-json\/wp\/v2\/pages"}],"about":[{"href":"https:\/\/agrarias.ufpr.br\/marzagao\/wp-json\/wp\/v2\/types\/page"}],"author":[{"embeddable":true,"href":"https:\/\/agrarias.ufpr.br\/marzagao\/wp-json\/wp\/v2\/users\/10253"}],"replies":[{"embeddable":true,"href":"https:\/\/agrarias.ufpr.br\/marzagao\/wp-json\/wp\/v2\/comments?post=630"}],"version-history":[{"count":6,"href":"https:\/\/agrarias.ufpr.br\/marzagao\/wp-json\/wp\/v2\/pages\/630\/revisions"}],"predecessor-version":[{"id":957,"href":"https:\/\/agrarias.ufpr.br\/marzagao\/wp-json\/wp\/v2\/pages\/630\/revisions\/957"}],"wp:attachment":[{"href":"https:\/\/agrarias.ufpr.br\/marzagao\/wp-json\/wp\/v2\/media?parent=630"}],"curies":[{"name":"wp","href":"https:\/\/api.w.org\/{rel}","templated":true}]}}