{"id":5,"date":"2015-12-01T12:09:47","date_gmt":"2015-12-01T12:09:47","guid":{"rendered":"https:\/\/agrarias.ufpr.br\/marzagao\/?page_id=5"},"modified":"2021-04-12T20:41:26","modified_gmt":"2021-04-12T20:41:26","slug":"apresentacao","status":"publish","type":"page","link":"https:\/\/agrarias.ufpr.br\/marzagao\/apresentacao\/","title":{"rendered":"Docente"},"content":{"rendered":"<p>&nbsp;<\/p>\n<p><img loading=\"lazy\" decoding=\"async\" class=\"alignnone wp-image-757\" src=\"https:\/\/agrarias.ufpr.br\/fitotecnia\/wp-content\/uploads\/sites\/26\/2016\/03\/email-small-.jpg\" alt=\"email small\" width=\"22\" height=\"22\">&nbsp;marzagao@ufpr.br<\/p>\n<p><img loading=\"lazy\" decoding=\"async\" class=\"wp-image-758 alignnone\" src=\"https:\/\/agrarias.ufpr.br\/fitotecnia\/wp-content\/uploads\/sites\/26\/2016\/03\/telefone.png\" alt=\"telefone\" width=\"22\" height=\"22\">&nbsp; 055-041- 3350-5602<\/p>\n<p>Professora no Departamento de Solos e Engenharia Agr\u00edcola DSEA<br \/>\nP\u00f3s-Doutorado: Albert Ludwigs Universit\u00e4t\/Freiburg- Alemanha\/2012<br \/>\nDoutorado: Engenharia Florestal\/Silvicultura\/UFPR\/2005<br \/>\nMestrado: Engenharia Florestal\/Silvicultura\/UFPR\/1996<br \/>\nGradua\u00e7\u00e3o: Engenharia Agron\u00f4mica\/UEPG\/1991<\/p>\n<p><a href=\"http:\/\/lattes.cnpq.br\/1181199965618168\"><strong class=\"alignnone\"><img loading=\"lazy\" decoding=\"async\" class=\"alignnone wp-image-742\" src=\"https:\/\/agrarias.ufpr.br\/fitotecnia\/wp-content\/uploads\/sites\/26\/2016\/03\/icon_lattes.png\" alt=\"icon_lattes\" width=\"30\" height=\"29\">Curr\u00edculo Lattes<\/strong><\/a><\/p>\n<p>Fauna Ed\u00e1fica aqui:<a href=\"https:\/\/www.facebook.com\/groups\/1387382378235984\"> https:\/\/www.facebook.com\/groups\/1387382378235984<\/a><\/p>\n","protected":false},"excerpt":{"rendered":"<p>&nbsp; &nbsp;marzagao@ufpr.br &nbsp; 055-041- 3350-5602 Professora no Departamento de Solos e Engenharia Agr\u00edcola DSEA P\u00f3s-Doutorado: Albert Ludwigs Universit\u00e4t\/Freiburg- Alemanha\/2012 Doutorado: Engenharia Florestal\/Silvicultura\/UFPR\/2005 Mestrado: Engenharia Florestal\/Silvicultura\/UFPR\/1996 Gradua\u00e7\u00e3o: Engenharia Agron\u00f4mica\/UEPG\/1991 Curr\u00edculo Lattes Fauna Ed\u00e1fica aqui: https:\/\/www.facebook.com\/groups\/1387382378235984<\/p>\n","protected":false},"author":3,"featured_media":0,"parent":0,"menu_order":0,"comment_status":"open","ping_status":"open","template":"","meta":{"footnotes":""},"class_list":["post-5","page","type-page","status-publish","hentry"],"_links":{"self":[{"href":"https:\/\/agrarias.ufpr.br\/marzagao\/wp-json\/wp\/v2\/pages\/5","targetHints":{"allow":["GET"]}}],"collection":[{"href":"https:\/\/agrarias.ufpr.br\/marzagao\/wp-json\/wp\/v2\/pages"}],"about":[{"href":"https:\/\/agrarias.ufpr.br\/marzagao\/wp-json\/wp\/v2\/types\/page"}],"author":[{"embeddable":true,"href":"https:\/\/agrarias.ufpr.br\/marzagao\/wp-json\/wp\/v2\/users\/3"}],"replies":[{"embeddable":true,"href":"https:\/\/agrarias.ufpr.br\/marzagao\/wp-json\/wp\/v2\/comments?post=5"}],"version-history":[{"count":15,"href":"https:\/\/agrarias.ufpr.br\/marzagao\/wp-json\/wp\/v2\/pages\/5\/revisions"}],"predecessor-version":[{"id":709,"href":"https:\/\/agrarias.ufpr.br\/marzagao\/wp-json\/wp\/v2\/pages\/5\/revisions\/709"}],"wp:attachment":[{"href":"https:\/\/agrarias.ufpr.br\/marzagao\/wp-json\/wp\/v2\/media?parent=5"}],"curies":[{"name":"wp","href":"https:\/\/api.w.org\/{rel}","templated":true}]}}