{"id":11,"date":"2015-12-01T12:10:42","date_gmt":"2015-12-01T12:10:42","guid":{"rendered":"https:\/\/agrarias.ufpr.br\/marzagao\/?page_id=11"},"modified":"2021-04-25T23:21:10","modified_gmt":"2021-04-25T23:21:10","slug":"bibliografia","status":"publish","type":"page","link":"https:\/\/agrarias.ufpr.br\/marzagao\/bibliografia\/","title":{"rendered":"Material de Estudo Formigas"},"content":{"rendered":"<p><a href=\"https:\/\/agrarias.ufpr.br\/marzagao\/wp-content\/uploads\/sites\/25\/2019\/08\/artopodes.pdf\">Artropodes<\/a><\/p>\n<p><a href=\"https:\/\/agrarias.ufpr.br\/marzagao\/wp-content\/uploads\/sites\/25\/2019\/05\/Roger-estrade-2010-tillage-and-soil-ecology.pdf\">Roger Estrade &#8211; Tillage and soil ecology<\/a><\/p>\n<p><a href=\"https:\/\/agrarias.ufpr.br\/marzagao\/wp-content\/uploads\/sites\/25\/2019\/07\/apostilaintrodpesqemsolo.pdf\">Apostila de Introdu\u00e7\u00e3o \u00e0 Pesquisa em Solos&nbsp;<\/a><\/p>\n<p><a href=\"https:\/\/agrarias.ufpr.br\/marzagao\/wp-content\/uploads\/sites\/25\/2019\/08\/Tese-Maria-Helena-Pereira-Vieira-1.pdf\">Tese &#8211;&nbsp; Maria Helena Pereira Vieira<\/a><\/p>\n<p><a href=\"https:\/\/agrarias.ufpr.br\/marzagao\/wp-content\/uploads\/sites\/25\/2019\/08\/A_riqueza_das_formigas_relacionada_aos_p.pdf\">A Riqueza das Formigas relacionada aos Per\u00edodos Sazonais em Caxiuan\u00e3 <\/a><\/p>\n<p><a href=\"https:\/\/drive.google.com\/file\/d\/1FXNcpiXgGAS2X6WKddU9hUHaemskTyrD\/view?usp=drive_web\">Guia para o g\u00eanero de formigas&nbsp;<\/a><\/p>\n<p>&nbsp;<\/p>\n<p>&nbsp;<\/p>\n","protected":false},"excerpt":{"rendered":"<p>Artropodes Roger Estrade &#8211; Tillage and soil ecology Apostila de Introdu\u00e7\u00e3o \u00e0 Pesquisa em Solos&nbsp; Tese &#8211;&nbsp; Maria Helena Pereira Vieira A Riqueza das Formigas relacionada aos Per\u00edodos Sazonais em Caxiuan\u00e3 Guia para o g\u00eanero de formigas&nbsp; &nbsp; &nbsp;<\/p>\n","protected":false},"author":3,"featured_media":0,"parent":0,"menu_order":0,"comment_status":"open","ping_status":"open","template":"","meta":{"footnotes":""},"class_list":["post-11","page","type-page","status-publish","hentry"],"_links":{"self":[{"href":"https:\/\/agrarias.ufpr.br\/marzagao\/wp-json\/wp\/v2\/pages\/11","targetHints":{"allow":["GET"]}}],"collection":[{"href":"https:\/\/agrarias.ufpr.br\/marzagao\/wp-json\/wp\/v2\/pages"}],"about":[{"href":"https:\/\/agrarias.ufpr.br\/marzagao\/wp-json\/wp\/v2\/types\/page"}],"author":[{"embeddable":true,"href":"https:\/\/agrarias.ufpr.br\/marzagao\/wp-json\/wp\/v2\/users\/3"}],"replies":[{"embeddable":true,"href":"https:\/\/agrarias.ufpr.br\/marzagao\/wp-json\/wp\/v2\/comments?post=11"}],"version-history":[{"count":42,"href":"https:\/\/agrarias.ufpr.br\/marzagao\/wp-json\/wp\/v2\/pages\/11\/revisions"}],"predecessor-version":[{"id":756,"href":"https:\/\/agrarias.ufpr.br\/marzagao\/wp-json\/wp\/v2\/pages\/11\/revisions\/756"}],"wp:attachment":[{"href":"https:\/\/agrarias.ufpr.br\/marzagao\/wp-json\/wp\/v2\/media?parent=11"}],"curies":[{"name":"wp","href":"https:\/\/api.w.org\/{rel}","templated":true}]}}