{"id":5947,"date":"2021-11-23T11:43:39","date_gmt":"2021-11-23T11:43:39","guid":{"rendered":"https:\/\/agrarias.ufpr.br\/litez\/?page_id=5947"},"modified":"2021-11-23T12:06:06","modified_gmt":"2021-11-23T12:06:06","slug":"dr-vale-personal-page","status":"publish","type":"page","link":"https:\/\/agrarias.ufpr.br\/litez\/dr-vale-personal-page\/","title":{"rendered":"Dr. Vale &#8211; Personal Page"},"content":{"rendered":"<table style=\"width: 100%;border-collapse: collapse;border-color: #ffffff;background-color: #ffffff\">\n<tbody>\n<tr style=\"height: 256px\">\n<td style=\"width: 22.349726775956285%;height: 256px\"><img loading=\"lazy\" decoding=\"async\" class=\"alignleft size-medium wp-image-5572\" src=\"https:\/\/agrarias.ufpr.br\/litez\/wp-content\/uploads\/sites\/35\/2021\/01\/Captura-de-Tela-2021-01-26-\u00e0s-11.43.38-300x300.png\" alt=\"\" width=\"300\" height=\"300\" srcset=\"https:\/\/agrarias.ufpr.br\/litez\/wp-content\/uploads\/sites\/35\/2021\/01\/Captura-de-Tela-2021-01-26-\u00e0s-11.43.38-300x300.png 300w, https:\/\/agrarias.ufpr.br\/litez\/wp-content\/uploads\/sites\/35\/2021\/01\/Captura-de-Tela-2021-01-26-\u00e0s-11.43.38-150x150.png 150w, https:\/\/agrarias.ufpr.br\/litez\/wp-content\/uploads\/sites\/35\/2021\/01\/Captura-de-Tela-2021-01-26-\u00e0s-11.43.38-768x768.png 768w, https:\/\/agrarias.ufpr.br\/litez\/wp-content\/uploads\/sites\/35\/2021\/01\/Captura-de-Tela-2021-01-26-\u00e0s-11.43.38-250x250.png 250w, https:\/\/agrarias.ufpr.br\/litez\/wp-content\/uploads\/sites\/35\/2021\/01\/Captura-de-Tela-2021-01-26-\u00e0s-11.43.38-120x120.png 120w, https:\/\/agrarias.ufpr.br\/litez\/wp-content\/uploads\/sites\/35\/2021\/01\/Captura-de-Tela-2021-01-26-\u00e0s-11.43.38.png 778w\" sizes=\"auto, (max-width: 300px) 100vw, 300px\" \/><\/td>\n<td style=\"width: 77.65027322404373%;height: 256px\">\n<p style=\"text-align: left\"><span style=\"color: #000000;font-family: georgia, palatino, serif\"><strong>Dr. Marcos Martines do Vale<\/strong><\/span><\/p>\n<p style=\"text-align: left\"><span style=\"font-family: georgia, palatino, serif\">I am graduated&nbsp;in Animal Science at the &#8220;Universidade Estadual Paulista J\u00falio de Mesquita Filho &#8211; UNESP&#8221;. Then, I started a Masters at the &#8220;Universidade de S\u00e3o Paulo &#8211; USP, Brazil&#8221; in Brazil. Afterward, I completed my Ph.D. at the &#8220;Universidade Estadual de Campinas &#8211; UNICAMP, Brazil&#8221;. Currently, I am a professor at the Department of Animal Science at the &#8220;Universidade Federal do Paran\u00e1 &#8211; UFPR, Brazil&#8221;. I am focused in develops research with biometeorology applied to the mitigation of heat stress, using artificial intelligence tools such as data mining and Fuzzy logic.<\/span><\/p>\n<p style=\"text-align: left\"><span style=\"font-family: georgia, palatino, serif\"><span style=\"font-size: inherit\"><strong>Complete curriculum:<\/strong>&nbsp;<\/span><a style=\"color: #339966\" href=\"http:\/\/lattes.cnpq.br\/5028362636820102\" target=\"_blank\" rel=\"noopener\">Curr\u00edculo Lattes<\/a><\/span><\/p>\n<p style=\"text-align: left\"><span style=\"font-family: georgia, palatino, serif\"><span style=\"font-size: inherit\"><strong>ORCID<\/strong>: <span style=\"color: #339966\"><a style=\"color: #339966\" href=\"https:\/\/orcid.org\/0000-0002-3010-6602\" target=\"_blank\" rel=\"noopener\">0000-0002-3010-6602<\/a><\/span><\/span><\/span><\/p>\n<p style=\"text-align: left\"><span style=\"font-family: georgia, palatino, serif\"><strong>E-mail:<\/strong>&nbsp;marcos.vale@ufpr.br<\/span><\/p>\n<\/td>\n<\/tr>\n<\/tbody>\n<\/table>\n<div class=\"page\" title=\"Page 1\">\n<div class=\"layoutArea\">\n<div class=\"column\">\n<p><span style=\"color: #339966\">_________________________________________________________________________________________<\/span><\/p>\n<p><span style=\"color: #000000;font-family: georgia, palatino, serif\"><strong>Education<\/strong><\/span><\/p>\n<p><span style=\"font-family: georgia, palatino, serif\"><strong>2005 &#8211; 2008:<\/strong>&nbsp;Ph.D. in Agricultural Engineering, Universidade Estadual de Campinas, Brazil.&nbsp;<\/span><\/p>\n<p><span style=\"font-family: georgia, palatino, serif\">Thesis: Characterization and prediction of heat waves with impact on broiler mortality.<\/span><\/p>\n<p><span style=\"font-family: georgia, palatino, serif\">Supervisor: Dra. Daniella Jorge de Moura.<\/span><\/p>\n<p><span style=\"font-family: georgia, palatino, serif\"><strong>1996 &#8211; 1998:<\/strong>&nbsp;Master in&nbsp;Animal Science and Pastures, Universidade de S\u00e3o Paulo, Brazil. <\/span><\/p>\n<p><span style=\"font-family: georgia, palatino, serif\">Thesis: Performance of broilers fed with increasing levels of the mixture of formic and propionic organic acids (70%:30%). <\/span><\/p>\n<p><span style=\"font-family: georgia, palatino, serif\">Supervisor: Dr. Jos\u00e9 Fernando Machado Menten.<\/span><\/p>\n<p><span style=\"font-family: georgia, palatino, serif\"><strong>1988 &#8211; 1994:<\/strong>&nbsp;Bachelor in Animal Science, Universidade Estadual Julio de Mesquita Filho, Brazil. <\/span><\/p>\n<p><span style=\"font-family: georgia, palatino, serif\">Thesis: Use of roasted whole soybeans on broiler feed at different growth stages.<\/span><\/p>\n<p><span style=\"font-family: georgia, palatino, serif\">Supervisor: Dra. Nilva Kasue Sakomura.<\/span><\/p>\n<p><span style=\"color: #339966\">_________________________________________________________________________________________<\/span><\/p>\n<p><span style=\"color: #000000;font-family: georgia, palatino, serif\"><strong>Expertise Area<\/strong><\/span><\/p>\n<p><span style=\"font-family: georgia, palatino, serif\">Animal Production<\/span><\/p>\n<p><span style=\"font-family: georgia, palatino, serif\">Precision Livestock Farming<\/span><\/p>\n<p>Animal Nutrition<\/p>\n<p><span style=\"font-family: georgia, palatino, serif\">Bioclimatology (Thermal environment and thermoregulation)&nbsp;<\/span><\/p>\n<p><span style=\"color: #339966\">_________________________________________________________________________________________<\/span><\/p>\n<p><span style=\"font-family: georgia, palatino, serif\"><strong style=\"color: #000000\">Brief Reporting of Publications<\/strong><\/span><\/p>\n<p><span style=\"font-family: georgia, palatino, serif\">2021 &#8211; DENIZ, M.; DE SOUSA, K.T.; MORO, M.F.; <strong>VALE, M.M.<\/strong>; DITTRICH, J.R.; MACHADO FILHO, L.C.P.; HO\u0308TZEL, M.J. Social hierarchy influences dairy cows\u2019 use of shade in a silvopastoral system 2021 under intensive rotational grazing. Applied Animal Behaviour Science, v. 244, p.105467 \u2013 https:\/\/doi.org\/10.1016\/j.applanim.2021.105467<\/span><\/p>\n<p><span style=\"font-family: georgia, palatino, serif\">2021 &#8211; DENIZ, M.; DE SOUSA, K.T.; GOMES, I.C.; <strong>VALE, M.M.<\/strong>; DITTRICH, J.R. Classification of environmental factors potentially motivating for dairy cows to access shade. Journal of Dairy Research, v. 88, p.1-4. &#8211; https:\/\/doi.org\/10.1017\/S0022029921000509<\/span><\/p>\n<p><span style=\"font-family: georgia, palatino, serif\">2021 &#8211; DENIZ, M.; DE SOUSA, K.T.; <strong>VALE, M.M.<\/strong>; DITTRICH, J.R. Age and body mass are more important than horns to determine the social position of dairy cows. Journal of Ethology, v. 39, p. 19-27. \u2013 DOI: https:\/\/doi.org\/10.1007\/s10164-020-00667-x<\/span><\/p>\n<p><span style=\"font-family: georgia, palatino, serif\">2021 -DENIZ, M.; DE SOUSA, K.T.; GOMES, I.C.; FABRO, J.A.; <strong>VALE, M.M.<\/strong>; DITTRICH, J.R.Development and application of an autonomous data logger to measure environmental variables in livestock farming. International Journal of Environmental Science and Technology. https:\/\/doi.org\/10.1007\/s13762-021-03734-z<\/span><\/p>\n<p><span style=\"font-family: georgia, palatino, serif\">2021 &#8211;&nbsp;DENIZ, M.; DE SOUSA, K.T.; MORO, M. F.; <strong>VALE, M.M.<\/strong>; DITTRICH, J. R.; HOTZEL, M. J. Influence of thermal environment on dairy cows\u2019 location in a silvopastoral system of a subtropical climate. In: International Congress of Biometeorology.<\/span><\/p>\n<p><span style=\"font-family: georgia, palatino, serif\">2021 &#8211; DENIZ, M.; DE SOUSA, K. T.; OLIVEIRA, J. P.; FRANCO, M. C.; KLEIN, D. R.; <strong>VALE, M. M.<\/strong> Development of models to predict high mortality rates in advance of extreme weather for broiler. In: 56th Annual Meeting of the Brazilian Society of Animal Science, 2021, Florian\u00f3polis. Proceedings of the 56th Annual Meeting of the Brazilian Society of Animal Science, 2021. p. 360-360.<\/span><\/p>\n<p><span style=\"font-family: georgia, palatino, serif\">2021 &#8211; DE SOUSA, K. T.;&nbsp;KLEIN, D. R.; DENIZ, M.; &nbsp;DITTRICH, J. R.; <strong>VALE, M. M.<\/strong> Broilers\u2019 behavior in three different thermal conditions. In:&nbsp;&nbsp;XXXVIII Encontro Anual de Etologia, 2021.<\/span><\/p>\n<p><span style=\"font-family: georgia, palatino, serif\">2021 &#8211; <strong>VALE, M. M.<\/strong>; DE SOUSA, KAROLINI T.; FRANCO, M. C.; OLIVEIRA, J. P.; SANTOS, M. P.; DENIZ M. Modelo fuzzy de classifica\u00e7\u00e3o da vulnerabilidade de avi\u00e1rios de frangos de corte ao calor. In: 38\u00aa Confer\u00eancia FACTA WPSA-Brasil, 2021, Campinas. Anais da 38\u00aa Confer\u00eancia FACTA WPSA-Brasil.<\/span><\/p>\n<p><span style=\"font-family: georgia, palatino, serif\">2021 &#8211;&nbsp;DE SOUSA, K.T.; DENIZ, M.; <strong>VALE, M.M.<\/strong>; DITTRICH, J.R.; H\u00d6TZEL, M.J. Influence of microclimate on dairy cows\u2019 behavior in three pasture systems during the winter in south Brazil. Journal of Thermal Biology, v. 97, p.102873.&nbsp;DOI: https:\/\/doi.org\/10.1016\/j.jtherbio.2021.102873<\/span><\/p>\n<p><span style=\"font-family: georgia, palatino, serif\">2021 &#8211;&nbsp;DE SOUSA, K.T.; DENIZ, M.; MORO, M.F.; GOMES, I.C.; <strong>VALE, M.M.<\/strong>; DITTRICH, J.R. Developing of a model to predict lying behavior of dairy cows on silvopastoral system during the winter season. International Journal of Biometeorology, v.65, 1781\u20131786. \u2013 DOI: https:\/\/doi.org\/10.1007\/s00484-021-02121-0<\/span><\/p>\n<p><span style=\"font-family: georgia, palatino, serif\">2021 &#8211;&nbsp;VOLPI, D.; VILLA ALVES, F.; SILVA ARGUELHO, A.; <strong>VALE, M.M.<\/strong>; DENIZ, M.; ZOPOLLATTO, M. Environmental variables responsible for Zebu cattle thermal comfort acquisition. International Journal of Biometeorology, v. 65, 1695\u20131705. \u2013&nbsp;DOI: https:\/\/doi.org\/10.1007\/s00484-021-02124-x<\/span><\/p>\n<p><span style=\"font-family: georgia, palatino, serif\">2021 &#8211;&nbsp;SANTOS, M.P.; DENIZ, M.; DE SOUSA, K.T.; KLEIN, D.R.; BRANCO, T.; PACHECO, P.S.; <strong>VALE, M.M.<\/strong> Efficiency of cooling systems in broiler houses during hot days. Ci\u00eancia Rural, v. 51, p. 1-11. \u2013 DOI: http:\/\/doi.org\/10.1590\/0103-8478cr20200941<\/span><\/p>\n<p><span style=\"font-family: georgia, palatino, serif\"><span style=\"font-family: georgia, palatino, serif\">2021 &#8211; SANS, E.C.O.; <b>VALE, M.M.<\/b>; VIEIRA, F.M.C.; VISMARA, E.S.; Molento, C.F.M. In-barn heterogeneity of broiler chicken welfare in two industrial house designs and two seasons in Southern Brazilian subtropical climate. Livestock Science, v. 250, p. 104569.<\/span><\/span><\/p>\n<p><span style=\"font-family: georgia, palatino, serif\">2021 &#8211; SEABRA, J.C.; DITTRICH, J.R.; <b>VALE, M. M.<\/b>&nbsp;Factors Associated With the Development and Prevalence of Abnormal Behaviors in Horses: Systematic Review With Meta-Analysis. Journal of Equine Veterinary Science, v. 106, p. 103750.<\/span><\/p>\n<p><span style=\"font-family: georgia, palatino, serif\">2020 &#8211; KLEIN, D.R.; <b>VALE, M. M.<\/b>; SILVA, M.F.R.; KUHN, M.F.; BRANCO, T.; SANTOS, M.P. Data mining as a hatchery process evaluation tool. Scientia Agricola, v. 77, p. e20180074, 2020.<\/span><\/p>\n<p><span style=\"font-family: georgia, palatino, serif\">2020 &#8211; <b>VALE, M. M.<\/b>;&nbsp;KLEIN, D.R.; BRANCO, T.; SANTOS, M.P. Glycemic response of poultries in different feeding systems. Acta Scientiarum. Animal Sciences, v. 41, p. 43148.<\/span><\/p>\n<\/div>\n<\/div>\n<\/div>\n","protected":false},"excerpt":{"rendered":"<p>Dr. Marcos Martines do Vale I am graduated&nbsp;in Animal Science at the &#8220;Universidade Estadual Paulista J\u00falio de Mesquita Filho &#8211; UNESP&#8221;. Then, I started a Masters at the &#8220;Universidade de S\u00e3o Paulo &#8211; USP, Brazil&#8221; in Brazil. Afterward, I completed my Ph.D. at the &#8220;Universidade Estadual de Campinas &#8211; UNICAMP, Brazil&#8221;. Currently, I am a [&hellip;]<\/p>\n","protected":false},"author":10259,"featured_media":0,"parent":0,"menu_order":0,"comment_status":"closed","ping_status":"closed","template":"","meta":{"footnotes":""},"class_list":["post-5947","page","type-page","status-publish","hentry"],"_links":{"self":[{"href":"https:\/\/agrarias.ufpr.br\/litez\/wp-json\/wp\/v2\/pages\/5947","targetHints":{"allow":["GET"]}}],"collection":[{"href":"https:\/\/agrarias.ufpr.br\/litez\/wp-json\/wp\/v2\/pages"}],"about":[{"href":"https:\/\/agrarias.ufpr.br\/litez\/wp-json\/wp\/v2\/types\/page"}],"author":[{"embeddable":true,"href":"https:\/\/agrarias.ufpr.br\/litez\/wp-json\/wp\/v2\/users\/10259"}],"replies":[{"embeddable":true,"href":"https:\/\/agrarias.ufpr.br\/litez\/wp-json\/wp\/v2\/comments?post=5947"}],"version-history":[{"count":8,"href":"https:\/\/agrarias.ufpr.br\/litez\/wp-json\/wp\/v2\/pages\/5947\/revisions"}],"predecessor-version":[{"id":6084,"href":"https:\/\/agrarias.ufpr.br\/litez\/wp-json\/wp\/v2\/pages\/5947\/revisions\/6084"}],"wp:attachment":[{"href":"https:\/\/agrarias.ufpr.br\/litez\/wp-json\/wp\/v2\/media?parent=5947"}],"curies":[{"name":"wp","href":"https:\/\/api.w.org\/{rel}","templated":true}]}}