{"id":5557,"date":"2021-01-26T14:25:05","date_gmt":"2021-01-26T14:25:05","guid":{"rendered":"https:\/\/agrarias.ufpr.br\/litz_ladex\/?page_id=5557"},"modified":"2024-11-01T10:08:51","modified_gmt":"2024-11-01T10:08:51","slug":"egressos","status":"publish","type":"page","link":"https:\/\/agrarias.ufpr.br\/litez\/egressos\/","title":{"rendered":"Egressos"},"content":{"rendered":"<table style=\"height: 245px;width: 100.76373135597801%;border-collapse: collapse;border-color: #68de86;background-color: #ffffff\" border=\"3\">\n<tbody>\n<tr style=\"height: 265px\">\n<td style=\"width: 100%;height: 245px\"><strong style=\"color: #008000;font-size: 14pt;font-family: inherit\">ALUNOS DE GRADUA\u00c7\u00c3O<\/strong>\n<table style=\"width: 837px;font-family: inherit;border-collapse: collapse;border-color: #ffffff;background-color: #ffffff\">\n<tbody>\n<tr>\n<td style=\"width: 189px\"><img loading=\"lazy\" decoding=\"async\" class=\"alignleft wp-image-5777 size-medium\" src=\"https:\/\/agrarias.ufpr.br\/litez\/wp-content\/uploads\/sites\/35\/2021\/02\/Captura-de-Tela-2021-02-04-\u00e0s-09.13.42-281x300.png\" alt=\"\" width=\"281\" height=\"300\" srcset=\"https:\/\/agrarias.ufpr.br\/litez\/wp-content\/uploads\/sites\/35\/2021\/02\/Captura-de-Tela-2021-02-04-\u00e0s-09.13.42-281x300.png 281w, https:\/\/agrarias.ufpr.br\/litez\/wp-content\/uploads\/sites\/35\/2021\/02\/Captura-de-Tela-2021-02-04-\u00e0s-09.13.42-768x821.png 768w, https:\/\/agrarias.ufpr.br\/litez\/wp-content\/uploads\/sites\/35\/2021\/02\/Captura-de-Tela-2021-02-04-\u00e0s-09.13.42-957x1024.png 957w, https:\/\/agrarias.ufpr.br\/litez\/wp-content\/uploads\/sites\/35\/2021\/02\/Captura-de-Tela-2021-02-04-\u00e0s-09.13.42-250x267.png 250w, https:\/\/agrarias.ufpr.br\/litez\/wp-content\/uploads\/sites\/35\/2021\/02\/Captura-de-Tela-2021-02-04-\u00e0s-09.13.42-112x120.png 112w, https:\/\/agrarias.ufpr.br\/litez\/wp-content\/uploads\/sites\/35\/2021\/02\/Captura-de-Tela-2021-02-04-\u00e0s-09.13.42.png 1238w\" sizes=\"auto, (max-width: 281px) 100vw, 281px\" \/><\/td>\n<td style=\"width: 648px\"><strong>Gabriel Lemos<\/strong>\n<p>Curso de Zootecnia &#8211; Universidade Federal do Paran\u00e1 (UFPR)<\/p>\n<p><strong>E-mail:<\/strong>\u00a0 lemos3873@gmail.com<\/p>\n<\/td>\n<\/tr>\n<tr>\n<td style=\"width: 189px\"><img loading=\"lazy\" decoding=\"async\" class=\"alignleft wp-image-5803\" src=\"https:\/\/agrarias.ufpr.br\/litez\/wp-content\/uploads\/sites\/35\/2021\/03\/Captura-de-Tela-2021-03-10-\u00e0s-09.30.35-225x300.png\" alt=\"\" width=\"188\" height=\"251\" srcset=\"https:\/\/agrarias.ufpr.br\/litez\/wp-content\/uploads\/sites\/35\/2021\/03\/Captura-de-Tela-2021-03-10-\u00e0s-09.30.35-225x300.png 225w, https:\/\/agrarias.ufpr.br\/litez\/wp-content\/uploads\/sites\/35\/2021\/03\/Captura-de-Tela-2021-03-10-\u00e0s-09.30.35-250x334.png 250w, https:\/\/agrarias.ufpr.br\/litez\/wp-content\/uploads\/sites\/35\/2021\/03\/Captura-de-Tela-2021-03-10-\u00e0s-09.30.35-90x120.png 90w, https:\/\/agrarias.ufpr.br\/litez\/wp-content\/uploads\/sites\/35\/2021\/03\/Captura-de-Tela-2021-03-10-\u00e0s-09.30.35.png 496w\" sizes=\"auto, (max-width: 188px) 100vw, 188px\" \/><\/td>\n<td style=\"width: 648px\">\n<p style=\"text-align: left\"><strong>Milena Coutinho Franco<\/strong><\/p>\n<p style=\"text-align: left\">Curso de Zootecnia na Universidade Federal do Paran\u00e1 (UFPR).<\/p>\n<p style=\"text-align: left\"><strong>E-mail:<\/strong>\u00a0 milenacfranco@gmail.com<\/p>\n<\/td>\n<\/tr>\n<tr>\n<td style=\"width: 189px\">\u00a0<\/td>\n<td style=\"width: 648px\">\u00a0<\/td>\n<\/tr>\n<tr>\n<td style=\"width: 189px\"><img loading=\"lazy\" decoding=\"async\" class=\"alignleft wp-image-5862\" src=\"https:\/\/agrarias.ufpr.br\/litez\/wp-content\/uploads\/sites\/35\/2021\/07\/Perfil_Mayume-297x300.jpeg\" alt=\"\" width=\"183\" height=\"184\" srcset=\"https:\/\/agrarias.ufpr.br\/litez\/wp-content\/uploads\/sites\/35\/2021\/07\/Perfil_Mayume-297x300.jpeg 297w, https:\/\/agrarias.ufpr.br\/litez\/wp-content\/uploads\/sites\/35\/2021\/07\/Perfil_Mayume-150x150.jpeg 150w, https:\/\/agrarias.ufpr.br\/litez\/wp-content\/uploads\/sites\/35\/2021\/07\/Perfil_Mayume-250x252.jpeg 250w, https:\/\/agrarias.ufpr.br\/litez\/wp-content\/uploads\/sites\/35\/2021\/07\/Perfil_Mayume-119x120.jpeg 119w, https:\/\/agrarias.ufpr.br\/litez\/wp-content\/uploads\/sites\/35\/2021\/07\/Perfil_Mayume.jpeg 720w\" sizes=\"auto, (max-width: 183px) 100vw, 183px\" \/><\/td>\n<td style=\"width: 648px\"><strong>Mayumi Regina Miliorini<\/strong>\n<p>Curso de Zootecnia na Universidade Federal do Paran\u00e1 (UFPR).<\/p>\n<p><strong>E-mail:\u00a0<\/strong> miliorinimay@gmail.com<\/p>\n<\/td>\n<\/tr>\n<\/tbody>\n<\/table>\n<\/td>\n<\/tr>\n<\/tbody>\n<\/table>\n\n\n<p><\/p>\n","protected":false},"excerpt":{"rendered":"<p>ALUNOS DE GRADUA\u00c7\u00c3O Gabriel Lemos Curso de Zootecnia &#8211; Universidade Federal do Paran\u00e1 (UFPR) E-mail:\u00a0 lemos3873@gmail.com Milena Coutinho Franco Curso de Zootecnia na Universidade Federal do Paran\u00e1 (UFPR). E-mail:\u00a0 milenacfranco@gmail.com \u00a0 \u00a0 Mayumi Regina Miliorini Curso de Zootecnia na Universidade Federal do Paran\u00e1 (UFPR). E-mail:\u00a0 miliorinimay@gmail.com<\/p>\n","protected":false},"author":10259,"featured_media":0,"parent":0,"menu_order":0,"comment_status":"closed","ping_status":"closed","template":"","meta":{"footnotes":""},"class_list":["post-5557","page","type-page","status-publish","hentry"],"_links":{"self":[{"href":"https:\/\/agrarias.ufpr.br\/litez\/wp-json\/wp\/v2\/pages\/5557","targetHints":{"allow":["GET"]}}],"collection":[{"href":"https:\/\/agrarias.ufpr.br\/litez\/wp-json\/wp\/v2\/pages"}],"about":[{"href":"https:\/\/agrarias.ufpr.br\/litez\/wp-json\/wp\/v2\/types\/page"}],"author":[{"embeddable":true,"href":"https:\/\/agrarias.ufpr.br\/litez\/wp-json\/wp\/v2\/users\/10259"}],"replies":[{"embeddable":true,"href":"https:\/\/agrarias.ufpr.br\/litez\/wp-json\/wp\/v2\/comments?post=5557"}],"version-history":[{"count":5,"href":"https:\/\/agrarias.ufpr.br\/litez\/wp-json\/wp\/v2\/pages\/5557\/revisions"}],"predecessor-version":[{"id":6093,"href":"https:\/\/agrarias.ufpr.br\/litez\/wp-json\/wp\/v2\/pages\/5557\/revisions\/6093"}],"wp:attachment":[{"href":"https:\/\/agrarias.ufpr.br\/litez\/wp-json\/wp\/v2\/media?parent=5557"}],"curies":[{"name":"wp","href":"https:\/\/api.w.org\/{rel}","templated":true}]}}