{"id":5502,"date":"2017-10-26T13:24:15","date_gmt":"2017-10-26T13:24:15","guid":{"rendered":"https:\/\/agrarias.ufpr.br\/linave\/?page_id=5502"},"modified":"2023-04-06T12:25:50","modified_gmt":"2023-04-06T12:25:50","slug":"contato","status":"publish","type":"page","link":"https:\/\/agrarias.ufpr.br\/litez\/contato\/","title":{"rendered":"Contato"},"content":{"rendered":"<p><span class=\"il\">E-mail: litez@ufpr.br<br \/>\n<\/span><\/p>\n<p>UNIVERSIDADE FEDERAL DO PARAN\u00c1<br \/>\nRua dos Funcion\u00e1rios, 1540 &#8211; Bairro Juvev\u00ea CEP:80035-050\u00a0 Curitiba \/PR<br \/>\nDepartamento de Zootecnia<br \/>\n<span style=\"color: #339966\">+55\u00a0<a style=\"color: #339966\" href=\"tel:%2841%293350-5821\">(41)3350-5823<\/a><\/span><\/p>\n","protected":false},"excerpt":{"rendered":"<p>E-mail: litez@ufpr.br UNIVERSIDADE FEDERAL DO PARAN\u00c1 Rua dos Funcion\u00e1rios, 1540 &#8211; Bairro Juvev\u00ea CEP:80035-050\u00a0 Curitiba \/PR Departamento de Zootecnia +55\u00a0(41)3350-5823<\/p>\n","protected":false},"author":10259,"featured_media":0,"parent":0,"menu_order":0,"comment_status":"closed","ping_status":"closed","template":"","meta":{"footnotes":""},"class_list":["post-5502","page","type-page","status-publish","hentry"],"_links":{"self":[{"href":"https:\/\/agrarias.ufpr.br\/litez\/wp-json\/wp\/v2\/pages\/5502","targetHints":{"allow":["GET"]}}],"collection":[{"href":"https:\/\/agrarias.ufpr.br\/litez\/wp-json\/wp\/v2\/pages"}],"about":[{"href":"https:\/\/agrarias.ufpr.br\/litez\/wp-json\/wp\/v2\/types\/page"}],"author":[{"embeddable":true,"href":"https:\/\/agrarias.ufpr.br\/litez\/wp-json\/wp\/v2\/users\/10259"}],"replies":[{"embeddable":true,"href":"https:\/\/agrarias.ufpr.br\/litez\/wp-json\/wp\/v2\/comments?post=5502"}],"version-history":[{"count":7,"href":"https:\/\/agrarias.ufpr.br\/litez\/wp-json\/wp\/v2\/pages\/5502\/revisions"}],"predecessor-version":[{"id":6066,"href":"https:\/\/agrarias.ufpr.br\/litez\/wp-json\/wp\/v2\/pages\/5502\/revisions\/6066"}],"wp:attachment":[{"href":"https:\/\/agrarias.ufpr.br\/litez\/wp-json\/wp\/v2\/media?parent=5502"}],"curies":[{"name":"wp","href":"https:\/\/api.w.org\/{rel}","templated":true}]}}