{"id":5500,"date":"2017-10-26T13:23:58","date_gmt":"2017-10-26T13:23:58","guid":{"rendered":"https:\/\/agrarias.ufpr.br\/linave\/?page_id=5500"},"modified":"2024-11-01T11:58:34","modified_gmt":"2024-11-01T11:58:34","slug":"parceiros","status":"publish","type":"page","link":"https:\/\/agrarias.ufpr.br\/litez\/parceiros\/","title":{"rendered":"Parceiros"},"content":{"rendered":"<table style=\"height: 370px;width: 100.764%;border-collapse: collapse;border-color: #68de86;background-color: #ffffff\" border=\"3\">\n<tbody>\n<tr style=\"height: 265px\">\n<td style=\"width: 100%;height: 370px\"><span style=\"font-size: 14pt;color: #008000\"><strong>PESQUISADORES<\/strong><\/span>\n<table style=\"border-collapse: collapse;width: 100%\">\n<tbody>\n<tr>\n<td style=\"width: 22.348%\"><img loading=\"lazy\" decoding=\"async\" class=\"alignleft size-medium wp-image-5887\" src=\"https:\/\/agrarias.ufpr.br\/litez\/wp-content\/uploads\/sites\/35\/2021\/10\/Deniz_Foto_04-1-300x287.jpg\" alt=\"\" width=\"300\" height=\"287\" srcset=\"https:\/\/agrarias.ufpr.br\/litez\/wp-content\/uploads\/sites\/35\/2021\/10\/Deniz_Foto_04-1-300x287.jpg 300w, https:\/\/agrarias.ufpr.br\/litez\/wp-content\/uploads\/sites\/35\/2021\/10\/Deniz_Foto_04-1-768x735.jpg 768w, https:\/\/agrarias.ufpr.br\/litez\/wp-content\/uploads\/sites\/35\/2021\/10\/Deniz_Foto_04-1-1024x980.jpg 1024w, https:\/\/agrarias.ufpr.br\/litez\/wp-content\/uploads\/sites\/35\/2021\/10\/Deniz_Foto_04-1-250x239.jpg 250w, https:\/\/agrarias.ufpr.br\/litez\/wp-content\/uploads\/sites\/35\/2021\/10\/Deniz_Foto_04-1-125x120.jpg 125w, https:\/\/agrarias.ufpr.br\/litez\/wp-content\/uploads\/sites\/35\/2021\/10\/Deniz_Foto_04-1.jpg 1529w\" sizes=\"auto, (max-width: 300px) 100vw, 300px\" \/><\/td>\n<td style=\"width: 77.652%\"><strong>Prof. Dr. Matheus Deniz<\/strong>\n<p>Zootecnista formado pela Universidade Tecnol\u00f3gica Federal do Paran\u00e1\/Dois Vizinhos (UTFPR \u2013 DV, 2016). Mestre em Agroecossistemas pela Universidade Federal de Santa Catarina (UFSC, 2018). Doutor em Zootecnia pela Universidade Federal do Paran\u00e1 (UFPR, 2022). Professor na\u00a0Faculdade de Medicina Veterin\u00e1ria e Zootecnia da Universidade Estadual Paulista &#8220;J\u00falio de Mesquita Filho&#8221; &#8211; Campus de Botucatu.\u00a0<span style=\"color: #339966\">\u00a0<a style=\"color: #339966\" href=\"http:\/\/lattes.cnpq.br\/0618595794783268\" target=\"_blank\" rel=\"noopener\">Curr\u00edculo Lattes<\/a><\/span><\/p>\n<p style=\"text-align: left\"><strong>E-mail:<\/strong>\u00a0m.deniz@unesp.br<\/p>\n<p><strong><span style=\"color: #339966\"><a style=\"color: #339966\" href=\"https:\/\/agrarias.ufpr.br\/litez\/deniz-personal-page\/\" target=\"_blank\" rel=\"noopener\">Personal Page<\/a><\/span><\/strong><\/p>\n<\/td>\n<\/tr>\n<\/tbody>\n<\/table>\n<table style=\"width: 100%;border-collapse: collapse;border-color: #ffffff;background-color: #ffffff\">\n<tbody>\n<tr>\n<td style=\"width: 22.349726775956285%\"><img loading=\"lazy\" decoding=\"async\" class=\"alignleft wp-image-5822\" src=\"https:\/\/agrarias.ufpr.br\/litez\/wp-content\/uploads\/sites\/35\/2021\/03\/WhatsApp-Image-2021-03-25-at-18.24.02-238x300.jpeg\" alt=\"\" width=\"188\" height=\"237\" srcset=\"https:\/\/agrarias.ufpr.br\/litez\/wp-content\/uploads\/sites\/35\/2021\/03\/WhatsApp-Image-2021-03-25-at-18.24.02-238x300.jpeg 238w, https:\/\/agrarias.ufpr.br\/litez\/wp-content\/uploads\/sites\/35\/2021\/03\/WhatsApp-Image-2021-03-25-at-18.24.02-768x966.jpeg 768w, https:\/\/agrarias.ufpr.br\/litez\/wp-content\/uploads\/sites\/35\/2021\/03\/WhatsApp-Image-2021-03-25-at-18.24.02.jpeg 814w, https:\/\/agrarias.ufpr.br\/litez\/wp-content\/uploads\/sites\/35\/2021\/03\/WhatsApp-Image-2021-03-25-at-18.24.02-250x314.jpeg 250w, https:\/\/agrarias.ufpr.br\/litez\/wp-content\/uploads\/sites\/35\/2021\/03\/WhatsApp-Image-2021-03-25-at-18.24.02-95x120.jpeg 95w\" sizes=\"auto, (max-width: 188px) 100vw, 188px\" \/><\/td>\n<td style=\"width: 77.65027322404372%\"><strong>\u00a0Dr. Matheus Fernando Moro<\/strong>\n<p>Engenheiro de Produ\u00e7\u00e3o graduado pela Universidade Tecnol\u00f3gica Federal do Paran\u00e1\/ Medianeira (UTFPR &#8211; MD, 2014). Mestre\u00a0em Engenharia de Produ\u00e7\u00e3o pela Universidade Federal de Santa Maria (UFSM, 2017). Doutor em Engenharia de Produ\u00e7\u00e3o pela Universidade Federal de Santa Catarina (UFSC, 2021). \u00a0<span style=\"color: #339966\"><a style=\"color: #339966\" href=\"http:\/\/lattes.cnpq.br\/2689075747873519\" target=\"_blank\" rel=\"noopener\">Curr\u00edculo Lattes<\/a><\/span><\/p>\n<p><strong>E-mail:<\/strong><span class=\"apple-converted-space\"> morosmi@hotmail.com<\/span><\/p>\n<\/td>\n<\/tr>\n<\/tbody>\n<\/table>\n<table style=\"border-style: dotted\" border=\"0\">\n<tbody>\n<tr style=\"height: 24px\">\n<td style=\"width: 197.921875px;height: 10px\"><img loading=\"lazy\" decoding=\"async\" class=\"alignleft wp-image-5725\" src=\"https:\/\/agrarias.ufpr.br\/litz_ladex\/wp-content\/uploads\/sites\/35\/2021\/02\/Captura-de-Tela-2021-02-02-\u00e0s-10.42.58-248x300.png\" alt=\"\" width=\"188\" height=\"227\" srcset=\"https:\/\/agrarias.ufpr.br\/litez\/wp-content\/uploads\/sites\/35\/2021\/02\/Captura-de-Tela-2021-02-02-\u00e0s-10.42.58-248x300.png 248w, https:\/\/agrarias.ufpr.br\/litez\/wp-content\/uploads\/sites\/35\/2021\/02\/Captura-de-Tela-2021-02-02-\u00e0s-10.42.58-250x302.png 250w, https:\/\/agrarias.ufpr.br\/litez\/wp-content\/uploads\/sites\/35\/2021\/02\/Captura-de-Tela-2021-02-02-\u00e0s-10.42.58-99x120.png 99w, https:\/\/agrarias.ufpr.br\/litez\/wp-content\/uploads\/sites\/35\/2021\/02\/Captura-de-Tela-2021-02-02-\u00e0s-10.42.58.png 588w\" sizes=\"auto, (max-width: 188px) 100vw, 188px\" \/><\/td>\n<td style=\"width: 701.078125px;height: 10px\"><strong>Prof. Dr. Frederico M\u00e1rcio Corr\u00eaa Vieira<\/strong>\n<p>Zootecnista formado pela Universidade Federal de Vi\u00e7osa (UFV, 2005). Mestre em Agronomia (F\u00edsica do Ambiente Agr\u00edcola), Universidade de S\u00e3o Paulo (ESALQ\/USP, 2008).Doutor em Ci\u00eancias \u00a0(ESALQ\/USP, 2001).Professor adjunto na Universidade Tecnol\u00f3gica Federal do Paran\u00e1, Campus Dois Vizinhos. \u00a0Coordenador do Grupo de Estudos em Biometeorologia (GEBIOMET &#8211; UTFPR\/DV). <span style=\"color: #339966\"><a style=\"color: #339966\" href=\"http:\/\/lattes.cnpq.br\/4553372441672845\" target=\"_blank\" rel=\"noopener\">Curr\u00edculo Lattes<\/a><\/span><\/p>\n<p><strong>E-mail:<\/strong><span class=\"apple-converted-space\"> fredericovieira@utfpr.edu.br<\/span><\/p>\n<\/td>\n<\/tr>\n<\/tbody>\n<\/table>\n<table style=\"width: 100%;border-collapse: collapse;border-color: #ffffff;background-color: #ffffff\">\n<tbody>\n<tr style=\"height: 256px\">\n<td style=\"width: 22.349726775956285%;height: 256px\"><img loading=\"lazy\" decoding=\"async\" class=\"alignleft wp-image-5633\" src=\"https:\/\/agrarias.ufpr.br\/litz_ladex\/wp-content\/uploads\/sites\/35\/2021\/01\/Captura-de-Tela-2021-01-27-\u00e0s-13.51.49-283x300.png\" alt=\"\" width=\"188\" height=\"199\" srcset=\"https:\/\/agrarias.ufpr.br\/litez\/wp-content\/uploads\/sites\/35\/2021\/01\/Captura-de-Tela-2021-01-27-\u00e0s-13.51.49-283x300.png 283w, https:\/\/agrarias.ufpr.br\/litez\/wp-content\/uploads\/sites\/35\/2021\/01\/Captura-de-Tela-2021-01-27-\u00e0s-13.51.49-768x815.png 768w, https:\/\/agrarias.ufpr.br\/litez\/wp-content\/uploads\/sites\/35\/2021\/01\/Captura-de-Tela-2021-01-27-\u00e0s-13.51.49-250x265.png 250w, https:\/\/agrarias.ufpr.br\/litez\/wp-content\/uploads\/sites\/35\/2021\/01\/Captura-de-Tela-2021-01-27-\u00e0s-13.51.49-113x120.png 113w, https:\/\/agrarias.ufpr.br\/litez\/wp-content\/uploads\/sites\/35\/2021\/01\/Captura-de-Tela-2021-01-27-\u00e0s-13.51.49.png 854w\" sizes=\"auto, (max-width: 188px) 100vw, 188px\" \/><\/td>\n<td style=\"width: 77.65027322404373%;height: 256px\"><strong>Prof. Dr. Jo\u00e3o Ricardo Dittrich<\/strong>\n<p>M\u00e9dico veterin\u00e1rio formado pela Universidade Federal do Paran\u00e1 (UFPR, 1987). Mestre em Ci\u00eancias Veterin\u00e1rias (UFPR, 1991). Doutor em Agronomia (UFPR, 2001).Professor titular da Universidade Federal do Paran\u00e1 no Departamento de Zootecnia e no Programa de P\u00f3s-Gradua\u00e7\u00e3o em Zootecnia Curr\u00edculo lattes;\u00a0<span style=\"color: #339966\"><a style=\"color: #339966\" href=\"http:\/\/lattes.cnpq.br\/8359047768261532\" target=\"_blank\" rel=\"noopener\">Curr\u00edculo Lattes<\/a><\/span><\/p>\n<p><strong>E-mail:<\/strong><span class=\"apple-converted-space\">\u00a0dittrich<\/span>@ufpr.br<\/p>\n<\/td>\n<\/tr>\n<\/tbody>\n<\/table>\n<table style=\"width: 100%;border-collapse: collapse;border-color: #ffffff;background-color: #ffffff\">\n<tbody>\n<tr>\n<td style=\"width: 22.349726775956285%\"><img loading=\"lazy\" decoding=\"async\" class=\"alignleft wp-image-5634\" src=\"https:\/\/agrarias.ufpr.br\/litz_ladex\/wp-content\/uploads\/sites\/35\/2021\/01\/Captura-de-Tela-2021-01-27-\u00e0s-13.57.25-255x300.png\" alt=\"\" width=\"188\" height=\"222\" srcset=\"https:\/\/agrarias.ufpr.br\/litez\/wp-content\/uploads\/sites\/35\/2021\/01\/Captura-de-Tela-2021-01-27-\u00e0s-13.57.25-255x300.png 255w, https:\/\/agrarias.ufpr.br\/litez\/wp-content\/uploads\/sites\/35\/2021\/01\/Captura-de-Tela-2021-01-27-\u00e0s-13.57.25-250x295.png 250w, https:\/\/agrarias.ufpr.br\/litez\/wp-content\/uploads\/sites\/35\/2021\/01\/Captura-de-Tela-2021-01-27-\u00e0s-13.57.25-102x120.png 102w, https:\/\/agrarias.ufpr.br\/litez\/wp-content\/uploads\/sites\/35\/2021\/01\/Captura-de-Tela-2021-01-27-\u00e0s-13.57.25.png 470w\" sizes=\"auto, (max-width: 188px) 100vw, 188px\" \/><\/td>\n<td style=\"width: 77.65027322404372%\"><strong>Dr. Jo\u00e3o Ari Gualberto Hill<\/strong>\n<p>M\u00e9dico veterin\u00e1rio formado pela Universidade Federal do Paran\u00e1 (UFPR, 1989). Mestre em Ci\u00eancias Veterin\u00e1rias (UFPR, 2000). Doutor em Cl\u00ednica Veterin\u00e1ria pela Faculdade de Medicina Veterin\u00e1ria e Zootecnia da Universidade de S\u00e3o Paulo (USP, 2010). Pesquisador no Instituto de Desenvolvimento Rural do Paran\u00e1 (IDR-PR) na \u00e1rea de Sanidade Animal; Curr\u00edculo lattes;\u00a0<span style=\"color: #339966\"><a style=\"color: #339966\" href=\"http:\/\/lattes.cnpq.br\/5578665049932913\" target=\"_blank\" rel=\"noopener\">Curr\u00edculo Lattes<\/a><\/span><\/p>\n<p><strong>E-mail:<\/strong> joaohill@idr.pr.gov.br<\/p>\n<\/td>\n<\/tr>\n<\/tbody>\n<\/table>\n<table style=\"width: 100%;border-collapse: collapse;border-color: #ffffff;background-color: #ffffff\">\n<tbody>\n<tr>\n<td style=\"width: 22.45901639344262%\"><img loading=\"lazy\" decoding=\"async\" class=\"alignleft wp-image-5631\" src=\"https:\/\/agrarias.ufpr.br\/litz_ladex\/wp-content\/uploads\/sites\/35\/2021\/01\/Captura-de-Tela-2021-01-27-\u00e0s-13.40.36-252x300.png\" alt=\"\" width=\"188\" height=\"224\" srcset=\"https:\/\/agrarias.ufpr.br\/litez\/wp-content\/uploads\/sites\/35\/2021\/01\/Captura-de-Tela-2021-01-27-\u00e0s-13.40.36-252x300.png 252w, https:\/\/agrarias.ufpr.br\/litez\/wp-content\/uploads\/sites\/35\/2021\/01\/Captura-de-Tela-2021-01-27-\u00e0s-13.40.36-768x914.png 768w, https:\/\/agrarias.ufpr.br\/litez\/wp-content\/uploads\/sites\/35\/2021\/01\/Captura-de-Tela-2021-01-27-\u00e0s-13.40.36.png 860w, https:\/\/agrarias.ufpr.br\/litez\/wp-content\/uploads\/sites\/35\/2021\/01\/Captura-de-Tela-2021-01-27-\u00e0s-13.40.36-250x298.png 250w, https:\/\/agrarias.ufpr.br\/litez\/wp-content\/uploads\/sites\/35\/2021\/01\/Captura-de-Tela-2021-01-27-\u00e0s-13.40.36-101x120.png 101w\" sizes=\"auto, (max-width: 188px) 100vw, 188px\" \/><\/td>\n<td style=\"width: 77.54098360655738%\"><strong>Isabelle Cordova Gomes<\/strong>\n<p>Engenheira da Computa\u00e7\u00e3o formada pela Universidade Tecnol\u00f3gica Federal do Paran\u00e1 \/Pato Branco.\u00a0Mestranda no programa de P\u00f3s-Gradua\u00e7\u00e3o em Propriedade Intelectual e Transfer\u00eancia de Tecnologia para a Inova\u00e7\u00e3o da Universidade Estadual do Centro-Oeste &#8211; PR.\u00a0Professora de Rob\u00f3tica Educacional em Optimus Creative and Technology School. Professora nos cursos de Engenharia e coordenadora do curso de Engenharia de Software do Centro Universit\u00e1rio Campo Real.\u00a0<span style=\"color: #339966\"><a style=\"color: #339966\" href=\"http:\/\/lattes.cnpq.br\/0639498869855958\" target=\"_blank\" rel=\"noopener\">Curr\u00edculo Lattes<\/a><\/span><\/p>\n<p><strong>E-mail:<\/strong> isabellecordova@outlook.com<\/p>\n<\/td>\n<\/tr>\n<\/tbody>\n<\/table>\n<p><span style=\"font-size: 14pt;color: #008000\"><strong>CENTROS E GRUPOS DE PESQUISA E EXTENS\u00c3O<\/strong><\/span><\/p>\n<table style=\"border-collapse: collapse;width: 100%\">\n<tbody>\n<tr>\n<td style=\"width: 23.1824%\"><img loading=\"lazy\" decoding=\"async\" class=\"alignleft size-medium wp-image-5998\" src=\"https:\/\/agrarias.ufpr.br\/litez\/wp-content\/uploads\/sites\/35\/2022\/03\/Captura-de-Tela-2022-03-07-as-14.55.10-300x159.png\" alt=\"\" width=\"300\" height=\"159\" srcset=\"https:\/\/agrarias.ufpr.br\/litez\/wp-content\/uploads\/sites\/35\/2022\/03\/Captura-de-Tela-2022-03-07-as-14.55.10-300x159.png 300w, https:\/\/agrarias.ufpr.br\/litez\/wp-content\/uploads\/sites\/35\/2022\/03\/Captura-de-Tela-2022-03-07-as-14.55.10-1024x542.png 1024w, https:\/\/agrarias.ufpr.br\/litez\/wp-content\/uploads\/sites\/35\/2022\/03\/Captura-de-Tela-2022-03-07-as-14.55.10-768x407.png 768w, https:\/\/agrarias.ufpr.br\/litez\/wp-content\/uploads\/sites\/35\/2022\/03\/Captura-de-Tela-2022-03-07-as-14.55.10-250x132.png 250w, https:\/\/agrarias.ufpr.br\/litez\/wp-content\/uploads\/sites\/35\/2022\/03\/Captura-de-Tela-2022-03-07-as-14.55.10-160x85.png 160w, https:\/\/agrarias.ufpr.br\/litez\/wp-content\/uploads\/sites\/35\/2022\/03\/Captura-de-Tela-2022-03-07-as-14.55.10.png 1152w\" sizes=\"auto, (max-width: 300px) 100vw, 300px\" \/><\/td>\n<td style=\"width: 76.8176%\"><strong><span lang=\"EN-US\">Programa de P\u00f3s-Gradua\u00e7\u00e3o em Zootecnia &#8211; <span style=\"color: #339966\"><a style=\"color: #339966\" href=\"http:\/\/www.prppg.ufpr.br\/site\/ppgz\/pb\/\" target=\"_blank\" rel=\"noopener\">PPGZ\/ UFPR<\/a><\/span><\/span><\/strong><\/td>\n<\/tr>\n<\/tbody>\n<\/table>\n<table style=\"border-collapse: collapse;width: 100%\">\n<tbody>\n<tr>\n<td style=\"width: 22.8248%\"><img loading=\"lazy\" decoding=\"async\" class=\"alignleft size-medium wp-image-5999\" src=\"https:\/\/agrarias.ufpr.br\/litez\/wp-content\/uploads\/sites\/35\/2022\/03\/Imagem_Multidisciplinar-300x225.png\" alt=\"\" width=\"300\" height=\"225\" srcset=\"https:\/\/agrarias.ufpr.br\/litez\/wp-content\/uploads\/sites\/35\/2022\/03\/Imagem_Multidisciplinar-300x225.png 300w, https:\/\/agrarias.ufpr.br\/litez\/wp-content\/uploads\/sites\/35\/2022\/03\/Imagem_Multidisciplinar-250x188.png 250w, https:\/\/agrarias.ufpr.br\/litez\/wp-content\/uploads\/sites\/35\/2022\/03\/Imagem_Multidisciplinar-160x120.png 160w, https:\/\/agrarias.ufpr.br\/litez\/wp-content\/uploads\/sites\/35\/2022\/03\/Imagem_Multidisciplinar.png 720w\" sizes=\"auto, (max-width: 300px) 100vw, 300px\" \/><\/td>\n<td style=\"width: 77.1752%\"><strong><span lang=\"EN-US\">Grupo Multidisciplinar de Ensina Pesquisa e Extens\u00e3o &#8211; <span style=\"color: #339966\"><a style=\"color: #339966\" href=\"http:\/\/www.gege.agrarias.ufpr.br\" target=\"_blank\" rel=\"noopener\">GMEPE\/ UFPR<\/a><\/span><br \/><\/span><\/strong><\/td>\n<\/tr>\n<\/tbody>\n<\/table>\n<table style=\"height: 80px;width: 100%;border-collapse: collapse;border-color: #ffffff;background-color: #ffffff\">\n<tbody>\n<tr style=\"height: 204px\">\n<td style=\"width: 22.7869%;height: 80px\"><img loading=\"lazy\" decoding=\"async\" class=\"alignleft wp-image-5630\" src=\"https:\/\/agrarias.ufpr.br\/litez\/wp-content\/uploads\/sites\/35\/2021\/01\/IDR-300x300.jpeg\" alt=\"\" width=\"188\" height=\"188\" srcset=\"https:\/\/agrarias.ufpr.br\/litez\/wp-content\/uploads\/sites\/35\/2021\/01\/IDR-300x300.jpeg 300w, https:\/\/agrarias.ufpr.br\/litez\/wp-content\/uploads\/sites\/35\/2021\/01\/IDR-150x150.jpeg 150w, https:\/\/agrarias.ufpr.br\/litez\/wp-content\/uploads\/sites\/35\/2021\/01\/IDR-768x768.jpeg 768w, https:\/\/agrarias.ufpr.br\/litez\/wp-content\/uploads\/sites\/35\/2021\/01\/IDR-1024x1024.jpeg 1024w, https:\/\/agrarias.ufpr.br\/litez\/wp-content\/uploads\/sites\/35\/2021\/01\/IDR-250x250.jpeg 250w, https:\/\/agrarias.ufpr.br\/litez\/wp-content\/uploads\/sites\/35\/2021\/01\/IDR-120x120.jpeg 120w\" sizes=\"auto, (max-width: 188px) 100vw, 188px\" \/><\/td>\n<td style=\"width: 77.2131%;height: 80px\"><strong><span lang=\"EN-US\">Esta\u00e7\u00e3o de Pesquisa Agroecol\u00f3gica &#8211; CPRA \/\u00a0<\/span><\/strong><strong><span lang=\"EN-US\">Instituto de Desenvolvimento Rural do Paran\u00e1<\/span><\/strong>\u00a0<span style=\"color: #339966\"><a style=\"color: #339966\" href=\"http:\/\/www.idrparana.pr.gov.br\/#\" target=\"_blank\" rel=\"noopener\">IDR &#8211; Paran\u00e1<\/a><\/span><\/td>\n<\/tr>\n<\/tbody>\n<\/table>\n<table style=\"width: 100%;border-collapse: collapse;border-color: #ffffff;background-color: #ffffff\">\n<tbody>\n<tr>\n<td style=\"width: 22.89617486338798%\"><img loading=\"lazy\" decoding=\"async\" class=\"alignleft wp-image-5872\" src=\"https:\/\/agrarias.ufpr.br\/litez\/wp-content\/uploads\/sites\/35\/2021\/09\/GEBIOMET-300x225.jpg\" alt=\"\" width=\"191\" height=\"144\" srcset=\"https:\/\/agrarias.ufpr.br\/litez\/wp-content\/uploads\/sites\/35\/2021\/09\/GEBIOMET-300x225.jpg 300w, https:\/\/agrarias.ufpr.br\/litez\/wp-content\/uploads\/sites\/35\/2021\/09\/GEBIOMET-250x188.jpg 250w, https:\/\/agrarias.ufpr.br\/litez\/wp-content\/uploads\/sites\/35\/2021\/09\/GEBIOMET-160x120.jpg 160w, https:\/\/agrarias.ufpr.br\/litez\/wp-content\/uploads\/sites\/35\/2021\/09\/GEBIOMET.jpg 400w\" sizes=\"auto, (max-width: 191px) 100vw, 191px\" \/><\/td>\n<td style=\"width: 77.10382513661202%\"><strong><span lang=\"EN-US\">Grupo de Estudos em Biometeorologia &#8211; \u00a0<\/span><\/strong><span lang=\"EN-US\" style=\"color: #339966\"><a style=\"color: #339966\" href=\"http:\/\/gebiomet.com.br\" target=\"_blank\" rel=\"noopener\">GEBIOMET<\/a><\/span><\/td>\n<\/tr>\n<\/tbody>\n<\/table>\n<table style=\"width: 100%;border-collapse: collapse;border-color: #ffffff;background-color: #ffffff;height: 342px\">\n<tbody>\n<tr style=\"height: 162px\">\n<td style=\"width: 188.719px;height: 162px\"><img loading=\"lazy\" decoding=\"async\" class=\"size-full wp-image-5873 aligncenter\" src=\"https:\/\/agrarias.ufpr.br\/litez\/wp-content\/uploads\/sites\/35\/2021\/09\/PROZOO.png\" alt=\"\" width=\"162\" height=\"162\" srcset=\"https:\/\/agrarias.ufpr.br\/litez\/wp-content\/uploads\/sites\/35\/2021\/09\/PROZOO.png 162w, https:\/\/agrarias.ufpr.br\/litez\/wp-content\/uploads\/sites\/35\/2021\/09\/PROZOO-150x150.png 150w, https:\/\/agrarias.ufpr.br\/litez\/wp-content\/uploads\/sites\/35\/2021\/09\/PROZOO-120x120.png 120w\" sizes=\"auto, (max-width: 162px) 100vw, 162px\" \/><\/td>\n<td style=\"width: 642.688px;height: 162px\">\n<p><strong><span lang=\"EN-US\">Empresa J\u00fanior de Consultoria e Produtividade em Zootecnia &#8211; \u00a0<\/span><\/strong><span lang=\"EN-US\" style=\"color: #339966\"><a style=\"color: #339966\" href=\"http:\/\/www.prozooconsultoriajunior.com\/\" target=\"_blank\" rel=\"noopener\">PROZOO<\/a><\/span><\/p>\n<p>\u00a0<\/p>\n<\/td>\n<\/tr>\n<tr style=\"height: 83px\">\n<td style=\"width: 188.719px;height: 83px\"><a href=\"https:\/\/agrarias.ufpr.br\/litez\/wp-content\/uploads\/sites\/35\/2024\/11\/logo-vaccinar-nova.svg\"><img loading=\"lazy\" decoding=\"async\" class=\" wp-image-6118 aligncenter\" src=\"https:\/\/agrarias.ufpr.br\/litez\/wp-content\/uploads\/sites\/35\/2024\/11\/logo-vaccinar-nova.svg\" alt=\"\" width=\"176\" height=\"81\" \/><\/a><\/td>\n<td style=\"width: 642.688px;height: 83px\">\n<p><strong><span lang=\"EN-US\">Vaccinar Nutri\u00e7\u00e3o Animal &#8211; <\/span><\/strong><span lang=\"EN-US\"><span style=\"color: #339966\"><a style=\"color: #339966\" href=\"https:\/\/vaccinar.com.br\/\">Vaccinar<\/a><\/span><\/span><\/p>\n<p>\u00a0<\/p>\n<\/td>\n<\/tr>\n<tr style=\"height: 97px\">\n<td style=\"width: 188.719px;height: 97px\">\n<div><strong><span lang=\"EN-US\"><img loading=\"lazy\" decoding=\"async\" class=\"wp-image-6119  aligncenter\" src=\"https:\/\/agrarias.ufpr.br\/litez\/wp-content\/uploads\/sites\/35\/2024\/11\/gallus-300x169.jpg\" alt=\"\" width=\"162\" height=\"91\" srcset=\"https:\/\/agrarias.ufpr.br\/litez\/wp-content\/uploads\/sites\/35\/2024\/11\/gallus-300x169.jpg 300w, https:\/\/agrarias.ufpr.br\/litez\/wp-content\/uploads\/sites\/35\/2024\/11\/gallus-1024x576.jpg 1024w, https:\/\/agrarias.ufpr.br\/litez\/wp-content\/uploads\/sites\/35\/2024\/11\/gallus-768x432.jpg 768w, https:\/\/agrarias.ufpr.br\/litez\/wp-content\/uploads\/sites\/35\/2024\/11\/gallus-1536x864.jpg 1536w, https:\/\/agrarias.ufpr.br\/litez\/wp-content\/uploads\/sites\/35\/2024\/11\/gallus-250x141.jpg 250w, https:\/\/agrarias.ufpr.br\/litez\/wp-content\/uploads\/sites\/35\/2024\/11\/gallus-160x90.jpg 160w, https:\/\/agrarias.ufpr.br\/litez\/wp-content\/uploads\/sites\/35\/2024\/11\/gallus-200x113.jpg 200w, https:\/\/agrarias.ufpr.br\/litez\/wp-content\/uploads\/sites\/35\/2024\/11\/gallus.jpg 1920w\" sizes=\"auto, (max-width: 162px) 100vw, 162px\" \/><\/span><\/strong><\/div>\n<\/td>\n<td style=\"width: 642.688px;height: 97px\">\n<p><strong><span lang=\"EN-US\">Gallus equipamentos &#8211;<\/span><\/strong><span lang=\"EN-US\"><span style=\"color: #339966\"><a style=\"color: #339966\" href=\"https:\/\/gallus.ind.br\/?doing_wp_cron=1730462252.6477909088134765625000\">Gallus<\/a><\/span><\/span><\/p>\n<\/td>\n<\/tr>\n<\/tbody>\n<\/table>\n<\/td>\n<\/tr>\n<\/tbody>\n<\/table>\n\n\n<p><\/p>\n","protected":false},"excerpt":{"rendered":"<p>PESQUISADORES Prof. Dr. Matheus Deniz Zootecnista formado pela Universidade Tecnol\u00f3gica Federal do Paran\u00e1\/Dois Vizinhos (UTFPR \u2013 DV, 2016). Mestre em Agroecossistemas pela Universidade Federal de Santa Catarina (UFSC, 2018). Doutor em Zootecnia pela Universidade Federal do Paran\u00e1 (UFPR, 2022). Professor na\u00a0Faculdade de Medicina Veterin\u00e1ria e Zootecnia da Universidade Estadual Paulista &#8220;J\u00falio de Mesquita Filho&#8221; &#8211; [&hellip;]<\/p>\n","protected":false},"author":10259,"featured_media":0,"parent":0,"menu_order":0,"comment_status":"closed","ping_status":"closed","template":"","meta":{"footnotes":""},"class_list":["post-5500","page","type-page","status-publish","hentry"],"_links":{"self":[{"href":"https:\/\/agrarias.ufpr.br\/litez\/wp-json\/wp\/v2\/pages\/5500","targetHints":{"allow":["GET"]}}],"collection":[{"href":"https:\/\/agrarias.ufpr.br\/litez\/wp-json\/wp\/v2\/pages"}],"about":[{"href":"https:\/\/agrarias.ufpr.br\/litez\/wp-json\/wp\/v2\/types\/page"}],"author":[{"embeddable":true,"href":"https:\/\/agrarias.ufpr.br\/litez\/wp-json\/wp\/v2\/users\/10259"}],"replies":[{"embeddable":true,"href":"https:\/\/agrarias.ufpr.br\/litez\/wp-json\/wp\/v2\/comments?post=5500"}],"version-history":[{"count":34,"href":"https:\/\/agrarias.ufpr.br\/litez\/wp-json\/wp\/v2\/pages\/5500\/revisions"}],"predecessor-version":[{"id":6120,"href":"https:\/\/agrarias.ufpr.br\/litez\/wp-json\/wp\/v2\/pages\/5500\/revisions\/6120"}],"wp:attachment":[{"href":"https:\/\/agrarias.ufpr.br\/litez\/wp-json\/wp\/v2\/media?parent=5500"}],"curies":[{"name":"wp","href":"https:\/\/api.w.org\/{rel}","templated":true}]}}