{"id":5489,"date":"2017-10-26T13:15:03","date_gmt":"2017-10-26T13:15:03","guid":{"rendered":"https:\/\/agrarias.ufpr.br\/linave\/?page_id=5489"},"modified":"2021-12-02T13:12:08","modified_gmt":"2021-12-02T13:12:08","slug":"quem-somos","status":"publish","type":"page","link":"https:\/\/agrarias.ufpr.br\/litez\/quem-somos\/","title":{"rendered":"Quem Somos"},"content":{"rendered":"<table style=\"height: 245px;width: 100.76373135597801%;border-collapse: collapse;border-color: #68de86;background-color: #ffffff\" border=\"3\">\n<tbody>\n<tr style=\"height: 265px\">\n<td style=\"width: 100%;height: 245px\">\n<table style=\"border-style: dotted\" border=\"0\">\n<tbody>\n<tr style=\"height: 24px\">\n<td style=\"width: 171px;height: 10px\"><img loading=\"lazy\" decoding=\"async\" class=\"alignleft wp-image-5546\" src=\"https:\/\/agrarias.ufpr.br\/litz_ladex\/wp-content\/uploads\/sites\/35\/2021\/01\/LITEZ_LOGO-300x300.png\" alt=\"\" width=\"187\" height=\"187\" srcset=\"https:\/\/agrarias.ufpr.br\/litez\/wp-content\/uploads\/sites\/35\/2021\/01\/LITEZ_LOGO-300x300.png 300w, https:\/\/agrarias.ufpr.br\/litez\/wp-content\/uploads\/sites\/35\/2021\/01\/LITEZ_LOGO-150x150.png 150w, https:\/\/agrarias.ufpr.br\/litez\/wp-content\/uploads\/sites\/35\/2021\/01\/LITEZ_LOGO-250x250.png 250w, https:\/\/agrarias.ufpr.br\/litez\/wp-content\/uploads\/sites\/35\/2021\/01\/LITEZ_LOGO-120x120.png 120w, https:\/\/agrarias.ufpr.br\/litez\/wp-content\/uploads\/sites\/35\/2021\/01\/LITEZ_LOGO.png 500w\" sizes=\"auto, (max-width: 187px) 100vw, 187px\" \/><\/td>\n<td style=\"width: 743px;height: 10px\">O LITEZ &#8211; <span style=\"color: #339966\"><strong>Laborat\u00f3rio de Inova\u00e7\u00f5es Tecnol\u00f3gicas em Zootecnia<\/strong><\/span> foi criado em 2019 com a premissa de desenvolver e aplicar inova\u00e7\u00f5es tecnol\u00f3gicas para a melhoria do trabalho nos sistemas de produ\u00e7\u00e3o.&nbsp;<\/td>\n<\/tr>\n<\/tbody>\n<\/table>\n<p><span style=\"font-family: georgia, palatino, serif\">O <span style=\"color: #339966\"><strong>LITEZ<\/strong><\/span>&nbsp;\u00e9 um laborat\u00f3rio zoot\u00e9cnico multidisciplinar com atua\u00e7\u00e3o multi esp\u00e9cie, com \u00eanfase em: aves, su\u00ednos e bovinos leiteiros. Atua aplicando recursos de Zootecnia de Precis\u00e3o com foco no desenvolvimento de sistemas baseados em intelig\u00eancia artificial com aplica\u00e7\u00e3o de tecnologias voltadas ao bem-estar dos animais de fazenda e dos seres humanos, considerando a sustentabilidade do sistema de produ\u00e7\u00e3o.&nbsp;<span style=\"font-size: inherit\">Os principais interesses de pesquisa do LITEZ incluem: Biometeorologia, Zootecnia de Precis\u00e3o, Comportamento e Bem-Estar animal, modelagem fuzzy e minera\u00e7\u00e3o de dados. Por\u00e9m, n\u00e3o se restringem somente a esses.<\/span><\/span><\/p>\n<p><span style=\"font-family: georgia, palatino, serif\"><span style=\"font-size: inherit\">Buscamos desenvolver uma melhor rela\u00e7\u00e3o entre seres humanos e animais de produ\u00e7\u00e3o ajustando \u00e0s diferentes necessidades dos sistemas produtivos. Embora algumas tecnologias n\u00e3o sejam novas propriamente ditas, reavalia\u00e7\u00f5es s\u00e3o necess\u00e1rias para aplica\u00e7\u00f5es inovadoras.&nbsp;Atrav\u00e9s da aplica\u00e7\u00e3o de tecnologias \u00e9 poss\u00edvel atender a uma demanda crescente da sociedade; que \u00e9 a preocupa\u00e7\u00e3o com o bem-estar dos animais e o meio ambiente. O <\/span><span style=\"color: #339966\"><strong>LITEZ<\/strong><\/span><span style=\"font-size: inherit\"> apoia-se na multidisciplinariedade para desenvolver uma melhor rela\u00e7\u00e3o entre os seres humanos e a produ\u00e7\u00e3o animal. Assim como, formar ambiente f\u00edsico, tecnol\u00f3gico e cultural para o desenvolvimento de pessoas em a\u00e7\u00f5es acad\u00eamicas de ensino, pesquisa e extens\u00e3o.&nbsp;<\/span><\/span><\/td>\n<\/tr>\n<\/tbody>\n<\/table>\n","protected":false},"excerpt":{"rendered":"<p>O LITEZ &#8211; Laborat\u00f3rio de Inova\u00e7\u00f5es Tecnol\u00f3gicas em Zootecnia foi criado em 2019 com a premissa de desenvolver e aplicar inova\u00e7\u00f5es tecnol\u00f3gicas para a melhoria do trabalho nos sistemas de produ\u00e7\u00e3o.&nbsp; O LITEZ&nbsp;\u00e9 um laborat\u00f3rio zoot\u00e9cnico multidisciplinar com atua\u00e7\u00e3o multi esp\u00e9cie, com \u00eanfase em: aves, su\u00ednos e bovinos leiteiros. Atua aplicando recursos de Zootecnia de [&hellip;]<\/p>\n","protected":false},"author":10259,"featured_media":0,"parent":0,"menu_order":0,"comment_status":"closed","ping_status":"closed","template":"","meta":{"footnotes":""},"class_list":["post-5489","page","type-page","status-publish","hentry"],"_links":{"self":[{"href":"https:\/\/agrarias.ufpr.br\/litez\/wp-json\/wp\/v2\/pages\/5489","targetHints":{"allow":["GET"]}}],"collection":[{"href":"https:\/\/agrarias.ufpr.br\/litez\/wp-json\/wp\/v2\/pages"}],"about":[{"href":"https:\/\/agrarias.ufpr.br\/litez\/wp-json\/wp\/v2\/types\/page"}],"author":[{"embeddable":true,"href":"https:\/\/agrarias.ufpr.br\/litez\/wp-json\/wp\/v2\/users\/10259"}],"replies":[{"embeddable":true,"href":"https:\/\/agrarias.ufpr.br\/litez\/wp-json\/wp\/v2\/comments?post=5489"}],"version-history":[{"count":42,"href":"https:\/\/agrarias.ufpr.br\/litez\/wp-json\/wp\/v2\/pages\/5489\/revisions"}],"predecessor-version":[{"id":5960,"href":"https:\/\/agrarias.ufpr.br\/litez\/wp-json\/wp\/v2\/pages\/5489\/revisions\/5960"}],"wp:attachment":[{"href":"https:\/\/agrarias.ufpr.br\/litez\/wp-json\/wp\/v2\/media?parent=5489"}],"curies":[{"name":"wp","href":"https:\/\/api.w.org\/{rel}","templated":true}]}}