{"id":93,"date":"2015-03-19T18:25:49","date_gmt":"2015-03-19T18:25:49","guid":{"rendered":"https:\/\/agrarias.ufpr.br\/hv\/?page_id=93"},"modified":"2025-02-20T19:42:21","modified_gmt":"2025-02-20T19:42:21","slug":"projetos","status":"publish","type":"page","link":"https:\/\/agrarias.ufpr.br\/hv\/projetos\/","title":{"rendered":"Projetos"},"content":{"rendered":"\n<p><\/p>\n\n\n\n<p>O solicitante deve seguir o passo a passo abaixo para obter assinatura do coordenador do HV no Termo de Ci\u00eancia, para os projetos e pesquisa que venham a ser desenvolvidos nas depend\u00eancias deste HV, ap\u00f3s submiss\u00e3o e aprova\u00e7\u00e3o pela CEUA :<\/p>\n\n\n\n<ul class=\"wp-block-list\">\n<li>Preencher o termo de ci\u00eancia (nome do projeto, nome do coordenador e per\u00edodo de vig\u00eancia);<\/li>\n\n\n\n<li>Encaminhar o termo de ci\u00eancia, bem como o projeto de pesquisa,&nbsp;ambos em PDF, ao e-mail hv@ufpr.br;<\/li>\n\n\n\n<li>Ap\u00f3s aprova\u00e7\u00e3o do projeto de pesquisa pela CEUA, informar atrav\u00e9s do e-mail <strong>hv@ufpr.br<\/strong> o n\u00famero do registro(protocolo).<\/li>\n<\/ul>\n\n\n\n<p>Ap\u00f3s assinatura do coordenador do HV no termo de ci\u00eancia, o documento ser\u00e1 digitalizado e encaminhado ao e-mail do solicitante.<\/p>\n\n\n\n<p>O termo de ci\u00eancia n\u00e3o ser\u00e1 assinado caso o projeto de pesquisa n\u00e3o seja enviado.<\/p>\n\n\n<p>\u00a0<\/p>\n<p><a href=\"https:\/\/agrarias.ufpr.br\/hv\/wp-content\/uploads\/sites\/19\/2025\/02\/MODELO-termo-de-ciencia-comite-de-etica-no-uso-de-animais-SCA.pdf\" target=\"_blank\" rel=\"noopener\">TERMO DE CI\u00caNCIA &#8211; PROJETO DE PESQUISA<\/a><\/p>\n\n\n<p><\/p>\n","protected":false},"excerpt":{"rendered":"<p>O solicitante deve seguir o passo a passo abaixo para obter assinatura do coordenador do HV no Termo de Ci\u00eancia, para os projetos e pesquisa que venham a ser desenvolvidos nas depend\u00eancias deste HV, ap\u00f3s submiss\u00e3o e aprova\u00e7\u00e3o pela CEUA : Ap\u00f3s assinatura do coordenador do HV no termo de ci\u00eancia, o documento ser\u00e1 digitalizado [&hellip;]<\/p>\n","protected":false},"author":1837,"featured_media":0,"parent":0,"menu_order":0,"comment_status":"open","ping_status":"open","template":"","meta":{"footnotes":""},"class_list":["post-93","page","type-page","status-publish","hentry"],"_links":{"self":[{"href":"https:\/\/agrarias.ufpr.br\/hv\/wp-json\/wp\/v2\/pages\/93","targetHints":{"allow":["GET"]}}],"collection":[{"href":"https:\/\/agrarias.ufpr.br\/hv\/wp-json\/wp\/v2\/pages"}],"about":[{"href":"https:\/\/agrarias.ufpr.br\/hv\/wp-json\/wp\/v2\/types\/page"}],"author":[{"embeddable":true,"href":"https:\/\/agrarias.ufpr.br\/hv\/wp-json\/wp\/v2\/users\/1837"}],"replies":[{"embeddable":true,"href":"https:\/\/agrarias.ufpr.br\/hv\/wp-json\/wp\/v2\/comments?post=93"}],"version-history":[{"count":12,"href":"https:\/\/agrarias.ufpr.br\/hv\/wp-json\/wp\/v2\/pages\/93\/revisions"}],"predecessor-version":[{"id":6989,"href":"https:\/\/agrarias.ufpr.br\/hv\/wp-json\/wp\/v2\/pages\/93\/revisions\/6989"}],"wp:attachment":[{"href":"https:\/\/agrarias.ufpr.br\/hv\/wp-json\/wp\/v2\/media?parent=93"}],"curies":[{"name":"wp","href":"https:\/\/api.w.org\/{rel}","templated":true}]}}