{"id":90,"date":"2015-03-19T18:25:11","date_gmt":"2015-03-19T18:25:11","guid":{"rendered":"https:\/\/agrarias.ufpr.br\/hv\/?page_id=90"},"modified":"2026-03-24T14:24:34","modified_gmt":"2026-03-24T14:24:34","slug":"horarios","status":"publish","type":"page","link":"https:\/\/agrarias.ufpr.br\/hv\/horarios\/","title":{"rendered":"Hor\u00e1rios"},"content":{"rendered":"\n<h4 class=\"wp-block-heading widget-title\">Funcionamento Interno do Hospital Veterin\u00e1rio:<\/h4>\n\n\n\n<ul class=\"wp-block-list\">\n<li><strong>24 horas<\/strong><\/li>\n<\/ul>\n\n\n\n<h4 class=\"wp-block-heading widget-title\">Atendimento ao P\u00fablico Externo:<\/h4>\n\n\n\n<ul class=\"wp-block-list\">\n<li><strong>Segunda a Sexta-feira:<\/strong><\/li>\n<\/ul>\n\n\n\n<p>Das 07:30h \u00e0s 19:30h<\/p>\n\n\n\n<h4 class=\"wp-block-heading widget-title\">Atendimento da Central de Agendamento de Consultas e Exames (somente por telefone):<\/h4>\n\n\n\n<ul class=\"wp-block-list\">\n<li><strong>Segunda a Sexta-feira:<\/strong><\/li>\n<\/ul>\n\n\n\n<p>Das 08:00h \u00e0s 18:00h<\/p>\n","protected":false},"excerpt":{"rendered":"<p>Funcionamento Interno do Hospital Veterin\u00e1rio: Atendimento ao P\u00fablico Externo: Das 07:30h \u00e0s 19:30h Atendimento da Central de Agendamento de Consultas e Exames (somente por telefone): Das 08:00h \u00e0s 18:00h<\/p>\n","protected":false},"author":1837,"featured_media":0,"parent":0,"menu_order":0,"comment_status":"open","ping_status":"open","template":"","meta":{"footnotes":""},"class_list":["post-90","page","type-page","status-publish","hentry"],"_links":{"self":[{"href":"https:\/\/agrarias.ufpr.br\/hv\/wp-json\/wp\/v2\/pages\/90","targetHints":{"allow":["GET"]}}],"collection":[{"href":"https:\/\/agrarias.ufpr.br\/hv\/wp-json\/wp\/v2\/pages"}],"about":[{"href":"https:\/\/agrarias.ufpr.br\/hv\/wp-json\/wp\/v2\/types\/page"}],"author":[{"embeddable":true,"href":"https:\/\/agrarias.ufpr.br\/hv\/wp-json\/wp\/v2\/users\/1837"}],"replies":[{"embeddable":true,"href":"https:\/\/agrarias.ufpr.br\/hv\/wp-json\/wp\/v2\/comments?post=90"}],"version-history":[{"count":18,"href":"https:\/\/agrarias.ufpr.br\/hv\/wp-json\/wp\/v2\/pages\/90\/revisions"}],"predecessor-version":[{"id":7573,"href":"https:\/\/agrarias.ufpr.br\/hv\/wp-json\/wp\/v2\/pages\/90\/revisions\/7573"}],"wp:attachment":[{"href":"https:\/\/agrarias.ufpr.br\/hv\/wp-json\/wp\/v2\/media?parent=90"}],"curies":[{"name":"wp","href":"https:\/\/api.w.org\/{rel}","templated":true}]}}