{"id":87,"date":"2015-03-19T18:23:35","date_gmt":"2015-03-19T18:23:35","guid":{"rendered":"https:\/\/agrarias.ufpr.br\/hv\/?page_id=87"},"modified":"2025-03-18T12:46:46","modified_gmt":"2025-03-18T12:46:46","slug":"especialidades","status":"publish","type":"page","link":"https:\/\/agrarias.ufpr.br\/hv\/especialidades\/","title":{"rendered":"Especialidades"},"content":{"rendered":"<ul style=\"list-style-type: square\">\n<li><span style=\"color: #000000\"><strong>Anestesiologia Veterin\u00e1ria<\/strong><\/span><\/li>\n<li><span style=\"color: #000000\"><strong>Cardiologia de Pequenos Animais: <\/strong><span style=\"background-color: #ffffff\">agendamento realizado somente pelo M\u00e9dico Veterin\u00e1rio do HV;<\/span><\/span><\/li>\n<li><span style=\"color: #000000\"><strong>Cl\u00ednica M\u00e9dica de Pequenos Animais<\/strong><\/span><\/li>\n<li><span style=\"color: #000000\"><strong>Cl\u00ednica Cir\u00fargica de Pequenos Animais<\/strong><\/span><\/li>\n<li><span style=\"color: #000000\"><strong>Cl\u00ednica M\u00e9dica e Cir\u00fargica de Grandes Animais<\/strong><\/span><\/li>\n<li><span style=\"color: #000000\"><strong>Medicina Zool\u00f3gica<\/strong><\/span><\/li>\n<li><span style=\"color: #000000\"><strong>Dermatologia Veterin\u00e1ria<\/strong><\/span><\/li>\n<li><span style=\"color: #000000\"><strong>Diagn\u00f3stico por Imagem: <\/strong>agendamento realizado somente pelo M\u00e9dico Veterin\u00e1rio do HV;<\/span><\/li>\n<li><span style=\"color: #000000\"><strong>Medicina Veterin\u00e1ria do Coletivo<\/strong><\/span><\/li>\n<li><span style=\"color: #000000\"><strong>Odontologia Veterin\u00e1ria<\/strong><\/span><\/li>\n<li><span style=\"color: #000000\"><strong>Oncologia Veterin\u00e1ria<\/strong><\/span><\/li>\n<li><span style=\"color: #000000\"><strong>Oftalmologia Veterin\u00e1ria<\/strong><\/span><\/li>\n<li><span style=\"color: #000000\"><strong>Ornitopatologia<\/strong><\/span><\/li>\n<li><span style=\"color: #000000\"><strong>Patologia Veterin\u00e1ria<\/strong><\/span><\/li>\n<li><span style=\"color: #000000\"><strong>Patologia Cl\u00ednica Veterin\u00e1ria<\/strong><\/span><\/li>\n<li><span style=\"color: #000000\"><strong>Patologia Cl\u00ednica Veterin\u00e1ria \u2013 \u00e1rea de atua\u00e7\u00e3o em Biologia Molecular<\/strong><\/span><\/li>\n<\/ul>\n\n\n<p><\/p>\n\n\n\n<p>Todas as especialidades s\u00e3o agendadas pelos telefones (41) 3350-5616&nbsp;<img loading=\"lazy\" decoding=\"async\" width=\"20\" height=\"20\" src=\"https:\/\/agrarias.ufpr.br\/wp-content\/themes\/wpufpr_zurb6_hv_menu\/images\/whatsapp.jpg\"> (41) 3350-5785, exceto <strong>Cardiologia de Pequenos Animais<\/strong> e <strong>Diagn\u00f3stico por Imagem<\/strong>, para as quais o agendamento \u00e9 realizado <strong>somente pelo M\u00e9dico Veterin\u00e1rio do HV<\/strong><\/p>\n","protected":false},"excerpt":{"rendered":"<p>Anestesiologia Veterin\u00e1ria Cardiologia de Pequenos Animais: agendamento realizado somente pelo M\u00e9dico Veterin\u00e1rio do HV; Cl\u00ednica M\u00e9dica de Pequenos Animais Cl\u00ednica Cir\u00fargica de Pequenos Animais Cl\u00ednica M\u00e9dica e Cir\u00fargica de Grandes Animais Medicina Zool\u00f3gica Dermatologia Veterin\u00e1ria Diagn\u00f3stico por Imagem: agendamento realizado somente pelo M\u00e9dico Veterin\u00e1rio do HV; Medicina Veterin\u00e1ria do Coletivo Odontologia Veterin\u00e1ria Oncologia Veterin\u00e1ria Oftalmologia [&hellip;]<\/p>\n","protected":false},"author":1837,"featured_media":0,"parent":0,"menu_order":0,"comment_status":"open","ping_status":"open","template":"","meta":{"footnotes":""},"class_list":["post-87","page","type-page","status-publish","hentry"],"_links":{"self":[{"href":"https:\/\/agrarias.ufpr.br\/hv\/wp-json\/wp\/v2\/pages\/87","targetHints":{"allow":["GET"]}}],"collection":[{"href":"https:\/\/agrarias.ufpr.br\/hv\/wp-json\/wp\/v2\/pages"}],"about":[{"href":"https:\/\/agrarias.ufpr.br\/hv\/wp-json\/wp\/v2\/types\/page"}],"author":[{"embeddable":true,"href":"https:\/\/agrarias.ufpr.br\/hv\/wp-json\/wp\/v2\/users\/1837"}],"replies":[{"embeddable":true,"href":"https:\/\/agrarias.ufpr.br\/hv\/wp-json\/wp\/v2\/comments?post=87"}],"version-history":[{"count":28,"href":"https:\/\/agrarias.ufpr.br\/hv\/wp-json\/wp\/v2\/pages\/87\/revisions"}],"predecessor-version":[{"id":7046,"href":"https:\/\/agrarias.ufpr.br\/hv\/wp-json\/wp\/v2\/pages\/87\/revisions\/7046"}],"wp:attachment":[{"href":"https:\/\/agrarias.ufpr.br\/hv\/wp-json\/wp\/v2\/media?parent=87"}],"curies":[{"name":"wp","href":"https:\/\/api.w.org\/{rel}","templated":true}]}}