{"id":8009,"date":"2026-03-30T16:55:24","date_gmt":"2026-03-30T16:55:24","guid":{"rendered":"https:\/\/agrarias.ufpr.br\/hv\/?page_id=8009"},"modified":"2026-03-30T16:55:24","modified_gmt":"2026-03-30T16:55:24","slug":"doencas-transmitidas-por-vetores","status":"publish","type":"page","link":"https:\/\/agrarias.ufpr.br\/hv\/doencas-transmitidas-por-vetores\/","title":{"rendered":"Doen\u00e7as Transmitidas por Vetores"},"content":{"rendered":"\n<ul class=\"wp-block-list\">\n<li><strong>Laborat\u00f3rio de Doen\u00e7as Transmitidas por Vetores<\/strong><\/li>\n<\/ul>\n\n\n\n<p>Professora Respons\u00e1vel:&nbsp; Julia Arantes Galv\u00e3o&nbsp;<\/p>\n\n\n\n<p>T\u00e9cnica em laborat\u00f3rio vinculada: Tatiane Brugnari<\/p>\n\n\n\n<p>M\u00e9dica Veterin\u00e1ria vinculada: Larissa Dantas R. Ferrari<\/p>\n\n\n\n<p>E-mail: julia.galvao@ufpr.br&nbsp;<\/p>\n\n\n\n<p>Telefone: 3350-5828<\/p>\n","protected":false},"excerpt":{"rendered":"<p>Professora Respons\u00e1vel:&nbsp; Julia Arantes Galv\u00e3o&nbsp; T\u00e9cnica em laborat\u00f3rio vinculada: Tatiane Brugnari M\u00e9dica Veterin\u00e1ria vinculada: Larissa Dantas R. Ferrari E-mail: julia.galvao@ufpr.br&nbsp; Telefone: 3350-5828<\/p>\n","protected":false},"author":10316,"featured_media":0,"parent":0,"menu_order":0,"comment_status":"closed","ping_status":"closed","template":"","meta":{"footnotes":""},"class_list":["post-8009","page","type-page","status-publish","hentry"],"_links":{"self":[{"href":"https:\/\/agrarias.ufpr.br\/hv\/wp-json\/wp\/v2\/pages\/8009","targetHints":{"allow":["GET"]}}],"collection":[{"href":"https:\/\/agrarias.ufpr.br\/hv\/wp-json\/wp\/v2\/pages"}],"about":[{"href":"https:\/\/agrarias.ufpr.br\/hv\/wp-json\/wp\/v2\/types\/page"}],"author":[{"embeddable":true,"href":"https:\/\/agrarias.ufpr.br\/hv\/wp-json\/wp\/v2\/users\/10316"}],"replies":[{"embeddable":true,"href":"https:\/\/agrarias.ufpr.br\/hv\/wp-json\/wp\/v2\/comments?post=8009"}],"version-history":[{"count":1,"href":"https:\/\/agrarias.ufpr.br\/hv\/wp-json\/wp\/v2\/pages\/8009\/revisions"}],"predecessor-version":[{"id":8010,"href":"https:\/\/agrarias.ufpr.br\/hv\/wp-json\/wp\/v2\/pages\/8009\/revisions\/8010"}],"wp:attachment":[{"href":"https:\/\/agrarias.ufpr.br\/hv\/wp-json\/wp\/v2\/media?parent=8009"}],"curies":[{"name":"wp","href":"https:\/\/api.w.org\/{rel}","templated":true}]}}