{"id":8005,"date":"2026-03-30T16:53:55","date_gmt":"2026-03-30T16:53:55","guid":{"rendered":"https:\/\/agrarias.ufpr.br\/hv\/?page_id=8005"},"modified":"2026-03-30T16:53:55","modified_gmt":"2026-03-30T16:53:55","slug":"patologia-veterinaria","status":"publish","type":"page","link":"https:\/\/agrarias.ufpr.br\/hv\/patologia-veterinaria\/","title":{"rendered":"Patologia Veterin\u00e1ria"},"content":{"rendered":"\n<ul class=\"wp-block-list\">\n<li><strong>Laborat\u00f3rio de Patologia Animal<\/strong><\/li>\n<\/ul>\n\n\n\n<p>Realiza diagn\u00f3sticos de doen\u00e7as em animais dom\u00e9sticos e silvestres. Realiza os seguintes exames: citologico, histopatol\u00f3gico, necropsia e imuno-histoqu\u00edmica. As necropsias s\u00e3o realizadas tanto nas depend\u00eancias do LPV como a campo (sob demanda). Os exames de imuno-histoqu\u00edmica, atualmente, abrangem projetos espec\u00edficos e n\u00e3o diagn\u00f3stico de rotina. O LPV configura um local de apoio ao desenvolvimento de projetos de ensino, pesquisa e extens\u00e3o com participa\u00e7\u00e3o de professores, residentes e alunos de gradua\u00e7\u00e3o e p\u00f3s-gradua\u00e7\u00e3o. O site do LPV encontra-se em constru\u00e7\u00e3o.<\/p>\n\n\n\n<p>Professores Respons\u00e1veis: Renato Silva de Sousa e Ant\u00f4nio Waldir Cunha da Silva<strong><br><\/strong>E-mail: patologiaveterinaria@ufpr.br<strong><br><\/strong>T\u00e9cnicos de laborat\u00f3rio vinculados: Hilda Aparecida dos Santos e Jefferson Torres Martins<strong><br><\/strong>Telefone: 3350-5737<\/p>\n","protected":false},"excerpt":{"rendered":"<p>Realiza diagn\u00f3sticos de doen\u00e7as em animais dom\u00e9sticos e silvestres. Realiza os seguintes exames: citologico, histopatol\u00f3gico, necropsia e imuno-histoqu\u00edmica. As necropsias s\u00e3o realizadas tanto nas depend\u00eancias do LPV como a campo (sob demanda). Os exames de imuno-histoqu\u00edmica, atualmente, abrangem projetos espec\u00edficos e n\u00e3o diagn\u00f3stico de rotina. O LPV configura um local de apoio ao desenvolvimento de [&hellip;]<\/p>\n","protected":false},"author":10316,"featured_media":0,"parent":0,"menu_order":0,"comment_status":"closed","ping_status":"closed","template":"","meta":{"footnotes":""},"class_list":["post-8005","page","type-page","status-publish","hentry"],"_links":{"self":[{"href":"https:\/\/agrarias.ufpr.br\/hv\/wp-json\/wp\/v2\/pages\/8005","targetHints":{"allow":["GET"]}}],"collection":[{"href":"https:\/\/agrarias.ufpr.br\/hv\/wp-json\/wp\/v2\/pages"}],"about":[{"href":"https:\/\/agrarias.ufpr.br\/hv\/wp-json\/wp\/v2\/types\/page"}],"author":[{"embeddable":true,"href":"https:\/\/agrarias.ufpr.br\/hv\/wp-json\/wp\/v2\/users\/10316"}],"replies":[{"embeddable":true,"href":"https:\/\/agrarias.ufpr.br\/hv\/wp-json\/wp\/v2\/comments?post=8005"}],"version-history":[{"count":1,"href":"https:\/\/agrarias.ufpr.br\/hv\/wp-json\/wp\/v2\/pages\/8005\/revisions"}],"predecessor-version":[{"id":8006,"href":"https:\/\/agrarias.ufpr.br\/hv\/wp-json\/wp\/v2\/pages\/8005\/revisions\/8006"}],"wp:attachment":[{"href":"https:\/\/agrarias.ufpr.br\/hv\/wp-json\/wp\/v2\/media?parent=8005"}],"curies":[{"name":"wp","href":"https:\/\/api.w.org\/{rel}","templated":true}]}}