{"id":7995,"date":"2026-03-30T16:45:58","date_gmt":"2026-03-30T16:45:58","guid":{"rendered":"https:\/\/agrarias.ufpr.br\/hv\/?page_id=7995"},"modified":"2026-03-30T16:45:58","modified_gmt":"2026-03-30T16:45:58","slug":"sanidade-de-suinos","status":"publish","type":"page","link":"https:\/\/agrarias.ufpr.br\/hv\/sanidade-de-suinos\/","title":{"rendered":"Sanidade de Su\u00ednos"},"content":{"rendered":"\n<figure class=\"wp-block-image size-full is-resized\"><a href=\"https:\/\/agrarias.ufpr.br\/hv\/wp-content\/uploads\/sites\/19\/2025\/07\/WhatsApp-Image-2025-07-23-at-16.49.04.jpeg\"><img loading=\"lazy\" decoding=\"async\" width=\"500\" height=\"500\" src=\"https:\/\/agrarias.ufpr.br\/hv\/wp-content\/uploads\/sites\/19\/2025\/07\/WhatsApp-Image-2025-07-23-at-16.49.04.jpeg\" alt=\"\" class=\"wp-image-7329\" style=\"width:395px;height:auto\" srcset=\"https:\/\/agrarias.ufpr.br\/hv\/wp-content\/uploads\/sites\/19\/2025\/07\/WhatsApp-Image-2025-07-23-at-16.49.04.jpeg 500w, https:\/\/agrarias.ufpr.br\/hv\/wp-content\/uploads\/sites\/19\/2025\/07\/WhatsApp-Image-2025-07-23-at-16.49.04-300x300.jpeg 300w, https:\/\/agrarias.ufpr.br\/hv\/wp-content\/uploads\/sites\/19\/2025\/07\/WhatsApp-Image-2025-07-23-at-16.49.04-150x150.jpeg 150w, https:\/\/agrarias.ufpr.br\/hv\/wp-content\/uploads\/sites\/19\/2025\/07\/WhatsApp-Image-2025-07-23-at-16.49.04-250x250.jpeg 250w, https:\/\/agrarias.ufpr.br\/hv\/wp-content\/uploads\/sites\/19\/2025\/07\/WhatsApp-Image-2025-07-23-at-16.49.04-120x120.jpeg 120w\" sizes=\"auto, (max-width: 500px) 100vw, 500px\" \/><\/a><\/figure>\n\n\n\n<ul class=\"wp-block-list\">\n<li><strong>Laborat\u00f3rio de Diagn\u00f3stico das Doen\u00e7as de Su\u00ednos (LADDS)<\/strong><\/li>\n<\/ul>\n\n\n\n<p>Tem por miss\u00e3o promover sanidade e bem-estar e contribuir com a gradua\u00e7\u00e3o e p\u00f3s-gradua\u00e7\u00e3o no aprendizado de temas relacionados ao manejo e sa\u00fade de su\u00ednos. Presta atendimento cl\u00ednico e patol\u00f3gico a rebanhos de cria\u00e7\u00f5es intensivas, extensivas, de subsist\u00eancia e para su\u00ednos de estima\u00e7\u00e3o, incluindo minipigs. A equipe trabalha diretamente com produtores e propriet\u00e1rios, prestando suporte t\u00e9cnico, com o intuito de melhorar a quest\u00e3o sanit\u00e1ria e promover o correto manejo do rebanho\/indiv\u00edduo. Atua em pesquisas na \u00e1rea de sanidade, produ\u00e7\u00e3o e conserva\u00e7\u00e3o de rebanhos locais em parceira com outras \u00e1reas e institui\u00e7\u00f5es, visando promover a capacita\u00e7\u00e3o e difus\u00e3o do conhecimento sobre a epidemiologia, patogenia e patologia das principais doen\u00e7as que acometem a esp\u00e9cie, destacando as doen\u00e7as emergentes e reemergentes. Promove estudo aprofundado sobre intera\u00e7\u00e3o entre manejo, agentes e meio ambiente na ocorr\u00eancia de doen\u00e7as multifatoriais. As pesquisas realizadas compreendem desde avalia\u00e7\u00e3o cl\u00ednica at\u00e9 monitoramento sanit\u00e1rio de abates.<\/p>\n\n\n\n<p>Professora Respons\u00e1vel: Juliana Sperotto Brum<br>Telefone: 3350 5811<br>E-mail:<a href=\"mailto:julianasbrum@yahoo.com.br\">&nbsp;julianasbrum@yahoo.com.br<\/a>,&nbsp;<a href=\"mailto:juliana.sbrum@ufpr.br\">juliana.sbrum@ufpr.br<\/a><\/p>\n","protected":false},"excerpt":{"rendered":"<p>Tem por miss\u00e3o promover sanidade e bem-estar e contribuir com a gradua\u00e7\u00e3o e p\u00f3s-gradua\u00e7\u00e3o no aprendizado de temas relacionados ao manejo e sa\u00fade de su\u00ednos. Presta atendimento cl\u00ednico e patol\u00f3gico a rebanhos de cria\u00e7\u00f5es intensivas, extensivas, de subsist\u00eancia e para su\u00ednos de estima\u00e7\u00e3o, incluindo minipigs. A equipe trabalha diretamente com produtores e propriet\u00e1rios, prestando suporte [&hellip;]<\/p>\n","protected":false},"author":10316,"featured_media":0,"parent":0,"menu_order":0,"comment_status":"closed","ping_status":"closed","template":"","meta":{"footnotes":""},"class_list":["post-7995","page","type-page","status-publish","hentry"],"_links":{"self":[{"href":"https:\/\/agrarias.ufpr.br\/hv\/wp-json\/wp\/v2\/pages\/7995","targetHints":{"allow":["GET"]}}],"collection":[{"href":"https:\/\/agrarias.ufpr.br\/hv\/wp-json\/wp\/v2\/pages"}],"about":[{"href":"https:\/\/agrarias.ufpr.br\/hv\/wp-json\/wp\/v2\/types\/page"}],"author":[{"embeddable":true,"href":"https:\/\/agrarias.ufpr.br\/hv\/wp-json\/wp\/v2\/users\/10316"}],"replies":[{"embeddable":true,"href":"https:\/\/agrarias.ufpr.br\/hv\/wp-json\/wp\/v2\/comments?post=7995"}],"version-history":[{"count":1,"href":"https:\/\/agrarias.ufpr.br\/hv\/wp-json\/wp\/v2\/pages\/7995\/revisions"}],"predecessor-version":[{"id":7996,"href":"https:\/\/agrarias.ufpr.br\/hv\/wp-json\/wp\/v2\/pages\/7995\/revisions\/7996"}],"wp:attachment":[{"href":"https:\/\/agrarias.ufpr.br\/hv\/wp-json\/wp\/v2\/media?parent=7995"}],"curies":[{"name":"wp","href":"https:\/\/api.w.org\/{rel}","templated":true}]}}