{"id":7992,"date":"2026-03-30T16:44:05","date_gmt":"2026-03-30T16:44:05","guid":{"rendered":"https:\/\/agrarias.ufpr.br\/hv\/?page_id=7992"},"modified":"2026-03-30T16:45:00","modified_gmt":"2026-03-30T16:45:00","slug":"reproducao-animal","status":"publish","type":"page","link":"https:\/\/agrarias.ufpr.br\/hv\/reproducao-animal\/","title":{"rendered":"Reprodu\u00e7\u00e3o Animal"},"content":{"rendered":"\n<ul class=\"wp-block-list\">\n<li><strong>Laborat\u00f3rio de Reprodu\u00e7\u00e3o Animal \u2013 LABRA&nbsp;<\/strong><\/li>\n<\/ul>\n\n\n\n<p>\u00c9 destinado as biotecnias da reprodu\u00e7\u00e3o animal, apoiando o ensino, a pesquisa e a extens\u00e3o. O LABRA oferece servi\u00e7os de Exame androl\u00f3gico (Bovinos, Equinos, Caprinos, Ovinos, su\u00ednos e c\u00e3es); Avalia\u00e7\u00e3o e acompanhamento cl\u00ednico reprodutivo em machos; Avalia\u00e7\u00e3o de partidas de s\u00eamen criopreservadas (todas as esp\u00e9cies); Criopreserva\u00e7\u00e3o seminal (Bovinos, Equinos, Caprinos, Ovinos e c\u00e3es) e Exame ultrassonogr\u00e1fico (Modo B) do trato reprodutivo masculino. Nas f\u00eameas, oferece Exame ginecol\u00f3gico (Bovinos, Equinos, Caprinos, Ovinos e c\u00e3es); Avalia\u00e7\u00e3o e acompanhamento cl\u00ednico reprodutiva; Avalia\u00e7\u00e3o ultrassonogr\u00e1fica (Modo B) (Bovinos, Equinos, Caprinos, Ovinos e c\u00e3es); Bi\u00f3psia e citologia uterina em \u00e9guas; Protocolos de IATF e SOV em bovinos;&nbsp; Transfer\u00eancia de embri\u00e3o em bovinos e equinos e Insemina\u00e7\u00e3o artificial em bovinos, ovinos, caprinos, equinos e cadelas.<\/p>\n\n\n\n<p>Professor Respons\u00e1vel: Fernando Andrade Souza<\/p>\n\n\n\n<p>E-mail: fernando.andrade@ufpr.br<\/p>\n\n\n\n<p><\/p>\n\n\n\n<figure class=\"wp-block-image size-full is-resized\"><a href=\"https:\/\/agrarias.ufpr.br\/hv\/wp-content\/uploads\/sites\/19\/2025\/07\/WhatsApp-Image-2025-07-23-at-16.49.04.jpeg\"><img loading=\"lazy\" decoding=\"async\" width=\"500\" height=\"500\" src=\"https:\/\/agrarias.ufpr.br\/hv\/wp-content\/uploads\/sites\/19\/2025\/07\/WhatsApp-Image-2025-07-23-at-16.49.04.jpeg\" alt=\"\" class=\"wp-image-7329\" style=\"width:395px;height:auto\" srcset=\"https:\/\/agrarias.ufpr.br\/hv\/wp-content\/uploads\/sites\/19\/2025\/07\/WhatsApp-Image-2025-07-23-at-16.49.04.jpeg 500w, https:\/\/agrarias.ufpr.br\/hv\/wp-content\/uploads\/sites\/19\/2025\/07\/WhatsApp-Image-2025-07-23-at-16.49.04-300x300.jpeg 300w, https:\/\/agrarias.ufpr.br\/hv\/wp-content\/uploads\/sites\/19\/2025\/07\/WhatsApp-Image-2025-07-23-at-16.49.04-150x150.jpeg 150w, https:\/\/agrarias.ufpr.br\/hv\/wp-content\/uploads\/sites\/19\/2025\/07\/WhatsApp-Image-2025-07-23-at-16.49.04-250x250.jpeg 250w, https:\/\/agrarias.ufpr.br\/hv\/wp-content\/uploads\/sites\/19\/2025\/07\/WhatsApp-Image-2025-07-23-at-16.49.04-120x120.jpeg 120w\" sizes=\"auto, (max-width: 500px) 100vw, 500px\" \/><\/a><\/figure>\n","protected":false},"excerpt":{"rendered":"<p>\u00c9 destinado as biotecnias da reprodu\u00e7\u00e3o animal, apoiando o ensino, a pesquisa e a extens\u00e3o. O LABRA oferece servi\u00e7os de Exame androl\u00f3gico (Bovinos, Equinos, Caprinos, Ovinos, su\u00ednos e c\u00e3es); Avalia\u00e7\u00e3o e acompanhamento cl\u00ednico reprodutivo em machos; Avalia\u00e7\u00e3o de partidas de s\u00eamen criopreservadas (todas as esp\u00e9cies); Criopreserva\u00e7\u00e3o seminal (Bovinos, Equinos, Caprinos, Ovinos e c\u00e3es) e Exame [&hellip;]<\/p>\n","protected":false},"author":10316,"featured_media":0,"parent":0,"menu_order":0,"comment_status":"closed","ping_status":"closed","template":"","meta":{"footnotes":""},"class_list":["post-7992","page","type-page","status-publish","hentry"],"_links":{"self":[{"href":"https:\/\/agrarias.ufpr.br\/hv\/wp-json\/wp\/v2\/pages\/7992","targetHints":{"allow":["GET"]}}],"collection":[{"href":"https:\/\/agrarias.ufpr.br\/hv\/wp-json\/wp\/v2\/pages"}],"about":[{"href":"https:\/\/agrarias.ufpr.br\/hv\/wp-json\/wp\/v2\/types\/page"}],"author":[{"embeddable":true,"href":"https:\/\/agrarias.ufpr.br\/hv\/wp-json\/wp\/v2\/users\/10316"}],"replies":[{"embeddable":true,"href":"https:\/\/agrarias.ufpr.br\/hv\/wp-json\/wp\/v2\/comments?post=7992"}],"version-history":[{"count":2,"href":"https:\/\/agrarias.ufpr.br\/hv\/wp-json\/wp\/v2\/pages\/7992\/revisions"}],"predecessor-version":[{"id":7994,"href":"https:\/\/agrarias.ufpr.br\/hv\/wp-json\/wp\/v2\/pages\/7992\/revisions\/7994"}],"wp:attachment":[{"href":"https:\/\/agrarias.ufpr.br\/hv\/wp-json\/wp\/v2\/media?parent=7992"}],"curies":[{"name":"wp","href":"https:\/\/api.w.org\/{rel}","templated":true}]}}