{"id":7989,"date":"2026-03-30T16:41:25","date_gmt":"2026-03-30T16:41:25","guid":{"rendered":"https:\/\/agrarias.ufpr.br\/hv\/?page_id=7989"},"modified":"2026-03-30T16:41:25","modified_gmt":"2026-03-30T16:41:25","slug":"clinica-cirurgica-de-grandes-animais","status":"publish","type":"page","link":"https:\/\/agrarias.ufpr.br\/hv\/clinica-cirurgica-de-grandes-animais\/","title":{"rendered":"Cl\u00ednica Cir\u00fargica de Grandes Animais"},"content":{"rendered":"\n<figure class=\"wp-block-image size-full is-resized\"><a href=\"https:\/\/agrarias.ufpr.br\/hv\/wp-content\/uploads\/sites\/19\/2025\/07\/WhatsApp-Image-2025-07-23-at-16.49.04.jpeg\"><img loading=\"lazy\" decoding=\"async\" width=\"500\" height=\"500\" src=\"https:\/\/agrarias.ufpr.br\/hv\/wp-content\/uploads\/sites\/19\/2025\/07\/WhatsApp-Image-2025-07-23-at-16.49.04.jpeg\" alt=\"\" class=\"wp-image-7329\" style=\"width:395px;height:auto\" srcset=\"https:\/\/agrarias.ufpr.br\/hv\/wp-content\/uploads\/sites\/19\/2025\/07\/WhatsApp-Image-2025-07-23-at-16.49.04.jpeg 500w, https:\/\/agrarias.ufpr.br\/hv\/wp-content\/uploads\/sites\/19\/2025\/07\/WhatsApp-Image-2025-07-23-at-16.49.04-300x300.jpeg 300w, https:\/\/agrarias.ufpr.br\/hv\/wp-content\/uploads\/sites\/19\/2025\/07\/WhatsApp-Image-2025-07-23-at-16.49.04-150x150.jpeg 150w, https:\/\/agrarias.ufpr.br\/hv\/wp-content\/uploads\/sites\/19\/2025\/07\/WhatsApp-Image-2025-07-23-at-16.49.04-250x250.jpeg 250w, https:\/\/agrarias.ufpr.br\/hv\/wp-content\/uploads\/sites\/19\/2025\/07\/WhatsApp-Image-2025-07-23-at-16.49.04-120x120.jpeg 120w\" sizes=\"auto, (max-width: 500px) 100vw, 500px\" \/><\/a><\/figure>\n\n\n\n<p><strong>Servi\u00e7o de Cirurgia de Grandes Animais da UFPR<\/strong><\/p>\n\n\n\n<p>O Servi\u00e7o de Cirurgia de Grandes Animais da Universidade Federal do Paran\u00e1 (UFPR) \u00e9 refer\u00eancia no atendimento cir\u00fargico de equinos e ruminantes, oferecendo procedimentos de alta qualidade para casos ortop\u00e9dicos, abdominais, reprodutivos e outros.<\/p>\n\n\n\n<p>Sob a coordena\u00e7\u00e3o do&nbsp;<strong>Prof. Dr. Peterson Triches Dornbusch<\/strong>, o servi\u00e7o conta com o apoio de p\u00f3s-graduandos e residentes especializados, garantindo um atendimento qualificado e embasado nas mais recentes pesquisas da \u00e1rea.<\/p>\n\n\n\n<p>As cirurgias s\u00e3o realizadas no&nbsp;<strong>Hospital Veterin\u00e1rio da UFPR<\/strong>, que disp\u00f5e de infraestrutura moderna e equipamentos adequados para proporcionar seguran\u00e7a e bem-estar aos animais. Al\u00e9m disso, o servi\u00e7o atua no ensino e na pesquisa, contribuindo para a forma\u00e7\u00e3o de profissionais altamente capacitados na medicina veterin\u00e1ria de grandes animais.<\/p>\n\n\n\n<p>Para mais informa\u00e7\u00f5es ou agendamento de procedimentos, entre em contato com o Hospital Veterin\u00e1rio da UFPR.<\/p>\n\n\n\n<p><\/p>\n\n\n\n<ul class=\"wp-block-list\">\n<li><strong>Laborat\u00f3rio de Cl\u00ednica Cir\u00fargica\u00a0de Grandes Animais<\/strong><\/li>\n<\/ul>\n\n\n\n<p>Professor Respons\u00e1vel: Peterson Triches Dornbusch<br>E-mail:&nbsp;<a href=\"mailto:petriches@ufpr.br\">petriches@ufpr.br<\/a><br>Telefone: 3350-5817<\/p>\n","protected":false},"excerpt":{"rendered":"<p>Servi\u00e7o de Cirurgia de Grandes Animais da UFPR O Servi\u00e7o de Cirurgia de Grandes Animais da Universidade Federal do Paran\u00e1 (UFPR) \u00e9 refer\u00eancia no atendimento cir\u00fargico de equinos e ruminantes, oferecendo procedimentos de alta qualidade para casos ortop\u00e9dicos, abdominais, reprodutivos e outros. Sob a coordena\u00e7\u00e3o do&nbsp;Prof. Dr. Peterson Triches Dornbusch, o servi\u00e7o conta com o [&hellip;]<\/p>\n","protected":false},"author":10316,"featured_media":0,"parent":0,"menu_order":0,"comment_status":"closed","ping_status":"closed","template":"","meta":{"footnotes":""},"class_list":["post-7989","page","type-page","status-publish","hentry"],"_links":{"self":[{"href":"https:\/\/agrarias.ufpr.br\/hv\/wp-json\/wp\/v2\/pages\/7989","targetHints":{"allow":["GET"]}}],"collection":[{"href":"https:\/\/agrarias.ufpr.br\/hv\/wp-json\/wp\/v2\/pages"}],"about":[{"href":"https:\/\/agrarias.ufpr.br\/hv\/wp-json\/wp\/v2\/types\/page"}],"author":[{"embeddable":true,"href":"https:\/\/agrarias.ufpr.br\/hv\/wp-json\/wp\/v2\/users\/10316"}],"replies":[{"embeddable":true,"href":"https:\/\/agrarias.ufpr.br\/hv\/wp-json\/wp\/v2\/comments?post=7989"}],"version-history":[{"count":1,"href":"https:\/\/agrarias.ufpr.br\/hv\/wp-json\/wp\/v2\/pages\/7989\/revisions"}],"predecessor-version":[{"id":7990,"href":"https:\/\/agrarias.ufpr.br\/hv\/wp-json\/wp\/v2\/pages\/7989\/revisions\/7990"}],"wp:attachment":[{"href":"https:\/\/agrarias.ufpr.br\/hv\/wp-json\/wp\/v2\/media?parent=7989"}],"curies":[{"name":"wp","href":"https:\/\/api.w.org\/{rel}","templated":true}]}}