{"id":7987,"date":"2026-03-30T15:06:56","date_gmt":"2026-03-30T15:06:56","guid":{"rendered":"https:\/\/agrarias.ufpr.br\/hv\/?page_id=7987"},"modified":"2026-03-30T16:41:44","modified_gmt":"2026-03-30T16:41:44","slug":"clinica-medica-de-equinos","status":"publish","type":"page","link":"https:\/\/agrarias.ufpr.br\/hv\/clinica-medica-de-equinos\/","title":{"rendered":"Cl\u00ednica M\u00e9dica de Equinos"},"content":{"rendered":"\n<figure class=\"wp-block-image size-full is-resized\"><a href=\"https:\/\/agrarias.ufpr.br\/hv\/wp-content\/uploads\/sites\/19\/2025\/07\/WhatsApp-Image-2025-07-23-at-16.49.04.jpeg\"><img loading=\"lazy\" decoding=\"async\" width=\"500\" height=\"500\" src=\"https:\/\/agrarias.ufpr.br\/hv\/wp-content\/uploads\/sites\/19\/2025\/07\/WhatsApp-Image-2025-07-23-at-16.49.04.jpeg\" alt=\"\" class=\"wp-image-7329\" style=\"width:395px;height:auto\" srcset=\"https:\/\/agrarias.ufpr.br\/hv\/wp-content\/uploads\/sites\/19\/2025\/07\/WhatsApp-Image-2025-07-23-at-16.49.04.jpeg 500w, https:\/\/agrarias.ufpr.br\/hv\/wp-content\/uploads\/sites\/19\/2025\/07\/WhatsApp-Image-2025-07-23-at-16.49.04-300x300.jpeg 300w, https:\/\/agrarias.ufpr.br\/hv\/wp-content\/uploads\/sites\/19\/2025\/07\/WhatsApp-Image-2025-07-23-at-16.49.04-150x150.jpeg 150w, https:\/\/agrarias.ufpr.br\/hv\/wp-content\/uploads\/sites\/19\/2025\/07\/WhatsApp-Image-2025-07-23-at-16.49.04-250x250.jpeg 250w, https:\/\/agrarias.ufpr.br\/hv\/wp-content\/uploads\/sites\/19\/2025\/07\/WhatsApp-Image-2025-07-23-at-16.49.04-120x120.jpeg 120w\" sizes=\"auto, (max-width: 500px) 100vw, 500px\" \/><\/a><\/figure>\n\n\n\n<ul class=\"wp-block-list\">\n<li><strong>Laborat\u00f3rio de Cl\u00ednica M\u00e9dica de Grandes Animais<\/strong><\/li>\n<\/ul>\n\n\n\n<p>Localiza-se no&nbsp;Setor de Grandes Animais do Hospital Veterin\u00e1rio da UFPR. Conta com a participa\u00e7\u00e3o de professores, m\u00e9dicos veterin\u00e1rios residentes e m\u00e9dica veterin\u00e1ria contratada. Realiza atendimento cl\u00ednico, individual e de rebanho, em equinos, bovinos, ovinos, caprinos e su\u00ednos, tanto na sede quanto \u00e0 domic\u00edlio. Tamb\u00e9m realiza exames cl\u00ednicos, exames de diagn\u00f3stico por imagem e atendimento reprodutivo.<\/p>\n\n\n\n<p>Professor Respons\u00e1vel: Jo\u00e3o Henrique Perotta<br>E-mail: perotta@ufpr.br<br>Telefone: 3350-5675<\/p>\n\n\n\n<p><\/p>\n","protected":false},"excerpt":{"rendered":"<p>Localiza-se no&nbsp;Setor de Grandes Animais do Hospital Veterin\u00e1rio da UFPR. Conta com a participa\u00e7\u00e3o de professores, m\u00e9dicos veterin\u00e1rios residentes e m\u00e9dica veterin\u00e1ria contratada. Realiza atendimento cl\u00ednico, individual e de rebanho, em equinos, bovinos, ovinos, caprinos e su\u00ednos, tanto na sede quanto \u00e0 domic\u00edlio. Tamb\u00e9m realiza exames cl\u00ednicos, exames de diagn\u00f3stico por imagem e atendimento reprodutivo. [&hellip;]<\/p>\n","protected":false},"author":10316,"featured_media":0,"parent":0,"menu_order":0,"comment_status":"closed","ping_status":"closed","template":"","meta":{"footnotes":""},"class_list":["post-7987","page","type-page","status-publish","hentry"],"_links":{"self":[{"href":"https:\/\/agrarias.ufpr.br\/hv\/wp-json\/wp\/v2\/pages\/7987","targetHints":{"allow":["GET"]}}],"collection":[{"href":"https:\/\/agrarias.ufpr.br\/hv\/wp-json\/wp\/v2\/pages"}],"about":[{"href":"https:\/\/agrarias.ufpr.br\/hv\/wp-json\/wp\/v2\/types\/page"}],"author":[{"embeddable":true,"href":"https:\/\/agrarias.ufpr.br\/hv\/wp-json\/wp\/v2\/users\/10316"}],"replies":[{"embeddable":true,"href":"https:\/\/agrarias.ufpr.br\/hv\/wp-json\/wp\/v2\/comments?post=7987"}],"version-history":[{"count":2,"href":"https:\/\/agrarias.ufpr.br\/hv\/wp-json\/wp\/v2\/pages\/7987\/revisions"}],"predecessor-version":[{"id":7991,"href":"https:\/\/agrarias.ufpr.br\/hv\/wp-json\/wp\/v2\/pages\/7987\/revisions\/7991"}],"wp:attachment":[{"href":"https:\/\/agrarias.ufpr.br\/hv\/wp-json\/wp\/v2\/media?parent=7987"}],"curies":[{"name":"wp","href":"https:\/\/api.w.org\/{rel}","templated":true}]}}