{"id":7603,"date":"2026-03-24T19:33:56","date_gmt":"2026-03-24T19:33:56","guid":{"rendered":"https:\/\/agrarias.ufpr.br\/hv\/?page_id=7603"},"modified":"2026-04-16T14:12:26","modified_gmt":"2026-04-16T17:12:26","slug":"pagina-inicial-hv","status":"publish","type":"page","link":"https:\/\/agrarias.ufpr.br\/hv\/","title":{"rendered":"Pagina Inicial hv"},"content":{"rendered":"\n<p class=\"has-text-align-center has-medium-font-size\"><strong>Agendamentos (41) 3350-5616<\/strong> <a href=\"https:\/\/api.whatsapp.com\/send?phone=554133505616&amp;text=Ol%C3%A1,%20Gostaria%20de%20Agendar%20uma%20Consulta%20%3F\"><img loading=\"lazy\" decoding=\"async\" width=\"1746\" height=\"1755\" class=\"wp-image-7619\" style=\"width: 30px\" src=\"https:\/\/agrarias.ufpr.br\/hv\/wp-content\/uploads\/sites\/19\/2026\/03\/WhatsApp_Logo_PNG_Transparente_Sem_Fundo.png\" alt=\"\" srcset=\"https:\/\/agrarias.ufpr.br\/hv\/wp-content\/uploads\/sites\/19\/2026\/03\/WhatsApp_Logo_PNG_Transparente_Sem_Fundo.png 1746w, https:\/\/agrarias.ufpr.br\/hv\/wp-content\/uploads\/sites\/19\/2026\/03\/WhatsApp_Logo_PNG_Transparente_Sem_Fundo-298x300.png 298w, https:\/\/agrarias.ufpr.br\/hv\/wp-content\/uploads\/sites\/19\/2026\/03\/WhatsApp_Logo_PNG_Transparente_Sem_Fundo-1019x1024.png 1019w, https:\/\/agrarias.ufpr.br\/hv\/wp-content\/uploads\/sites\/19\/2026\/03\/WhatsApp_Logo_PNG_Transparente_Sem_Fundo-150x150.png 150w, https:\/\/agrarias.ufpr.br\/hv\/wp-content\/uploads\/sites\/19\/2026\/03\/WhatsApp_Logo_PNG_Transparente_Sem_Fundo-768x772.png 768w, https:\/\/agrarias.ufpr.br\/hv\/wp-content\/uploads\/sites\/19\/2026\/03\/WhatsApp_Logo_PNG_Transparente_Sem_Fundo-1528x1536.png 1528w, https:\/\/agrarias.ufpr.br\/hv\/wp-content\/uploads\/sites\/19\/2026\/03\/WhatsApp_Logo_PNG_Transparente_Sem_Fundo-97x98.png 97w, https:\/\/agrarias.ufpr.br\/hv\/wp-content\/uploads\/sites\/19\/2026\/03\/WhatsApp_Logo_PNG_Transparente_Sem_Fundo-57x57.png 57w\" sizes=\"auto, (max-width: 1746px) 100vw, 1746px\" \/><\/a><\/p>\n\n\n<h5 style=\"text-align: center\"><span style=\"color: #ff0000\">ATEN\u00c7\u00c3O! Ao chegar no HV, pacientes com hor\u00e1rio agendado devem confirmar hor\u00e1rio na recep\u00e7\u00e3o.<\/span><\/h5>\n\n\n<div class=\"wp-block-buttons is-content-justification-center is-layout-flex wp-container-core-buttons-is-layout-16018d1d wp-block-buttons-is-layout-flex\">\n<div class=\"wp-block-button\"><a class=\"wp-block-button__link has-background wp-element-button\" href=\"https:\/\/api.whatsapp.com\/send?phone=554133505616&amp;text=Ol%C3%A1,%20Gostaria%20de%20Agendar%20uma%20Consulta%20%3F\" style=\"background-color:#5a7b54\"><img loading=\"lazy\" decoding=\"async\" width=\"530\" height=\"530\" class=\"wp-image-7784\" style=\"width: 150px\" src=\"https:\/\/agrarias.ufpr.br\/hv\/wp-content\/uploads\/sites\/19\/2026\/03\/qrcode_whatsapp.png\" alt=\"\" srcset=\"https:\/\/agrarias.ufpr.br\/hv\/wp-content\/uploads\/sites\/19\/2026\/03\/qrcode_whatsapp.png 530w, https:\/\/agrarias.ufpr.br\/hv\/wp-content\/uploads\/sites\/19\/2026\/03\/qrcode_whatsapp-300x300.png 300w, https:\/\/agrarias.ufpr.br\/hv\/wp-content\/uploads\/sites\/19\/2026\/03\/qrcode_whatsapp-150x150.png 150w, https:\/\/agrarias.ufpr.br\/hv\/wp-content\/uploads\/sites\/19\/2026\/03\/qrcode_whatsapp-98x98.png 98w, https:\/\/agrarias.ufpr.br\/hv\/wp-content\/uploads\/sites\/19\/2026\/03\/qrcode_whatsapp-57x57.png 57w\" sizes=\"auto, (max-width: 530px) 100vw, 530px\" \/><\/a><\/div>\n<\/div>\n\n\n\n<p class=\"has-text-align-center has-medium-font-size\"><strong>Confirma\u00e7\u00f5es e Cancelamentos (41) 3350-5785<\/strong> <a href=\"https:\/\/api.whatsapp.com\/send?phone=554133505785&amp;text=Confirma%C3%A7%C3%B5es%20e%20Cancelamentos\"><img loading=\"lazy\" decoding=\"async\" width=\"1746\" height=\"1755\" class=\"wp-image-7619\" style=\"width: 30px\" src=\"https:\/\/agrarias.ufpr.br\/hv\/wp-content\/uploads\/sites\/19\/2026\/03\/WhatsApp_Logo_PNG_Transparente_Sem_Fundo.png\" alt=\"\" srcset=\"https:\/\/agrarias.ufpr.br\/hv\/wp-content\/uploads\/sites\/19\/2026\/03\/WhatsApp_Logo_PNG_Transparente_Sem_Fundo.png 1746w, https:\/\/agrarias.ufpr.br\/hv\/wp-content\/uploads\/sites\/19\/2026\/03\/WhatsApp_Logo_PNG_Transparente_Sem_Fundo-298x300.png 298w, https:\/\/agrarias.ufpr.br\/hv\/wp-content\/uploads\/sites\/19\/2026\/03\/WhatsApp_Logo_PNG_Transparente_Sem_Fundo-1019x1024.png 1019w, https:\/\/agrarias.ufpr.br\/hv\/wp-content\/uploads\/sites\/19\/2026\/03\/WhatsApp_Logo_PNG_Transparente_Sem_Fundo-150x150.png 150w, https:\/\/agrarias.ufpr.br\/hv\/wp-content\/uploads\/sites\/19\/2026\/03\/WhatsApp_Logo_PNG_Transparente_Sem_Fundo-768x772.png 768w, https:\/\/agrarias.ufpr.br\/hv\/wp-content\/uploads\/sites\/19\/2026\/03\/WhatsApp_Logo_PNG_Transparente_Sem_Fundo-1528x1536.png 1528w, https:\/\/agrarias.ufpr.br\/hv\/wp-content\/uploads\/sites\/19\/2026\/03\/WhatsApp_Logo_PNG_Transparente_Sem_Fundo-97x98.png 97w, https:\/\/agrarias.ufpr.br\/hv\/wp-content\/uploads\/sites\/19\/2026\/03\/WhatsApp_Logo_PNG_Transparente_Sem_Fundo-57x57.png 57w\" sizes=\"auto, (max-width: 1746px) 100vw, 1746px\" \/><\/a><\/p>\n\n\n\n<div class=\"wp-block-buttons is-content-justification-center is-layout-flex wp-container-core-buttons-is-layout-16018d1d wp-block-buttons-is-layout-flex\">\n<div class=\"wp-block-button is-style-fill\"><a class=\"wp-block-button__link has-background has-text-align-center wp-element-button\" href=\"https:\/\/api.whatsapp.com\/send?phone=554133505785&amp;text=Confirma%C3%A7%C3%B5es%20e%20Cancelamentos\" style=\"background-color:#af8854\"><img loading=\"lazy\" decoding=\"async\" width=\"490\" height=\"490\" class=\"wp-image-7785\" style=\"width: 150px\" src=\"https:\/\/agrarias.ufpr.br\/hv\/wp-content\/uploads\/sites\/19\/2026\/03\/qrcode_conf_cancel.png\" alt=\"\" srcset=\"https:\/\/agrarias.ufpr.br\/hv\/wp-content\/uploads\/sites\/19\/2026\/03\/qrcode_conf_cancel.png 490w, https:\/\/agrarias.ufpr.br\/hv\/wp-content\/uploads\/sites\/19\/2026\/03\/qrcode_conf_cancel-300x300.png 300w, https:\/\/agrarias.ufpr.br\/hv\/wp-content\/uploads\/sites\/19\/2026\/03\/qrcode_conf_cancel-150x150.png 150w, https:\/\/agrarias.ufpr.br\/hv\/wp-content\/uploads\/sites\/19\/2026\/03\/qrcode_conf_cancel-98x98.png 98w, https:\/\/agrarias.ufpr.br\/hv\/wp-content\/uploads\/sites\/19\/2026\/03\/qrcode_conf_cancel-57x57.png 57w\" sizes=\"auto, (max-width: 490px) 100vw, 490px\" \/><\/a><\/div>\n<\/div>\n\n\n\n<div style=\"height:30px\" aria-hidden=\"true\" class=\"wp-block-spacer\"><\/div>\n\n\n\n<p class=\"has-text-align-center has-medium-font-size\"><strong>Hor\u00e1rio de Funcionamento dos Agendamentos:<\/strong><\/p>\n\n\n\n<p class=\"has-text-align-center has-medium-font-size\"><a><strong>Segunda \u2013 Sexta-feira: das 08:00h \u00e0s 18:00h<\/strong><\/a><\/p>\n\n\n\n<p class=\"has-text-align-center has-medium-font-size\"><a href=\"https:\/\/maps.app.goo.gl\/2fdjssPANnz7c2Ju6\"><img loading=\"lazy\" decoding=\"async\" width=\"1024\" height=\"1024\" class=\"wp-image-7709\" style=\"width: 35px\" src=\"https:\/\/agrarias.ufpr.br\/hv\/wp-content\/uploads\/sites\/19\/2026\/03\/Designer-7.png\" alt=\"\" srcset=\"https:\/\/agrarias.ufpr.br\/hv\/wp-content\/uploads\/sites\/19\/2026\/03\/Designer-7.png 1024w, https:\/\/agrarias.ufpr.br\/hv\/wp-content\/uploads\/sites\/19\/2026\/03\/Designer-7-300x300.png 300w, https:\/\/agrarias.ufpr.br\/hv\/wp-content\/uploads\/sites\/19\/2026\/03\/Designer-7-150x150.png 150w, https:\/\/agrarias.ufpr.br\/hv\/wp-content\/uploads\/sites\/19\/2026\/03\/Designer-7-768x768.png 768w, https:\/\/agrarias.ufpr.br\/hv\/wp-content\/uploads\/sites\/19\/2026\/03\/Designer-7-98x98.png 98w, https:\/\/agrarias.ufpr.br\/hv\/wp-content\/uploads\/sites\/19\/2026\/03\/Designer-7-57x57.png 57w\" sizes=\"auto, (max-width: 1024px) 100vw, 1024px\" \/><\/a><strong><a href=\"https:\/\/agrarias.ufpr.br\/hv\/localizacao\/\" data-type=\"link\" data-id=\"https:\/\/agrarias.ufpr.br\/hv\/localizacao\/\">Rua dos Funcion\u00e1rios 1540 &#8211; Campus Cabral<\/a><\/strong><\/p>\n\n\n\n<div class=\"wp-block-columns is-layout-flex wp-container-core-columns-is-layout-9d6595d7 wp-block-columns-is-layout-flex\">\n<div class=\"wp-block-column is-layout-flow wp-block-column-is-layout-flow\" style=\"flex-basis:100%\"><\/div>\n<\/div>\n\n\n\n<div class=\"wp-block-group is-content-justification-center is-nowrap is-layout-flex wp-container-core-group-is-layout-94bc23d7 wp-block-group-is-layout-flex\">\n<figure class=\"wp-block-image size-medium\"><a href=\"https:\/\/forms.cloud.microsoft\/Pages\/ResponsePage.aspx?id=ozd7w-Lp-UK8Z0ubc44d8MVHWw4-gPxHlz7dyIg-o3dUNjZJT1FMUFJGVE9IT1VOMEZXRVhXM0Q5Ry4u\"><img loading=\"lazy\" decoding=\"async\" width=\"300\" height=\"300\" src=\"https:\/\/agrarias.ufpr.br\/hv\/wp-content\/uploads\/sites\/19\/2026\/03\/QRCode-para-Duvidas_-Elogios_-Reclamacoes_-300x300.png\" alt=\"\" class=\"wp-image-8079\" style=\"object-fit:cover\" srcset=\"https:\/\/agrarias.ufpr.br\/hv\/wp-content\/uploads\/sites\/19\/2026\/03\/QRCode-para-Duvidas_-Elogios_-Reclamacoes_-300x300.png 300w, https:\/\/agrarias.ufpr.br\/hv\/wp-content\/uploads\/sites\/19\/2026\/03\/QRCode-para-Duvidas_-Elogios_-Reclamacoes_-1024x1024.png 1024w, https:\/\/agrarias.ufpr.br\/hv\/wp-content\/uploads\/sites\/19\/2026\/03\/QRCode-para-Duvidas_-Elogios_-Reclamacoes_-150x150.png 150w, https:\/\/agrarias.ufpr.br\/hv\/wp-content\/uploads\/sites\/19\/2026\/03\/QRCode-para-Duvidas_-Elogios_-Reclamacoes_-768x768.png 768w, https:\/\/agrarias.ufpr.br\/hv\/wp-content\/uploads\/sites\/19\/2026\/03\/QRCode-para-Duvidas_-Elogios_-Reclamacoes_-1536x1536.png 1536w, https:\/\/agrarias.ufpr.br\/hv\/wp-content\/uploads\/sites\/19\/2026\/03\/QRCode-para-Duvidas_-Elogios_-Reclamacoes_-98x98.png 98w, https:\/\/agrarias.ufpr.br\/hv\/wp-content\/uploads\/sites\/19\/2026\/03\/QRCode-para-Duvidas_-Elogios_-Reclamacoes_-57x57.png 57w, https:\/\/agrarias.ufpr.br\/hv\/wp-content\/uploads\/sites\/19\/2026\/03\/QRCode-para-Duvidas_-Elogios_-Reclamacoes_.png 1890w\" sizes=\"auto, (max-width: 300px) 100vw, 300px\" \/><\/a><\/figure>\n\n\n\n<figure class=\"wp-block-image size-medium\"><img loading=\"lazy\" decoding=\"async\" width=\"300\" height=\"212\" src=\"https:\/\/agrarias.ufpr.br\/hv\/wp-content\/uploads\/sites\/19\/2026\/03\/HV75-logos-02-300x212.jpg\" alt=\"\" class=\"wp-image-7683\" \/><\/figure>\n<\/div>\n\n\n\n<p><\/p>\n","protected":false},"excerpt":{"rendered":"<p>Agendamentos (41) 3350-5616 ATEN\u00c7\u00c3O! Ao chegar no HV, pacientes com hor\u00e1rio agendado devem confirmar hor\u00e1rio na recep\u00e7\u00e3o. Confirma\u00e7\u00f5es e Cancelamentos (41) 3350-5785 Hor\u00e1rio de Funcionamento dos Agendamentos: Segunda \u2013 Sexta-feira: das 08:00h \u00e0s 18:00h Rua dos Funcion\u00e1rios 1540 &#8211; Campus Cabral<\/p>\n","protected":false},"author":3,"featured_media":0,"parent":0,"menu_order":0,"comment_status":"closed","ping_status":"closed","template":"index.php","meta":{"footnotes":""},"class_list":["post-7603","page","type-page","status-publish","hentry"],"_links":{"self":[{"href":"https:\/\/agrarias.ufpr.br\/hv\/wp-json\/wp\/v2\/pages\/7603","targetHints":{"allow":["GET"]}}],"collection":[{"href":"https:\/\/agrarias.ufpr.br\/hv\/wp-json\/wp\/v2\/pages"}],"about":[{"href":"https:\/\/agrarias.ufpr.br\/hv\/wp-json\/wp\/v2\/types\/page"}],"author":[{"embeddable":true,"href":"https:\/\/agrarias.ufpr.br\/hv\/wp-json\/wp\/v2\/users\/3"}],"replies":[{"embeddable":true,"href":"https:\/\/agrarias.ufpr.br\/hv\/wp-json\/wp\/v2\/comments?post=7603"}],"version-history":[{"count":98,"href":"https:\/\/agrarias.ufpr.br\/hv\/wp-json\/wp\/v2\/pages\/7603\/revisions"}],"predecessor-version":[{"id":8121,"href":"https:\/\/agrarias.ufpr.br\/hv\/wp-json\/wp\/v2\/pages\/7603\/revisions\/8121"}],"wp:attachment":[{"href":"https:\/\/agrarias.ufpr.br\/hv\/wp-json\/wp\/v2\/media?parent=7603"}],"curies":[{"name":"wp","href":"https:\/\/api.w.org\/{rel}","templated":true}]}}