{"id":7297,"date":"2025-06-24T19:35:05","date_gmt":"2025-06-24T19:35:05","guid":{"rendered":"https:\/\/agrarias.ufpr.br\/hv\/?page_id=7297"},"modified":"2026-03-24T17:22:16","modified_gmt":"2026-03-24T17:22:16","slug":"colegiado-cronograma-de-reunioes-e-atas","status":"publish","type":"page","link":"https:\/\/agrarias.ufpr.br\/hv\/colegiado-cronograma-de-reunioes-e-atas\/","title":{"rendered":"Colegiado: cronograma de reuni\u00f5es e atas"},"content":{"rendered":"\n<figure class=\"wp-block-table\"><table class=\"has-fixed-layout\"><tbody><tr><td class=\"has-text-align-center\" data-align=\"center\" colspan=\"4\"><strong>Calend\u00e1rio Reuni\u00f5es Colegiado PRAPS 2025<\/strong> <br>2\u00aa ter\u00e7a do m\u00eas, a cada 60 dias, 15:30, Sala Multifuncional<\/td><\/tr><tr><td class=\"has-text-align-center\" data-align=\"center\"><br><\/td><td><strong>Data<\/strong><\/td><td>Limite envio pauta<\/td><td>Envio Convoca\u00e7\u00e3o<\/td><\/tr><tr><td class=\"has-text-align-center\" data-align=\"center\">1\u00aa<\/td><td><strong>18\/02<\/strong><\/td><td>13\/02<\/td><td>14\/02<\/td><\/tr><tr><td class=\"has-text-align-center\" data-align=\"center\">2\u00aa<\/td><td><strong>08\/04<\/strong><\/td><td>03\/04<\/td><td>04\/04<\/td><\/tr><tr><td class=\"has-text-align-center\" data-align=\"center\">3\u00aa<\/td><td><strong>10\/06<\/strong><\/td><td>05\/06<\/td><td>06\/06<\/td><\/tr><tr><td class=\"has-text-align-center\" data-align=\"center\">4\u00aa<\/td><td><strong>12\/08<\/strong><\/td><td>07\/08<\/td><td>08\/08<\/td><\/tr><tr><td class=\"has-text-align-center\" data-align=\"center\">5\u00aa<\/td><td><strong>14\/10<\/strong><\/td><td>09\/10<\/td><td>10\/10<\/td><\/tr><tr><td class=\"has-text-align-center\" data-align=\"center\">6\u00aa<\/td><td><strong>09\/12<\/strong><\/td><td>04\/12<\/td><td><a><\/a> 05\/12<\/td><\/tr><\/tbody><\/table><\/figure>\n\n\n\n<p><a href=\"https:\/\/agrarias.ufpr.br\/hv\/wp-content\/uploads\/sites\/19\/2025\/09\/Resumo-1a-Ordinaria-Praps.pdf\" target=\"_blank\" rel=\"noopener\">Resumo 1\u00aa Ordin\u00e1ria Praps<\/a><\/p>\n\n\n\n<p><a href=\"https:\/\/agrarias.ufpr.br\/hv\/wp-content\/uploads\/sites\/19\/2025\/09\/Resumo-2a-Ordinaria-Praps.pdf\" target=\"_blank\" rel=\"noopener\">Resumo 2\u00aa Ordin\u00e1ria Praps<\/a><\/p>\n\n\n\n<p><a href=\"https:\/\/agrarias.ufpr.br\/hv\/wp-content\/uploads\/sites\/19\/2025\/09\/Resumo-3a-Ordinaria-Praps.pdf\" target=\"_blank\" rel=\"noopener\">Resumo 3\u00aa Ordin\u00e1ria Praps<\/a><\/p>\n\n\n\n<p><a href=\"https:\/\/agrarias.ufpr.br\/hv\/wp-content\/uploads\/sites\/19\/2025\/10\/Resumo-4a-Ordinaria-Praps.pdf\">Resumo 4\u00aa Ordin\u00e1ria Praps<\/a><\/p>\n\n\n\n<p><a href=\"https:\/\/agrarias.ufpr.br\/hv\/wp-content\/uploads\/sites\/19\/2025\/10\/Resumo-1a-Extraordinaria-PRAPS.pdf\">Resumo 1\u00aa Extraordin\u00e1ria Praps<\/a><\/p>\n\n\n\n<p><a href=\"https:\/\/agrarias.ufpr.br\/hv\/wp-content\/uploads\/sites\/19\/2025\/10\/Resumo-2a-Extraordinaria-PRAPS.pdf\">Resumo 2\u00aa Extraordin\u00e1ria Praps<\/a><\/p>\n","protected":false},"excerpt":{"rendered":"<p>Calend\u00e1rio Reuni\u00f5es Colegiado PRAPS 2025 2\u00aa ter\u00e7a do m\u00eas, a cada 60 dias, 15:30, Sala Multifuncional Data Limite envio pauta Envio Convoca\u00e7\u00e3o 1\u00aa 18\/02 13\/02 14\/02 2\u00aa 08\/04 03\/04 04\/04 3\u00aa 10\/06 05\/06 06\/06 4\u00aa 12\/08 07\/08 08\/08 5\u00aa 14\/10 09\/10 10\/10 6\u00aa 09\/12 04\/12 05\/12 Resumo 1\u00aa Ordin\u00e1ria Praps Resumo 2\u00aa Ordin\u00e1ria Praps Resumo [&hellip;]<\/p>\n","protected":false},"author":10251,"featured_media":0,"parent":0,"menu_order":0,"comment_status":"closed","ping_status":"closed","template":"","meta":{"footnotes":""},"class_list":["post-7297","page","type-page","status-publish","hentry"],"_links":{"self":[{"href":"https:\/\/agrarias.ufpr.br\/hv\/wp-json\/wp\/v2\/pages\/7297","targetHints":{"allow":["GET"]}}],"collection":[{"href":"https:\/\/agrarias.ufpr.br\/hv\/wp-json\/wp\/v2\/pages"}],"about":[{"href":"https:\/\/agrarias.ufpr.br\/hv\/wp-json\/wp\/v2\/types\/page"}],"author":[{"embeddable":true,"href":"https:\/\/agrarias.ufpr.br\/hv\/wp-json\/wp\/v2\/users\/10251"}],"replies":[{"embeddable":true,"href":"https:\/\/agrarias.ufpr.br\/hv\/wp-json\/wp\/v2\/comments?post=7297"}],"version-history":[{"count":7,"href":"https:\/\/agrarias.ufpr.br\/hv\/wp-json\/wp\/v2\/pages\/7297\/revisions"}],"predecessor-version":[{"id":7595,"href":"https:\/\/agrarias.ufpr.br\/hv\/wp-json\/wp\/v2\/pages\/7297\/revisions\/7595"}],"wp:attachment":[{"href":"https:\/\/agrarias.ufpr.br\/hv\/wp-json\/wp\/v2\/media?parent=7297"}],"curies":[{"name":"wp","href":"https:\/\/api.w.org\/{rel}","templated":true}]}}