{"id":7257,"date":"2025-05-22T18:01:17","date_gmt":"2025-05-22T18:01:17","guid":{"rendered":"https:\/\/agrarias.ufpr.br\/hv\/?page_id=7257"},"modified":"2026-03-30T14:50:13","modified_gmt":"2026-03-30T14:50:13","slug":"odontologia-veterinaria","status":"publish","type":"page","link":"https:\/\/agrarias.ufpr.br\/hv\/odontologia-veterinaria\/","title":{"rendered":"Odontologia Veterin\u00e1ria"},"content":{"rendered":"\n<p>O Hospital Veterin\u00e1rio da UFPR disp\u00f5e de atendimento cl\u00ednico e cir\u00fargico na especialidade: Odontologia Veterin\u00e1ria. S\u00e3o realizados diagn\u00f3sticos e tratamentos de problemas da sa\u00fade oral de c\u00e3es, gatos, porquinhos-da-\u00edndia, coelhos, chinchilas e animais silvestres em geral.<\/p>\n\n\n\n<p>O ambulat\u00f3rio de odontologia veterin\u00e1ria disp\u00f5e de aparelho de Raio X digital e equipamento completo para tratamento de doen\u00e7a periodontal, extra\u00e7\u00f5es dentarias e endodontia (canal), al\u00e9m de redu\u00e7\u00e3o de fraturas de mand\u00edbula e maxila.<\/p>\n\n\n\n<p>Trata-se da \u00fanica Resid\u00eancia em Odontologia Veterin\u00e1ria do Brasil, que forma profissionais especialistas h\u00e1 quase vinte anos, tendo egressos que s\u00e3o refer\u00eancia nacional na especialidade.<\/p>\n\n\n\n<p>Sob a coordena\u00e7\u00e3o do&nbsp;<strong>Prof. Dr. Rog\u00e9rio Ribas Lange<\/strong>, o servi\u00e7o conta com o apoio de p\u00f3s-graduandos e residentes especializados, garantindo um atendimento qualificado e embasado nas mais recentes pesquisas da \u00e1rea.<\/p>\n\n\n\n<p><\/p>\n\n\n\n<ul class=\"wp-block-list\">\n<li><strong>Laborat\u00f3rio de Odontologia Veterin\u00e1ria<\/strong><\/li>\n<\/ul>\n\n\n\n<p>Atendimento cl\u00ednico e cir\u00fargico a c\u00e3es, gatos, animais silvestres, roedores e lagomorfos. A Odontologia Veterin\u00e1ria est\u00e1 contemplada como disciplina optativa na gradua\u00e7\u00e3o. A UFPR, por meio deste laborat\u00f3rio disponibiliza a \u00fanica resid\u00eancia em odontologia veterin\u00e1ria do Brasil, desde 2006.<\/p>\n\n\n\n<p>Professor Respons\u00e1vel: Rog\u00e9rio Ribas Lange<br>Telefone: 3350-5616<br>E-mail:&nbsp;<a href=\"mailto:rrlange@ufpr.br\"><u>rrlange@ufpr.br<\/u><\/a><\/p>\n","protected":false},"excerpt":{"rendered":"<p>O Hospital Veterin\u00e1rio da UFPR disp\u00f5e de atendimento cl\u00ednico e cir\u00fargico na especialidade: Odontologia Veterin\u00e1ria. S\u00e3o realizados diagn\u00f3sticos e tratamentos de problemas da sa\u00fade oral de c\u00e3es, gatos, porquinhos-da-\u00edndia, coelhos, chinchilas e animais silvestres em geral. O ambulat\u00f3rio de odontologia veterin\u00e1ria disp\u00f5e de aparelho de Raio X digital e equipamento completo para tratamento de doen\u00e7a [&hellip;]<\/p>\n","protected":false},"author":10251,"featured_media":0,"parent":0,"menu_order":0,"comment_status":"closed","ping_status":"closed","template":"","meta":{"footnotes":""},"class_list":["post-7257","page","type-page","status-publish","hentry"],"_links":{"self":[{"href":"https:\/\/agrarias.ufpr.br\/hv\/wp-json\/wp\/v2\/pages\/7257","targetHints":{"allow":["GET"]}}],"collection":[{"href":"https:\/\/agrarias.ufpr.br\/hv\/wp-json\/wp\/v2\/pages"}],"about":[{"href":"https:\/\/agrarias.ufpr.br\/hv\/wp-json\/wp\/v2\/types\/page"}],"author":[{"embeddable":true,"href":"https:\/\/agrarias.ufpr.br\/hv\/wp-json\/wp\/v2\/users\/10251"}],"replies":[{"embeddable":true,"href":"https:\/\/agrarias.ufpr.br\/hv\/wp-json\/wp\/v2\/comments?post=7257"}],"version-history":[{"count":3,"href":"https:\/\/agrarias.ufpr.br\/hv\/wp-json\/wp\/v2\/pages\/7257\/revisions"}],"predecessor-version":[{"id":7976,"href":"https:\/\/agrarias.ufpr.br\/hv\/wp-json\/wp\/v2\/pages\/7257\/revisions\/7976"}],"wp:attachment":[{"href":"https:\/\/agrarias.ufpr.br\/hv\/wp-json\/wp\/v2\/media?parent=7257"}],"curies":[{"name":"wp","href":"https:\/\/api.w.org\/{rel}","templated":true}]}}