{"id":7153,"date":"2025-03-31T14:32:16","date_gmt":"2025-03-31T14:32:16","guid":{"rendered":"https:\/\/agrarias.ufpr.br\/hv\/?page_id=7153"},"modified":"2025-12-11T14:19:34","modified_gmt":"2025-12-11T14:19:34","slug":"pops-administrativos","status":"publish","type":"page","link":"https:\/\/agrarias.ufpr.br\/hv\/pops-administrativos\/","title":{"rendered":"POP\u00b4S ADMINISTRATIVOS"},"content":{"rendered":"<p><a href=\"https:\/\/agrarias.ufpr.br\/hv\/wp-content\/uploads\/sites\/19\/2025\/03\/POP-1-AGENDAMENTO-DE-CONSULTAS-E-EXAMES.pdf\">POP 1 &#8211; AGENDAMENTO DE CONSULTAS E EXAMES<\/a><\/p>\n<p><a href=\"https:\/\/agrarias.ufpr.br\/hv\/wp-content\/uploads\/sites\/19\/2025\/03\/POP-2-ATENDIMENTO-AO-PACIENTE-1-CONSULTA-E-RETORNO.pdf\">POP 2 &#8211; ATENDIMENTO AO PACIENTE &#8211; 1 CONSULTA E RETORNO<\/a><\/p>\n<p><a href=\"https:\/\/agrarias.ufpr.br\/hv\/wp-content\/uploads\/sites\/19\/2025\/03\/POP-3-PRONTO-ATENDIMENTO.pdf\">POP 3 &#8211; PRONTO ATENDIMENTO<\/a><\/p>\n<p><a href=\"https:\/\/agrarias.ufpr.br\/hv\/wp-content\/uploads\/sites\/19\/2025\/03\/POP-4-COBRANCA-FINANCEIRA-DOS-SERVICOS-VETERINARIOS.pdf\">POP 4 &#8211; COBRAN\u00c7A FINANCEIRA DOS SERVI\u00c7OS VETERIN\u00c1RIOS<\/a><\/p>\n<p><a href=\"https:\/\/agrarias.ufpr.br\/hv\/wp-content\/uploads\/sites\/19\/2025\/08\/APROVADO-SCEO-solicitacao-de-empenho-e-envio-ao-fornecedor.pdf\" target=\"_blank\" rel=\"noopener\">POP 5 &#8211; SOLICITA\u00c7\u00c3O DE EMPENHO E ENVIO AO FORNECEDOR<\/a><\/p>\n<p><a href=\"https:\/\/agrarias.ufpr.br\/hv\/wp-content\/uploads\/sites\/19\/2025\/12\/POP-02-Orcamentario-Contas-a-Receber-Inadimplencia-CH-aprovado-09_12_2025.pdf\">POP 6 &#8211; CONTAS A RECEBER &#8211; INADIMPL\u00caNCIA<\/a><\/p>\n\n\n<p><\/p>\n","protected":false},"excerpt":{"rendered":"<p>POP 1 &#8211; AGENDAMENTO DE CONSULTAS E EXAMES POP 2 &#8211; ATENDIMENTO AO PACIENTE &#8211; 1 CONSULTA E RETORNO POP 3 &#8211; PRONTO ATENDIMENTO POP 4 &#8211; COBRAN\u00c7A FINANCEIRA DOS SERVI\u00c7OS VETERIN\u00c1RIOS POP 5 &#8211; SOLICITA\u00c7\u00c3O DE EMPENHO E ENVIO AO FORNECEDOR POP 6 &#8211; CONTAS A RECEBER &#8211; INADIMPL\u00caNCIA<\/p>\n","protected":false},"author":10251,"featured_media":0,"parent":0,"menu_order":0,"comment_status":"closed","ping_status":"closed","template":"","meta":{"footnotes":""},"class_list":["post-7153","page","type-page","status-publish","hentry"],"_links":{"self":[{"href":"https:\/\/agrarias.ufpr.br\/hv\/wp-json\/wp\/v2\/pages\/7153","targetHints":{"allow":["GET"]}}],"collection":[{"href":"https:\/\/agrarias.ufpr.br\/hv\/wp-json\/wp\/v2\/pages"}],"about":[{"href":"https:\/\/agrarias.ufpr.br\/hv\/wp-json\/wp\/v2\/types\/page"}],"author":[{"embeddable":true,"href":"https:\/\/agrarias.ufpr.br\/hv\/wp-json\/wp\/v2\/users\/10251"}],"replies":[{"embeddable":true,"href":"https:\/\/agrarias.ufpr.br\/hv\/wp-json\/wp\/v2\/comments?post=7153"}],"version-history":[{"count":4,"href":"https:\/\/agrarias.ufpr.br\/hv\/wp-json\/wp\/v2\/pages\/7153\/revisions"}],"predecessor-version":[{"id":7411,"href":"https:\/\/agrarias.ufpr.br\/hv\/wp-json\/wp\/v2\/pages\/7153\/revisions\/7411"}],"wp:attachment":[{"href":"https:\/\/agrarias.ufpr.br\/hv\/wp-json\/wp\/v2\/media?parent=7153"}],"curies":[{"name":"wp","href":"https:\/\/api.w.org\/{rel}","templated":true}]}}