{"id":7145,"date":"2025-03-31T13:27:11","date_gmt":"2025-03-31T13:27:11","guid":{"rendered":"https:\/\/agrarias.ufpr.br\/hv\/?page_id=7145"},"modified":"2025-06-05T14:04:50","modified_gmt":"2025-06-05T14:04:50","slug":"pops-gerais","status":"publish","type":"page","link":"https:\/\/agrarias.ufpr.br\/hv\/pops-gerais\/","title":{"rendered":"POP\u00b4S GERAIS"},"content":{"rendered":"<p><a href=\"https:\/\/agrarias.ufpr.br\/hv\/wp-content\/uploads\/sites\/19\/2025\/03\/POP-TROCA-DO-OXIGENIO-DO-CENTRO-CIRURGICO.pdf\">POP &#8211; TROCA DO OXIG\u00caNIO DO CENTRO-CIR\u00daRGICO<\/a><\/p>\n<p><a href=\"https:\/\/agrarias.ufpr.br\/hv\/wp-content\/uploads\/sites\/19\/2025\/03\/POP-SOLICITACAO-DE-RACOES-FENO-E-SERRAGEM.pdf\">POP &#8211; SOLICITA\u00c7\u00c3O DE RA\u00c7\u00d5ES, FENO E SERRAGEM<\/a><\/p>\n<p><a href=\"https:\/\/agrarias.ufpr.br\/hv\/wp-content\/uploads\/sites\/19\/2025\/06\/POP-SETOR-DE-G.A.-Orientacoes-de-Funcionamento-APROVADO-em-28.05.pdf\" target=\"_blank\" rel=\"noopener\">POP &#8211; SETOR DE G.A. ORIENTA\u00c7\u00d5ES DE FUNCIONAMENTO<\/a><\/p>\n\n\n<p><\/p>\n","protected":false},"excerpt":{"rendered":"<p>POP &#8211; TROCA DO OXIG\u00caNIO DO CENTRO-CIR\u00daRGICO POP &#8211; SOLICITA\u00c7\u00c3O DE RA\u00c7\u00d5ES, FENO E SERRAGEM POP &#8211; SETOR DE G.A. ORIENTA\u00c7\u00d5ES DE FUNCIONAMENTO<\/p>\n","protected":false},"author":10251,"featured_media":0,"parent":0,"menu_order":0,"comment_status":"closed","ping_status":"closed","template":"","meta":{"footnotes":""},"class_list":["post-7145","page","type-page","status-publish","hentry"],"_links":{"self":[{"href":"https:\/\/agrarias.ufpr.br\/hv\/wp-json\/wp\/v2\/pages\/7145","targetHints":{"allow":["GET"]}}],"collection":[{"href":"https:\/\/agrarias.ufpr.br\/hv\/wp-json\/wp\/v2\/pages"}],"about":[{"href":"https:\/\/agrarias.ufpr.br\/hv\/wp-json\/wp\/v2\/types\/page"}],"author":[{"embeddable":true,"href":"https:\/\/agrarias.ufpr.br\/hv\/wp-json\/wp\/v2\/users\/10251"}],"replies":[{"embeddable":true,"href":"https:\/\/agrarias.ufpr.br\/hv\/wp-json\/wp\/v2\/comments?post=7145"}],"version-history":[{"count":2,"href":"https:\/\/agrarias.ufpr.br\/hv\/wp-json\/wp\/v2\/pages\/7145\/revisions"}],"predecessor-version":[{"id":7264,"href":"https:\/\/agrarias.ufpr.br\/hv\/wp-json\/wp\/v2\/pages\/7145\/revisions\/7264"}],"wp:attachment":[{"href":"https:\/\/agrarias.ufpr.br\/hv\/wp-json\/wp\/v2\/media?parent=7145"}],"curies":[{"name":"wp","href":"https:\/\/api.w.org\/{rel}","templated":true}]}}