{"id":7105,"date":"2025-03-24T19:38:36","date_gmt":"2025-03-24T19:38:36","guid":{"rendered":"https:\/\/agrarias.ufpr.br\/hv\/?page_id=7105"},"modified":"2026-03-30T15:04:53","modified_gmt":"2026-03-30T15:04:53","slug":"oftalmologia-veterinaria","status":"publish","type":"page","link":"https:\/\/agrarias.ufpr.br\/hv\/oftalmologia-veterinaria\/","title":{"rendered":"Oftalmologia Veterin\u00e1ria"},"content":{"rendered":"\n<p><strong>Cuide da vis\u00e3o do seu pet com o setor de Oftalmologia Veterin\u00e1ria do HV UFPR!<\/strong><\/p>\n\n\n\n<p>Nosso objetivo \u00e9 oferecer o melhor aconselhamento para os tutores, orientando sobre os cuidados necess\u00e1rios para a sa\u00fade ocular dos seus animais e tratando com especializa\u00e7\u00e3o diversas condi\u00e7\u00f5es oculares. Realizamos consultas e cirurgias de baixa a alta complexidade, incluindo microcirurgias, atendendo tanto animais dom\u00e9sticos quanto silvestres.<\/p>\n\n\n\n<p>Se voc\u00ea perceber qualquer altera\u00e7\u00e3o nos olhos ou p\u00e1lpebras do seu pet, \u00e9 fundamental procurar um m\u00e9dico veterin\u00e1rio oftalmologista para um diagn\u00f3stico precoce de poss\u00edveis altera\u00e7\u00f5es oculares e at\u00e9 sist\u00eamicas. Isso ajuda a garantir a sa\u00fade ocular e geral do seu animal. As principais altera\u00e7\u00f5es oculares consistem em: lacrimejamento, olho vermelho, secre\u00e7\u00e3o ocular, cegueira, diferen\u00e7a do tamanho dos olhos ou pupilas, desconforto ao piscar, mudan\u00e7a de cores nos olhos, entre outras.<\/p>\n\n\n\n<p>Contamos com residentes veterin\u00e1rios e professores capacitados e ambulat\u00f3rio com exames oculares para diagn\u00f3sticos precisos, como:<\/p>\n\n\n\n<ul class=\"wp-block-list\">\n<li>Teste da Fluoresce\u00edna para detectar \u00falceras de c\u00f3rnea<\/li>\n\n\n\n<li>Teste de Schirmer para avalia\u00e7\u00e3o olho seco e ep\u00edfora<\/li>\n\n\n\n<li>Oftalmoscopia indireta<\/li>\n\n\n\n<li>Exame de Ultrassom Ocular<\/li>\n\n\n\n<li>Medi\u00e7\u00e3o da press\u00e3o intraocular<\/li>\n\n\n\n<li>Citologia e bi\u00f3psia de tumores oculares ou palpebrais<\/li>\n<\/ul>\n\n\n\n<p>Para agendamentos entre em contato com o Hospital Veterin\u00e1rio da UFPR ligando para a Central de Agendamento de Consultas, de Segunda a Sexta-feira das 08:00h \u00e0s 18:00h, pelos telefones (41) 3350-5785 e (41) 3350-5616<\/p>\n\n\n<p><a href=\"https:\/\/agrarias.ufpr.br\/hv\/wp-content\/uploads\/sites\/19\/2025\/03\/Captura-de-tela-2025-03-24-163546.png\"><img loading=\"lazy\" decoding=\"async\" class=\"aligncenter wp-image-7110 size-full\" src=\"https:\/\/agrarias.ufpr.br\/hv\/wp-content\/uploads\/sites\/19\/2025\/03\/Captura-de-tela-2025-03-24-163546.png\" alt=\"\" width=\"755\" height=\"632\" srcset=\"https:\/\/agrarias.ufpr.br\/hv\/wp-content\/uploads\/sites\/19\/2025\/03\/Captura-de-tela-2025-03-24-163546.png 755w, https:\/\/agrarias.ufpr.br\/hv\/wp-content\/uploads\/sites\/19\/2025\/03\/Captura-de-tela-2025-03-24-163546-300x251.png 300w, https:\/\/agrarias.ufpr.br\/hv\/wp-content\/uploads\/sites\/19\/2025\/03\/Captura-de-tela-2025-03-24-163546-250x209.png 250w, https:\/\/agrarias.ufpr.br\/hv\/wp-content\/uploads\/sites\/19\/2025\/03\/Captura-de-tela-2025-03-24-163546-143x120.png 143w\" sizes=\"auto, (max-width: 755px) 100vw, 755px\" \/><\/a><\/p>\n<\/p>\n\n\n<ul class=\"wp-block-list\">\n<li><strong>Laborat\u00f3rio de Oftalmologia Comparada \u2013 LABOCO<\/strong><\/li>\n<\/ul>\n\n\n\n<p>Realiza atendimento m\u00e9dico e cir\u00fargico na \u00e1rea de oftalmologia veterin\u00e1ria, incluindo pequenos animais, grandes animais, animais ex\u00f3ticos e selvagens. Desenvolve projetos de pesquisa de interesse para a Oftalmologia M\u00e9dica (Medicina Translacional). Testa produtos farmac\u00eauticos desenvolvidos para uso oft\u00e1lmico. Realiza an\u00e1lise histopatol\u00f3gica de bulbos oculares e anexos, rotineiramente. Presta aux\u00edlio para an\u00e1lise estat\u00edstica de dados m\u00e9dicos e veterin\u00e1rios.<\/p>\n\n\n\n<p>Professor Respons\u00e1vel: Fabiano Montiani Ferreira<br>T\u00e9cnica de laborat\u00f3rio vinculado: Elvira Alice Kudla<br>M\u00e9dica Veterin\u00e1ria vinculada: Palloma Rose<br>Telefone:&nbsp;3350-5724<br>E-mail:&nbsp;montiani@ufpr.br,&nbsp;montianiking@gmail.com,&nbsp;fabiomontiani@hotmail.com<br>Redes sociais:<a href=\"https:\/\/www.facebook.com\/oftalmologiacomparada\/?fref=ts\"><u>https:\/\/www.facebook.com\/oftalmologiacomparada\/?fref=ts<\/u><\/a><\/p>\n","protected":false},"excerpt":{"rendered":"<p>Cuide da vis\u00e3o do seu pet com o setor de Oftalmologia Veterin\u00e1ria do HV UFPR! Nosso objetivo \u00e9 oferecer o melhor aconselhamento para os tutores, orientando sobre os cuidados necess\u00e1rios para a sa\u00fade ocular dos seus animais e tratando com especializa\u00e7\u00e3o diversas condi\u00e7\u00f5es oculares. Realizamos consultas e cirurgias de baixa a alta complexidade, incluindo microcirurgias, [&hellip;]<\/p>\n","protected":false},"author":10251,"featured_media":0,"parent":0,"menu_order":0,"comment_status":"closed","ping_status":"closed","template":"","meta":{"footnotes":""},"class_list":["post-7105","page","type-page","status-publish","hentry"],"_links":{"self":[{"href":"https:\/\/agrarias.ufpr.br\/hv\/wp-json\/wp\/v2\/pages\/7105","targetHints":{"allow":["GET"]}}],"collection":[{"href":"https:\/\/agrarias.ufpr.br\/hv\/wp-json\/wp\/v2\/pages"}],"about":[{"href":"https:\/\/agrarias.ufpr.br\/hv\/wp-json\/wp\/v2\/types\/page"}],"author":[{"embeddable":true,"href":"https:\/\/agrarias.ufpr.br\/hv\/wp-json\/wp\/v2\/users\/10251"}],"replies":[{"embeddable":true,"href":"https:\/\/agrarias.ufpr.br\/hv\/wp-json\/wp\/v2\/comments?post=7105"}],"version-history":[{"count":3,"href":"https:\/\/agrarias.ufpr.br\/hv\/wp-json\/wp\/v2\/pages\/7105\/revisions"}],"predecessor-version":[{"id":7986,"href":"https:\/\/agrarias.ufpr.br\/hv\/wp-json\/wp\/v2\/pages\/7105\/revisions\/7986"}],"wp:attachment":[{"href":"https:\/\/agrarias.ufpr.br\/hv\/wp-json\/wp\/v2\/media?parent=7105"}],"curies":[{"name":"wp","href":"https:\/\/api.w.org\/{rel}","templated":true}]}}