{"id":7041,"date":"2025-03-18T12:42:33","date_gmt":"2025-03-18T12:42:33","guid":{"rendered":"https:\/\/agrarias.ufpr.br\/hv\/?page_id=7041"},"modified":"2026-03-30T14:53:03","modified_gmt":"2026-03-30T14:53:03","slug":"clinica-medica-de-pequenos-animais","status":"publish","type":"page","link":"https:\/\/agrarias.ufpr.br\/hv\/clinica-medica-de-pequenos-animais\/","title":{"rendered":"Cl\u00ednica M\u00e9dica de Pequenos Animais"},"content":{"rendered":"\n<ul class=\"wp-block-list\">\n<li><strong>Laborat\u00f3rio de Cl\u00ednica M\u00e9dica de C\u00e3es e Gatos<\/strong><\/li>\n<\/ul>\n\n\n\n<p>Funciona no Hospital Veterin\u00e1rio da UFPR e conta com a participa\u00e7\u00e3o de professores, m\u00e9dicos veterin\u00e1rios residentes e m\u00e9dicas veterin\u00e1rias contratadas. Faz consultas, vacina\u00e7\u00e3o e internamento de pequenos animais (c\u00e3es e gatos).<\/p>\n\n\n\n<figure class=\"wp-block-image\"><a href=\"https:\/\/agrarias.ufpr.br\/hv\/wp-content\/uploads\/sites\/19\/2023\/04\/Design-sem-nome-3.png\"><img loading=\"lazy\" decoding=\"async\" width=\"150\" height=\"150\" src=\"https:\/\/agrarias.ufpr.br\/hv\/wp-content\/uploads\/sites\/19\/2023\/04\/Design-sem-nome-3-150x150.png\" alt=\"\" class=\"wp-image-6625\" srcset=\"https:\/\/agrarias.ufpr.br\/hv\/wp-content\/uploads\/sites\/19\/2023\/04\/Design-sem-nome-3-150x150.png 150w, https:\/\/agrarias.ufpr.br\/hv\/wp-content\/uploads\/sites\/19\/2023\/04\/Design-sem-nome-3-300x300.png 300w, https:\/\/agrarias.ufpr.br\/hv\/wp-content\/uploads\/sites\/19\/2023\/04\/Design-sem-nome-3-1024x1024.png 1024w, https:\/\/agrarias.ufpr.br\/hv\/wp-content\/uploads\/sites\/19\/2023\/04\/Design-sem-nome-3-768x768.png 768w, https:\/\/agrarias.ufpr.br\/hv\/wp-content\/uploads\/sites\/19\/2023\/04\/Design-sem-nome-3-250x250.png 250w, https:\/\/agrarias.ufpr.br\/hv\/wp-content\/uploads\/sites\/19\/2023\/04\/Design-sem-nome-3-120x120.png 120w, https:\/\/agrarias.ufpr.br\/hv\/wp-content\/uploads\/sites\/19\/2023\/04\/Design-sem-nome-3.png 1080w\" sizes=\"auto, (max-width: 150px) 100vw, 150px\" \/><\/a><\/figure>\n\n\n\n<p>Professores &nbsp;respons\u00e1veis: Simone Tostes de Oliveira Stedile, Fabiano Montiani Ferreira e Marlos Gon\u00e7alves Sousa<br>M\u00e9dicas Veterin\u00e1rias vinculadas: Larissa Ferrari e Palloma Rose<br>Telefone:&nbsp;3350-5785 (consultas)<br>E-mail:&nbsp;<a href=\"mailto:hv@ufpr.br\">hv@ufpr.br<\/a><br>P\u00e1gina:&nbsp;<a href=\"https:\/\/agrarias.ufpr.br\/hospital-veterinario\">https:\/\/agrarias.ufpr.br\/hospital-veterinario<\/a><\/p>\n","protected":false},"excerpt":{"rendered":"<p>Funciona no Hospital Veterin\u00e1rio da UFPR e conta com a participa\u00e7\u00e3o de professores, m\u00e9dicos veterin\u00e1rios residentes e m\u00e9dicas veterin\u00e1rias contratadas. Faz consultas, vacina\u00e7\u00e3o e internamento de pequenos animais (c\u00e3es e gatos). Professores &nbsp;respons\u00e1veis: Simone Tostes de Oliveira Stedile, Fabiano Montiani Ferreira e Marlos Gon\u00e7alves SousaM\u00e9dicas Veterin\u00e1rias vinculadas: Larissa Ferrari e Palloma RoseTelefone:&nbsp;3350-5785 (consultas)E-mail:&nbsp;hv@ufpr.brP\u00e1gina:&nbsp;https:\/\/agrarias.ufpr.br\/hospital-veterinario<\/p>\n","protected":false},"author":10251,"featured_media":0,"parent":0,"menu_order":0,"comment_status":"closed","ping_status":"closed","template":"","meta":{"footnotes":""},"class_list":["post-7041","page","type-page","status-publish","hentry"],"_links":{"self":[{"href":"https:\/\/agrarias.ufpr.br\/hv\/wp-json\/wp\/v2\/pages\/7041","targetHints":{"allow":["GET"]}}],"collection":[{"href":"https:\/\/agrarias.ufpr.br\/hv\/wp-json\/wp\/v2\/pages"}],"about":[{"href":"https:\/\/agrarias.ufpr.br\/hv\/wp-json\/wp\/v2\/types\/page"}],"author":[{"embeddable":true,"href":"https:\/\/agrarias.ufpr.br\/hv\/wp-json\/wp\/v2\/users\/10251"}],"replies":[{"embeddable":true,"href":"https:\/\/agrarias.ufpr.br\/hv\/wp-json\/wp\/v2\/comments?post=7041"}],"version-history":[{"count":2,"href":"https:\/\/agrarias.ufpr.br\/hv\/wp-json\/wp\/v2\/pages\/7041\/revisions"}],"predecessor-version":[{"id":7980,"href":"https:\/\/agrarias.ufpr.br\/hv\/wp-json\/wp\/v2\/pages\/7041\/revisions\/7980"}],"wp:attachment":[{"href":"https:\/\/agrarias.ufpr.br\/hv\/wp-json\/wp\/v2\/media?parent=7041"}],"curies":[{"name":"wp","href":"https:\/\/api.w.org\/{rel}","templated":true}]}}