{"id":6907,"date":"2024-06-20T14:17:56","date_gmt":"2024-06-20T14:17:56","guid":{"rendered":"https:\/\/agrarias.ufpr.br\/hv\/?page_id=6907"},"modified":"2026-03-30T12:55:31","modified_gmt":"2026-03-30T12:55:31","slug":"conselho-hospitalar","status":"publish","type":"page","link":"https:\/\/agrarias.ufpr.br\/hv\/conselho-hospitalar\/","title":{"rendered":"Conselho Hospitalar"},"content":{"rendered":"\n<p><strong>Presidente\/Coordenador<\/strong><\/p>\n\n\n\n<p><span class=\"x_ContentPasted0\">\u00a0PROFESSOR JO\u00c3O HENRIQUE PEROTTA<\/span><\/p>\n\n\n\n<p><strong>Vice-coordenador<\/strong><\/p>\n\n\n\n<p>PROFESSORA JULIANA SPEROTTO BRUM<\/p>\n\n\n\n<p><strong>Coordenador(a) do Programa de Resid\u00eancia em \u00c1rea Profissional da Sa\u00fade em Medicina Veterin\u00e1ria<\/strong><\/p>\n\n\n\n<p>PROFESSORA ROBERTA CARARETO<\/p>\n\n\n\n<p>PROFESSORA SIMONE TOSTES DE OLIVEIRA STEDILE &#8211; SUPLENTE<\/p>\n\n\n\n<p><strong>Chefe do Departamento de Medicina veterin\u00e1ria<\/strong><\/p>\n\n\n\n<p>PROFESSOR MARCOS VIN\u00cdCIUS FERRARI<\/p>\n\n\n\n<p>PROFESSOR RENATO SILVA DE SOUSA &#8211; SUPLENTE<\/p>\n\n\n\n<p><strong>Representante dos Servi\u00e7os de Cl\u00ednica M\u00e9dica e Cir\u00fargica de Pequenos Animais e Medicina Zool\u00f3gica<\/strong><\/p>\n\n\n\n<p>PROFESSORA SIMONE TOSTES DE OLIVEIRA STEDILE<\/p>\n\n\n\n<p><strong>Representante dos Servi\u00e7os de Cl\u00ednica M\u00e9dica e Cir\u00fargica de Grandes Animais<\/strong><\/p>\n\n\n\n<p>PROFESSORA JULIANA SPEROTTO BRUM<\/p>\n\n\n\n<p><strong>Representante dos Servi\u00e7os de Apoio Diagn\u00f3stico<\/strong><\/p>\n\n\n\n<p>PROFESSOR RENATO SILVA DE SOUSA<\/p>\n\n\n\n<p><strong>Representante dos servidores t\u00e9cnico-administrativos lotados no Hospital Veterin\u00e1rio<\/strong><\/p>\n\n\n\n<p>M\u00c9DICA VETERIN\u00c1RIA LARISSA DANTAS ROEDER FERRARI<\/p>\n\n\n\n<p><strong>Representante dos servidores t\u00e9cnico-administrativos lotados no Departamento de Medicina Veterin\u00e1ria<\/strong><\/p>\n\n\n\n<p>T\u00c9CNICA-ADMINISTRATIVA LOUISE CRISTINA C\u00c2NDIDO DA SILVA<\/p>\n\n\n\n<p><strong>Representante do corpo discente da Gradua\u00e7\u00e3o ou do Programa de P\u00f3s- gradua\u00e7\u00e3o em<br>Ci\u00eancias Veterin\u00e1rias, ou do Programa de Resid\u00eancia em \u00c1rea Profissional da Sa\u00fade &#8211; Medicina<br>Veterin\u00e1ria<\/strong><\/p>\n\n\n\n<p>DOUTORANDO THIAGO FRACISCO COSTA SOLAK<\/p>\n\n\n\n<p><\/p>\n\n\n\n<p><strong>PORTARIAS DE DESIGNA\u00c7\u00c3O:<\/strong><\/p>\n\n\n\n<p><\/p>\n\n\n\n<p><a href=\"https:\/\/agrarias.ufpr.br\/hv\/wp-content\/uploads\/sites\/19\/2025\/09\/SEI_7537540_Portaria_01_2025_HV.pdf\" data-wplink-edit=\"true\">PORTARIA N\u00ba 01\/2025-HV DE 27 DE FEVEREIRO DE 2025<\/a><\/p>\n\n\n<p><a href=\"https:\/\/agrarias.ufpr.br\/hv\/wp-content\/uploads\/sites\/19\/2026\/03\/SEI_8630731_Portaria_02_2026_HV.pdf\">PORTARIA N\u00ba 02\/2026-HV DE 02 DE MAR\u00c7O DE 2026<\/a><\/p>\n\n<p><a href=\"https:\/\/agrarias.ufpr.br\/hv\/wp-content\/uploads\/sites\/19\/2026\/03\/SEI_8717875_Portaria_03_2026_HV-1.pdf\">PORTARIA N\u00ba 03\/2026-HV DE 27 DE MAR\u00c7O DE 2027<\/a><\/p>\n\n\n<p><\/p>\n","protected":false},"excerpt":{"rendered":"<p>Presidente\/Coordenador \u00a0PROFESSOR JO\u00c3O HENRIQUE PEROTTA Vice-coordenador PROFESSORA JULIANA SPEROTTO BRUM Coordenador(a) do Programa de Resid\u00eancia em \u00c1rea Profissional da Sa\u00fade em Medicina Veterin\u00e1ria PROFESSORA ROBERTA CARARETO PROFESSORA SIMONE TOSTES DE OLIVEIRA STEDILE &#8211; SUPLENTE Chefe do Departamento de Medicina veterin\u00e1ria PROFESSOR MARCOS VIN\u00cdCIUS FERRARI PROFESSOR RENATO SILVA DE SOUSA &#8211; SUPLENTE Representante dos Servi\u00e7os de [&hellip;]<\/p>\n","protected":false},"author":10251,"featured_media":0,"parent":0,"menu_order":0,"comment_status":"closed","ping_status":"closed","template":"","meta":{"footnotes":""},"class_list":["post-6907","page","type-page","status-publish","hentry"],"_links":{"self":[{"href":"https:\/\/agrarias.ufpr.br\/hv\/wp-json\/wp\/v2\/pages\/6907","targetHints":{"allow":["GET"]}}],"collection":[{"href":"https:\/\/agrarias.ufpr.br\/hv\/wp-json\/wp\/v2\/pages"}],"about":[{"href":"https:\/\/agrarias.ufpr.br\/hv\/wp-json\/wp\/v2\/types\/page"}],"author":[{"embeddable":true,"href":"https:\/\/agrarias.ufpr.br\/hv\/wp-json\/wp\/v2\/users\/10251"}],"replies":[{"embeddable":true,"href":"https:\/\/agrarias.ufpr.br\/hv\/wp-json\/wp\/v2\/comments?post=6907"}],"version-history":[{"count":11,"href":"https:\/\/agrarias.ufpr.br\/hv\/wp-json\/wp\/v2\/pages\/6907\/revisions"}],"predecessor-version":[{"id":7951,"href":"https:\/\/agrarias.ufpr.br\/hv\/wp-json\/wp\/v2\/pages\/6907\/revisions\/7951"}],"wp:attachment":[{"href":"https:\/\/agrarias.ufpr.br\/hv\/wp-json\/wp\/v2\/media?parent=6907"}],"curies":[{"name":"wp","href":"https:\/\/api.w.org\/{rel}","templated":true}]}}