{"id":6890,"date":"2024-06-10T13:14:03","date_gmt":"2024-06-10T13:14:03","guid":{"rendered":"https:\/\/agrarias.ufpr.br\/hv\/?page_id=6890"},"modified":"2026-03-24T17:22:45","modified_gmt":"2026-03-24T17:22:45","slug":"programa-de-voluntariado-academico","status":"publish","type":"page","link":"https:\/\/agrarias.ufpr.br\/hv\/programa-de-voluntariado-academico\/","title":{"rendered":"PVA"},"content":{"rendered":"\n<p>O <strong>Programa de Voluntariado Acad\u00eamico<\/strong> visa oportunizar a participa\u00e7\u00e3o do corpo discente em atividades acad\u00eamicas de natureza educacional e cient\u00edfica, sob a orienta\u00e7\u00e3o de um (a) Professor (a),&nbsp;<strong>no \u00e2mbito da Universidade Federal do Paran\u00e1<\/strong>. A participa\u00e7\u00e3o do (a) estudante no PVA \u00e9 regulamentada pela&nbsp;<strong>Resolu\u00e7\u00e3o n. 76\/09 \u2013 CEPE<\/strong>&nbsp;e n\u00e3o gera v\u00ednculo empregat\u00edcio, obriga\u00e7\u00f5es trabalhistas, previdenci\u00e1rias ou afins, conforme a legisla\u00e7\u00e3o em vigor.<\/p>\n\n\n\n<p><strong>Podem participar do Programa de Voluntariado Acad\u00eamico os (as) alunos (as) regularmente matriculados (as) em cursos de gradua\u00e7\u00e3o ou profissionalizantes da UFPR<\/strong>. O hor\u00e1rio destinado \u00e0s atividades do programa n\u00e3o poder\u00e1, em hip\u00f3tese alguma, coincidir com a grade hor\u00e1ria a ser cumprida nas disciplinas em que o (a) discente estiver matriculado (a). A participa\u00e7\u00e3o do (a) estudante no PVA, comprovada mediante certifica\u00e7\u00e3o, ser\u00e1 considerada como atividade formativa complementar, desde que haja previs\u00e3o para tanto no projeto pedag\u00f3gico do seu respectivo curso.<\/p>\n\n\n\n<p>Na estrita dic\u00e7\u00e3o da Resolu\u00e7\u00e3o n. 76\/09 \u2013 CEPE, em seu Art. 3\u00ba: \u201cA participa\u00e7\u00e3o do aluno no Programa de Voluntariado Acad\u00eamico poder\u00e1 ter a dura\u00e7\u00e3o de at\u00e9 1 (um) ano, com carga hor\u00e1ria m\u00e1xima de 12 horas semanais, podendo ser prorrogada por no m\u00e1ximo mais 1(um) ano, mediante assinatura de novo Termo de Ades\u00e3o.\u201d<\/p>\n\n\n\n<p><a href=\"https:\/\/agrarias.ufpr.br\/hv\/wp-content\/uploads\/sites\/19\/2024\/06\/EDITAL-SELECAO-PVA-HV-2024-modificado.pdf\" target=\"_blank\" rel=\"noopener\">EDITAL SELE\u00c7\u00c3O PVA &#8211; SEGUNDO SEMESTRE 2024<\/a><\/p>\n\n\n\n<p><a href=\"https:\/\/agrarias.ufpr.br\/hv\/wp-content\/uploads\/sites\/19\/2024\/06\/EDITAL-SELECAO-PVA-HV-2024-RETIFICACAO.pdf\">EDITAL SELE\u00c7\u00c3O PVA HV 2024 &#8211; RETIFICA\u00c7\u00c3O<\/a><\/p>\n\n\n\n<p><a href=\"https:\/\/forms.office.com\/Pages\/ResponsePage.aspx?id=ozd7w-Lp-UK8Z0ubc44d8GKskCcVaJZKtrAJNHTM3yNUREpWWlJVUkhXME1HUE1STjI3M0ZZMDRCNC4u\" target=\"_blank\" rel=\"noopener\">FORMUL\u00c1RIO DE INSCRI\u00c7\u00c3O<\/a> ( dispon\u00edvel de 10\/06 a 01\/07) &#8211; Per\u00edodo de inscri\u00e7\u00e3o prorrogado<\/p>\n\n\n\n<p><a href=\"https:\/\/agrarias.ufpr.br\/hv\/wp-content\/uploads\/sites\/19\/2024\/07\/selecionados-PVA-2.2024.pdf\" target=\"_blank\" rel=\"noopener\">DISCENTES SELECIONADOS PVA 2.2024<\/a><\/p>\n\n\n\n<p>http:\/\/www.prograd.ufpr.br\/portal\/coafe\/uaf\/pva\/<\/p>\n","protected":false},"excerpt":{"rendered":"<p>O Programa de Voluntariado Acad\u00eamico visa oportunizar a participa\u00e7\u00e3o do corpo discente em atividades acad\u00eamicas de natureza educacional e cient\u00edfica, sob a orienta\u00e7\u00e3o de um (a) Professor (a),&nbsp;no \u00e2mbito da Universidade Federal do Paran\u00e1. A participa\u00e7\u00e3o do (a) estudante no PVA \u00e9 regulamentada pela&nbsp;Resolu\u00e7\u00e3o n. 76\/09 \u2013 CEPE&nbsp;e n\u00e3o gera v\u00ednculo empregat\u00edcio, obriga\u00e7\u00f5es trabalhistas, previdenci\u00e1rias [&hellip;]<\/p>\n","protected":false},"author":10251,"featured_media":0,"parent":0,"menu_order":0,"comment_status":"closed","ping_status":"closed","template":"","meta":{"footnotes":""},"class_list":["post-6890","page","type-page","status-publish","hentry"],"_links":{"self":[{"href":"https:\/\/agrarias.ufpr.br\/hv\/wp-json\/wp\/v2\/pages\/6890","targetHints":{"allow":["GET"]}}],"collection":[{"href":"https:\/\/agrarias.ufpr.br\/hv\/wp-json\/wp\/v2\/pages"}],"about":[{"href":"https:\/\/agrarias.ufpr.br\/hv\/wp-json\/wp\/v2\/types\/page"}],"author":[{"embeddable":true,"href":"https:\/\/agrarias.ufpr.br\/hv\/wp-json\/wp\/v2\/users\/10251"}],"replies":[{"embeddable":true,"href":"https:\/\/agrarias.ufpr.br\/hv\/wp-json\/wp\/v2\/comments?post=6890"}],"version-history":[{"count":11,"href":"https:\/\/agrarias.ufpr.br\/hv\/wp-json\/wp\/v2\/pages\/6890\/revisions"}],"predecessor-version":[{"id":7596,"href":"https:\/\/agrarias.ufpr.br\/hv\/wp-json\/wp\/v2\/pages\/6890\/revisions\/7596"}],"wp:attachment":[{"href":"https:\/\/agrarias.ufpr.br\/hv\/wp-json\/wp\/v2\/media?parent=6890"}],"curies":[{"name":"wp","href":"https:\/\/api.w.org\/{rel}","templated":true}]}}