{"id":6254,"date":"2022-08-12T14:52:27","date_gmt":"2022-08-12T14:52:27","guid":{"rendered":"https:\/\/agrarias.ufpr.br\/hv\/?page_id=6254"},"modified":"2026-03-24T17:12:31","modified_gmt":"2026-03-24T17:12:31","slug":"cenario-de-praticas","status":"publish","type":"page","link":"https:\/\/agrarias.ufpr.br\/hv\/cenario-de-praticas\/","title":{"rendered":"Cen\u00e1rio de Pr\u00e1ticas"},"content":{"rendered":"\n<figure class=\"wp-block-table is-style-stripes\"><table><thead><tr><th class=\"has-text-align-center\" data-align=\"center\">Cen\u00e1rio de Pr\u00e1tica<\/th><th class=\"has-text-align-center\" data-align=\"center\">\u00c1rea de Concentra\u00e7\u00e3o\/Programa Ofertado<\/th><th class=\"has-text-align-center\" data-align=\"center\">M\u00e1ximo de Vagas por ano**<\/th><\/tr><\/thead><tbody><tr><td class=\"has-text-align-center\" data-align=\"center\">HV &#8211; UFPR<strong>\u00b9<\/strong><\/td><td class=\"has-text-align-center\" data-align=\"center\">ANESTESIOLOGIA VETERIN\u00c1RIA<\/td><td class=\"has-text-align-center\" data-align=\"center\">4<\/td><\/tr><tr><td class=\"has-text-align-center\" data-align=\"center\"> HV &#8211; UFPR<strong>\u00b9<\/strong> <\/td><td class=\"has-text-align-center\" data-align=\"center\">CL\u00cdNICA CIR\u00daRGICA DE PEQUENOS ANIMAIS<\/td><td class=\"has-text-align-center\" data-align=\"center\">4<\/td><\/tr><tr><td class=\"has-text-align-center\" data-align=\"center\"> HV &#8211; UFPR<strong>\u00b9<\/strong> <\/td><td class=\"has-text-align-center\" data-align=\"center\">CL\u00cdNICA M\u00c9DICA DE PEQUENOS ANIMAIS<\/td><td class=\"has-text-align-center\" data-align=\"center\">3<\/td><\/tr><tr><td class=\"has-text-align-center\" data-align=\"center\">HV &#8211; UFPR<strong>\u00b9<\/strong> , Passeio P\u00fablico<sup><strong>2<\/strong><\/sup>, Museu de Hist\u00f3ria Natural de Cap\u00e3o da Imbuia<sup><strong>3<\/strong><\/sup>, Zool\u00f3gico Municipal de Curitiba<sup><strong>4<\/strong><\/sup>, Laborat\u00f3rio de Ecologia e Conserva\u00e7\u00e3o<strong>5<\/strong> e Parque Ecol\u00f3gico Klabin<strong>17<\/strong><\/td><td class=\"has-text-align-center\" data-align=\"center\">MEDICINA ZOOL\u00d3GICA<\/td><td class=\"has-text-align-center\" data-align=\"center\">2<\/td><\/tr><tr><td class=\"has-text-align-center\" data-align=\"center\"> HV &#8211; UFPR<strong>\u00b9<\/strong>  e Fazenda Experimental do Cang\u00fciri\/UFPR<strong>6<\/strong><\/td><td class=\"has-text-align-center\" data-align=\"center\">CL\u00cdNICA M\u00c9DICA E CIR\u00daRGICA DE GRANDES ANIMAIS<\/td><td class=\"has-text-align-center\" data-align=\"center\">2<\/td><\/tr><tr><td class=\"has-text-align-center\" data-align=\"center\"> HV &#8211; UFPR<strong>\u00b9<\/strong> <\/td><td class=\"has-text-align-center\" data-align=\"center\">DIAGN\u00d3STICO POR IMAGEM<\/td><td class=\"has-text-align-center\" data-align=\"center\">2<\/td><\/tr><tr><td class=\"has-text-align-center\" data-align=\"center\">  HV &#8211; UFPR<strong>\u00b9<\/strong> , Centro de Medicina Veterin\u00e1ria do Coletivo\u00b9, Rede de Prote\u00e7\u00e3o Animal de Curitiba<strong>7<\/strong>, Prefeitura de Campo Magro<strong>8<\/strong>, Distritos Sanit\u00e1rios de Curitiba<strong>9<\/strong>, Unidade de Vigil\u00e2ncia em Zoonoses de Curitiba<strong>10<\/strong>, Abrigos de c\u00e3es e gatos do Paran\u00e1 e de S\u00e3o Paulo<strong>11<\/strong>, Distrito Sanit\u00e1rio Especial Ind\u00edgena<strong>12<\/strong>, Diversos Campi da UFPR em Curitiba, Matinhos, Pontal do Sul, Jandaia do Sul, Palotina e Toledo<strong>13<\/strong>, Penitenci\u00e1ria Feminina do Paran\u00e1 &#8211; Complexo Penal de Piraquara<strong>14<\/strong>, Comunidades Quilombolas do Paran\u00e1, Universidade Federal da Integra\u00e7\u00e3o Latino-Americana (UNILA)<strong>15<\/strong>; e Centro de Controle de Zoonoses de Foz do Igua\u00e7u.<\/td><td class=\"has-text-align-center\" data-align=\"center\">MEDICINA VETERIN\u00c1RIA DO COLETIVO<\/td><td class=\"has-text-align-center\" data-align=\"center\">4<\/td><\/tr><tr><td class=\"has-text-align-center\" data-align=\"center\"> HV &#8211; UFPR<strong>\u00b9<\/strong> <\/td><td class=\"has-text-align-center\" data-align=\"center\">ODONTOLOGIA<\/td><td class=\"has-text-align-center\" data-align=\"center\">1<\/td><\/tr><tr><td class=\"has-text-align-center\" data-align=\"center\"> HV &#8211; UFPR<strong>\u00b9<\/strong> <\/td><td class=\"has-text-align-center\" data-align=\"center\">OFTALMOLOGIA<\/td><td class=\"has-text-align-center\" data-align=\"center\">1<\/td><\/tr><tr><td class=\"has-text-align-center\" data-align=\"center\"> HV &#8211; UFPR<strong>\u00b9<\/strong> <\/td><td class=\"has-text-align-center\" data-align=\"center\">PATOLOGIA CL\u00cdNICA VETERIN\u00c1RIA<\/td><td class=\"has-text-align-center\" data-align=\"center\">2<\/td><\/tr><tr><td class=\"has-text-align-center\" data-align=\"center\"> HV &#8211; UFPR<strong>\u00b9<\/strong> <\/td><td class=\"has-text-align-center\" data-align=\"center\">PATOLOGIA VETERIN\u00c1RIA<\/td><td class=\"has-text-align-center\" data-align=\"center\">2<\/td><\/tr><tr><td class=\"has-text-align-center\" data-align=\"center\"><\/td><td class=\"has-text-align-center\" data-align=\"center\">**O n\u00famero de vagas\/oferta de cada \u00e1rea de concentra\u00e7\u00e3o poder\u00e1 sofrer altera\u00e7\u00f5es conforme definido pelo colegiado<\/td><td class=\"has-text-align-center\" data-align=\"center\"><\/td><\/tr><\/tbody><\/table><figcaption class=\"wp-element-caption\">1 Rua dos Funcion\u00e1rios, 1540 &#8211; Cabral Curitiba &#8211; PR<br>2 Rua Presidente Carlos Cavalcanti, s\/n &#8211; Centro, Curitiba &#8211; PR<br><sup>3<\/sup> Rua Prof. Benedito Concei\u00e7\u00e3o, 407 &#8211; Cap\u00e3o da Imbuia, Curitiba &#8211; PR<br><sup>4<\/sup> Rua Jo\u00e3o Miqueletto, 1500 &#8211; Alto Boqueir\u00e3o, Curitiba \u2013 PR<br><sup>5<\/sup> Avenida Beira Mar, s\/n, Pontal do Sul, Pontal do Paran\u00e1 &#8211; PR<br>6 Rua Ivone Pimentel, 1000, Jardim das Nascentes, Pinhais \u2013 PR<br>7 R. Lodovico Kaminski, 1381 &#8211; Cidade Industrial de Curitiba, Curitiba &#8211; PR<br>8 Rod. Gumercindo Boza, 20823 &#8211; Km 20 &#8211; Centro, Campo Magro &#8211; PR<br>9 Endere\u00e7os dos <a href=\"https:\/\/saude.curitiba.pr.gov.br\/a-secretaria\/distritos-sanitarios.html\">Distritos Sanit\u00e1rios de Curitiba<\/a> (o local depende da disponibilidade na \u00e9poca das pr\u00e1ticas)<br>10 R. Lodovico Kaminski, 1381 &#8211; Cidade Industrial de Curitiba, Curitiba &#8211; PR<br>11 O transporte rodovi\u00e1ria e a\u00e9reo dos residentes at\u00e9 esses locais de pr\u00e1tica \u00e9 oferecido pela UFPR e Instituto PremieRPet.<br>12 Servi\u00e7o junto \u00e0s <a href=\"https:\/\/saudeindigena1.websiteseguro.com\/coronavirus\/dsei\/\">65 aldeias ind\u00edgenas<\/a><br>13 <a href=\"https:\/\/www.ufpr.brufpr\/campi\/\">Campis UFPR<\/a><br>14 R. Is\u00eddio Alves Ribeiro, S\/N &#8211; Planta Meireles, Piraquara &#8211; PR<br>15 Av. Silvio Am\u00e9rico Sasdelli, 1842 &#8211; Vila A, Foz do Igua\u00e7u &#8211; PR<br>16 Avenida Cel. Francisco H. dos Santos, 100 &#8211; Jardim das Am\u00e9ricas, Curitiba &#8211; PR<br>17 PR-160, Km 206, Tel\u00eamaco Borba \u2013 Paran\u00e1<\/figcaption><\/figure>\n\n\n\n<p>O local central de atividades dos residentes \u00e9 o Hospital Veterin\u00e1rio (HV), localizado no Setor de Ci\u00eancias Agr\u00e1rias, Rua dos Funcion\u00e1rios, n\u00ba 1540, Bairro Cabral, Curitiba, Paran\u00e1. As aulas te\u00f3ricas para todas as \u00e1reas s\u00e3o ministradas no HV e os plant\u00f5es noturnos tamb\u00e9m s\u00e3o realizados no hospital. As atividades pr\u00e1ticas relacionadas ao Sistema \u00danico de Sa\u00fade s\u00e3o realizadas em locais parceiros, principalmente na Regi\u00e3o Metropolitana de Curitiba. O hor\u00e1rio do residente \u00e9 de segunda a sexta das 07:30 \u00e0s 19:30 (60 horas semanais), podendo haver extens\u00e3o do hor\u00e1rio com plant\u00f5es de 12 horas ou plant\u00f5es de 24 horas durante os finais de semana e feriados.<\/p>\n\n\n\n<p>As atividades das \u00e1reas de&nbsp;<strong>Anestesiologia, Cl\u00ednica Cir\u00fargica de Pequenos Animais, Cl\u00ednica M\u00e9dica de Pequenos Animais, Diagn\u00f3stico por Imagem, Oftalmologia,<\/strong><strong>&nbsp;Patologia Cl\u00ednica Veterin\u00e1ria e Patologia Veterin\u00e1ria<\/strong>&nbsp;s\u00e3o realizadas no HV. Esporadicamente, pode haver alguma demanda externa.<\/p>\n\n\n\n<p>A \u00e1rea de&nbsp;<strong>Odontologia<\/strong>&nbsp;realiza suas atividades pricinpalmente no HV, com demandas externas de forma exporadica. No entanto, nos dois primeiros meses, o residente acompanha as preceptoras em Curitiba e Regi\u00e3o Metropolitana.<\/p>\n\n\n\n<p>A \u00e1rea de&nbsp;<strong>Cl\u00ednica M\u00e9dica e Cir\u00fargica de Grandes Animais<\/strong>&nbsp;realiza suas atividades no Setor de Grandes Animais do HV, com realiza\u00e7\u00f5es de atendimento externo espor\u00e1dicos (Regi\u00e3o Metropolitana de Curitiba e Regi\u00e3o dos Campos Gerais, principalmente). Tamb\u00e9m, em sistema de rod\u00edzio semanal, tem suas atividades direcionadas para a Fazenda Experimental do Cang\u00fciri da UFPR, localizada \u00e0 Rua Ivone Pimentel, n\u00ba 1000, Bairro Jardim das Nascentes, Pinhais, Paran\u00e1.<\/p>\n\n\n\n<p>As atividades de treinamento em servi\u00e7o da \u00e1rea de concentra\u00e7\u00e3o de&nbsp;<strong>Cl\u00ednica M\u00e9dica e Cir\u00fargica de Animais Selvagens\/Medicina Zool\u00f3gica&nbsp;<\/strong>s\u00e3o em sistema de rod\u00edzio englobando&nbsp;<em>pets<\/em>&nbsp;ex\u00f3ticos\/n\u00e3o convencionais, medicina da conserva\u00e7\u00e3o, centros de reabilita\u00e7\u00e3o e animais marinhos, com perman\u00eancia de quatro meses no Laborat\u00f3rio de Ecologia e Conserva\u00e7\u00e3o (LEC) (CEM \u2013 Centro de Estudos do Mar, localizado na Avenida Beira Mar, s\/n, Pontal do Sul, Pontal do Paran\u00e1 \u2013 Paran\u00e1) e quatro meses no Parque Ecol\u00f3gico Klabin (PR-160, Km 206, Tel\u00eamaco Borba \u2013 Paran\u00e1). O residente aprovado em primeiro lugar iniciar\u00e1 as atividades no LEC em abril de 2026, ap\u00f3s trinta dias de integraliza\u00e7\u00e3o no Hospital Veterin\u00e1rio; em agosto, o residente iniciar\u00e1 suas atividades no Parque Ecol\u00f3gico Klabin, depois ficando l\u00e1 at\u00e9 final de novembro. O residente aprovado em segundo lugar far\u00e1 as atividades no LEC de agosto a novembro, e no Parque Ecol\u00f3gico Klabin de dezembro a mar\u00e7o. Quando em Curitiba, os residentes realizam suas atividades no HV, e conforme demanda nos seguintes cen\u00e1rios de pr\u00e1tica:<\/p>\n\n\n\n<ul class=\"wp-block-list\">\n<li>Passeio P\u00fablico de Curitiba, localizado \u00e0 Rua Presidente Carlos Cavalcanti, s\/n &#8211; Centro, Curitiba, Paran\u00e1;<\/li>\n\n\n\n<li>Museu de Hist\u00f3ria Natural de Cap\u00e3o da Imbuia, localizado \u00e0 Rua Prof. Benedito Concei\u00e7\u00e3o, 407 &#8211; Cap\u00e3o da Imbuia, Curitiba, Paran\u00e1;<\/li>\n\n\n\n<li>Zool\u00f3gico Municipal de Curitiba, localizado \u00e0 Rua Jo\u00e3o Miqueletto, 1500 &#8211; Alto Boqueir\u00e3o, Curitiba, Paran\u00e1.<\/li>\n<\/ul>\n\n\n\n<p>A \u00e1rea de&nbsp;<strong>Medicina Veterin\u00e1ria do Coletivo<\/strong>&nbsp;realiza atividades no HV, principalmente para aulas, realiza\u00e7\u00e3o de plant\u00f5es e laborat\u00f3rio. Ao ingressar no Programa&nbsp;os dois (2) primeiros colocados poder\u00e3o escolher entre duas sub\u00e1reas distintas, sem autoriza\u00e7\u00e3o de mudan\u00e7a durante o curso do Programa:<\/p>\n\n\n\n<ol class=\"wp-block-list\">\n<li><strong>Medicina Veterin\u00e1ria do Coletivo com \u00eanfase em Sa\u00fade\u00a0\u00danica com cen\u00e1rios\u00a0de\u00a0pr\u00e1tica:<\/strong>\n<ul class=\"wp-block-list\">\n<li>Rede\u00a0de\u00a0Prote\u00e7\u00e3o Animal\u00a0de\u00a0Curitiba, localizada \u00e0 Rua Presidente Carlos Cavalcanti, s\/n &#8211; Centro, Curitiba, Paran\u00e1;<\/li>\n\n\n\n<li>Distrito Sanit\u00e1rio Especial Ind\u00edgena \/ DSEI-LITORAL SUL, localizada \u00e0 Rua Prof. Bras\u00edlio Ov\u00eddio da Costa, 639, Port\u00e3o, Curitiba, Paran\u00e1 e sua \u00e1rea\u00a0de\u00a0abrang\u00eancia (aldeias ind\u00edgenas dos Estados do Paran\u00e1, S\u00e3o Paulo e Rio\u00a0de\u00a0Janeiro).<\/li>\n\n\n\n<li>Diversos Campi da UFPR em Curitiba, Matinhos, Pontal do Sul, Jandaia do Sul, Palotina e Toledo, dentro das atividades da Comiss\u00e3o de Animais Abandonados da UFPR, vinculada \u00e0 Pr\u00f3-reitoria de Administra\u00e7\u00e3o (PRA) e Superintend\u00eancia de Infraestrutura (SUINFRA). Os endere\u00e7os dos setores podem ser consultados em\u00a0<a href=\"https:\/\/www.ufpr.br\/portalufpr\/\">Universidade Federal do Paran\u00e1 (ufpr.br)<\/a>;<\/li>\n\n\n\n<li>Comunidades Quilombolas do Paran\u00e1, para treinamento em servi\u00e7o com animais abandonados no Campus da Universidade Estadual\u00a0de\u00a0Ponta Grossa (UEPG), bem como comunidades quilombolas\u00a0de\u00a0Castro e outras localidades do Estado do Paran\u00e1;<\/li>\n\n\n\n<li>Universidade Federal da Integra\u00e7\u00e3o Latino-Americana (UNILA), localizada em Foz do Igua\u00e7u, Paran\u00e1;<\/li>\n\n\n\n<li>Centro\u00a0de\u00a0Controle\u00a0de\u00a0Zoonoses\u00a0de\u00a0Foz do Igua\u00e7u, localizada em Foz do Igua\u00e7u, Paran\u00e1;<\/li>\n\n\n\n<li>Delegacia\u00a0de\u00a0Prote\u00e7\u00e3o do Meio Ambiente (DPMA)\u00a0de\u00a0Curitiba, localizada no Parque Municipal Barreirinha, Avenida Anita Garibaldi, 5941, Barreirinha, Curitiba, Paran\u00e1;<\/li>\n\n\n\n<li>Atividades junto \u00e0s escolas e atendimento a refugiados e seus c\u00e3es em parceria com a Prefeitura\u00a0de\u00a0Pinhais, Paran\u00e1.<\/li>\n\n\n\n<li>Atividades\u00a0de\u00a0manejo populacional e impacto\u00a0de\u00a0fauna dom\u00e9stica na fauna nativa em Unidades\u00a0de\u00a0Conserva\u00e7\u00e3o do Instituto Chico Mendes\u00a0de\u00a0Biodiversidade (ICMBio) no Estado do Paran\u00e1, com \u00eanfase nas \u00e1reas do litoral do Paran\u00e1.<\/li>\n<\/ul>\n<\/li>\n\n\n\n<li><strong>Medicina Veterin\u00e1ria do Coletivo com cen\u00e1rios de pr\u00e1tica:<\/strong>\n<ul class=\"wp-block-list\">\n<li>Centro\u00a0de\u00a0Medicina Veterin\u00e1ria do Coletivo (Centro MVC), localizado \u00e0 \u00e0 Rua dos Funcion\u00e1rios, n\u00ba 1540, Bairro Cabral, Curitiba \u2013 Paran\u00e1.\u00a0<\/li>\n\n\n\n<li>Prefeitura\u00a0de\u00a0Campo Magro: Pr\u00e1ticas em vigil\u00e2ncia em sa\u00fade\u00a0(epidemiol\u00f3gica, sanit\u00e1ria, ambiental, entre outras); atua\u00e7\u00e3o no programa\u00a0de\u00a0manejo populacional\u00a0de\u00a0c\u00e3es e gatos, incluindo castra\u00e7\u00f5es; Projeto Zero Fome;\u00a0localizada na Rod. Gumercindo Boza, 20823 \u2013 Km 20 \u2013 Centro, Campo Magro \u2013 Paran\u00e1;<\/li>\n\n\n\n<li>Distritos Sanit\u00e1rios\u00a0de\u00a0Curitiba, conforme disponibilidade na \u00e9poca das atividades. Os endere\u00e7os podem ser consultados em\u00a0<a href=\"https:\/\/saude.curitiba.pr.gov.br\/a-secretaria\/distritos-sanitarios.html\">https:\/\/saude.curitiba.pr.gov.br\/<\/a><\/li>\n\n\n\n<li>Unidade\u00a0de\u00a0Vigil\u00e2ncia em Zoonoses\u00a0de\u00a0Curitiba, localizada \u00e0 Rua Lodovico Kaminski, 1381 \u2013 Cidade Industrial\u00a0de\u00a0Curitiba, Curitiba \u2013 Paran\u00e1; e em outras da regi\u00e3o metropolitana e Curitiba<\/li>\n\n\n\n<li>Projeto Medicina\u00a0de\u00a0Abrigos\u00a0de\u00a0c\u00e3es e gatos no Brasil , conforme\u00a0demanda. O transporte rodovi\u00e1rio e\/ou a\u00e9reo dos residentes at\u00e9 esses locais\u00a0de\u00a0pr\u00e1tica \u00e9 oferecido pela UFPR e Instituto PremieRPet.<\/li>\n\n\n\n<li>Medicina Veterin\u00e1ria\u00a0de\u00a0Desastres: participa\u00e7\u00e3o do p\u00f3s-desastre em parceria com o F\u00f3rum Nacional\u00a0de\u00a0Prote\u00e7\u00e3o e\u00a0Defesa Animal e Conselho Regional\u00a0de\u00a0Medicina Veterin\u00e1ria do Estado do Paran\u00e1 e\u00a0demais parceiros. Participa\u00e7\u00e3o em rotina\u00a0de\u00a0salvamento\u00a0de\u00a0animais em situa\u00e7\u00e3o\u00a0de\u00a0risco com institui\u00e7\u00f5es parceiras.<\/li>\n\n\n\n<li>Medicina Veterin\u00e1ria Integrativa: Ambulat\u00f3rio em Institui\u00e7\u00f5es parceiras<\/li>\n\n\n\n<li>Curso em MVC e\u00a0de\u00a0Forma\u00e7\u00e3o\u00a0de\u00a0Oficiais\u00a0de\u00a0Controle Animal &#8211; CURSO FOCA<\/li>\n\n\n\n<li>Medicina Veterin\u00e1ria Legal: per\u00edcias, conforme\u00a0demanda, no Brasil; audi\u00eancias p\u00fablicas, conforme\u00a0demanda.\u00a0<\/li>\n\n\n\n<li>Confer\u00eancia Internacional\u00a0de\u00a0Medicina Veterin\u00e1ria do Coletivo, anos \u00edmpares.\u00a0<\/li>\n\n\n\n<li>Confer\u00eancia\u00a0de\u00a0Esporotricose, anual.\u00a0\u00a0<\/li>\n<\/ul>\n<\/li>\n<\/ol>\n\n\n\n<p><\/p>\n\n\n\n<p><\/p>\n\n\n\n<p><\/p>\n\n\n\n<p><\/p>\n\n\n\n<p><\/p>\n\n\n\n<p><\/p>\n\n\n\n<p><\/p>\n","protected":false},"excerpt":{"rendered":"<p>Cen\u00e1rio de Pr\u00e1tica \u00c1rea de Concentra\u00e7\u00e3o\/Programa Ofertado M\u00e1ximo de Vagas por ano** HV &#8211; UFPR\u00b9 ANESTESIOLOGIA VETERIN\u00c1RIA 4 HV &#8211; UFPR\u00b9 CL\u00cdNICA CIR\u00daRGICA DE PEQUENOS ANIMAIS 4 HV &#8211; UFPR\u00b9 CL\u00cdNICA M\u00c9DICA DE PEQUENOS ANIMAIS 3 HV &#8211; UFPR\u00b9 , Passeio P\u00fablico2, Museu de Hist\u00f3ria Natural de Cap\u00e3o da Imbuia3, Zool\u00f3gico Municipal de Curitiba4, Laborat\u00f3rio [&hellip;]<\/p>\n","protected":false},"author":10251,"featured_media":0,"parent":0,"menu_order":0,"comment_status":"closed","ping_status":"closed","template":"","meta":{"footnotes":""},"class_list":["post-6254","page","type-page","status-publish","hentry"],"_links":{"self":[{"href":"https:\/\/agrarias.ufpr.br\/hv\/wp-json\/wp\/v2\/pages\/6254","targetHints":{"allow":["GET"]}}],"collection":[{"href":"https:\/\/agrarias.ufpr.br\/hv\/wp-json\/wp\/v2\/pages"}],"about":[{"href":"https:\/\/agrarias.ufpr.br\/hv\/wp-json\/wp\/v2\/types\/page"}],"author":[{"embeddable":true,"href":"https:\/\/agrarias.ufpr.br\/hv\/wp-json\/wp\/v2\/users\/10251"}],"replies":[{"embeddable":true,"href":"https:\/\/agrarias.ufpr.br\/hv\/wp-json\/wp\/v2\/comments?post=6254"}],"version-history":[{"count":33,"href":"https:\/\/agrarias.ufpr.br\/hv\/wp-json\/wp\/v2\/pages\/6254\/revisions"}],"predecessor-version":[{"id":7583,"href":"https:\/\/agrarias.ufpr.br\/hv\/wp-json\/wp\/v2\/pages\/6254\/revisions\/7583"}],"wp:attachment":[{"href":"https:\/\/agrarias.ufpr.br\/hv\/wp-json\/wp\/v2\/media?parent=6254"}],"curies":[{"name":"wp","href":"https:\/\/api.w.org\/{rel}","templated":true}]}}