{"id":56,"date":"2015-03-02T13:10:28","date_gmt":"2015-03-02T13:10:28","guid":{"rendered":"https:\/\/agrarias.ufpr.br\/hv\/?page_id=56"},"modified":"2026-03-31T11:55:36","modified_gmt":"2026-03-31T11:55:36","slug":"servicoshv","status":"publish","type":"page","link":"https:\/\/agrarias.ufpr.br\/hv\/servicoshv\/","title":{"rendered":"Servi\u00e7os"},"content":{"rendered":"\n<p>O Hospital Veterin\u00e1rio &#8211; HV oferece os seguintes servi\u00e7os para Animais&nbsp;Silvestres, Pequenos Animais e Grandes Animais:<\/p>\n\n\n\n<p><strong>Exames:<\/strong><br>\nEletrocardiograma<br>\nEcocardiograma<br>\nRaio X<br>\nUltrassonografia<br>\nExames laboratoriais (hemograma, bioqu\u00edmicos, urin\u00e1lise, coproparasitol\u00f3gicos, citologias, necr\u00f3psia convencional, histopatol\u00f3gicos, microbiol\u00f3gicos, entre outros)<\/p>\n\n\n\n<p><strong>Procedimentos e Cirurgias:<\/strong><br>\nOdontol\u00f3gicas<br>\nOftalmol\u00f3gicas<br>\nOncol\u00f3gicas<br>\nTecidos Moles<br>\nVacina\u00e7\u00f5es (Polivalente e Raiva)<\/p>\n\n\n\n<p><strong>OBS: N\u00c3O REALIZAMOS PROCEDIMENTOS DE CASTRA\u00c7\u00c3O ELETIVA PARA CL\u00cdNICA DE PEQUENOS ANIMAIS<\/strong><\/p>\n\n\n\n<p><span style=\"color: #ff0000;font-size: 14pt\"><strong>ATEN\u00c7\u00c3O: O ATENDIMENTO DO HOSPITAL VETERIN\u00c1RIO <span style=\"text-decoration: underline;font-size: 18pt\">N\u00c3O<\/span> \u00c9 GRATUITO. <\/strong><\/span><\/p>\n\n\n\n<p>OBS: N\u00e3o fornecemos or\u00e7amentos por telefone, apenas o M\u00e9dico Veterin\u00e1rio em consulta pode fornecer.<\/p>\n\n\n\n<p><strong>Formas de pagamento<\/strong><\/p>\n\n\n\n<p>S\u00e3o aceitos somente pagamentos por PIX, CART\u00c3O DE D\u00c9BITO e CR\u00c9DITO.<\/p>\n\n\n\n<p>O Hospital Veterin\u00e1rio &#8211; HV da UFPR, por motivo de auditoria interna, <b>N\u00c3O&nbsp;<\/b>pode receber pelos seus servi\u00e7os valores em <strong>DINHEIRO.<\/strong><\/p>\n\n\n\n<p><strong><a href=\"https:\/\/agrarias.ufpr.br\/hv\/wp-content\/uploads\/sites\/19\/2025\/12\/SEI_6908237_Ordem_de_Servico_1-desconto.pdf\">Pol\u00edtica de Desconto<\/a><\/strong><\/p>\n","protected":false},"excerpt":{"rendered":"<p>O Hospital Veterin\u00e1rio &#8211; HV oferece os seguintes servi\u00e7os para Animais&nbsp;Silvestres, Pequenos Animais e Grandes Animais: Exames: Eletrocardiograma Ecocardiograma Raio X Ultrassonografia Exames laboratoriais (hemograma, bioqu\u00edmicos, urin\u00e1lise, coproparasitol\u00f3gicos, citologias, necr\u00f3psia convencional, histopatol\u00f3gicos, microbiol\u00f3gicos, entre outros) Procedimentos e Cirurgias: Odontol\u00f3gicas Oftalmol\u00f3gicas Oncol\u00f3gicas Tecidos Moles Vacina\u00e7\u00f5es (Polivalente e Raiva) OBS: N\u00c3O REALIZAMOS PROCEDIMENTOS DE CASTRA\u00c7\u00c3O ELETIVA PARA [&hellip;]<\/p>\n","protected":false},"author":1837,"featured_media":0,"parent":0,"menu_order":0,"comment_status":"open","ping_status":"open","template":"","meta":{"footnotes":""},"class_list":["post-56","page","type-page","status-publish","hentry"],"_links":{"self":[{"href":"https:\/\/agrarias.ufpr.br\/hv\/wp-json\/wp\/v2\/pages\/56","targetHints":{"allow":["GET"]}}],"collection":[{"href":"https:\/\/agrarias.ufpr.br\/hv\/wp-json\/wp\/v2\/pages"}],"about":[{"href":"https:\/\/agrarias.ufpr.br\/hv\/wp-json\/wp\/v2\/types\/page"}],"author":[{"embeddable":true,"href":"https:\/\/agrarias.ufpr.br\/hv\/wp-json\/wp\/v2\/users\/1837"}],"replies":[{"embeddable":true,"href":"https:\/\/agrarias.ufpr.br\/hv\/wp-json\/wp\/v2\/comments?post=56"}],"version-history":[{"count":59,"href":"https:\/\/agrarias.ufpr.br\/hv\/wp-json\/wp\/v2\/pages\/56\/revisions"}],"predecessor-version":[{"id":7510,"href":"https:\/\/agrarias.ufpr.br\/hv\/wp-json\/wp\/v2\/pages\/56\/revisions\/7510"}],"wp:attachment":[{"href":"https:\/\/agrarias.ufpr.br\/hv\/wp-json\/wp\/v2\/media?parent=56"}],"curies":[{"name":"wp","href":"https:\/\/api.w.org\/{rel}","templated":true}]}}