{"id":5586,"date":"2019-12-09T13:23:52","date_gmt":"2019-12-09T13:23:52","guid":{"rendered":"https:\/\/agrarias.ufpr.br\/hv\/?page_id=5586"},"modified":"2026-03-24T17:12:46","modified_gmt":"2026-03-24T17:12:46","slug":"declaracao-de-matricula","status":"publish","type":"page","link":"https:\/\/agrarias.ufpr.br\/hv\/declaracao-de-matricula\/","title":{"rendered":"Declara\u00e7\u00e3o de Matr\u00edcula"},"content":{"rendered":"\n<p>&nbsp;<\/p>\n\n\n\n<p><strong>Declara\u00e7\u00f5es de matr\u00edcula<\/strong>&nbsp;<strong>de residentes HV\/UFPR&nbsp;\u00e9 realizada atrav\u00e9s do SIGA:<\/strong><\/p>\n\n\n<div class=\"wp-block-image\">\n<figure class=\"alignleft\"><a href=\"http:\/\/www.prppg.ufpr.br\/siga\/\"><img loading=\"lazy\" decoding=\"async\" width=\"300\" height=\"56\" src=\"https:\/\/agrarias.ufpr.br\/hv\/wp-content\/uploads\/sites\/19\/2019\/12\/logo-300x56.png\" alt=\"\" class=\"wp-image-5575\" srcset=\"https:\/\/agrarias.ufpr.br\/hv\/wp-content\/uploads\/sites\/19\/2019\/12\/logo-300x56.png 300w, https:\/\/agrarias.ufpr.br\/hv\/wp-content\/uploads\/sites\/19\/2019\/12\/logo-250x47.png 250w, https:\/\/agrarias.ufpr.br\/hv\/wp-content\/uploads\/sites\/19\/2019\/12\/logo-160x30.png 160w, https:\/\/agrarias.ufpr.br\/hv\/wp-content\/uploads\/sites\/19\/2019\/12\/logo.png 590w\" sizes=\"auto, (max-width: 300px) 100vw, 300px\" \/><\/a><\/figure>\n<\/div>\n\n\n<p><\/p>\n\n\n\n<p>Passo a passo&nbsp;<strong>&gt;&gt;&gt;&nbsp;<a href=\"http:\/\/www2.ebserh.gov.br\/documents\/1948338\/1963967\/PASSO+A+PASSO+-+EMITIR+DECLARA%C3%87%C3%83O+DE+MATRICULA.pdf\/a4022f53-2749-4988-92af-70a9b641a26f\" target=\"_blank\" rel=\"noopener\">TUTORIAL<\/a>&nbsp;&lt;&lt;&lt;<\/strong><\/p>\n\n\n\n<p>&nbsp;<\/p>\n\n\n\n<ul class=\"wp-block-list\">\n<li><strong>Atualizem os dados cadastrais<\/strong>\u00a0e\u00a0<strong>fa\u00e7am os uploads necess\u00e1rios Ex.: Diploma de Gradua\u00e7\u00e3o, RG com CPF, atualiza\u00e7\u00e3o de endere\u00e7o, dentre outros.<\/strong>\u00a0Pois essas informa\u00e7\u00f5es s\u00e3o requisitos para emiss\u00e3o do certificado e enquanto houver\u00a0pend\u00eancias nesses campos o documento n\u00e3o \u00e9 emitido.<\/li>\n<\/ul>\n\n\n\n<p>&nbsp;<\/p>\n\n\n\n<ul class=\"wp-block-list\">\n<li>COMPROVANTE DE RENDA (CONTRA-CHEQUE\/BOLSA)\u00a0<a href=\"https:\/\/sso.gestaodeacesso.planejamento.gov.br\/cassso\/login\"><strong>SIGAC<\/strong><\/a>\u00a0<\/li>\n<\/ul>\n\n\n\n<p class=\"has-text-align-center\">Passo a passo&nbsp;<strong>&gt;&gt;&gt; <a href=\"https:\/\/agrarias.ufpr.br\/hv\/wp-content\/uploads\/sites\/19\/2020\/02\/INSTRU\u00c7\u00c3O-DE-ACESSO-AO-SIGAC-2-compactado.pdf\">TUTORIAL<\/a>&nbsp;&lt;&lt;&lt;<\/strong><\/p>\n","protected":false},"excerpt":{"rendered":"<p>&nbsp; Declara\u00e7\u00f5es de matr\u00edcula&nbsp;de residentes HV\/UFPR&nbsp;\u00e9 realizada atrav\u00e9s do SIGA: Passo a passo&nbsp;&gt;&gt;&gt;&nbsp;TUTORIAL&nbsp;&lt;&lt;&lt; &nbsp; &nbsp; Passo a passo&nbsp;&gt;&gt;&gt; TUTORIAL&nbsp;&lt;&lt;&lt;<\/p>\n","protected":false},"author":10251,"featured_media":0,"parent":0,"menu_order":0,"comment_status":"closed","ping_status":"closed","template":"","meta":{"footnotes":""},"class_list":["post-5586","page","type-page","status-publish","hentry"],"_links":{"self":[{"href":"https:\/\/agrarias.ufpr.br\/hv\/wp-json\/wp\/v2\/pages\/5586","targetHints":{"allow":["GET"]}}],"collection":[{"href":"https:\/\/agrarias.ufpr.br\/hv\/wp-json\/wp\/v2\/pages"}],"about":[{"href":"https:\/\/agrarias.ufpr.br\/hv\/wp-json\/wp\/v2\/types\/page"}],"author":[{"embeddable":true,"href":"https:\/\/agrarias.ufpr.br\/hv\/wp-json\/wp\/v2\/users\/10251"}],"replies":[{"embeddable":true,"href":"https:\/\/agrarias.ufpr.br\/hv\/wp-json\/wp\/v2\/comments?post=5586"}],"version-history":[{"count":13,"href":"https:\/\/agrarias.ufpr.br\/hv\/wp-json\/wp\/v2\/pages\/5586\/revisions"}],"predecessor-version":[{"id":7584,"href":"https:\/\/agrarias.ufpr.br\/hv\/wp-json\/wp\/v2\/pages\/5586\/revisions\/7584"}],"wp:attachment":[{"href":"https:\/\/agrarias.ufpr.br\/hv\/wp-json\/wp\/v2\/media?parent=5586"}],"curies":[{"name":"wp","href":"https:\/\/api.w.org\/{rel}","templated":true}]}}